{"id":4405,"date":"2019-02-28T05:18:57","date_gmt":"2019-02-28T05:18:57","guid":{"rendered":"https:\/\/www.stvvalves.com\/?post_type=product&#038;p=4405"},"modified":"2025-02-17T18:20:47","modified_gmt":"2025-02-17T10:20:47","slug":"api-602-swing-check-valve-pressure-seal-bonnet-1-inch-2500lb-sw-end","status":"publish","type":"product","link":"https:\/\/www.stvvalves.com\/de\/products\/api-602-swing-check-valve-pressure-seal-bonnet-1-inch-2500lb-sw-end\/","title":{"rendered":"API 602 R\u00fcckschlagventil, Druckdichtungshaube, 1 Zoll, 2500 LB, SW-Ende"},"content":{"rendered":"<p>Design-Merkmale:<\/p>\n<ul class=\"list-paddingleft-2\">\n<li>Geschmiedeter Stahl, Kolben-, Kugel- oder Schwingtyp<\/li>\n<li>Integrierter Geh\u00e4usesitz f\u00fcr Kolben- und Kugelr\u00fcckschlagventile<\/li>\n<li>Getrenntes Sitzringdesign f\u00fcr R\u00fcckschlagventile<\/li>\n<li>Spiralgewickelte Dichtung oder ovale Ringgelenkdichtung<\/li>\n<li>Reduzierter Durchgang oder voller Anschluss,<\/li>\n<li>T-Muster oder Y-Muster,<\/li>\n<li>Muffengeschwei\u00dft, mit Gewinde versehen, stumpfgeschwei\u00dft, mit Flanschende.<\/li>\n<\/ul>\n<p>Spezifikation:<\/p>\n<ul class=\"list-paddingleft-2\">\n<li>\u00a0API 602, ASME B16.34, BS 5352<\/li>\n<li>Pr\u00fcfung nach API 598<\/li>\n<li>Kennzeichnung nach MSS SP25<\/li>\n<li>Geschwei\u00dfte Muffenenden gem\u00e4\u00df ASME B16.11<\/li>\n<li>Verschraubte Enden nach ASME B1.20.1<\/li>\n<li>Stumpfgeschwei\u00dfte Enden gem\u00e4\u00df ASME B16.25<\/li>\n<li>Flanschenden nach ASME B16.5<\/li>\n<\/ul>\n<p>&nbsp;<\/p>\n<table>\n<tbody>\n<tr>\n<td width=\"200\"><strong>Produktname<\/strong><\/td>\n<td width=\"481\">API 602 R\u00fcckschlagventil, Druckdichtungshaube, 1 Zoll, 2500 LB, SW-Ende<\/td>\n<\/tr>\n<tr>\n<td width=\"200\">1. Material<\/td>\n<td width=\"481\">A105N<\/td>\n<\/tr>\n<tr>\n<td width=\"200\">2. Gr\u00f6\u00dfe<\/td>\n<td width=\"481\">1&quot;<\/td>\n<\/tr>\n<tr>\n<td width=\"200\">4. Hafen<\/td>\n<td width=\"481\">Reduzieranschluss<\/td>\n<\/tr>\n<tr>\n<td width=\"200\">5. Arbeitsdruck<\/td>\n<td width=\"481\">2500 Pfund<\/td>\n<\/tr>\n<tr>\n<td width=\"200\">6. Verbindung endet<\/td>\n<td width=\"481\">SW<\/td>\n<\/tr>\n<tr>\n<td width=\"200\">7. Arbeitstemperatur.<\/td>\n<td width=\"481\">-29~425 \u00b0C,<\/td>\n<\/tr>\n<tr>\n<td width=\"200\">8. Geeignetes Medium<\/td>\n<td width=\"481\">Wasser, Erdgas, \u00d6l und einige \u00e4tzende Fl\u00fcssigkeiten<\/td>\n<\/tr>\n<tr>\n<td width=\"200\">9. Betrieben<\/td>\n<td width=\"481\">\/<\/td>\n<\/tr>\n<tr>\n<td width=\"200\">10. Inspektion und Pr\u00fcfung<\/td>\n<td width=\"481\">Gem\u00e4\u00df API598<\/td>\n<\/tr>\n<tr>\n<td width=\"200\"><strong>Sendung<\/strong><\/td>\n<td width=\"481\"><\/td>\n<\/tr>\n<tr>\n<td width=\"200\">Lieferzeit<\/td>\n<td width=\"481\">30 Tage<\/td>\n<\/tr>\n<tr>\n<td width=\"200\">Paket<\/td>\n<td width=\"481\">Standard-Export-Sperrholzkiste<\/td>\n<\/tr>\n<tr>\n<td width=\"200\">Hafen<\/td>\n<td width=\"481\">Ningbo\/Shanghai, China<\/td>\n<\/tr>\n<tr>\n<td width=\"200\">Versandbedingungen<\/td>\n<td width=\"481\">Exw, FOB, CFR, CIF usw.<\/td>\n<\/tr>\n<tr>\n<td width=\"200\">Zahlungsbedingungen<\/td>\n<td width=\"481\">T\/T, Western Union, PayPal usw.<\/td>\n<\/tr>\n<tr>\n<td width=\"200\"><\/td>\n<td width=\"481\">30% Vorauszahlung, 70% Restbetrag vor dem Versand bezahlt<\/td>\n<\/tr>\n<tr>\n<td width=\"200\">Herkunftsland<\/td>\n<td width=\"481\">Stadt Wenzhou, China<\/td>\n<\/tr>\n<tr>\n<td width=\"200\">Produktionskapazit\u00e4t<\/td>\n<td width=\"481\">6000 Tonnen\/Jahr<\/td>\n<\/tr>\n<tr>\n<td width=\"200\">Mindestbestellmenge<\/td>\n<td width=\"481\">1 St\u00fcck\/Gr\u00f6\u00dfe<\/td>\n<\/tr>\n<\/tbody>\n<\/table>","protected":false},"excerpt":{"rendered":"<p>Modell: H64Y-2500LB-DN25<\/p>\n<p>Unser API 602 Swing Check Valve bezieht sich auf ein Ventil, das die Ventilklappe automatisch durch den Fluss des Mediums selbst \u00f6ffnet und schlie\u00dft und dazu dient, den R\u00fcckfluss des Mediums zu verhindern, auch R\u00fcckschlagventil genannt, ein R\u00fcckschlagventil , ein R\u00fcckflussventil und ein Gegendruckventil. Das R\u00fcckschlagventil ist ein automatisches Ventil, dessen Hauptfunktion darin besteht, den R\u00fcckfluss des Mediums zu verhindern, die Umkehrung der Pumpe und des Antriebsmotors zu verhindern und das Beh\u00e4ltermedium abzulassen. Das R\u00fcckschlagventil kann auch zur Versorgung einer Leitung, in der der Druck ansteigen kann, zu einem Hilfssystem verwendet werden, das den Systemdruck \u00fcbersteigt. Das R\u00fcckschlagventil kann haupts\u00e4chlich in ein R\u00fcckschlagventil vom Schwenktyp (Rotation entsprechend dem Schwerpunkt) und ein R\u00fcckschlagventil vom Hubtyp (Bewegung entlang der Achse) unterteilt werden.<\/p>\n<p>Die Funktion dieses Ventiltyps besteht darin, das Medium nur in eine Richtung flie\u00dfen zu lassen und den Fluss in diese Richtung zu verhindern. Normalerweise wird das Ventil automatisch bet\u00e4tigt und die Ventilklappe wird durch den in eine Richtung flie\u00dfenden Fl\u00fcssigkeitsdruck ge\u00f6ffnet; Wenn die Fl\u00fcssigkeit in die entgegengesetzte Richtung flie\u00dft, wirken der Fl\u00fcssigkeitsdruck und die selbstschlie\u00dfende Ventilklappe des Ventiltellers auf den Ventilsitz, um den Durchfluss zu unterbrechen. Zu diesem Ventiltyp geh\u00f6ren das Innengewinde-R\u00fcckschlagventil und das Absperrklappen-R\u00fcckschlagventil, zu denen ein R\u00fcckschlagventil vom Schwenktyp und ein Hub-R\u00fcckschlagventil geh\u00f6ren. Die R\u00fcckschlagklappe verf\u00fcgt \u00fcber einen Scharniermechanismus und eine t\u00fcrartige Klappe, die frei an der geneigten Sitzfl\u00e4che anliegt. Um sicherzustellen, dass die Ventilklappe jedes Mal die richtige Position der Ventilsitzfl\u00e4che erreichen kann, ist die Ventilklappe im Scharniermechanismus so konstruiert, dass die Ventilklappe \u00fcber gen\u00fcgend Schwenkraum verf\u00fcgt und die Ventilklappe wirklich und umfassend in Kontakt ist mit dem Ventilsitz. Die Klappen k\u00f6nnen alle aus Metall bestehen oder je nach Leistungsanforderung mit Leder-, Gummi- oder Kunststoffbel\u00e4gen eingelegt sein. Bei vollst\u00e4ndig ge\u00f6ffnetem R\u00fcckschlagventil ist der Fl\u00fcssigkeitsdruck nahezu ungehindert, sodass der Druckabfall am Ventil relativ gering ist. Die Ventilklappe des Hubr\u00fcckschlagventils liegt auf der Ventilsitzdichtfl\u00e4che des Ventilk\u00f6rpers. Abgesehen davon, dass sich die Klappe frei heben und senken l\u00e4sst, funktioniert das Ventil auch wie ein Absperrventil. Durch den Fl\u00fcssigkeitsdruck hebt sich die Klappe von der Sitzdichtfl\u00e4che ab. Durch den R\u00fcckfluss des Mediums f\u00e4llt die Klappe auf den Sitz zur\u00fcck und unterbricht den Durchfluss. Abh\u00e4ngig von den Einsatzbedingungen kann die Klappe komplett aus Metall oder in Form eines Gummis oder Gummirings am Ventiltellerhalter ausgef\u00fchrt sein. Wie beim Absperrventil ist auch der Fl\u00fcssigkeitsdurchgang durch das Hubr\u00fcckschlagventil eng, sodass der Druckabfall durch das Hubr\u00fcckschlagventil gr\u00f6\u00dfer ist als der des R\u00fcckschlagventils und die Durchflussrate des R\u00fcckschlagventils begrenzt ist . Sehr wenige. Dieses Ventil wird in industriellen Rohrleitungen eingesetzt, um den R\u00fcckfluss des Mediums zu verhindern.<\/p>\n<p>Um mehr \u00fcber diese Ventile zu erfahren, wenden Sie sich bitte an sales@stvvalve.com<br \/>\nDatumsblatt:<a href=\"https:\/\/www.stvvalves.com\/wp-content\/uploads\/2019\/02\/API-602-Swing-Check-Valve-Pressure-Seal-Bonnet-1-Inch-2500LB-drawing.pdf\">API 602 R\u00fcckschlagventil, Druckdichtungshaube, 1 Zoll, 2500 LB, SW-Ende<\/a><\/p>","protected":false},"featured_media":4406,"template":"","meta":[],"product_brand":[],"product_cat":[46,66],"product_tag":[448,559,561,560,562],"class_list":{"0":"post-4405","1":"product","2":"type-product","3":"status-publish","4":"has-post-thumbnail","6":"product_cat-check-valves","7":"product_cat-swing-check-valve","8":"product_tag-api-602-forged-valves","9":"product_tag-forged-steel-api-602-swing-check-valve","10":"product_tag-forged-steel-check-valve-manufacturer","11":"product_tag-forged-steel-check-valves","12":"product_tag-forged-swing-check-valves","14":"first","15":"instock","16":"shipping-taxable","17":"product-type-simple"},"_links":{"self":[{"href":"https:\/\/www.stvvalves.com\/de\/wp-json\/wp\/v2\/product\/4405","targetHints":{"allow":["GET"]}}],"collection":[{"href":"https:\/\/www.stvvalves.com\/de\/wp-json\/wp\/v2\/product"}],"about":[{"href":"https:\/\/www.stvvalves.com\/de\/wp-json\/wp\/v2\/types\/product"}],"wp:featuredmedia":[{"embeddable":true,"href":"https:\/\/www.stvvalves.com\/de\/wp-json\/wp\/v2\/media\/4406"}],"wp:attachment":[{"href":"https:\/\/www.stvvalves.com\/de\/wp-json\/wp\/v2\/media?parent=4405"}],"wp:term":[{"taxonomy":"product_brand","embeddable":true,"href":"https:\/\/www.stvvalves.com\/de\/wp-json\/wp\/v2\/product_brand?post=4405"},{"taxonomy":"product_cat","embeddable":true,"href":"https:\/\/www.stvvalves.com\/de\/wp-json\/wp\/v2\/product_cat?post=4405"},{"taxonomy":"product_tag","embeddable":true,"href":"https:\/\/www.stvvalves.com\/de\/wp-json\/wp\/v2\/product_tag?post=4405"}],"curies":[{"name":"wp","href":"https:\/\/api.w.org\/{rel}","templated":true}]}}