{"id":4419,"date":"2019-03-02T15:01:22","date_gmt":"2019-03-02T15:01:22","guid":{"rendered":"https:\/\/www.stvvalves.com\/?post_type=product&#038;p=4419"},"modified":"2025-02-17T18:21:09","modified_gmt":"2025-02-17T10:21:09","slug":"2pc-forged-steel-floating-ball-valve-astm-a105-npt-800lb-peek-seat","status":"publish","type":"product","link":"https:\/\/www.stvvalves.com\/de\/products\/2pc-forged-steel-floating-ball-valve-astm-a105-npt-800lb-peek-seat\/","title":{"rendered":"2-teiliger schwimmender Kugelhahn aus geschmiedetem Stahl, ASTM A105, NPT, 800LB, Peek-Sitz"},"content":{"rendered":"<p>Kugelhahn mit geschmiedetem Stahlgewinde \u2013 800 lbs bis 2500 lbs<br \/>\nVoller Durchgang oder reduzierter Durchgang<br \/>\nBrandsichere Sitzabdichtung<br \/>\nAusblassicherer Schaft<br \/>\nAntistatisches Ger\u00e4t, geringe Emissionen<br \/>\nKarosserie: A105, A182 F304, A182 F316 und mehr<br \/>\nKugel: A105+ENP, 13CR, A182 F304, F304L, F316, F316L und mehr<br \/>\nSitz: PTFE, RPTFE, Peek, Metall auf Metall<br \/>\nBedienung per Hebel<br \/>\nDesign und Herstellung auf Basis von BS5351<br \/>\nGr\u00f6\u00dfe: 1\/2\u2033 bis 2\u2033<br \/>\nMuffenschwei\u00dfenden basieren auf ASME B16.11<br \/>\nGewindeenden (NPT) basieren auf ANSI B1.20.1<br \/>\nTest- und Inspektionsbasis auf API 598<br \/>\nNACE MR-01-75<\/p>\n<p>&nbsp;<\/p>\n<table>\n<tbody>\n<tr>\n<td width=\"200\"><strong>Produktname<\/strong><\/td>\n<td width=\"481\">2-teiliger schwimmender Kugelhahn aus geschmiedetem Stahl, ASTM A105, NPT, 800LB, Peek-Sitz<\/td>\n<\/tr>\n<tr>\n<td width=\"200\">1. Material<\/td>\n<td width=\"481\">A105N<\/td>\n<\/tr>\n<tr>\n<td width=\"200\">2. Gr\u00f6\u00dfe<\/td>\n<td width=\"481\">1&quot;<\/td>\n<\/tr>\n<tr>\n<td width=\"200\">4. Hafen<\/td>\n<td width=\"481\">Vollst\u00e4ndiger Port<\/td>\n<\/tr>\n<tr>\n<td width=\"200\">5. Arbeitsdruck<\/td>\n<td width=\"481\">800 Pfund<\/td>\n<\/tr>\n<tr>\n<td width=\"200\">6. Verbindung endet<\/td>\n<td width=\"481\">NVV<\/td>\n<\/tr>\n<tr>\n<td width=\"200\">7. Arbeitstemperatur.<\/td>\n<td width=\"481\">-29~180 \u00b0C,<\/td>\n<\/tr>\n<tr>\n<td width=\"200\">8. Geeignetes Medium<\/td>\n<td width=\"481\">Wasser, Erdgas, \u00d6l und einige \u00e4tzende Fl\u00fcssigkeiten<\/td>\n<\/tr>\n<tr>\n<td width=\"200\">9. Betrieben<\/td>\n<td width=\"481\">Handrad<\/td>\n<\/tr>\n<tr>\n<td width=\"200\">10. Inspektion und Pr\u00fcfung<\/td>\n<td width=\"481\">Gem\u00e4\u00df API598<\/td>\n<\/tr>\n<tr>\n<td width=\"200\"><strong>Sendung<\/strong><\/td>\n<td width=\"481\"><\/td>\n<\/tr>\n<tr>\n<td width=\"200\">Lieferzeit<\/td>\n<td width=\"481\">30 Tage<\/td>\n<\/tr>\n<tr>\n<td width=\"200\">Paket<\/td>\n<td width=\"481\">Standard-Export-Sperrholzkiste<\/td>\n<\/tr>\n<tr>\n<td width=\"200\">Hafen<\/td>\n<td width=\"481\">Ningbo\/Shanghai, China<\/td>\n<\/tr>\n<tr>\n<td width=\"200\">Versandbedingungen<\/td>\n<td width=\"481\">Exw, FOB, CFR, CIF usw.<\/td>\n<\/tr>\n<tr>\n<td width=\"200\">Zahlungsbedingungen<\/td>\n<td width=\"481\">T\/T, Western Union, PayPal usw.<\/td>\n<\/tr>\n<tr>\n<td width=\"200\"><\/td>\n<td width=\"481\">30% Vorauszahlung, 70% Restbetrag vor dem Versand bezahlt<\/td>\n<\/tr>\n<tr>\n<td width=\"200\">Herkunftsland<\/td>\n<td width=\"481\">Stadt Wenzhou, China<\/td>\n<\/tr>\n<tr>\n<td width=\"200\">Produktionskapazit\u00e4t<\/td>\n<td width=\"481\">6000 Tonnen\/Jahr<\/td>\n<\/tr>\n<tr>\n<td width=\"200\">Mindestbestellmenge<\/td>\n<td width=\"481\">1 St\u00fcck\/Gr\u00f6\u00dfe<\/td>\n<\/tr>\n<\/tbody>\n<\/table>","protected":false},"excerpt":{"rendered":"<p>Modell: Q11F-800LB-DN40-A105<\/p>\n<p>Das schwimmende 2-teilige Kugelventil aus geschmiedetem Stahl wird h\u00e4ufig in wichtigen Branchen wie Erd\u00f6l, Chemie, Elektrizit\u00e4t, Wasserwirtschaft, Stahl usw. eingesetzt. Es wird auch in allen Aspekten des Lebens eingesetzt. Der zweiteilige Verbindungskugelhahn aus geschmiedetem Stahl ist ein unverzichtbares Ventil in der Produktion und im Leben der Menschen. Der Kugelhahn spielt mit zunehmender Nutzung eine zentrale Rolle in der Volkswirtschaft.<\/p>\n<p>Das schwimmende 2PC-Kugelventil aus geschmiedetem Stahl ist ein Ventil, das eine Kugel mit kreisf\u00f6rmigem Durchgang als Start- und Schlie\u00dfelement verwendet und die Kugel mit dem Ventilschaft rotiert, um den \u00d6ffnungs- und Schlie\u00dfvorgang zu realisieren. F\u00fcr die strukturelle Gestaltung des Kugelhahnk\u00f6rpers aus geschmiedetem Stahl muss zun\u00e4chst der Schmiedeprozess ber\u00fccksichtigt werden. Das hei\u00dft, die Bearbeitungszugabe ist gering, der Spielraum ist klein, Form und Gr\u00f6\u00dfe liegen nahe an den fertigen Teilen und die Materialausnutzungsrate ist hoch. Der Einsatz gro\u00dfer und spezieller Schmiedeanlagen ist teuer. Angesichts der Wirtschaftlichkeit geschmiedeter Stahlkugelh\u00e4hne werden daher im Allgemeinen Kugelh\u00e4hne aus geschmiedetem Stahl f\u00fcr die Verarbeitung auf gew\u00f6hnlichen Schmiedeanlagen ausgew\u00e4hlt.<\/p>\n<p>STV Valve Technology Group Co., Ltd ist ein professioneller Marktf\u00fchrer f\u00fcr schwimmende 2-teilige Kugelh\u00e4hne aus geschmiedetem Stahl in China, Kugelh\u00e4hne aus geschmiedetem Stahl mit 800 lb, zweiteilige Kugelh\u00e4hne aus geschmiedetem Stahl in China, Kugelh\u00e4hne aus geschmiedetem Hochdruckstahl, Kugelh\u00e4hne mit geschmiedetem Stahlgewinde und geschmiedete Kugel aus China Ventilhersteller mit hoher Qualit\u00e4t und wettbewerbsf\u00e4higem Preis.<\/p>\n<p>F\u00fcr weitere Materialien und Details wenden Sie sich bitte an sales@stvvalve.com.<\/p>\n<p>Datumsblatt:<a href=\"https:\/\/www.stvvalves.com\/wp-content\/uploads\/2019\/03\/2PC-Forged-Steel-Floating-Ball-Valve-ASTM-A105-NPT-800LB-Peek-Seat-drawing.pdf\">2-teiliger schwimmender Kugelhahn aus geschmiedetem Stahl, ASTM A105, NPT, 800LB, Peek-Sitz<\/a><\/p>","protected":false},"featured_media":4420,"template":"","meta":[],"product_brand":[],"product_cat":[43,78,55],"product_tag":[570,572,571,574,573,208],"class_list":{"0":"post-4419","1":"product","2":"type-product","3":"status-publish","4":"has-post-thumbnail","6":"product_cat-ball-valve","7":"product_cat-floating-ball-valve","8":"product_cat-forged-steel-ball-valve","9":"product_tag-800lb-forged-steel-ball-valve","10":"product_tag-china-2-piece-forged-steel-ball-valve","11":"product_tag-china-forged-ball-valve-manufacturer","12":"product_tag-forged-steel-high-pressure-ball-valve","13":"product_tag-forged-steel-thread-ball-valve","14":"product_tag-high-pressure-ball-valve","16":"first","17":"instock","18":"shipping-taxable","19":"product-type-simple"},"_links":{"self":[{"href":"https:\/\/www.stvvalves.com\/de\/wp-json\/wp\/v2\/product\/4419","targetHints":{"allow":["GET"]}}],"collection":[{"href":"https:\/\/www.stvvalves.com\/de\/wp-json\/wp\/v2\/product"}],"about":[{"href":"https:\/\/www.stvvalves.com\/de\/wp-json\/wp\/v2\/types\/product"}],"wp:featuredmedia":[{"embeddable":true,"href":"https:\/\/www.stvvalves.com\/de\/wp-json\/wp\/v2\/media\/4420"}],"wp:attachment":[{"href":"https:\/\/www.stvvalves.com\/de\/wp-json\/wp\/v2\/media?parent=4419"}],"wp:term":[{"taxonomy":"product_brand","embeddable":true,"href":"https:\/\/www.stvvalves.com\/de\/wp-json\/wp\/v2\/product_brand?post=4419"},{"taxonomy":"product_cat","embeddable":true,"href":"https:\/\/www.stvvalves.com\/de\/wp-json\/wp\/v2\/product_cat?post=4419"},{"taxonomy":"product_tag","embeddable":true,"href":"https:\/\/www.stvvalves.com\/de\/wp-json\/wp\/v2\/product_tag?post=4419"}],"curies":[{"name":"wp","href":"https:\/\/api.w.org\/{rel}","templated":true}]}}