{"id":4437,"date":"2019-03-08T07:51:18","date_gmt":"2019-03-08T07:51:18","guid":{"rendered":"https:\/\/www.stvvalves.com\/?post_type=product&#038;p=4437"},"modified":"2025-02-17T18:20:11","modified_gmt":"2025-02-17T10:20:11","slug":"weld-bonnet-globe-valvea105napi6021500lb2-inch","status":"publish","type":"product","link":"https:\/\/www.stvvalves.com\/de\/products\/weld-bonnet-globe-valvea105napi6021500lb2-inch\/","title":{"rendered":"Schwei\u00dfhauben-Absperrventil, A105N, API602, 1500LB, 2 Zoll"},"content":{"rendered":"<p>Anwendbare Standards f\u00fcr Durchgangsventile:<\/p>\n<p>Design und Herstellung gem\u00e4\u00df: BS 1868<\/p>\n<p>Pers\u00f6nlich gem\u00e4\u00df: ASME B16.10<\/p>\n<p>Flanschabmessungen gem\u00e4\u00df: ASME B16.5<\/p>\n<p>Druck und Temperatur gem\u00e4\u00df: ASME B16.34<\/p>\n<p>Test und Inspektion gem\u00e4\u00df: API 6D \/ API 598<\/p>\n<p>Sichtpr\u00fcfung gem\u00e4\u00df: MSS SP-55<\/p>\n<p>Kennzeichnung gem\u00e4\u00df: MSS SP-25<\/p>\n<p>Hauptmerkmale:<br \/>\nHandradantrieb<br \/>\nDichtungshaube, Schwei\u00dfhaube, Bolzenhaube.<br \/>\nMit BSP-, NPT- oder Muffenschwei\u00dfung verschraubt. Stumpfschwei\u00dfung<br \/>\nGr\u00f6\u00dfen 1\/2\u2033 bis 2\u2033<br \/>\nMaterial: A105, LF2, F5, F11, F22, 304, 316, 316L usw.<br \/>\nTemperaturbereich: -29 \u00b0C bis 560 \u00b0C<br \/>\nDruck bis zu 420 bar (150LB-2500LB)<\/p>\n<table>\n<tbody>\n<tr>\n<td width=\"200\"><strong>Produktname<\/strong><\/td>\n<td width=\"481\">Schwei\u00dfhauben-Absperrventil, A105N, API602, 1500LB, 2 Zoll<\/td>\n<\/tr>\n<tr>\n<td width=\"200\">1. Material<\/td>\n<td width=\"481\">A105N<\/td>\n<\/tr>\n<tr>\n<td width=\"200\">2. Gr\u00f6\u00dfe<\/td>\n<td width=\"481\">2&quot;<\/td>\n<\/tr>\n<tr>\n<td width=\"200\">4. Hafen<\/td>\n<td width=\"481\">Vollst\u00e4ndiger Port<\/td>\n<\/tr>\n<tr>\n<td width=\"200\">5. Arbeitsdruck<\/td>\n<td width=\"481\">1500 Pfund<\/td>\n<\/tr>\n<tr>\n<td width=\"200\">6. Verbindung endet<\/td>\n<td width=\"481\">BW<\/td>\n<\/tr>\n<tr>\n<td width=\"200\">7. Arbeitstemperatur.<\/td>\n<td width=\"481\">-29~425 \u00b0C,<\/td>\n<\/tr>\n<tr>\n<td width=\"200\">8. Geeignetes Medium<\/td>\n<td width=\"481\">Wasser, Erdgas, \u00d6l und einige \u00e4tzende Fl\u00fcssigkeiten<\/td>\n<\/tr>\n<tr>\n<td width=\"200\">9. Betrieben<\/td>\n<td width=\"481\">Handrad<\/td>\n<\/tr>\n<tr>\n<td width=\"200\">10. Inspektion und Pr\u00fcfung<\/td>\n<td width=\"481\">Gem\u00e4\u00df API598<\/td>\n<\/tr>\n<tr>\n<td width=\"200\"><strong>Sendung<\/strong><\/td>\n<td width=\"481\"><\/td>\n<\/tr>\n<tr>\n<td width=\"200\">Lieferzeit<\/td>\n<td width=\"481\">30 Tage<\/td>\n<\/tr>\n<tr>\n<td width=\"200\">Paket<\/td>\n<td width=\"481\">Standard-Export-Sperrholzkiste<\/td>\n<\/tr>\n<tr>\n<td width=\"200\">Hafen<\/td>\n<td width=\"481\">Ningbo\/Shanghai, China<\/td>\n<\/tr>\n<tr>\n<td width=\"200\">Versandbedingungen<\/td>\n<td width=\"481\">Exw, FOB, CFR, CIF usw.<\/td>\n<\/tr>\n<tr>\n<td width=\"200\">Zahlungsbedingungen<\/td>\n<td width=\"481\">T\/T, Western Union, PayPal usw.<\/td>\n<\/tr>\n<tr>\n<td width=\"200\"><\/td>\n<td width=\"481\">30% Vorauszahlung, 70% Restbetrag vor dem Versand bezahlt<\/td>\n<\/tr>\n<tr>\n<td width=\"200\">Herkunftsland<\/td>\n<td width=\"481\">Stadt Wenzhou, China<\/td>\n<\/tr>\n<tr>\n<td width=\"200\">Produktionskapazit\u00e4t<\/td>\n<td width=\"481\">6000 Tonnen\/Jahr<\/td>\n<\/tr>\n<tr>\n<td width=\"200\">Mindestbestellmenge<\/td>\n<td width=\"481\">1 St\u00fcck\/Gr\u00f6\u00dfe<\/td>\n<\/tr>\n<\/tbody>\n<\/table>\n<p>&nbsp;<\/p>","protected":false},"excerpt":{"rendered":"<p>Modell: J61Y-1500LB-A105N<\/p>\n<p>Die offensichtlichsten Vorteile des Absperrventils aus geschmiedetem Stahl sind: Beim \u00d6ffnungs- und Schlie\u00dfvorgang ist die Reibung zwischen der Ventilklappe und der Dichtfl\u00e4che des Ventilk\u00f6rpers geringer als beim Absperrschieber und daher verschlei\u00dffest. Die \u00d6ffnungsh\u00f6he betr\u00e4gt in der Regel nur 1\/4 des Durchmessers des Sitzkanals und ist damit deutlich kleiner als beim Schieber. Normalerweise gibt es nur eine Dichtfl\u00e4che am Ventilk\u00f6rper und an der Ventilklappe, sodass der Herstellungsprozess besser und reparaturfreundlicher ist. Anwendbare Temperatur: -196 \u00b0C bis 700 \u00b0C Fahrmodus: manuell, Kegelradgetriebe, pneumatisch, elektrisch, hydraulisch, Gas-Fl\u00fcssigkeits-Verbindung, elektrohydraulische Verbindung Ventilk\u00f6rpermaterial: WCB, ZG1Cr18Ni9Ti, ZG1Cr18Ni12Mo2Ti, CF8(304), CF3 (304L), CF8M (316), CF3M (316L), Ti. F\u00fcr Wasser, Dampf, \u00d6l, Salpeters\u00e4ure, Essigs\u00e4ure, oxidierende Medien, Harnstoff und andere Medien k\u00f6nnen unterschiedliche Materialien verwendet werden.<\/p>\n<p>STV Valve Technology Group Co., Ltd ist ein professioneller Marktf\u00fchrer in China Weld Bonnet Globe Valve, geschmiedetem Kohlenstoffstahl-Kugelventil, API 602-Kugelventil und API 602 geschmiedetem Stahl-Kugelventilhersteller mit hoher Qualit\u00e4t und wettbewerbsf\u00e4higem Preis.<\/p>\n<p>F\u00fcr weitere Materialien und Details wenden Sie sich bitte an sales@stvvalve.com.<\/p>\n<p>Datumsblatt:<br \/>\n<a href=\"https:\/\/www.stvvalves.com\/wp-content\/uploads\/2019\/03\/Weld-Bonnet-Globe-Valve-A105N-API-602-1500-LB-2-Inch-DRAWING.pdf\">Schwei\u00dfhauben-Absperrventil, A105N, API602, 1500LB, 2 Zoll<\/a><\/p>","protected":false},"featured_media":4438,"template":"","meta":[],"product_brand":[],"product_cat":[64,45],"product_tag":[307,212,586,439,585],"class_list":{"0":"post-4437","1":"product","2":"type-product","3":"status-publish","4":"has-post-thumbnail","6":"product_cat-foreged-steel-globe-valve","7":"product_cat-globe-valve","8":"product_tag-api-602-forged-steel-gate-valve","9":"product_tag-api-602-globe-valve","10":"product_tag-api602-forged-steel-valve-globe-valve-w","11":"product_tag-forged-carbon-steel-globe-valve","12":"product_tag-welded-bonnet-globe-valve","14":"first","15":"instock","16":"shipping-taxable","17":"product-type-simple"},"_links":{"self":[{"href":"https:\/\/www.stvvalves.com\/de\/wp-json\/wp\/v2\/product\/4437","targetHints":{"allow":["GET"]}}],"collection":[{"href":"https:\/\/www.stvvalves.com\/de\/wp-json\/wp\/v2\/product"}],"about":[{"href":"https:\/\/www.stvvalves.com\/de\/wp-json\/wp\/v2\/types\/product"}],"wp:featuredmedia":[{"embeddable":true,"href":"https:\/\/www.stvvalves.com\/de\/wp-json\/wp\/v2\/media\/4438"}],"wp:attachment":[{"href":"https:\/\/www.stvvalves.com\/de\/wp-json\/wp\/v2\/media?parent=4437"}],"wp:term":[{"taxonomy":"product_brand","embeddable":true,"href":"https:\/\/www.stvvalves.com\/de\/wp-json\/wp\/v2\/product_brand?post=4437"},{"taxonomy":"product_cat","embeddable":true,"href":"https:\/\/www.stvvalves.com\/de\/wp-json\/wp\/v2\/product_cat?post=4437"},{"taxonomy":"product_tag","embeddable":true,"href":"https:\/\/www.stvvalves.com\/de\/wp-json\/wp\/v2\/product_tag?post=4437"}],"curies":[{"name":"wp","href":"https:\/\/api.w.org\/{rel}","templated":true}]}}