{"id":4448,"date":"2019-03-15T09:51:54","date_gmt":"2019-03-15T09:51:54","guid":{"rendered":"https:\/\/www.stvvalves.com\/?post_type=product&#038;p=4448"},"modified":"2025-02-17T18:20:09","modified_gmt":"2025-02-17T10:20:09","slug":"high-pressure-globe-valve-2500lb-f22-body-304-trim-sw-end","status":"publish","type":"product","link":"https:\/\/www.stvvalves.com\/de\/products\/high-pressure-globe-valve-2500lb-f22-body-304-trim-sw-end\/","title":{"rendered":"Hochdruck-Absperrventil, 2500 LB, F22-Geh\u00e4use, Innengarnitur 304, SW-ENDE"},"content":{"rendered":"<p>Design und Herstellung gem\u00e4\u00df: API 602\/MSS SP-118<\/p>\n<p>Pers\u00f6nlich gem\u00e4\u00df: ASME B16.10<\/p>\n<p>Flanschabmessungen gem\u00e4\u00df: ASME B16.5<\/p>\n<p>Druck und Temperatur gem\u00e4\u00df: ASME B16.34<\/p>\n<p>Test und Inspektion gem\u00e4\u00df: API 6D \/ API 598<\/p>\n<p>Sichtpr\u00fcfung gem\u00e4\u00df: MSS SP-55<\/p>\n<p>Kennzeichnung gem\u00e4\u00df: MSS SP-25<\/p>\n<p>Hauptmerkmale:<br \/>\nHandradantrieb<br \/>\nDichtungshaube, Schwei\u00dfhaube, Bolzenhaube.<br \/>\nMit BSP-, NPT- oder Muffenschwei\u00dfung verschraubt. Stumpfschwei\u00dfung<br \/>\nGr\u00f6\u00dfen 1\/2\u2033 bis 2\u2033<br \/>\nMaterial: A105, LF2, F5, F11, F22, 304, 316, 316L usw.<br \/>\nTemperaturbereich: -29 \u00b0C bis 560 \u00b0C<br \/>\nDruck bis zu 420 bar (150LB-2500LB)<\/p>\n<table>\n<tbody>\n<tr>\n<td width=\"200\"><strong><b>Produktname<\/b><\/strong><\/td>\n<td width=\"481\">Hochdruck-Absperrventil, 2500 LB, F22-Geh\u00e4use, Innengarnitur 304, SW-ENDE<\/td>\n<\/tr>\n<tr>\n<td width=\"200\">1. Material<\/td>\n<td width=\"481\">A105, LF2, F5, F11, F22, 304, 316, 316L usw.<\/td>\n<\/tr>\n<tr>\n<td width=\"200\">2. Gr\u00f6\u00dfe<\/td>\n<td width=\"481\">1\/2&quot;~2&quot; (DN15~DN50)<\/td>\n<\/tr>\n<tr>\n<td width=\"200\">4. Hafen<\/td>\n<td width=\"481\">Reduzieranschluss oder Vollanschluss<\/td>\n<\/tr>\n<tr>\n<td width=\"200\">5. Arbeitsdruck<\/td>\n<td width=\"481\">150LB ~ 2500LB<\/td>\n<\/tr>\n<tr>\n<td width=\"200\">6. Verbindung endet<\/td>\n<td width=\"481\">BSP, NPT oder Socket Weld.Butt-Weld<\/td>\n<\/tr>\n<tr>\n<td width=\"200\">7. Arbeitstemperatur.<\/td>\n<td width=\"481\">-29~425 \u00b0C oder je nach Kundenwunsch f\u00fcr verschiedene Branchen.<\/td>\n<\/tr>\n<tr>\n<td width=\"200\">8. Geeignetes Medium<\/td>\n<td width=\"481\">Wasser, Erdgas, \u00d6l und einige \u00e4tzende Fl\u00fcssigkeiten<\/td>\n<\/tr>\n<tr>\n<td width=\"200\">9. Betrieben<\/td>\n<td width=\"481\">Handrad<\/td>\n<\/tr>\n<tr>\n<td width=\"200\">10. Inspektion und Pr\u00fcfung<\/td>\n<td width=\"481\">Gem\u00e4\u00df API598<\/td>\n<\/tr>\n<tr>\n<td width=\"200\"><strong><b>Sendung<\/b><\/strong><\/td>\n<td width=\"481\"><\/td>\n<\/tr>\n<tr>\n<td width=\"200\">Lieferzeit<\/td>\n<td width=\"481\">15~20 Tage<\/td>\n<\/tr>\n<tr>\n<td width=\"200\">Paket<\/td>\n<td width=\"481\">Standard-Export-Sperrholzkiste<\/td>\n<\/tr>\n<tr>\n<td width=\"200\">Hafen<\/td>\n<td width=\"481\">Ningbo\/Shanghai, China<\/td>\n<\/tr>\n<tr>\n<td width=\"200\">Versandbedingungen<\/td>\n<td width=\"481\">Exw, FOB, CFR, CIF usw.<\/td>\n<\/tr>\n<tr>\n<td width=\"200\">Zahlungsbedingungen<\/td>\n<td width=\"481\">T\/T, Western Union, PayPal usw.<\/td>\n<\/tr>\n<tr>\n<td width=\"200\"><\/td>\n<td width=\"481\">30% Vorauszahlung, 70% Restbetrag vor dem Versand bezahlt<\/td>\n<\/tr>\n<tr>\n<td width=\"200\">Herkunftsland<\/td>\n<td width=\"481\">Stadt Wenzhou, China<\/td>\n<\/tr>\n<tr>\n<td width=\"200\">Produktionskapazit\u00e4t<\/td>\n<td width=\"481\">6000 Tonnen\/Jahr<\/td>\n<\/tr>\n<tr>\n<td width=\"200\">Mindestbestellmenge<\/td>\n<td width=\"481\">10 St\u00fcck\/Gr\u00f6\u00dfe<\/td>\n<\/tr>\n<\/tbody>\n<\/table>","protected":false},"excerpt":{"rendered":"<p>Modell: J61Y-2500LB-F22-03<\/p>\n<p>Unser Hochdruck-Absperrventil ist ein druckselbstdichtendes Absperrventil aus geschmiedetem Stahl. Dieses in dieser Anschlussform konzipierte Ventil verf\u00fcgt \u00fcber eine Gewindeverbindung zwischen Ventilk\u00f6rper und Ventildeckel. Der selbstdichtende Innendruckring ist abgedichtet. Je gr\u00f6\u00dfer der Innendruck, desto besser ist die Dichtleistung.<\/p>\n<p>STV Valve Technology Group Co., Ltd ist ein professioneller Marktf\u00fchrer in China, Hersteller von Hochdruck-Absperrventilen, Absperrventilen aus geschmiedetem Kohlenstoffstahl, Absperrventilen API 602, Absperrventilen aus geschmiedetem Stahl API 602, 2500LB-Absperrventilen und F22-Absperrventilen mit hoher Qualit\u00e4t und wettbewerbsf\u00e4higen Preisen .<\/p>\n<p>F\u00fcr weitere Materialien und Details wenden Sie sich bitte an sales@stvvalve.com.<\/p>\n<p>Datumsblatt:<a href=\"https:\/\/www.stvvalves.com\/wp-content\/uploads\/2019\/03\/High-Pressure-Globe-Valve-2500LB-F22-Body-304-Trim-SW-END-drawing.pdf\">Hochdruck-Absperrventil, 2500 LB, F22-Geh\u00e4use, Innengarnitur 304, SW-ENDE<\/a><\/p>","protected":false},"featured_media":4452,"template":"","meta":[],"product_brand":[],"product_cat":[64,45],"product_tag":[210,592,591,590,589],"class_list":{"0":"post-4448","1":"product","2":"type-product","3":"status-publish","4":"has-post-thumbnail","6":"product_cat-foreged-steel-globe-valve","7":"product_cat-globe-valve","8":"product_tag-2500lb-globe-valve","9":"product_tag-dn20-globe-valve","10":"product_tag-f22-globe-valve","11":"product_tag-high-pressure-globe-valves","12":"product_tag-pressure-seal-globe-valves","14":"first","15":"instock","16":"shipping-taxable","17":"product-type-simple"},"_links":{"self":[{"href":"https:\/\/www.stvvalves.com\/de\/wp-json\/wp\/v2\/product\/4448","targetHints":{"allow":["GET"]}}],"collection":[{"href":"https:\/\/www.stvvalves.com\/de\/wp-json\/wp\/v2\/product"}],"about":[{"href":"https:\/\/www.stvvalves.com\/de\/wp-json\/wp\/v2\/types\/product"}],"wp:featuredmedia":[{"embeddable":true,"href":"https:\/\/www.stvvalves.com\/de\/wp-json\/wp\/v2\/media\/4452"}],"wp:attachment":[{"href":"https:\/\/www.stvvalves.com\/de\/wp-json\/wp\/v2\/media?parent=4448"}],"wp:term":[{"taxonomy":"product_brand","embeddable":true,"href":"https:\/\/www.stvvalves.com\/de\/wp-json\/wp\/v2\/product_brand?post=4448"},{"taxonomy":"product_cat","embeddable":true,"href":"https:\/\/www.stvvalves.com\/de\/wp-json\/wp\/v2\/product_cat?post=4448"},{"taxonomy":"product_tag","embeddable":true,"href":"https:\/\/www.stvvalves.com\/de\/wp-json\/wp\/v2\/product_tag?post=4448"}],"curies":[{"name":"wp","href":"https:\/\/api.w.org\/{rel}","templated":true}]}}