{"id":4463,"date":"2019-03-18T04:32:26","date_gmt":"2019-03-18T04:32:26","guid":{"rendered":"https:\/\/www.stvvalves.com\/?post_type=product&#038;p=4463"},"modified":"2025-02-19T19:49:26","modified_gmt":"2025-02-19T11:49:26","slug":"screwed-stainless-steel-ball-valves-3pc-body-ss304-dn150","status":"publish","type":"product","link":"https:\/\/www.stvvalves.com\/de\/products\/screwed-stainless-steel-ball-valves-3pc-body-ss304-dn150\/","title":{"rendered":"Screwed Stainless Steel Ball Valves,3PC Body,SS304,DN150"},"content":{"rendered":"<p>Kugelhahn:<br \/>\nNenndruck: 1000 Psi<br \/>\nAnwendbare Temperatur: -20\u2013180 \u00b0C<br \/>\nK\u00f6rper und Motorhaube:CF8(304)CF8M(316)<br \/>\nKugel: CF8(304)CF8M(316)<br \/>\nKugelhahn mit pneumatischem Antrieb. Schaft: 304 oder 316<br \/>\nDichtung und Verpackung: PTFE<br \/>\nSize:1\/4&#8243;-6&#8243;<br \/>\nGewindeende: BSP, BSPT, DIN2999, NPT<\/p>\n<p>Anwendungen:<br \/>\nKugelh\u00e4hne mit pneumatischem Antrieb werden h\u00e4ufig verwendet<br \/>\nBier- und Getr\u00e4nkeabf\u00fcllmaschinen<br \/>\nTextildruck und F\u00e4rben<br \/>\nGasindustrie<br \/>\nApotheke und medizinische Ger\u00e4te<br \/>\nChemieindustrie<br \/>\nDesinfektion<br \/>\nAufsch\u00e4umausr\u00fcstung<br \/>\nWasser-\/Abwasserentsorgung<\/p>\n<p>Pneumatikantrieb:<br \/>\nVollst\u00e4ndige Konformit\u00e4t mit den Spezifikationen von: ISO5211, DIN3337.<br \/>\nDie stranggepressten, hochfesten Aluminiumk\u00f6rper sind pr\u00e4zisionsgeschliffen und hart eloxiert, wodurch eine Innenbohrungsoberfl\u00e4che entsteht, die einen niedrigen Reibungskoeffizienten, gleichm\u00e4\u00dfige Leistung und eine lange Lebensdauer bietet.<br \/>\nAlle Wirkfl\u00e4chen sind mit hochwertigen Lagern ausgestattet, was zu geringer Reibung, Ruhe und hoher Lebensdauer f\u00fchrt.<br \/>\nDie beiden unabh\u00e4ngigen Einstellschrauben f\u00fcr den externen Hubanschlag k\u00f6nnen sowohl in ge\u00f6ffneter als auch in geschlossener Richtung einfach und pr\u00e4zise um bis zu \u00b15\u00b0 eingestellt werden.<br \/>\nDie multifunktionale Positionsanzeige mit NAMUR-Standard ist praktisch f\u00fcr die Montage von Zubeh\u00f6r.<br \/>\nVorkomprimierte Lastfedern erleichtern die sichere Montage und Demontage.<br \/>\nKolben und Endkappen aus Aluminiumdruckguss sind hochfest und leicht.<br \/>\nF\u00fcr Anwendungen bei niedrigen und hohen Temperaturen sind optional Viton- und Silikondichtungen erh\u00e4ltlich.<\/p>\n<p>&nbsp;<\/p>\n<table>\n<tbody>\n<tr>\n<td width=\"200\"><strong>Produktname<\/strong><\/td>\n<td width=\"481\">Screwed Stainless Steel Ball Valves,3PC Body,SS304,DN150<\/td>\n<\/tr>\n<tr>\n<td width=\"200\">1. Material<\/td>\n<td width=\"481\">304<\/td>\n<\/tr>\n<tr>\n<td width=\"200\">2. Gr\u00f6\u00dfe<\/td>\n<td width=\"481\">6&quot;<\/td>\n<\/tr>\n<tr>\n<td width=\"200\">4. Hafen<\/td>\n<td width=\"481\">Vollst\u00e4ndiger Port<\/td>\n<\/tr>\n<tr>\n<td width=\"200\">5. Arbeitsdruck<\/td>\n<td width=\"481\">1000WOG<\/td>\n<\/tr>\n<tr>\n<td width=\"200\">6. Verbindung endet<\/td>\n<td width=\"481\">NVV<\/td>\n<\/tr>\n<tr>\n<td width=\"200\">7. Arbeitstemperatur.<\/td>\n<td width=\"481\">-29~120 \u00b0C,<\/td>\n<\/tr>\n<tr>\n<td width=\"200\">8. Geeignetes Medium<\/td>\n<td width=\"481\">Wasser, Erdgas, \u00d6l und einige \u00e4tzende Fl\u00fcssigkeiten<\/td>\n<\/tr>\n<tr>\n<td width=\"200\">9. Betrieben<\/td>\n<td width=\"481\">Handrad<\/td>\n<\/tr>\n<tr>\n<td width=\"200\">10. Inspektion und Pr\u00fcfung<\/td>\n<td width=\"481\">Gem\u00e4\u00df API598<\/td>\n<\/tr>\n<tr>\n<td width=\"200\"><strong>Sendung<\/strong><\/td>\n<td width=\"481\"><\/td>\n<\/tr>\n<tr>\n<td width=\"200\">Lieferzeit<\/td>\n<td width=\"481\">30 Tage<\/td>\n<\/tr>\n<tr>\n<td width=\"200\">Paket<\/td>\n<td width=\"481\">Standard-Export-Sperrholzkiste<\/td>\n<\/tr>\n<tr>\n<td width=\"200\">Hafen<\/td>\n<td width=\"481\">Ningbo\/Shanghai, China<\/td>\n<\/tr>\n<tr>\n<td width=\"200\">Versandbedingungen<\/td>\n<td width=\"481\">Exw, FOB, CFR, CIF usw.<\/td>\n<\/tr>\n<tr>\n<td width=\"200\">Zahlungsbedingungen<\/td>\n<td width=\"481\">T\/T, Western Union, PayPal usw.<\/td>\n<\/tr>\n<tr>\n<td width=\"200\"><\/td>\n<td width=\"481\">30% Vorauszahlung, 70% Restbetrag vor dem Versand bezahlt<\/td>\n<\/tr>\n<tr>\n<td width=\"200\">Herkunftsland<\/td>\n<td width=\"481\">Stadt Wenzhou, China<\/td>\n<\/tr>\n<tr>\n<td width=\"200\">Produktionskapazit\u00e4t<\/td>\n<td width=\"481\">6000 Tonnen\/Jahr<\/td>\n<\/tr>\n<tr>\n<td width=\"200\">Mindestbestellmenge<\/td>\n<td width=\"481\">1 St\u00fcck\/Gr\u00f6\u00dfe<\/td>\n<\/tr>\n<\/tbody>\n<\/table>","protected":false},"excerpt":{"rendered":"<p>Model\uff1bSTV-Q11F-DN150-6&#8243;<\/p>\n<div>Wir haben eine gro\u00dfe Auswahl an pneumatischen Kugelh\u00e4hnen f\u00fcr Wasser-, Gas-, Luft- und \u00d6lanwendungen. Dieses Ventil haben wir als 3-teiliges schwimmendes Ventil entwickelt, das \u00fcber Standarddesign, Ventilfl\u00e4che-zu-Fl\u00e4che-Abmessungen, Leckageklasse und andere n\u00fctzliche Spezifikationen verf\u00fcgt.<\/div>\n<div><\/div>\n<div>We make Our Pneumatic Ball Valve in \u00bd\u201d to 6\u201d with three end connection Screwed End, Flanged End, and Socket Weld so complete solution for Industry and Users. Automation design and manufacture a range of high integrity instrumentation Pneumatic Ball valves for worldwide applications, yes we supply worldwide as per customer requirement and their drawing.<\/div>\n<div>\n<p>STV Valve Technology Group Co., Ltd is a professional leader China Screwed Stainless Steel Ball Valves ,6 Inch Screwed Stainless Steel Ball Valves ,3 pc Screwed Stainless Steel Ball Valves ,Electric Actuator Ball Valve Manufacturer with high quality and competitive price.<\/p>\n<p>&nbsp;<\/p>\n<\/div>","protected":false},"featured_media":7216,"template":"","meta":[],"product_brand":[],"product_cat":[43,78,79],"product_tag":[2447,2446,2445,2448],"class_list":{"0":"post-4463","1":"product","2":"type-product","3":"status-publish","4":"has-post-thumbnail","6":"product_cat-ball-valve","7":"product_cat-floating-ball-valve","8":"product_cat-threaded-ball-valve","9":"product_tag-3-pc-screwed-stainless-steel-ball-valves","10":"product_tag-6-inch-screwed-stainless-steel-ball-valves","11":"product_tag-china-screwed-stainless-steel-ball-valves","12":"product_tag-electric-actuator-ball-valve-manufacturer","14":"first","15":"instock","16":"shipping-taxable","17":"product-type-simple"},"_links":{"self":[{"href":"https:\/\/www.stvvalves.com\/de\/wp-json\/wp\/v2\/product\/4463","targetHints":{"allow":["GET"]}}],"collection":[{"href":"https:\/\/www.stvvalves.com\/de\/wp-json\/wp\/v2\/product"}],"about":[{"href":"https:\/\/www.stvvalves.com\/de\/wp-json\/wp\/v2\/types\/product"}],"wp:featuredmedia":[{"embeddable":true,"href":"https:\/\/www.stvvalves.com\/de\/wp-json\/wp\/v2\/media\/7216"}],"wp:attachment":[{"href":"https:\/\/www.stvvalves.com\/de\/wp-json\/wp\/v2\/media?parent=4463"}],"wp:term":[{"taxonomy":"product_brand","embeddable":true,"href":"https:\/\/www.stvvalves.com\/de\/wp-json\/wp\/v2\/product_brand?post=4463"},{"taxonomy":"product_cat","embeddable":true,"href":"https:\/\/www.stvvalves.com\/de\/wp-json\/wp\/v2\/product_cat?post=4463"},{"taxonomy":"product_tag","embeddable":true,"href":"https:\/\/www.stvvalves.com\/de\/wp-json\/wp\/v2\/product_tag?post=4463"}],"curies":[{"name":"wp","href":"https:\/\/api.w.org\/{rel}","templated":true}]}}