{"id":4478,"date":"2019-03-18T11:58:19","date_gmt":"2019-03-18T11:58:19","guid":{"rendered":"https:\/\/www.stvvalves.com\/?post_type=product&#038;p=4478"},"modified":"2025-02-17T18:21:46","modified_gmt":"2025-02-17T10:21:46","slug":"3pc-carbon-steel-ball-valve-1000-psi316-trim-npt-end","status":"publish","type":"product","link":"https:\/\/www.stvvalves.com\/de\/products\/3pc-carbon-steel-ball-valve-1000-psi316-trim-npt-end\/","title":{"rendered":"3-teiliger Kugelhahn aus Kohlenstoffstahl, 1000 PSI, Innengarnitur 316, NPT-Ende"},"content":{"rendered":"<p>1. Arbeitsdruck: 1,6 MP, 2,5 MP<br \/>\n2.ISO-5211-Montagepad f\u00fcr einfache Automatisierung.<br \/>\n3.Antistatisches Ger\u00e4t. Feuersicheres Design verf\u00fcgbar,<br \/>\n4. Ausblassicherer Schaft.<br \/>\n5.Geeignete Medien: Wasser, \u00d6l, Gas und einige korrosive Fl\u00fcssigkeiten.<br \/>\n6.Feinguss.<br \/>\n7. Inspektion und Tests: API 598.<br \/>\n8.Manuell, pneumatisch, elektrisch betrieben verf\u00fcgbar.<br \/>\n9.Pneumatischer Antrieb: Doppelwirkung und Einzelwirkung sind verf\u00fcgbar.<br \/>\n10.Gewinde: NPT&amp;BSPT &amp;BSP<br \/>\n11. Temperaturbereich: -40 \u00b0C bis 150 \u00b0C<br \/>\n12.Niedriges Betriebsdrehmoment.<\/p>\n<p>&nbsp;<\/p>","protected":false},"excerpt":{"rendered":"<p>Modell: STV-Q11F-1000WOG-DN25-WCB<\/p>\n<p>Der 3-teilige Kugelhahn ist ein vollst\u00e4ndig wartbarer dreiteiliger Kugelhahn mit vollem Durchgang, der eine kosteng\u00fcnstige L\u00f6sung zum \u201eAbsperren\u201c und Isolieren von Niedertemperatur-Dampfbetrieb und mittleren Durchflussmengen bietet.<\/p>\n<p>Ein Allzweck-Kugelhahn, der zuverl\u00e4ssig ist. Geh\u00e4use aus Edelstahl und Sitz aus kohlenstoffgef\u00fclltem PTFE.<\/p>\n<p>Verf\u00fcgt \u00fcber einen ausblassicheren Stiel und einen isolierten Griff sowie einen abschlie\u00dfbaren Hebelgriff.<\/p>\n<p>Geh\u00e4use aus Edelstahl CF8M 316<br \/>\nMit BSP-Schraube, Muffenschwei\u00dfung, Stumpfschwei\u00dfung oder NPT<br \/>\nGr\u00f6\u00dfen: 1\/4\u2033 bis 4\u2033<br \/>\nTemperaturbereich: -20 \u00b0C bis +200 \u00b0C<br \/>\nBetriebsdruck: 1000 PSI (1\/4\u2033 bis 2\u2033) und 800 PSI (2 1\/2\u2033 bis 4\u2033)<br \/>\nBewegung: 90\u00b0-Drehung<\/p>\n<p>STV Valve Technology Group Co., Ltd ist ein professioneller Marktf\u00fchrer in China, Hersteller von 3-teiligen Wcb-Kugelh\u00e4hnen mit Gewindeanschluss, 3-teiligen WCB-Kugelh\u00e4hnen aus Kohlenstoffstahl A216, 3-teiligen Wcb-Kugelh\u00e4hnen und 3-teiligen Kugelh\u00e4hnenherstellern mit hoher Qualit\u00e4t und wettbewerbsf\u00e4higem Preis.<\/p>\n<p>F\u00fcr weitere Materialien und Details wenden Sie sich bitte an sales@stvvalve.com.<\/p>\n<p>Datumsblatt:<a href=\"https:\/\/www.stvvalves.com\/wp-content\/uploads\/2019\/03\/3PC-Carbon-Steel-Ball-Valve-1000-PSI-316-Trim-NPT-End-drawing.pdf\">3-teiliger Kugelhahn aus Kohlenstoffstahl, 1000 PSI, Innengarnitur 316, NPT-Ende<\/a><\/p>","protected":false},"featured_media":4480,"template":"","meta":[],"product_brand":[],"product_cat":[43,54,79],"product_tag":[154,610,609,611],"class_list":{"0":"post-4478","1":"product","2":"type-product","3":"status-publish","4":"has-post-thumbnail","6":"product_cat-ball-valve","7":"product_cat-cast-steel-ball-valve","8":"product_cat-threaded-ball-valve","9":"product_tag-3-piece-ball-valve","10":"product_tag-3-piece-carbon-steel-a216-wcb-ball-valve","11":"product_tag-3pc-wcb-ball-valve","12":"product_tag-3pc-wcb-ball-valve-with-threaded-connection","14":"first","15":"instock","16":"shipping-taxable","17":"product-type-simple"},"_links":{"self":[{"href":"https:\/\/www.stvvalves.com\/de\/wp-json\/wp\/v2\/product\/4478","targetHints":{"allow":["GET"]}}],"collection":[{"href":"https:\/\/www.stvvalves.com\/de\/wp-json\/wp\/v2\/product"}],"about":[{"href":"https:\/\/www.stvvalves.com\/de\/wp-json\/wp\/v2\/types\/product"}],"wp:featuredmedia":[{"embeddable":true,"href":"https:\/\/www.stvvalves.com\/de\/wp-json\/wp\/v2\/media\/4480"}],"wp:attachment":[{"href":"https:\/\/www.stvvalves.com\/de\/wp-json\/wp\/v2\/media?parent=4478"}],"wp:term":[{"taxonomy":"product_brand","embeddable":true,"href":"https:\/\/www.stvvalves.com\/de\/wp-json\/wp\/v2\/product_brand?post=4478"},{"taxonomy":"product_cat","embeddable":true,"href":"https:\/\/www.stvvalves.com\/de\/wp-json\/wp\/v2\/product_cat?post=4478"},{"taxonomy":"product_tag","embeddable":true,"href":"https:\/\/www.stvvalves.com\/de\/wp-json\/wp\/v2\/product_tag?post=4478"}],"curies":[{"name":"wp","href":"https:\/\/api.w.org\/{rel}","templated":true}]}}