{"id":4486,"date":"2019-03-18T14:35:06","date_gmt":"2019-03-18T14:35:06","guid":{"rendered":"https:\/\/www.stvvalves.com\/?post_type=product&#038;p=4486"},"modified":"2025-02-17T18:22:02","modified_gmt":"2025-02-17T10:22:02","slug":"cast-steel-gate-valve-600lb-3-inch-api-600-flanged-end","status":"publish","type":"product","link":"https:\/\/www.stvvalves.com\/de\/products\/cast-steel-gate-valve-600lb-3-inch-api-600-flanged-end\/","title":{"rendered":"Absperrschieber aus Stahlguss 600LB, 3 Zoll, API 600, Flanschende"},"content":{"rendered":"<p>Absperrschieber aus Stahlguss, Klasse 150\u20131500<br \/>\nOS&amp;Y, steigender Vorbau, flexibler Keil<br \/>\nVerschraubte Motorhaube, mit Gewinde versehener oder geschwei\u00dfter Sitzring<br \/>\nASTM A216 WCB, A217 WC6, A351 CF8, A351 CF8M,<br \/>\nA351 CF3, A351 CF3M, A351 CN7M<\/p>\n<p>Einhaltung von Standards<br \/>\nDesign und Herstellung: ANSIB16.34, API600 API6D, API603, BS1414<br \/>\nVon Angesicht zu Angesicht (Ende zu Ende): ANSIB16.10, API6D<br \/>\nFlanschverbindung: 2\u2033~24\u2033zu ANSIB16.5,22\u2033,26\u2033~36\u2033zu MSS-SP-44 zu API605 auf Anfrage<br \/>\nTest und Inspektion: API598, API6D<br \/>\nStumpfgeschwei\u00dftes Ende: ANSIB16.5<\/p>\n<table>\n<tbody>\n<tr>\n<td width=\"200\"><strong>Produktname<\/strong><\/td>\n<td width=\"481\">Absperrschieber aus Stahlguss 600LB, 3 Zoll, API 600, Flanschende<\/td>\n<\/tr>\n<tr>\n<td width=\"200\">1. Material<\/td>\n<td width=\"481\">WCB<\/td>\n<\/tr>\n<tr>\n<td width=\"200\">2. Gr\u00f6\u00dfe<\/td>\n<td width=\"481\">3&quot;<\/td>\n<\/tr>\n<tr>\n<td width=\"200\">4. Hafen<\/td>\n<td width=\"481\">Vollst\u00e4ndiger Port<\/td>\n<\/tr>\n<tr>\n<td width=\"200\">5. Arbeitsdruck<\/td>\n<td width=\"481\">600 Pfund<\/td>\n<\/tr>\n<tr>\n<td width=\"200\">6. Verbindung endet<\/td>\n<td width=\"481\">RF<\/td>\n<\/tr>\n<tr>\n<td width=\"200\">7. Arbeitstemperatur.<\/td>\n<td width=\"481\">-29~425 \u00b0C,<\/td>\n<\/tr>\n<tr>\n<td width=\"200\">8. Geeignetes Medium<\/td>\n<td width=\"481\">Wasser, Erdgas, \u00d6l und einige \u00e4tzende Fl\u00fcssigkeiten<\/td>\n<\/tr>\n<tr>\n<td width=\"200\">9. Betrieben<\/td>\n<td width=\"481\">Handrad<\/td>\n<\/tr>\n<tr>\n<td width=\"200\">10. Inspektion und Pr\u00fcfung<\/td>\n<td width=\"481\">Gem\u00e4\u00df API598<\/td>\n<\/tr>\n<tr>\n<td width=\"200\"><strong>Sendung<\/strong><\/td>\n<td width=\"481\"><\/td>\n<\/tr>\n<tr>\n<td width=\"200\">Lieferzeit<\/td>\n<td width=\"481\">30 Tage<\/td>\n<\/tr>\n<tr>\n<td width=\"200\">Paket<\/td>\n<td width=\"481\">Standard-Export-Sperrholzkiste<\/td>\n<\/tr>\n<tr>\n<td width=\"200\">Hafen<\/td>\n<td width=\"481\">Ningbo\/Shanghai, China<\/td>\n<\/tr>\n<tr>\n<td width=\"200\">Versandbedingungen<\/td>\n<td width=\"481\">Exw, FOB, CFR, CIF usw.<\/td>\n<\/tr>\n<tr>\n<td width=\"200\">Zahlungsbedingungen<\/td>\n<td width=\"481\">T\/T, Western Union, PayPal usw.<\/td>\n<\/tr>\n<tr>\n<td width=\"200\"><\/td>\n<td width=\"481\">30% Vorauszahlung, 70% Restbetrag vor dem Versand bezahlt<\/td>\n<\/tr>\n<tr>\n<td width=\"200\">Herkunftsland<\/td>\n<td width=\"481\">Stadt Wenzhou, China<\/td>\n<\/tr>\n<tr>\n<td width=\"200\">Produktionskapazit\u00e4t<\/td>\n<td width=\"481\">6000 Tonnen\/Jahr<\/td>\n<\/tr>\n<tr>\n<td width=\"200\">Mindestbestellmenge<\/td>\n<td width=\"481\">1 St\u00fcck\/Gr\u00f6\u00dfe<\/td>\n<\/tr>\n<\/tbody>\n<\/table>","protected":false},"excerpt":{"rendered":"<p>Modell: STV-Z41Y-600LB-3\u2033-WCB<\/p>\n<p>Der Absperrschieber aus Stahlguss ist geeignet f\u00fcr ANSI-Klasse 150\u2013600, PN2,0\u201316,0 MPa, JIS10\u201320K, Arbeitstemperatur -29\u2013425 \u00b0C (Kohlenstoffstahl) und -40\u2013500 \u00b0C (Edelstahl). Unterwegs , wird verwendet, um die Medien in der Pipeline zu unterbrechen oder einzuschalten. Durch die Verwendung verschiedener Materialien kann der Absperrschieber aus Stahl nach amerikanischem Standard f\u00fcr Wasser, Dampf, \u00d6l, Salpeters\u00e4ure, Essigs\u00e4ure, stark oxidierende Medien und Harnstoff eingesetzt werden. Es gibt Handschaltung, Kegelradgetriebe und Elektroantrieb.<\/p>\n<p>STV Valve Technology Group Co., Ltd ist ein professioneller Marktf\u00fchrer in China, Stahlguss-Absperrschieber 600 Pfund, API 600 Stahlguss-Absperrschieber, Stahlguss-Absperrschieber, Asme B16.34 Klasse 600 Pfund Stahlguss-Absperrschieber, China Stahlguss-Absperrschieber Hersteller mit hohe Qualit\u00e4t und wettbewerbsf\u00e4higer Preis.<\/p>\n<p>F\u00fcr weitere Materialien und Details wenden Sie sich bitte an sales@stvvalve.com.<\/p>\n<p>Datumsblatt:<a href=\"https:\/\/www.stvvalves.com\/wp-content\/uploads\/2019\/03\/Cast-Steel-Gate-Valve-600LB-3-Inch-API-600-Flanged-END-drawing.pdf\">Absperrschieber aus Stahlguss 600LB, 3 Zoll, API 600, Flanschende<\/a><\/p>","protected":false},"featured_media":4487,"template":"","meta":[],"product_brand":[],"product_cat":[58,44],"product_tag":[615,613,616,614,617],"class_list":{"0":"post-4486","1":"product","2":"type-product","3":"status-publish","4":"has-post-thumbnail","6":"product_cat-cast-steel-gate-valve","7":"product_cat-gate-valve","8":"product_tag-api-600-cast-steel-gate-valves","9":"product_tag-asme-b16-34-class-600-lb-cast-steel-gate-valve","10":"product_tag-cast-steel-gate-valve","11":"product_tag-cast-steel-gate-valve-600lb","12":"product_tag-china-cast-steel-gate-valves-manufacturer","14":"first","15":"instock","16":"shipping-taxable","17":"product-type-simple"},"_links":{"self":[{"href":"https:\/\/www.stvvalves.com\/de\/wp-json\/wp\/v2\/product\/4486","targetHints":{"allow":["GET"]}}],"collection":[{"href":"https:\/\/www.stvvalves.com\/de\/wp-json\/wp\/v2\/product"}],"about":[{"href":"https:\/\/www.stvvalves.com\/de\/wp-json\/wp\/v2\/types\/product"}],"wp:featuredmedia":[{"embeddable":true,"href":"https:\/\/www.stvvalves.com\/de\/wp-json\/wp\/v2\/media\/4487"}],"wp:attachment":[{"href":"https:\/\/www.stvvalves.com\/de\/wp-json\/wp\/v2\/media?parent=4486"}],"wp:term":[{"taxonomy":"product_brand","embeddable":true,"href":"https:\/\/www.stvvalves.com\/de\/wp-json\/wp\/v2\/product_brand?post=4486"},{"taxonomy":"product_cat","embeddable":true,"href":"https:\/\/www.stvvalves.com\/de\/wp-json\/wp\/v2\/product_cat?post=4486"},{"taxonomy":"product_tag","embeddable":true,"href":"https:\/\/www.stvvalves.com\/de\/wp-json\/wp\/v2\/product_tag?post=4486"}],"curies":[{"name":"wp","href":"https:\/\/api.w.org\/{rel}","templated":true}]}}