{"id":4502,"date":"2019-03-19T03:37:59","date_gmt":"2019-03-19T03:37:59","guid":{"rendered":"https:\/\/www.stvvalves.com\/?post_type=product&#038;p=4502"},"modified":"2025-02-17T18:22:01","modified_gmt":"2025-02-17T10:22:01","slug":"scs13-swing-check-valve4-inch-jis10k-ff-end","status":"publish","type":"product","link":"https:\/\/www.stvvalves.com\/de\/products\/scs13-swing-check-valve4-inch-jis10k-ff-end\/","title":{"rendered":"SCS13 R\u00fcckschlagventil, 4 Zoll, Jis10K, FF-Ende"},"content":{"rendered":"<p>SCS13 R\u00fcckschlagventil<br \/>\nDesign und Herstellung: JIS B2074 B2084<br \/>\nFace-to-Face-Abmessungen: JIS B2212 B2214<br \/>\nFlanschanschlussma\u00dfe: JIS B2002<br \/>\nTest und Inspektion: JIS B2003<br \/>\nGr\u00f6\u00dfe: NPS 2\u2033~48\u2033<br \/>\nKlasse: JIS10K-40K<br \/>\nHauptmaterial: WCB, WCA, WCC, WC6, WC9, C5, C12, LCB, LCC, CF8, CF8M, CF3, CF3M, CF8C, CN7M, SCS13, SCS13A, SCS14, SCS14A, SCS12, SCS13<\/p>\n<p><img loading=\"lazy\" decoding=\"async\" class=\"alignleft size-full wp-image-4505\" src=\"https:\/\/www.stvvalves.com\/wp-content\/uploads\/2019\/03\/SCS13-Swing-Check-Valve-4-Inch-Jis10K-FF-End-drawing.jpg\" alt=\"\" width=\"2339\" height=\"1653\" srcset=\"https:\/\/www.stvvalves.com\/wp-content\/uploads\/2019\/03\/SCS13-Swing-Check-Valve-4-Inch-Jis10K-FF-End-drawing.jpg 2339w, https:\/\/www.stvvalves.com\/wp-content\/uploads\/2019\/03\/SCS13-Swing-Check-Valve-4-Inch-Jis10K-FF-End-drawing-600x424.jpg 600w, https:\/\/www.stvvalves.com\/wp-content\/uploads\/2019\/03\/SCS13-Swing-Check-Valve-4-Inch-Jis10K-FF-End-drawing-300x212.jpg 300w, https:\/\/www.stvvalves.com\/wp-content\/uploads\/2019\/03\/SCS13-Swing-Check-Valve-4-Inch-Jis10K-FF-End-drawing-768x543.jpg 768w, https:\/\/www.stvvalves.com\/wp-content\/uploads\/2019\/03\/SCS13-Swing-Check-Valve-4-Inch-Jis10K-FF-End-drawing-1030x728.jpg 1030w, https:\/\/www.stvvalves.com\/wp-content\/uploads\/2019\/03\/SCS13-Swing-Check-Valve-4-Inch-Jis10K-FF-End-drawing-1500x1060.jpg 1500w, https:\/\/www.stvvalves.com\/wp-content\/uploads\/2019\/03\/SCS13-Swing-Check-Valve-4-Inch-Jis10K-FF-End-drawing-260x185.jpg 260w, https:\/\/www.stvvalves.com\/wp-content\/uploads\/2019\/03\/SCS13-Swing-Check-Valve-4-Inch-Jis10K-FF-End-drawing-705x498.jpg 705w\" sizes=\"auto, (max-width: 2339px) 100vw, 2339px\" \/><\/p>","protected":false},"excerpt":{"rendered":"<p>Modell: H44W-JIS10K-DN100-SCS13<\/p>\n<p>Das japanische Standard-R\u00fcckschlagventil vom Schwenktyp wird gem\u00e4\u00df dem japanischen JIS-Standard hergestellt. Der Ventildruck wird durch K ausgedr\u00fcckt. Das R\u00fcckschlagventil ist in einer unbeschr\u00e4nkten Position installiert. Der Einbau erfolgt \u00fcblicherweise in einem horizontalen Rohr, kann aber auch in einem vertikalen Rohr eingebaut werden. Oder auf der Dip-Linie. Die Ventilklappe des R\u00fcckschlagventils dreht sich um die rotierende Welle und ihr Fl\u00fcssigkeitswiderstand ist im Allgemeinen kleiner als der des Hubr\u00fcckschlagventils, das f\u00fcr einen gro\u00dfen Durchmesser geeignet ist. Abh\u00e4ngig von der Anzahl der Klappen k\u00f6nnen die R\u00fcckschlagventile in drei Typen unterteilt werden: Einzelklappen-Schwenktyp, Doppelklappen-Schwenktyp und Mehrlappen-Schwenktyp. Die Einventil-R\u00fcckschlagklappe ist im Allgemeinen f\u00fcr Anwendungen mit mittlerem Kaliber geeignet, und die Einventil-R\u00fcckschlagklappe wird f\u00fcr Rohrleitungen mit gro\u00dfem Durchmesser verwendet. Um den Wasserschlagdruck zu reduzieren, verwenden Sie am besten ein langsam schlie\u00dfendes R\u00fcckschlagventil, das den Wasserschlagdruck reduzieren kann; Das Doppelventil-R\u00fcckschlagventil ist f\u00fcr Rohrleitungen mit gro\u00dfem und mittlerem Durchmesser geeignet, und die Struktur des Doppelventil-R\u00fcckschlagventils ist klein. Geringes Gewicht ist ein sich schnell entwickelndes R\u00fcckschlagventil; Die mehrlappige R\u00fcckschlagklappe eignet sich f\u00fcr Rohrleitungen mit gro\u00dfem Durchmesser.<br \/>\nDie \u00d6ffnungs- und Schlie\u00dfteile des R\u00fcckschlagventils werden durch den Mediumfluss und die Kraft ge\u00f6ffnet oder geschlossen, um zu verhindern, dass das Medium zur\u00fcckflie\u00dft. R\u00fcckschlagventile werden im Allgemeinen in vier Typen unterteilt: Hubtyp, Schwenktyp, Schmetterlingstyp und Horizontaltyp. Das R\u00fcckschlagventil vom Typ Hub sollte in der horizontalen Leitung installiert werden. Im Allgemeinen sind das R\u00fcckschlagventil mit vertikalem Hub und das Bodenventil installiert. In der vertikalen Leitung, bei der das Medium von unten nach oben flie\u00dft, wird die R\u00fcckschlagklappe in unbeschr\u00e4nkter Position eingebaut, normalerweise in einer horizontalen Leitung, sie kann aber auch in einer vertikalen Leitung oder einer Entleerungsleitung installiert werden. Hinweis: Das R\u00fcckschlagventil l\u00e4sst das Medium nur in eine Richtung flie\u00dfen. Achten Sie besonders auf die Flie\u00dfrichtung des Mediums. Die normale Durchflussrichtung des Mediums muss mit der Richtung des auf dem Ventilk\u00f6rper angegebenen Pfeils \u00fcbereinstimmen, andernfalls wird der normale Durchfluss des Mediums unterbrochen.<\/p>\n<p>STV Valve Technology Group Co., Ltd ist ein professioneller Marktf\u00fchrer f\u00fcr China JIS-R\u00fcckschlagventile, JIS10K SCS13 SCS14 Flansch-R\u00fcckschlagventile, Scs13-R\u00fcckschlagventile im Gro\u00dfhandel, Flansch-R\u00fcckschlagventile, Edelstahl-R\u00fcckschlagventile, China Scs13 \/ Scs14 JIS 10K Flansch-R\u00fcckschlagventile Hersteller von R\u00fcckschlagventilen mit hoher Qualit\u00e4t und wettbewerbsf\u00e4higem Preis.<\/p>\n<p>Um mehr \u00fcber diese Ventile zu erfahren, wenden Sie sich bitte an sales@stvvalve.com<br \/>\nDatumsblatt:<a href=\"https:\/\/www.stvvalves.com\/wp-content\/uploads\/2019\/03\/SCS13-Swing-Check-Valve-4-Inch-Jis10K-FF-End-drawing.pdf\">SCS13 R\u00fcckschlagventil, 4 Zoll, Jis10K, FF-Ende<\/a><\/p>","protected":false},"featured_media":4503,"template":"","meta":[],"product_brand":[],"product_cat":[46,67],"product_tag":[631,632,628,629,630,633],"class_list":{"0":"post-4502","1":"product","2":"type-product","3":"status-publish","4":"has-post-thumbnail","6":"product_cat-check-valves","7":"product_cat-stainless-steel-check-valve","8":"product_tag-china-scs13-scs14-jis-10k-flanged-swing-check-valve","9":"product_tag-flanged-swing-check-valve","10":"product_tag-jis-swing-check-valve","11":"product_tag-jis10k-scs13-scs14-flanged-swing-check-valve","12":"product_tag-scs13-swing-check-valve-wholesale","13":"product_tag-stainless-steel-check-valve","15":"first","16":"instock","17":"shipping-taxable","18":"product-type-simple"},"_links":{"self":[{"href":"https:\/\/www.stvvalves.com\/de\/wp-json\/wp\/v2\/product\/4502","targetHints":{"allow":["GET"]}}],"collection":[{"href":"https:\/\/www.stvvalves.com\/de\/wp-json\/wp\/v2\/product"}],"about":[{"href":"https:\/\/www.stvvalves.com\/de\/wp-json\/wp\/v2\/types\/product"}],"wp:featuredmedia":[{"embeddable":true,"href":"https:\/\/www.stvvalves.com\/de\/wp-json\/wp\/v2\/media\/4503"}],"wp:attachment":[{"href":"https:\/\/www.stvvalves.com\/de\/wp-json\/wp\/v2\/media?parent=4502"}],"wp:term":[{"taxonomy":"product_brand","embeddable":true,"href":"https:\/\/www.stvvalves.com\/de\/wp-json\/wp\/v2\/product_brand?post=4502"},{"taxonomy":"product_cat","embeddable":true,"href":"https:\/\/www.stvvalves.com\/de\/wp-json\/wp\/v2\/product_cat?post=4502"},{"taxonomy":"product_tag","embeddable":true,"href":"https:\/\/www.stvvalves.com\/de\/wp-json\/wp\/v2\/product_tag?post=4502"}],"curies":[{"name":"wp","href":"https:\/\/api.w.org\/{rel}","templated":true}]}}