{"id":4506,"date":"2019-03-19T05:35:12","date_gmt":"2019-03-19T05:35:12","guid":{"rendered":"https:\/\/www.stvvalves.com\/?post_type=product&#038;p=4506"},"modified":"2025-02-17T18:21:42","modified_gmt":"2025-02-17T10:21:42","slug":"316-y-type-spring-check-valve-800-wog-npt-end","status":"publish","type":"product","link":"https:\/\/www.stvvalves.com\/de\/products\/316-y-type-spring-check-valve-800-wog-npt-end\/","title":{"rendered":"316 Y-Federr\u00fcckschlagventil, 800 Wog, NPT-Ende"},"content":{"rendered":"<p>Federr\u00fcckschlagventil vom Typ 316 Y<\/p>\n<p>Gr\u00f6\u00dfenbereich: 1\/2 Zoll bis 4 Zoll (DN15 bis DN100)<\/p>\n<p>Druckstufe: 200 WOG<\/p>\n<p>Material: 304 (CF8), 316 (CF8M), 316L (CF3M).<\/p>\n<p>Gewindetyp: NPT, BSPT, DIN usw.<\/p>\n<p>Arbeitsmedium: Dampf, Wasser, Gas usw.<\/p>\n<p><img loading=\"lazy\" decoding=\"async\" class=\"alignleft size-full wp-image-4508\" src=\"https:\/\/www.stvvalves.com\/wp-content\/uploads\/2019\/03\/316-Y-Type-Spring-Check-Valve-800-Wog-NPT-End-drawing.jpg\" alt=\"\" width=\"2338\" height=\"1653\" srcset=\"https:\/\/www.stvvalves.com\/wp-content\/uploads\/2019\/03\/316-Y-Type-Spring-Check-Valve-800-Wog-NPT-End-drawing.jpg 2338w, https:\/\/www.stvvalves.com\/wp-content\/uploads\/2019\/03\/316-Y-Type-Spring-Check-Valve-800-Wog-NPT-End-drawing-600x424.jpg 600w, https:\/\/www.stvvalves.com\/wp-content\/uploads\/2019\/03\/316-Y-Type-Spring-Check-Valve-800-Wog-NPT-End-drawing-300x212.jpg 300w, https:\/\/www.stvvalves.com\/wp-content\/uploads\/2019\/03\/316-Y-Type-Spring-Check-Valve-800-Wog-NPT-End-drawing-768x543.jpg 768w, https:\/\/www.stvvalves.com\/wp-content\/uploads\/2019\/03\/316-Y-Type-Spring-Check-Valve-800-Wog-NPT-End-drawing-1030x728.jpg 1030w, https:\/\/www.stvvalves.com\/wp-content\/uploads\/2019\/03\/316-Y-Type-Spring-Check-Valve-800-Wog-NPT-End-drawing-1500x1061.jpg 1500w, https:\/\/www.stvvalves.com\/wp-content\/uploads\/2019\/03\/316-Y-Type-Spring-Check-Valve-800-Wog-NPT-End-drawing-260x185.jpg 260w, https:\/\/www.stvvalves.com\/wp-content\/uploads\/2019\/03\/316-Y-Type-Spring-Check-Valve-800-Wog-NPT-End-drawing-705x498.jpg 705w\" sizes=\"auto, (max-width: 2338px) 100vw, 2338px\" \/><\/p>","protected":false},"excerpt":{"rendered":"<p>Modell:STV-H12H-800#-CF8M-1\u2033<\/p>\n<p>Das Y-R\u00fcckschlagventil ist als Sicherheitsvorrichtung an der integrierten Wassersteuerleitung installiert und verhindert automatisch den R\u00fcckfluss des Mediums. Je nach Struktur kann es in zwei Arten von Gestaltungsformen unterteilt werden. Der erste Typ ist ein Ventildeckel mit Bolzen. Der gem\u00e4\u00df dieser Konstruktionsform entworfene Ventilk\u00f6rper ist mit dem Ventildeckel und dem Ventildeckel durch Schrauben und Muttern verbunden, und die gewickelte Dichtung (31 6-Clip aus flexiblem Graphit) dichtet die Metallringverbindung ab.<\/p>\n<p>Merkmale:<br \/>\n1. Die Ventilklappe dient der Hubbewegung. Der Verbindungsschlauch verbindet die obere Kammer mit dem Ventilauslass und die Ventilklappe hebt und senkt sich. Es reduziert St\u00f6\u00dfe und Vibrationen und sorgt daf\u00fcr, dass die Klappe den vollen Hub erreicht.<br \/>\n2. Der Ventilk\u00f6rper ist Y-f\u00f6rmig, der Widerstand ist gering, die Hartlegierung ist an den F\u00fchrungsrippen angeschwei\u00dft, die F\u00fchrungsh\u00fclse besteht aus Edelstahl und die Motorhaube ist flexibel.<br \/>\n3. Es verf\u00fcgt \u00fcber eine selbstspannende Druckdichtung. Die Dichtung ist zuverl\u00e4ssig.<br \/>\n4. Die Dichtfl\u00e4che des Ventiltellers und der Ventilsitz bestehen aus einer Kobaltmatrixlegierung, die eine hohe H\u00e4rte, Korrosionsbest\u00e4ndigkeit, Kratzfestigkeit und Haltbarkeit aufweist.<br \/>\nGeh\u00e4usematerial: WCB, SS304, SS316, WC6, WC9<br \/>\nVerbindungsart: Schwei\u00dfen (kann auch an andere Flanschstandards angepasst werden)<br \/>\nFl\u00fcssigkeitsbereich: Wasser, \u00d6l, Gas, Erdgas, Salpeters\u00e4ure<\/p>\n<p>STV Valve Technology Group Co., Ltd ist ein professioneller Marktf\u00fchrer f\u00fcr China CF8M Y-R\u00fcckschlagventile, Y-Federr\u00fcckschlagventile, 1 Zoll Y-R\u00fcckschlagventile, Y-R\u00fcckschlagventile, SS Y-R\u00fcckschlagventile, BSP Y-Federr\u00fcckschlagventile Hersteller mit hoher Qualit\u00e4t und wettbewerbsf\u00e4higem Preis.<\/p>\n<p>Um mehr \u00fcber diese Ventile zu erfahren, wenden Sie sich bitte an sales@stvvalve.com<br \/>\nDatumsblatt:<a href=\"https:\/\/www.stvvalves.com\/wp-content\/uploads\/2019\/03\/316-Y-Type-Spring-Check-Valve-800-Wog-NPT-End-drawing.pdf\">316 Y-Federr\u00fcckschlagventil, 800 Wog, NPT-Ende<\/a><\/p>","protected":false},"featured_media":4507,"template":"","meta":[],"product_brand":[],"product_cat":[46,67],"product_tag":[639,635,638,636,637,634],"class_list":{"0":"post-4506","1":"product","2":"type-product","3":"status-publish","4":"has-post-thumbnail","6":"product_cat-check-valves","7":"product_cat-stainless-steel-check-valve","8":"product_tag-1-inch-y-type-check-valves","9":"product_tag-bsp-y-type-spring-check-valve","10":"product_tag-cf8m-y-type-check-valves","11":"product_tag-ss-y-type-check-valve","12":"product_tag-y-type-check-valves","13":"product_tag-y-type-spring-check-valve","15":"first","16":"instock","17":"shipping-taxable","18":"product-type-simple"},"_links":{"self":[{"href":"https:\/\/www.stvvalves.com\/de\/wp-json\/wp\/v2\/product\/4506","targetHints":{"allow":["GET"]}}],"collection":[{"href":"https:\/\/www.stvvalves.com\/de\/wp-json\/wp\/v2\/product"}],"about":[{"href":"https:\/\/www.stvvalves.com\/de\/wp-json\/wp\/v2\/types\/product"}],"wp:featuredmedia":[{"embeddable":true,"href":"https:\/\/www.stvvalves.com\/de\/wp-json\/wp\/v2\/media\/4507"}],"wp:attachment":[{"href":"https:\/\/www.stvvalves.com\/de\/wp-json\/wp\/v2\/media?parent=4506"}],"wp:term":[{"taxonomy":"product_brand","embeddable":true,"href":"https:\/\/www.stvvalves.com\/de\/wp-json\/wp\/v2\/product_brand?post=4506"},{"taxonomy":"product_cat","embeddable":true,"href":"https:\/\/www.stvvalves.com\/de\/wp-json\/wp\/v2\/product_cat?post=4506"},{"taxonomy":"product_tag","embeddable":true,"href":"https:\/\/www.stvvalves.com\/de\/wp-json\/wp\/v2\/product_tag?post=4506"}],"curies":[{"name":"wp","href":"https:\/\/api.w.org\/{rel}","templated":true}]}}