{"id":4514,"date":"2019-03-19T07:16:25","date_gmt":"2019-03-19T07:16:25","guid":{"rendered":"https:\/\/www.stvvalves.com\/?post_type=product&#038;p=4514"},"modified":"2025-02-17T18:21:41","modified_gmt":"2025-02-17T10:21:41","slug":"api-602-integral-flange-piston-check-valve-11-2-inch-600lb","status":"publish","type":"product","link":"https:\/\/www.stvvalves.com\/de\/products\/api-602-integral-flange-piston-check-valve-11-2-inch-600lb\/","title":{"rendered":"Integriertes Flanschkolben-R\u00fcckschlagventil API 602, 11-2 Zoll, 600 LB"},"content":{"rendered":"<p>Design und Herstellung entsprechen BS5351, MSS SP-118<\/p>\n<p>Anschlussenden entsprechen:<\/p>\n<p>1. Die geschwei\u00dften Enden entsprechen ANSI B16.11<\/p>\n<p>2. Schraubenenden entsprechen ANSI B1.20.1<\/p>\n<p>3.Stumpfgeschwei\u00dfte Enden entsprechen ANSI B16.25<\/p>\n<p>4.Flanschenden entsprechen ANSI B16.5<\/p>\n<p>5.Test und Inspektion entsprechen: API 598<\/p>\n<p>Strukturmerkmale:<\/p>\n<p>Verschraubte Motorhaube, geschwei\u00dfte Motorhaube, druckdichte Motorhaube<\/p>\n<p>Geschmiedeter Stahl, Kolben-, Kugel- oder Schwingtyp<\/p>\n<p>Integrierter Geh\u00e4usesitz f\u00fcr Kolben- und Kugelr\u00fcckschlagventile<\/p>\n<p>Getrenntes Sitzringdesign f\u00fcr R\u00fcckschlagventile<\/p>\n<p>Spiralgewickelte Dichtung oder ovale Ringgelenkdichtung<\/p>\n<p>Reduzierter Durchgang oder voller Anschluss,<\/p>\n<p>T-Muster oder Y-Muster,<\/p>\n<p>Produktauswahl<\/p>\n<p>Geh\u00e4usematerial: A105,LF2,F5,F11,F22,304,304L,316,316L,F51,F91,20#,Inconel .Ect<\/p>\n<p>Nenndurchmesser: 1\/2\u2033~2\u2033(DN15~DN50)<\/p>\n<p>Endverbindung: THR, SW, BW, RF, RTJ<\/p>\n<p>Arbeitstemperatur: -196\u2103~+560\u2103<\/p>\n<p>&nbsp;<\/p>\n<table>\n<tbody>\n<tr>\n<td width=\"200\"><strong>Produktname<\/strong><\/td>\n<td width=\"481\">Integriertes Flanschkolben-R\u00fcckschlagventil API 602, 11-2 Zoll, 600 LB<\/td>\n<\/tr>\n<tr>\n<td width=\"200\">1. Material<\/td>\n<td width=\"481\">A105N<\/td>\n<\/tr>\n<tr>\n<td width=\"200\">2. Gr\u00f6\u00dfe<\/td>\n<td width=\"481\">11\/2&quot;<\/td>\n<\/tr>\n<tr>\n<td width=\"200\">4. Hafen<\/td>\n<td width=\"481\">Reduzieranschluss<\/td>\n<\/tr>\n<tr>\n<td width=\"200\">5. Arbeitsdruck<\/td>\n<td width=\"481\">600 Pfund<\/td>\n<\/tr>\n<tr>\n<td width=\"200\">6. Verbindung endet<\/td>\n<td width=\"481\">RF<\/td>\n<\/tr>\n<tr>\n<td width=\"200\">7. Arbeitstemperatur.<\/td>\n<td width=\"481\">-29~425 \u00b0C,<\/td>\n<\/tr>\n<tr>\n<td width=\"200\">8. Geeignetes Medium<\/td>\n<td width=\"481\">Wasser, Erdgas, \u00d6l und einige \u00e4tzende Fl\u00fcssigkeiten<\/td>\n<\/tr>\n<tr>\n<td width=\"200\">9. Betrieben<\/td>\n<td width=\"481\">\/<\/td>\n<\/tr>\n<tr>\n<td width=\"200\">10. Inspektion und Pr\u00fcfung<\/td>\n<td width=\"481\">Gem\u00e4\u00df API598<\/td>\n<\/tr>\n<tr>\n<td width=\"200\"><strong>Sendung<\/strong><\/td>\n<td width=\"481\"><\/td>\n<\/tr>\n<tr>\n<td width=\"200\">Lieferzeit<\/td>\n<td width=\"481\">30 Tage<\/td>\n<\/tr>\n<tr>\n<td width=\"200\">Paket<\/td>\n<td width=\"481\">Standard-Export-Sperrholzkiste<\/td>\n<\/tr>\n<tr>\n<td width=\"200\">Hafen<\/td>\n<td width=\"481\">Ningbo\/Shanghai, China<\/td>\n<\/tr>\n<tr>\n<td width=\"200\">Versandbedingungen<\/td>\n<td width=\"481\">Exw, FOB, CFR, CIF usw.<\/td>\n<\/tr>\n<tr>\n<td width=\"200\">Zahlungsbedingungen<\/td>\n<td width=\"481\">T\/T, Western Union, PayPal usw.<\/td>\n<\/tr>\n<tr>\n<td width=\"200\"><\/td>\n<td width=\"481\">30% Vorauszahlung, 70% Restbetrag vor dem Versand bezahlt<\/td>\n<\/tr>\n<tr>\n<td width=\"200\">Herkunftsland<\/td>\n<td width=\"481\">Stadt Wenzhou, China<\/td>\n<\/tr>\n<tr>\n<td width=\"200\">Produktionskapazit\u00e4t<\/td>\n<td width=\"481\">6000 Tonnen\/Jahr<\/td>\n<\/tr>\n<tr>\n<td width=\"200\">Mindestbestellmenge<\/td>\n<td width=\"481\">1 St\u00fcck\/Gr\u00f6\u00dfe<\/td>\n<\/tr>\n<\/tbody>\n<\/table>","protected":false},"excerpt":{"rendered":"<p>Modell: STV-H42Y-600LB-A105N-11\/2\u2033<\/p>\n<p>Die Teller- und Sitzdichtfl\u00e4che des API 602 Integralflansch-Kolbenr\u00fcckschlagventils besteht aus kobaltbasiertem Hartlegierungs-Plasmaspritzschwei\u00dfen, um eine hohe H\u00e4rte, Erosionsbest\u00e4ndigkeit und Haltbarkeit zu gew\u00e4hrleisten. Es eignet sich zum Schneiden oder Verbinden des Mediums in Rohrleitungen verschiedener Arbeitsbedingungen wie Erd\u00f6l-, Chemie-, Hydraulik- und W\u00e4rmekraftwerken mit einem Nenndruck von PN1,6 ~ 42,0 MPa und einer Arbeitstemperatur von 600 \u00b0C. Anwendbares Medium: Wasser, \u00d6l, Dampf und Gas, einige korrosive Fl\u00fcssigkeiten usw.<\/p>\n<p>STV Valve Technology Group Co., Ltd ist ein professioneller Marktf\u00fchrer f\u00fcr integrierte R\u00fcckschlagventile mit Flansch in China, 600 Pfund Kolbenr\u00fcckschlagventile mit Flansch, R\u00fcckschlagventile aus geschmiedetem Stahl, R\u00fcckschlagventile nach API 602, Hubr\u00fcckschlagventile aus geschmiedetem Stahl, Kolbenr\u00fcckschlagventile A105, 11\/2 Zoll Lieferant von Kolbenr\u00fcckschlagventilen mit hoher Qualit\u00e4t und niedrigem Preis.<br \/>\nUm mehr \u00fcber diese Ventile zu erfahren, wenden Sie sich bitte an sales@stvvalve.com<br \/>\nDatumsblatt:<a href=\"https:\/\/www.stvvalves.com\/wp-content\/uploads\/2019\/03\/API-602-Integral-Flange-Piston-Check-Valve-11-2-Inch-600LB-DRAWING.pdf\">Integriertes Flanschkolben-R\u00fcckschlagventil API 602, 11-2 Zoll, 600 LB<\/a><\/p>","protected":false},"featured_media":4515,"template":"","meta":[],"product_brand":[],"product_cat":[46,66],"product_tag":[644,642,643,216,641],"class_list":{"0":"post-4514","1":"product","2":"type-product","3":"status-publish","4":"has-post-thumbnail","6":"product_cat-check-valves","7":"product_cat-swing-check-valve","8":"product_tag-11-2-inch-piston-check-valve","9":"product_tag-600lb-piston-check-valve-with-flanged","10":"product_tag-a105-piston-check-valve","11":"product_tag-api-602-piston-check-valve","12":"product_tag-integral-flanged-check-valves","14":"first","15":"instock","16":"shipping-taxable","17":"product-type-simple"},"_links":{"self":[{"href":"https:\/\/www.stvvalves.com\/de\/wp-json\/wp\/v2\/product\/4514","targetHints":{"allow":["GET"]}}],"collection":[{"href":"https:\/\/www.stvvalves.com\/de\/wp-json\/wp\/v2\/product"}],"about":[{"href":"https:\/\/www.stvvalves.com\/de\/wp-json\/wp\/v2\/types\/product"}],"wp:featuredmedia":[{"embeddable":true,"href":"https:\/\/www.stvvalves.com\/de\/wp-json\/wp\/v2\/media\/4515"}],"wp:attachment":[{"href":"https:\/\/www.stvvalves.com\/de\/wp-json\/wp\/v2\/media?parent=4514"}],"wp:term":[{"taxonomy":"product_brand","embeddable":true,"href":"https:\/\/www.stvvalves.com\/de\/wp-json\/wp\/v2\/product_brand?post=4514"},{"taxonomy":"product_cat","embeddable":true,"href":"https:\/\/www.stvvalves.com\/de\/wp-json\/wp\/v2\/product_cat?post=4514"},{"taxonomy":"product_tag","embeddable":true,"href":"https:\/\/www.stvvalves.com\/de\/wp-json\/wp\/v2\/product_tag?post=4514"}],"curies":[{"name":"wp","href":"https:\/\/api.w.org\/{rel}","templated":true}]}}