{"id":4519,"date":"2019-03-19T07:52:32","date_gmt":"2019-03-19T07:52:32","guid":{"rendered":"https:\/\/www.stvvalves.com\/?post_type=product&#038;p=4519"},"modified":"2025-02-17T18:21:40","modified_gmt":"2025-02-17T10:21:40","slug":"forged-steel-y-type-piston-check-valve-800lb-dn25-sw-end","status":"publish","type":"product","link":"https:\/\/www.stvvalves.com\/de\/products\/forged-steel-y-type-piston-check-valve-800lb-dn25-sw-end\/","title":{"rendered":"Y-Kolbenr\u00fcckschlagventil aus geschmiedetem Stahl, 800LB, DN25, SW-Ende"},"content":{"rendered":"<p>Features of Forged Steel Piston Check Valves (Y type):<br \/>\nOblique Y Type Body, Larger Flow Coefficient<br \/>\nPiston Disc Type<br \/>\nBolted Bonnet, Welded Bonnet or Pressure Seal Bonnet<br \/>\nSocket Weld (SW), Butt Weld (BW), Threaded End Available<\/p>\n<p>Applicable standards of Forged Steel Piston Check Valves (Y type):<br \/>\na) Design &amp; Manufacture: API 602, BS 5352, ASME B16.34<br \/>\nb) Face to Face: ASME B16.10, EN 558<br \/>\nc) Connection End: ASME B1.20.1, ASME B16.11, ASME B16.25, ASME B16.5, EN 1092<br \/>\nd) Test and Inspection : API598, EN 12266<\/p>\n<p>Sizes: 1\/2&#8243; &#8211; 2&#8243; or DN12 &#8211; DN50<br \/>\nPressure Rating: Class 150 &#8211; Class 2500 or PN 16 &#8211; PN 420<br \/>\nMaterial of valve body: A105, LF2, F11, F22, F5, F304, F304L, F316, F316L, ect<\/p>\n<table>\n<tbody>\n<tr>\n<td width=\"200\"><strong>Produktname<\/strong><\/td>\n<td width=\"481\">Y-Kolbenr\u00fcckschlagventil aus geschmiedetem Stahl, 800LB, DN25, SW-Ende<\/td>\n<\/tr>\n<tr>\n<td width=\"200\">1. Material<\/td>\n<td width=\"481\">A105B<\/td>\n<\/tr>\n<tr>\n<td width=\"200\">2. Gr\u00f6\u00dfe<\/td>\n<td width=\"481\">1&quot;<\/td>\n<\/tr>\n<tr>\n<td width=\"200\">4. Hafen<\/td>\n<td width=\"481\">Reduzieranschluss<\/td>\n<\/tr>\n<tr>\n<td width=\"200\">5. Arbeitsdruck<\/td>\n<td width=\"481\">800 Pfund<\/td>\n<\/tr>\n<tr>\n<td width=\"200\">6. Verbindung endet<\/td>\n<td width=\"481\">SW<\/td>\n<\/tr>\n<tr>\n<td width=\"200\">7. Arbeitstemperatur.<\/td>\n<td width=\"481\">-29~425 \u00b0C,<\/td>\n<\/tr>\n<tr>\n<td width=\"200\">8. Geeignetes Medium<\/td>\n<td width=\"481\">Wasser, Erdgas, \u00d6l und einige \u00e4tzende Fl\u00fcssigkeiten<\/td>\n<\/tr>\n<tr>\n<td width=\"200\">9. Betrieben<\/td>\n<td width=\"481\">\/<\/td>\n<\/tr>\n<tr>\n<td width=\"200\">10. Inspektion und Pr\u00fcfung<\/td>\n<td width=\"481\">Gem\u00e4\u00df API598<\/td>\n<\/tr>\n<tr>\n<td width=\"200\"><strong>Sendung<\/strong><\/td>\n<td width=\"481\"><\/td>\n<\/tr>\n<tr>\n<td width=\"200\">Lieferzeit<\/td>\n<td width=\"481\">30 Tage<\/td>\n<\/tr>\n<tr>\n<td width=\"200\">Paket<\/td>\n<td width=\"481\">Standard-Export-Sperrholzkiste<\/td>\n<\/tr>\n<tr>\n<td width=\"200\">Hafen<\/td>\n<td width=\"481\">Ningbo\/Shanghai, China<\/td>\n<\/tr>\n<tr>\n<td width=\"200\">Versandbedingungen<\/td>\n<td width=\"481\">Exw, FOB, CFR, CIF usw.<\/td>\n<\/tr>\n<tr>\n<td width=\"200\">Zahlungsbedingungen<\/td>\n<td width=\"481\">T\/T, Western Union, PayPal usw.<\/td>\n<\/tr>\n<tr>\n<td width=\"200\"><\/td>\n<td width=\"481\">30% Vorauszahlung, 70% Restbetrag vor dem Versand bezahlt<\/td>\n<\/tr>\n<tr>\n<td width=\"200\">Herkunftsland<\/td>\n<td width=\"481\">Stadt Wenzhou, China<\/td>\n<\/tr>\n<tr>\n<td width=\"200\">Produktionskapazit\u00e4t<\/td>\n<td width=\"481\">6000 Tonnen\/Jahr<\/td>\n<\/tr>\n<tr>\n<td width=\"200\">Mindestbestellmenge<\/td>\n<td width=\"481\">1 St\u00fcck\/Gr\u00f6\u00dfe<\/td>\n<\/tr>\n<\/tbody>\n<\/table>\n<p>&nbsp;<\/p>\n<p>&nbsp;<\/p>","protected":false},"excerpt":{"rendered":"<p>Model:STV-HY42Y-800LB-A105N-1&#8243;<\/p>\n<p>Forged Steel Y Type Piston Check Valve are available in three bonnet designs.<br \/>\nThe first type is a bolt type bonnet. The valve body designed according to this design form has a valve body and a valve cover connected by bolts and nuts, and a wound gasket.<br \/>\n(316 clip flexible graphite manufacturing) sealing. Customers can also use metal ring connection when there are special requirements.<br \/>\nThe second design form is a welded bonnet that sweeps the valve of this design form, the valve body and the bonnet are screwed, and the internal pressure is self-sealing.<br \/>\nThere are shut-off valves and check valves that can be designed as &#8220;Y&#8221; valves.<\/p>\n<p>STV Valve Technology Group Co., Ltd is a professional leader\u00a0China Forged Steel Check Valves,ASME Y Type Forged Steel Check Valve,Forged Y Type Check Valve,Forged Steel Y-Pattern Piston Check Valves 800Lb,800lb Y TYPE Check Valve,DN25 Y TYPE Check Valve Supplier With High Quality And Low Price.<br \/>\nUm mehr \u00fcber diese Ventile zu erfahren, wenden Sie sich bitte an sales@stvvalve.com<br \/>\nDatumsblatt:<a href=\"https:\/\/www.stvvalves.com\/wp-content\/uploads\/2019\/03\/forged-steel-y-type-piston-check-valve-800lb-dn25-sw-end-drawing.pdf\">Y-Kolbenr\u00fcckschlagventil aus geschmiedetem Stahl, 800LB, DN25, SW-Ende<\/a><\/p>","protected":false},"featured_media":4520,"template":"","meta":[],"product_brand":[],"product_cat":[46,66],"product_tag":[648,645,649,560,647,646],"class_list":{"0":"post-4519","1":"product","2":"type-product","3":"status-publish","4":"has-post-thumbnail","6":"product_cat-check-valves","7":"product_cat-swing-check-valve","8":"product_tag-800lb-y-type-check-valve","9":"product_tag-asme-y-type-forged-steel-check-valve","10":"product_tag-dn25-y-type-check-valve","11":"product_tag-forged-steel-check-valves","12":"product_tag-forged-steel-y-pattern-piston-check-valves-800lb","13":"product_tag-forged-y-type-check-valve","15":"first","16":"instock","17":"shipping-taxable","18":"product-type-simple"},"_links":{"self":[{"href":"https:\/\/www.stvvalves.com\/de\/wp-json\/wp\/v2\/product\/4519","targetHints":{"allow":["GET"]}}],"collection":[{"href":"https:\/\/www.stvvalves.com\/de\/wp-json\/wp\/v2\/product"}],"about":[{"href":"https:\/\/www.stvvalves.com\/de\/wp-json\/wp\/v2\/types\/product"}],"wp:featuredmedia":[{"embeddable":true,"href":"https:\/\/www.stvvalves.com\/de\/wp-json\/wp\/v2\/media\/4520"}],"wp:attachment":[{"href":"https:\/\/www.stvvalves.com\/de\/wp-json\/wp\/v2\/media?parent=4519"}],"wp:term":[{"taxonomy":"product_brand","embeddable":true,"href":"https:\/\/www.stvvalves.com\/de\/wp-json\/wp\/v2\/product_brand?post=4519"},{"taxonomy":"product_cat","embeddable":true,"href":"https:\/\/www.stvvalves.com\/de\/wp-json\/wp\/v2\/product_cat?post=4519"},{"taxonomy":"product_tag","embeddable":true,"href":"https:\/\/www.stvvalves.com\/de\/wp-json\/wp\/v2\/product_tag?post=4519"}],"curies":[{"name":"wp","href":"https:\/\/api.w.org\/{rel}","templated":true}]}}