{"id":4529,"date":"2019-03-20T02:49:55","date_gmt":"2019-03-20T02:49:55","guid":{"rendered":"https:\/\/www.stvvalves.com\/?post_type=product&#038;p=4529"},"modified":"2025-02-17T18:22:09","modified_gmt":"2025-02-17T10:22:09","slug":"1500lb-forged-steel-weld-bonnet-gate-valve-a105n-body-dn50-socket-weld-end","status":"publish","type":"product","link":"https:\/\/www.stvvalves.com\/de\/products\/1500lb-forged-steel-weld-bonnet-gate-valve-a105n-body-dn50-socket-weld-end\/","title":{"rendered":"1500LB geschmiedeter Stahlschwei\u00df-Absperrschieber, A105N-K\u00f6rper, DN50, Muffenschwei\u00dfende"},"content":{"rendered":"<p>Design-Merkmale<br \/>\n1. Voller Port oder konventioneller Port<br \/>\n2. Au\u00dfenschraube und Joch (OS&amp;Y)<br \/>\n3. Zweiteilige selbstausrichtende Stopfbuchse<br \/>\n4. Verschraubte Motorhaube mit Spiraldichtung, geschwei\u00dfte Motorhaube mit Gewinde und Dichtung oder Motorhaube mit Gewinde und Druckdichtung<br \/>\n5. Integrierter R\u00fccksitz<br \/>\n6. Erh\u00e4ltlich in ANSI 150-2500LB, Gr\u00f6\u00dfen: 1\/2\u2033 bis 2\u2033.<br \/>\n7.Materialien: A105N, LF2, F304, F316, F11, F22, F5, F91, legierter Stahl usw.<br \/>\n8. Temperaturbereich: 0 \u00b0C bis 538 \u00b0C.<br \/>\n9.Port: Reduzierer-Port und Voll-Port.<br \/>\n10.Endverbindung: NPT, BW, SW, RF, RTJ.<\/p>\n<table>\n<tbody>\n<tr>\n<td width=\"200\"><strong><b>Produktname<\/b><\/strong><\/td>\n<td width=\"481\">1500LB geschmiedeter Stahlschwei\u00df-Absperrschieber, A105N-K\u00f6rper, DN50, Muffenschwei\u00dfende<\/td>\n<\/tr>\n<tr>\n<td width=\"200\">1. Material<\/td>\n<td width=\"481\">A105N<\/td>\n<\/tr>\n<tr>\n<td width=\"200\">2. Gr\u00f6\u00dfe<\/td>\n<td width=\"481\">2&quot;<\/td>\n<\/tr>\n<tr>\n<td width=\"200\">4. Hafen<\/td>\n<td width=\"481\">Reduzieranschluss<\/td>\n<\/tr>\n<tr>\n<td width=\"200\">5. Arbeitsdruck<\/td>\n<td width=\"481\">1500 Pfund<\/td>\n<\/tr>\n<tr>\n<td width=\"200\">6. Verbindung endet<\/td>\n<td width=\"481\">Muffenschwei\u00dfende<\/td>\n<\/tr>\n<tr>\n<td width=\"200\">7. Arbeitstemperatur.<\/td>\n<td width=\"481\">-29~425 \u00b0C,<\/td>\n<\/tr>\n<tr>\n<td width=\"200\">8. Geeignetes Medium<\/td>\n<td width=\"481\">Wasser, Erdgas, \u00d6l und einige \u00e4tzende Fl\u00fcssigkeiten<\/td>\n<\/tr>\n<tr>\n<td width=\"200\">9. Betrieben<\/td>\n<td width=\"481\">Handrad<\/td>\n<\/tr>\n<tr>\n<td width=\"200\">10. Inspektion und Pr\u00fcfung<\/td>\n<td width=\"481\">Gem\u00e4\u00df API 598<\/td>\n<\/tr>\n<tr>\n<td width=\"200\"><strong><b>Sendung<\/b><\/strong><\/td>\n<td width=\"481\"><\/td>\n<\/tr>\n<tr>\n<td width=\"200\">Lieferzeit<\/td>\n<td width=\"481\">30 Tage<\/td>\n<\/tr>\n<tr>\n<td width=\"200\">Paket<\/td>\n<td width=\"481\">Standard-Export-Sperrholzkiste<\/td>\n<\/tr>\n<tr>\n<td width=\"200\">Hafen<\/td>\n<td width=\"481\">Ningbo\/Shanghai, China<\/td>\n<\/tr>\n<tr>\n<td width=\"200\">Versandbedingungen<\/td>\n<td width=\"481\">Exw, FOB, CFR, CIF usw.<\/td>\n<\/tr>\n<tr>\n<td width=\"200\">Zahlungsbedingungen<\/td>\n<td width=\"481\">T\/T, Western Union, PayPal usw.<\/td>\n<\/tr>\n<tr>\n<td width=\"200\"><\/td>\n<td width=\"481\">30% Vorauszahlung, 70% Restbetrag vor dem Versand bezahlt<\/td>\n<\/tr>\n<tr>\n<td width=\"200\">Herkunftsland<\/td>\n<td width=\"481\">Stadt Wenzhou, China<\/td>\n<\/tr>\n<tr>\n<td width=\"200\">Produktionskapazit\u00e4t<\/td>\n<td width=\"481\">6000 Tonnen\/Jahr<\/td>\n<\/tr>\n<tr>\n<td width=\"200\">Mindestbestellmenge<\/td>\n<td width=\"481\">10 St\u00fcck\/Gr\u00f6\u00dfe<\/td>\n<\/tr>\n<\/tbody>\n<\/table>","protected":false},"excerpt":{"rendered":"<p>Modell:STV-Z61YW-1500LB-A105N-2\u2033<\/p>\n<p>Der geschwei\u00dfte 1500LB-Absperrschieber mit Motorhaube aus geschmiedetem Stahl des Handrads \u00fcbertr\u00e4gt das Drehmoment \u00fcber die Schaftmutter auf den Ventilschaft. Der Ventilschaft ist mit A182F6 (1Cr13) geschmiedet und angelassen und hat eine H\u00e4rte von HB220-250. Um den Leistungsverlust w\u00e4hrend des \u00dcbertragungsprozesses zu reduzieren, besteht die Spindelmutter aus duktilem Eisen mit hohem Nickelgehalt A439GR.D2 oder einer Kupferlegierung (duktiles Eisen mit hohem Nickelgehalt hat bestimmte selbstschmierende Eigenschaften) und die H\u00e4rte betr\u00e4gt etwa HB50 kleiner als der Ventilschaft.<\/p>\n<p>Absperrschieber aus geschmiedetem Stahl eignen sich f\u00fcr Rohre mit kleinem Durchmesser und Betriebstemperaturen von -29-450 \u00b0C (Kohlenstoffstahl) oder -29-500 \u00b0C (Edelstahl). Es dient zum Schneiden oder Verbinden der Medien im Rohr. Es k\u00f6nnen unterschiedliche Materialien verwendet werden. In Wasser, Dampf, \u00d6l, Salpeters\u00e4ure, Essigs\u00e4ure, oxidierenden Medien, Harnstoff und anderen Medien.<\/p>\n<p>STV Valve Technology Group Co., Ltd ist ein professioneller Marktf\u00fchrer f\u00fcr geschmiedete Stahlschieber in China, Klasse 1500 mit geschwei\u00dfter Motorhaube, geschwei\u00dfte Ventile aus geschmiedetem Stahl mit Motorhaube, geschwei\u00dfter Motorhaubenschieber aus geschmiedetem Stahl, geschmiedeter Stahlschieber nach API 602, chinesischer Hersteller von DN50-Schieberventilen mit hoher Qualit\u00e4t Qualit\u00e4t und wettbewerbsf\u00e4higer Preis.<\/p>\n<p>F\u00fcr weitere Materialien und Details wenden Sie sich bitte an sales@stvvalve.com.<\/p>\n<p>Datumsblatt:<a href=\"https:\/\/www.stvvalves.com\/wp-content\/uploads\/2019\/03\/1500lb-forged-steel-weld-bonnet-gate-valve-a105n-body-dn50-socket-weld-end-drawing.pdf\">1500LB geschmiedeter Stahlschwei\u00df-Absperrschieber, A105N-K\u00f6rper, DN50, Muffenschwei\u00dfende<\/a><\/p>","protected":false},"featured_media":4530,"template":"","meta":[],"product_brand":[],"product_cat":[59,44],"product_tag":[658,657,654,656,655],"class_list":{"0":"post-4529","1":"product","2":"type-product","3":"status-publish","4":"has-post-thumbnail","6":"product_cat-forged-steel-gate-valve","7":"product_cat-gate-valve","8":"product_tag-dn50-gate-valve","9":"product_tag-forged-steel-gate-valve-to-api-602","10":"product_tag-forged-steel-gate-valves-welded-bonnet-class-1500","11":"product_tag-forged-steel-weld-bonnet-gate-valve","12":"product_tag-welded-bonnet-forged-steel-valves","14":"first","15":"instock","16":"shipping-taxable","17":"product-type-simple"},"_links":{"self":[{"href":"https:\/\/www.stvvalves.com\/de\/wp-json\/wp\/v2\/product\/4529","targetHints":{"allow":["GET"]}}],"collection":[{"href":"https:\/\/www.stvvalves.com\/de\/wp-json\/wp\/v2\/product"}],"about":[{"href":"https:\/\/www.stvvalves.com\/de\/wp-json\/wp\/v2\/types\/product"}],"wp:featuredmedia":[{"embeddable":true,"href":"https:\/\/www.stvvalves.com\/de\/wp-json\/wp\/v2\/media\/4530"}],"wp:attachment":[{"href":"https:\/\/www.stvvalves.com\/de\/wp-json\/wp\/v2\/media?parent=4529"}],"wp:term":[{"taxonomy":"product_brand","embeddable":true,"href":"https:\/\/www.stvvalves.com\/de\/wp-json\/wp\/v2\/product_brand?post=4529"},{"taxonomy":"product_cat","embeddable":true,"href":"https:\/\/www.stvvalves.com\/de\/wp-json\/wp\/v2\/product_cat?post=4529"},{"taxonomy":"product_tag","embeddable":true,"href":"https:\/\/www.stvvalves.com\/de\/wp-json\/wp\/v2\/product_tag?post=4529"}],"curies":[{"name":"wp","href":"https:\/\/api.w.org\/{rel}","templated":true}]}}