{"id":4534,"date":"2019-03-20T05:34:51","date_gmt":"2019-03-20T05:34:51","guid":{"rendered":"https:\/\/www.stvvalves.com\/?post_type=product&#038;p=4534"},"modified":"2025-02-17T18:21:37","modified_gmt":"2025-02-17T10:21:37","slug":"1500lb-seal-bonnet-gate-valve-api-602-a105n-body-dn50-sw-end","status":"publish","type":"product","link":"https:\/\/www.stvvalves.com\/de\/products\/1500lb-seal-bonnet-gate-valve-api-602-a105n-body-dn50-sw-end\/","title":{"rendered":"1500LB Dichtungs-Absperrschieber, API 602, A105N-K\u00f6rper, DN50, SW-Ende"},"content":{"rendered":"<p>Design und Herstellung entsprechen BS 5352, ANSI B16.34<\/p>\n<p>Anschlussenden entsprechen:<\/p>\n<p>1. Die geschwei\u00dften Enden entsprechen ANSI B16.11<\/p>\n<p>2. Schraubenenden entsprechen ANSI B1.20.1<\/p>\n<p>3..Stumpfgeschwei\u00dfte Enden entsprechen ANSI B16.25<\/p>\n<p>Tests und Inspektionen entsprechen: API 598<\/p>\n<p>1) Produktinformationen: Die gelieferten Ventile werden haupts\u00e4chlich f\u00fcr Wasser, Luft, \u00d6l, Gas verwendet<br \/>\n2) Verbindungstyp: Flanschtyp, Muffenschwei\u00dftyp, Stumpfschwei\u00dftyp, Schraubentyp<br \/>\n3) Material:<br \/>\na) K\u00f6rper: A105, LF2, F11, F22, F304, F316, F304L, F316L<br \/>\nb) Scheibe: A105, LF2, F11, F22, F304, F316, F304L, F316L<br \/>\nc) Vorbau: F6a, F11, F22, F304, F316, F304L, F316L<br \/>\nd) Motorhaube: A105, LF2, F11, F22, F304, F316, F304L, F316L<br \/>\n4) Gr\u00f6\u00dfe: 15\u201350 mm\/1\/2\u2033 \u2013 2\u2033<br \/>\n5) Druckstufe: PN16~PN100, 150Lb~2500Lb<br \/>\n6) Beschichtung: Beschichtung nach Kundenwunsch<br \/>\n7) Paket: Holzkisten<\/p>\n<table>\n<tbody>\n<tr>\n<td width=\"200\"><strong><b>Produktname<\/b><\/strong><\/td>\n<td width=\"481\">1500LB Dichtungs-Absperrschieber, API 602, A105N-K\u00f6rper, DN50, SW-Ende<\/td>\n<\/tr>\n<tr>\n<td width=\"200\">1. Material<\/td>\n<td width=\"481\">A105N<\/td>\n<\/tr>\n<tr>\n<td width=\"200\">2. Gr\u00f6\u00dfe<\/td>\n<td width=\"481\">2&quot;<\/td>\n<\/tr>\n<tr>\n<td width=\"200\">4. Hafen<\/td>\n<td width=\"481\">Reduzieranschluss<\/td>\n<\/tr>\n<tr>\n<td width=\"200\">5. Arbeitsdruck<\/td>\n<td width=\"481\">1500 Pfund<\/td>\n<\/tr>\n<tr>\n<td width=\"200\">6. Verbindung endet<\/td>\n<td width=\"481\">RF<\/td>\n<\/tr>\n<tr>\n<td width=\"200\">7. Arbeitstemperatur.<\/td>\n<td width=\"481\">-29~425 \u00b0C,<\/td>\n<\/tr>\n<tr>\n<td width=\"200\">8. Geeignetes Medium<\/td>\n<td width=\"481\">Wasser, Erdgas, \u00d6l und einige \u00e4tzende Fl\u00fcssigkeiten<\/td>\n<\/tr>\n<tr>\n<td width=\"200\">9. Betrieben<\/td>\n<td width=\"481\">Handrad<\/td>\n<\/tr>\n<tr>\n<td width=\"200\">10. Inspektion und Pr\u00fcfung<\/td>\n<td width=\"481\">Gem\u00e4\u00df API 598<\/td>\n<\/tr>\n<tr>\n<td width=\"200\"><strong><b>Sendung<\/b><\/strong><\/td>\n<td width=\"481\">&nbsp;<\/td>\n<\/tr>\n<tr>\n<td width=\"200\">Lieferzeit<\/td>\n<td width=\"481\">30 Tage<\/td>\n<\/tr>\n<tr>\n<td width=\"200\">Paket<\/td>\n<td width=\"481\">Standard-Export-Sperrholzkiste<\/td>\n<\/tr>\n<tr>\n<td width=\"200\">Hafen<\/td>\n<td width=\"481\">Ningbo\/Shanghai, China<\/td>\n<\/tr>\n<tr>\n<td width=\"200\">Versandbedingungen<\/td>\n<td width=\"481\">Exw, FOB, CFR, CIF usw.<\/td>\n<\/tr>\n<tr>\n<td width=\"200\">Zahlungsbedingungen<\/td>\n<td width=\"481\">T\/T, Western Union, PayPal usw.<\/td>\n<\/tr>\n<tr>\n<td width=\"200\">&nbsp;<\/td>\n<td width=\"481\">30% Vorauszahlung, 70% Restbetrag vor dem Versand bezahlt<\/td>\n<\/tr>\n<tr>\n<td width=\"200\">Herkunftsland<\/td>\n<td width=\"481\">Stadt Wenzhou, China<\/td>\n<\/tr>\n<tr>\n<td width=\"200\">Produktionskapazit\u00e4t<\/td>\n<td width=\"481\">6000 Tonnen\/Jahr<\/td>\n<\/tr>\n<tr>\n<td width=\"200\">Mindestbestellmenge<\/td>\n<td width=\"481\">10 St\u00fcck\/Gr\u00f6\u00dfe<\/td>\n<\/tr>\n<\/tbody>\n<\/table>\n<p>&nbsp;<\/p>","protected":false},"excerpt":{"rendered":"<p>Modell: STV-PZ61-1500LB-DN50-A105N<\/p>\n<p>Druckselbstspannender Ventildeckel aus geschmiedetem Stahl, das Ventil ist gem\u00e4\u00df dieser Verbindungsform konstruiert, der Ventilk\u00f6rper und der Ventildeckel sind durch eine Schraubm\u00fccke verbunden und der Innendruck wird vom Dichtring abgedichtet. Der Vorteil besteht darin, dass die Dichtleistung umso besser ist, je gr\u00f6\u00dfer der Innendruck ist.<br \/>\n1. Das Ventil aus geschmiedetem Stahl verf\u00fcgt \u00fcber eine selbstspannende Druckdichtung und die beiden Enden des Ventilk\u00f6rperzweigs sind verschwei\u00dft.<br \/>\n2. Der Ventilsitz und die Scheibendichtfl\u00e4che bestehen aus kobaltbasiertem Hartlegierungs-Plasmaspritzschwei\u00dfen, das eine gute Verschlei\u00dffestigkeit und Kratzfestigkeit aufweist.<br \/>\n3. Der Ventilschaft ist durch korrosionsbest\u00e4ndiges Nitrieren behandelt, das eine gute Korrosionsbest\u00e4ndigkeit und Kratzfestigkeit aufweist.<\/p>\n<p>STV Valve Technology Group Co., Ltd ist ein professioneller Marktf\u00fchrer f\u00fcr China 1500-Lb-Absperrschieber, Druckdichtungs-Absperrschieber, DN50-Druckabdichtungs-Absperrschieber, Schmiedestahl-Absperrschieber nach API 602, Geschmiedeter Stahl-Druckabdichtungs-Absperrschieber, China API 602 Druck Hersteller von Dichtungshaubenschiebern mit hoher Qualit\u00e4t und wettbewerbsf\u00e4higem Preis.<\/p>\n<p>F\u00fcr weitere Materialien und Details wenden Sie sich bitte an sales@stvvalve.com.<\/p>\n<p>Datumsblatt:<a href=\"https:\/\/www.stvvalves.com\/wp-content\/uploads\/2019\/03\/1500lb-seal-bonnet-gate-valve-api-602-a105n-body-dn50-sw-end-drawing.pdf\">1500LB Dichtungs-Absperrschieber, API 602, A105N-K\u00f6rper, DN50, SW-Ende<\/a><\/p>","protected":false},"featured_media":4535,"template":"","meta":[],"product_brand":[],"product_cat":[59,44],"product_tag":[659,662,660,661,433],"class_list":{"0":"post-4534","1":"product","2":"type-product","3":"status-publish","4":"has-post-thumbnail","6":"product_cat-forged-steel-gate-valve","7":"product_cat-gate-valve","8":"product_tag-1500lb-gate-valve","9":"product_tag-api-602-pressure-seal-bonnet-gate-valve","10":"product_tag-dn50-pressure-seal-bonnet-gate-valve","11":"product_tag-forged-steel-pressure-seal-bonnet-gate-valve","12":"product_tag-pressure-seal-bonnet-gate-valve","14":"first","15":"instock","16":"shipping-taxable","17":"product-type-simple"},"_links":{"self":[{"href":"https:\/\/www.stvvalves.com\/de\/wp-json\/wp\/v2\/product\/4534","targetHints":{"allow":["GET"]}}],"collection":[{"href":"https:\/\/www.stvvalves.com\/de\/wp-json\/wp\/v2\/product"}],"about":[{"href":"https:\/\/www.stvvalves.com\/de\/wp-json\/wp\/v2\/types\/product"}],"wp:featuredmedia":[{"embeddable":true,"href":"https:\/\/www.stvvalves.com\/de\/wp-json\/wp\/v2\/media\/4535"}],"wp:attachment":[{"href":"https:\/\/www.stvvalves.com\/de\/wp-json\/wp\/v2\/media?parent=4534"}],"wp:term":[{"taxonomy":"product_brand","embeddable":true,"href":"https:\/\/www.stvvalves.com\/de\/wp-json\/wp\/v2\/product_brand?post=4534"},{"taxonomy":"product_cat","embeddable":true,"href":"https:\/\/www.stvvalves.com\/de\/wp-json\/wp\/v2\/product_cat?post=4534"},{"taxonomy":"product_tag","embeddable":true,"href":"https:\/\/www.stvvalves.com\/de\/wp-json\/wp\/v2\/product_tag?post=4534"}],"curies":[{"name":"wp","href":"https:\/\/api.w.org\/{rel}","templated":true}]}}