{"id":4538,"date":"2019-03-20T06:45:22","date_gmt":"2019-03-20T06:45:22","guid":{"rendered":"https:\/\/www.stvvalves.com\/?post_type=product&#038;p=4538"},"modified":"2025-02-17T18:21:36","modified_gmt":"2025-02-17T10:21:36","slug":"f304-integral-flange-forged-gate-valve-dn20-150lb-api-602","status":"publish","type":"product","link":"https:\/\/www.stvvalves.com\/de\/products\/f304-integral-flange-forged-gate-valve-dn20-150lb-api-602\/","title":{"rendered":"F304 Integralflansch-Schmiedeschieber, DN20,150LB, API 602"},"content":{"rendered":"<p>Merkmale:<br \/>\nGeschmiedeter Stahl, Au\u00dfenschraube und Joch, steigender Schaft,<br \/>\nNicht steigendes Handrad, integrierter R\u00fccksitz,<br \/>\nMassiver Keil, erneuerbare Sitzringe, Spiraldichtung,<br \/>\nReduzierter Durchgang oder voller Anschluss,<br \/>\nMuffengeschwei\u00dft, mit Gewinde versehen, stumpfgeschwei\u00dft, mit Flanschende.<\/p>\n<p>Anwendungsstandard:<br \/>\nAPI 602, ASME B16.34, BS 5352<br \/>\nPr\u00fcfung nach API 598<br \/>\nKennzeichnung nach MSS SP25<br \/>\nGeschwei\u00dfte Muffenenden gem\u00e4\u00df ASME B16.11<br \/>\nVerschraubte Enden nach ASME B1.20.1<br \/>\nStumpfgeschwei\u00dfte Enden gem\u00e4\u00df ASME B16.25<br \/>\nFlanschenden nach ASME B16.5<br \/>\nErh\u00e4ltlich in ANSI 150-2500LB, Gr\u00f6\u00dfen: 1\/2\u2033 bis 2\u2033.<br \/>\nMaterialien: A105N, LF2, F304, F316, F11, F22, F5, F91, legierter Stahl usw.<br \/>\nTemperaturbereich: -29 \u00b0C bis 538 \u00b0C.<\/p>\n<p>&nbsp;<\/p>\n<table>\n<tbody>\n<tr>\n<td width=\"200\"><strong><b>Produktname<\/b><\/strong><\/td>\n<td width=\"481\">F304 Integralflansch-Schmiedeschieber, DN20,150LB, API 602<\/td>\n<\/tr>\n<tr>\n<td width=\"200\">1. Material<\/td>\n<td width=\"481\">F304<\/td>\n<\/tr>\n<tr>\n<td width=\"200\">2. Gr\u00f6\u00dfe<\/td>\n<td width=\"481\">3\/4&quot;<\/td>\n<\/tr>\n<tr>\n<td width=\"200\">4. Hafen<\/td>\n<td width=\"481\">Reduzieranschluss<\/td>\n<\/tr>\n<tr>\n<td width=\"200\">5. Arbeitsdruck<\/td>\n<td width=\"481\">150 Pfund<\/td>\n<\/tr>\n<tr>\n<td width=\"200\">6. Verbindung endet<\/td>\n<td width=\"481\">RF<\/td>\n<\/tr>\n<tr>\n<td width=\"200\">7. Arbeitstemperatur.<\/td>\n<td width=\"481\">-29~600 \u00b0C,<\/td>\n<\/tr>\n<tr>\n<td width=\"200\">8. Geeignetes Medium<\/td>\n<td width=\"481\">Wasser, Erdgas, \u00d6l und einige \u00e4tzende Fl\u00fcssigkeiten<\/td>\n<\/tr>\n<tr>\n<td width=\"200\">9. Betrieben<\/td>\n<td width=\"481\">Handrad<\/td>\n<\/tr>\n<tr>\n<td width=\"200\">10. Inspektion und Pr\u00fcfung<\/td>\n<td width=\"481\">Gem\u00e4\u00df API 598<\/td>\n<\/tr>\n<tr>\n<td width=\"200\"><strong><b>Sendung<\/b><\/strong><\/td>\n<td width=\"481\">&nbsp;<\/td>\n<\/tr>\n<tr>\n<td width=\"200\">Lieferzeit<\/td>\n<td width=\"481\">30 Tage<\/td>\n<\/tr>\n<tr>\n<td width=\"200\">Paket<\/td>\n<td width=\"481\">Standard-Export-Sperrholzkiste<\/td>\n<\/tr>\n<tr>\n<td width=\"200\">Hafen<\/td>\n<td width=\"481\">Ningbo\/Shanghai, China<\/td>\n<\/tr>\n<tr>\n<td width=\"200\">Versandbedingungen<\/td>\n<td width=\"481\">Exw, FOB, CFR, CIF usw.<\/td>\n<\/tr>\n<tr>\n<td width=\"200\">Zahlungsbedingungen<\/td>\n<td width=\"481\">T\/T, Western Union, PayPal usw.<\/td>\n<\/tr>\n<tr>\n<td width=\"200\">&nbsp;<\/td>\n<td width=\"481\">30% Vorauszahlung, 70% Restbetrag vor dem Versand bezahlt<\/td>\n<\/tr>\n<tr>\n<td width=\"200\">Herkunftsland<\/td>\n<td width=\"481\">Stadt Wenzhou, China<\/td>\n<\/tr>\n<tr>\n<td width=\"200\">Produktionskapazit\u00e4t<\/td>\n<td width=\"481\">6000 Tonnen\/Jahr<\/td>\n<\/tr>\n<tr>\n<td width=\"200\">Mindestbestellmenge<\/td>\n<td width=\"481\">10 St\u00fcck\/Gr\u00f6\u00dfe<\/td>\n<\/tr>\n<\/tbody>\n<\/table>","protected":false},"excerpt":{"rendered":"<p>Modell: STV-Z41H-150LB-F304-DN20<\/p>\n<p>F304 Integralflansch-Schmiedeschieber, der haupts\u00e4chlich f\u00fcr die Rohrleitungen verschiedener Systeme von W\u00e4rmekraftwerken geeignet ist und das Rohrleitungsmedium schneidet oder verbindet. Anwendbares Medium: nicht korrosives Medium wie Wasser und Dampf. Im Vergleich zu anderen Ventilprodukten zeichnet sich das Ventil aus geschmiedetem Stahl mit integriertem Flansch durch hohe Temperaturen und hohen Druck sowie ein einzigartiges selbstdichtendes Design aus. Je h\u00f6her der Druck, desto zuverl\u00e4ssiger ist die Abdichtung. Aufgrund der besonderen technischen Eigenschaften und Einsatzbedingungen weisen die Produkte zudem Eigenschaften auf, die nicht durch andere Produkte ersetzt werden k\u00f6nnen.<\/p>\n<p>STV Valve Technology Group Co., Ltd ist ein professioneller Marktf\u00fchrer f\u00fcr integrierte Absperrschieber mit geschmiedetem Flansch in China, kleine geschmiedete Absperrschieber mit integriertem Flansch, integrierte Absperrschieber mit Flansch, geschmiedete Stahl-Absperrschieber mit integriertem Flansch und chinesischer 150-Pfund-Absperrschieberhersteller mit hoher Qualit\u00e4t und wettbewerbsf\u00e4higem Preis .<\/p>\n<p>F\u00fcr weitere Materialien und Details wenden Sie sich bitte an sales@stvvalve.com.<\/p>\n<p>Datumsblatt:<a href=\"https:\/\/www.stvvalves.com\/wp-content\/uploads\/2019\/03\/f304-integral-flange-forged-gate-valve-dn20-150lb-api-602-DRAWING.pdf\">F304 Integralflansch-Schmiedeschieber, DN20,150LB, API 602<\/a><\/p>","protected":false},"featured_media":4539,"template":"","meta":[],"product_brand":[],"product_cat":[59,44],"product_tag":[663,664,665,667,666],"class_list":{"0":"post-4538","1":"product","2":"type-product","3":"status-publish","4":"has-post-thumbnail","6":"product_cat-forged-steel-gate-valve","7":"product_cat-gate-valve","8":"product_tag-150lb-gate-valve","9":"product_tag-forged-steel-integral-flanged-end-gate-valves","10":"product_tag-integral-flanged-gate-valve","11":"product_tag-integral-forged-flange-gate-valve","12":"product_tag-small-forged-gate-valve-integral-flanged","14":"first","15":"instock","16":"shipping-taxable","17":"product-type-simple"},"_links":{"self":[{"href":"https:\/\/www.stvvalves.com\/de\/wp-json\/wp\/v2\/product\/4538","targetHints":{"allow":["GET"]}}],"collection":[{"href":"https:\/\/www.stvvalves.com\/de\/wp-json\/wp\/v2\/product"}],"about":[{"href":"https:\/\/www.stvvalves.com\/de\/wp-json\/wp\/v2\/types\/product"}],"wp:featuredmedia":[{"embeddable":true,"href":"https:\/\/www.stvvalves.com\/de\/wp-json\/wp\/v2\/media\/4539"}],"wp:attachment":[{"href":"https:\/\/www.stvvalves.com\/de\/wp-json\/wp\/v2\/media?parent=4538"}],"wp:term":[{"taxonomy":"product_brand","embeddable":true,"href":"https:\/\/www.stvvalves.com\/de\/wp-json\/wp\/v2\/product_brand?post=4538"},{"taxonomy":"product_cat","embeddable":true,"href":"https:\/\/www.stvvalves.com\/de\/wp-json\/wp\/v2\/product_cat?post=4538"},{"taxonomy":"product_tag","embeddable":true,"href":"https:\/\/www.stvvalves.com\/de\/wp-json\/wp\/v2\/product_tag?post=4538"}],"curies":[{"name":"wp","href":"https:\/\/api.w.org\/{rel}","templated":true}]}}