{"id":4583,"date":"2019-03-30T14:42:57","date_gmt":"2019-03-30T14:42:57","guid":{"rendered":"https:\/\/www.stvvalves.com\/?post_type=product&#038;p=4583"},"modified":"2025-02-17T18:21:33","modified_gmt":"2025-02-17T10:21:33","slug":"epdm-seat-butterfly-valve-di-body-cf8m-disc-wafer-type","status":"publish","type":"product","link":"https:\/\/www.stvvalves.com\/de\/products\/epdm-seat-butterfly-valve-di-body-cf8m-disc-wafer-type\/","title":{"rendered":"EPDM-Sitzabsperrklappe, DI-Geh\u00e4use, CF8M-Scheibe, Wafer-Typ"},"content":{"rendered":"<p>Spezifikationen:<\/p>\n<p>Gr\u00f6\u00dfe DN50-DN300<br \/>\nNenndruck PN10\/16, 150-300LB<br \/>\nArbeitstemperatur -30\u00b0C \u2013 135\u00b0C<br \/>\nGeeignete Medien: Chemikalien, Luft, Wasser, Dampf, \u00d6l, S\u00e4uren, Salze usw<br \/>\nStandards:<\/p>\n<p>Designstandard API609, ANSI16.34, JISB2064, GB T12238<br \/>\nVon Angesicht zu Angesicht API609, DIN3202, ISO5752, BS5155<br \/>\nFlanschbohrung DIN2501 PN10\/16, ANSI 125\/150\/300, BS4504, JIS10K<br \/>\nOberer Flansch ISO5211<br \/>\nTestinspektion API598<\/p>\n<p>Material:<br \/>\nGeh\u00e4use aus Gusseisen, Sph\u00e4roguss, Kohlenstoffstahl, Edelstahl<br \/>\nScheibe aus duktilem Gusseisen, Kohlenstoffstahl, Edelstahl<br \/>\nStiel aus Edelstahl<br \/>\nSitz EPDM, NBR, PTFE, VITON, HYPALON<br \/>\nO-Ring EPDM, NBR<\/p>\n<table>\n<tbody>\n<tr>\n<td width=\"200\"><strong><b>Produktname<\/b><\/strong><\/td>\n<td width=\"481\">EPDM-Sitzabsperrklappe, DI-Geh\u00e4use, CF8M-Scheibe, Wafer-Typ<\/td>\n<\/tr>\n<tr>\n<td width=\"200\">1. Material<\/td>\n<td width=\"481\">Sph\u00e4roguss<\/td>\n<\/tr>\n<tr>\n<td width=\"200\">2. Gr\u00f6\u00dfe<\/td>\n<td width=\"481\">3&quot;<\/td>\n<\/tr>\n<tr>\n<td width=\"200\">4. Hafen<\/td>\n<td width=\"481\">Vollst\u00e4ndiger Port<\/td>\n<\/tr>\n<tr>\n<td width=\"200\">5. Arbeitsdruck<\/td>\n<td width=\"481\">PN16<\/td>\n<\/tr>\n<tr>\n<td width=\"200\">6. Verbindung endet<\/td>\n<td width=\"481\">Muffenschwei\u00dfende<\/td>\n<\/tr>\n<tr>\n<td width=\"200\">7. Arbeitstemperatur.<\/td>\n<td width=\"481\">-29~120 \u00b0C,<\/td>\n<\/tr>\n<tr>\n<td width=\"200\">8. Geeignetes Medium<\/td>\n<td width=\"481\">Wasser, Erdgas, \u00d6l und einige \u00e4tzende Fl\u00fcssigkeiten<\/td>\n<\/tr>\n<tr>\n<td width=\"200\">9. Betrieben<\/td>\n<td width=\"481\">Handrad<\/td>\n<\/tr>\n<tr>\n<td width=\"200\">10. Inspektion und Pr\u00fcfung<\/td>\n<td width=\"481\">Gem\u00e4\u00df API 598<\/td>\n<\/tr>\n<tr>\n<td width=\"200\"><strong><b>Sendung<\/b><\/strong><\/td>\n<td width=\"481\">&nbsp;<\/td>\n<\/tr>\n<tr>\n<td width=\"200\">Lieferzeit<\/td>\n<td width=\"481\">30 Tage<\/td>\n<\/tr>\n<tr>\n<td width=\"200\">Paket<\/td>\n<td width=\"481\">Standard-Export-Sperrholzkiste<\/td>\n<\/tr>\n<tr>\n<td width=\"200\">Hafen<\/td>\n<td width=\"481\">Ningbo\/Shanghai, China<\/td>\n<\/tr>\n<tr>\n<td width=\"200\">Versandbedingungen<\/td>\n<td width=\"481\">Exw, FOB, CFR, CIF usw.<\/td>\n<\/tr>\n<tr>\n<td width=\"200\">Zahlungsbedingungen<\/td>\n<td width=\"481\">T\/T, Western Union, PayPal usw.<\/td>\n<\/tr>\n<tr>\n<td width=\"200\">&nbsp;<\/td>\n<td width=\"481\">30% Vorauszahlung, 70% Restbetrag vor dem Versand bezahlt<\/td>\n<\/tr>\n<tr>\n<td width=\"200\">Herkunftsland<\/td>\n<td width=\"481\">Stadt Wenzhou, China<\/td>\n<\/tr>\n<tr>\n<td width=\"200\">Produktionskapazit\u00e4t<\/td>\n<td width=\"481\">6000 Tonnen\/Jahr<\/td>\n<\/tr>\n<tr>\n<td width=\"200\">Mindestbestellmenge<\/td>\n<td width=\"481\">10 St\u00fcck\/Gr\u00f6\u00dfe<\/td>\n<\/tr>\n<\/tbody>\n<\/table>\n<p>&nbsp;<\/p>","protected":false},"excerpt":{"rendered":"<p>Modell: STV-D71X-PN16-DI-316-100<\/p>\n<p>Unsere Absperrklappe mit EPDM-Sitz nutzt die Flexibilit\u00e4t eines Gummisitzes, kann leicht eine Leckagefreiheit erreichen und ist daher ein weit verbreitetes Ventil in der \u00d6lfeld-, Landwirtschafts-, Wasser- und Abwasser- sowie Bergbauindustrie. Aufgrund der mit Gummi ausgekleideten Geh\u00e4usematerialien werden Absperrklappen mit EPDM-Auskleidung \u00fcblicherweise in Niederdruckleitungen eingesetzt.<\/p>\n<p>Der Wafer-Typ ist die g\u00e4ngige Ausf\u00fchrung von EPDM-Sitzabsperrklappen und ist kosteng\u00fcnstiger als der Laschentyp. Die EPDM-Sitzklappe wird zwischen zwei Flanschen eingebaut. Die Absperrklappe wird durch die Verwendung von Schrauben oder Stehbolzen und Muttern von Flansch zu Flansch an Ort und Stelle gehalten. Bei dieser Art der Installation ist es nat\u00fcrlich unm\u00f6glich, nur eine Seite des Rohrleitungssystems vom Ventil zu trennen.<\/p>\n<p>STV Valve Technology Group Co., Ltd ist ein professioneller Marktf\u00fchrer f\u00fcr Absperrklappen aus EPDM mit elastischem Sitz in China, Absperrklappen aus Gusseisen, Wafer-Absperrklappen, Absperrklappen mit weichem Sitz, Absperrklappen vom Ansatztyp, Herstellung von Absperrklappen aus China mit hoher Qualit\u00e4t und wettbewerbsf\u00e4higen Preisen.<\/p>\n<p>F\u00fcr weitere Materialien und Details wenden Sie sich bitte an sales@stvvalve.com.<\/p>\n<p>Datumsblatt:<a href=\"https:\/\/www.stvvalves.com\/wp-content\/uploads\/2019\/03\/epdm-seat-butterfly-valve-di-body-cf8m-disc-wafer-type-drawing.pdf\">EPDM-Sitzabsperrklappe, DI-Geh\u00e4use, CF8M-Scheibe, Wafer-Typ<\/a><\/p>","protected":false},"featured_media":4585,"template":"","meta":[],"product_brand":[],"product_cat":[965,971],"product_tag":[698,702,699,701,700],"class_list":{"0":"post-4583","1":"product","2":"type-product","3":"status-publish","4":"has-post-thumbnail","6":"product_cat-butterfly-valve","7":"product_cat-wafer-butterfly-valve","8":"product_tag-butterfly-valves-soft-seat","9":"product_tag-cast-iron-butterfly-valve","10":"product_tag-china-butterfly-valve","11":"product_tag-epdm-resilient-seat-butterfly-valves","12":"product_tag-wafer-butterfly-valves","14":"first","15":"instock","16":"downloadable","17":"shipping-taxable","18":"product-type-simple"},"_links":{"self":[{"href":"https:\/\/www.stvvalves.com\/de\/wp-json\/wp\/v2\/product\/4583","targetHints":{"allow":["GET"]}}],"collection":[{"href":"https:\/\/www.stvvalves.com\/de\/wp-json\/wp\/v2\/product"}],"about":[{"href":"https:\/\/www.stvvalves.com\/de\/wp-json\/wp\/v2\/types\/product"}],"wp:featuredmedia":[{"embeddable":true,"href":"https:\/\/www.stvvalves.com\/de\/wp-json\/wp\/v2\/media\/4585"}],"wp:attachment":[{"href":"https:\/\/www.stvvalves.com\/de\/wp-json\/wp\/v2\/media?parent=4583"}],"wp:term":[{"taxonomy":"product_brand","embeddable":true,"href":"https:\/\/www.stvvalves.com\/de\/wp-json\/wp\/v2\/product_brand?post=4583"},{"taxonomy":"product_cat","embeddable":true,"href":"https:\/\/www.stvvalves.com\/de\/wp-json\/wp\/v2\/product_cat?post=4583"},{"taxonomy":"product_tag","embeddable":true,"href":"https:\/\/www.stvvalves.com\/de\/wp-json\/wp\/v2\/product_tag?post=4583"}],"curies":[{"name":"wp","href":"https:\/\/api.w.org\/{rel}","templated":true}]}}