{"id":4609,"date":"2019-04-02T14:38:53","date_gmt":"2019-04-02T14:38:53","guid":{"rendered":"https:\/\/www.stvvalves.com\/?post_type=product&#038;p=4609"},"modified":"2025-05-20T20:47:26","modified_gmt":"2025-05-20T12:47:26","slug":"flange-knife-gate-valve-din-pn16-cf8-body-dn450","status":"publish","type":"product","link":"https:\/\/www.stvvalves.com\/de\/products\/flange-knife-gate-valve-din-pn16-cf8-body-dn450\/","title":{"rendered":"Flansch-Absperrschieber, DIN, PN16, CF8-Geh\u00e4use, DN450"},"content":{"rendered":"<p>Merkmale des Flansch-Absperrschiebers:<br \/>\nUnidirektionales Design<br \/>\nGeh\u00e4use aus Gussstahl mit Vollflansch<br \/>\nSelbstreinigungsmechanismus<br \/>\nSteigender Vorbau, Au\u00dfenschraube und Joch<br \/>\nJochtyp: Platte oder Guss<\/p>\n<p>Anwendbare Standards f\u00fcr Flanschschieberventile:<br \/>\na) Design und Herstellung: MSS SP-61, ASME 16.34<br \/>\nb) Pers\u00f6nlich: MSS SP-81, ASME B16.10, EN 558<br \/>\nc) Anschlussende: ASME B16.5, EN 1092, JIS B2220<br \/>\nd) Test: MSS SP-81<\/p>\n<p>Gr\u00f6\u00dfen: 2\u2033 \u2013 48\u2033 oder DN 50 \u2013 DN 1200<br \/>\nDruckstufe: Klasse 150 oder PN6 \u2013 PN16<br \/>\nMaterialien des Ventilk\u00f6rpers: WCB, LCB, WC6, CF8, CF3, CF8M, CF3M, 4A usw.<br \/>\nBedienung: Manuell, Getriebe, pneumatisch, hydraulisch und elektrisch<\/p>\n<table>\n<tbody>\n<tr>\n<td width=\"200\"><strong>Produktname<\/strong><\/td>\n<td width=\"481\">Flansch-Absperrschieber, DIN, PN16, CF8-Geh\u00e4use, DN450<\/td>\n<\/tr>\n<tr>\n<td width=\"200\">1. Material<\/td>\n<td width=\"481\">CF8<\/td>\n<\/tr>\n<tr>\n<td width=\"200\">2. Gr\u00f6\u00dfe<\/td>\n<td width=\"481\">14 Zoll<\/td>\n<\/tr>\n<tr>\n<td width=\"200\">4. Hafen<\/td>\n<td width=\"481\">Vollst\u00e4ndiger Port<\/td>\n<\/tr>\n<tr>\n<td width=\"200\">5. Arbeitsdruck<\/td>\n<td width=\"481\">PN16<\/td>\n<\/tr>\n<tr>\n<td width=\"200\">6. Verbindung endet<\/td>\n<td width=\"481\">RF<\/td>\n<\/tr>\n<tr>\n<td width=\"200\">7. Arbeitstemperatur.<\/td>\n<td width=\"481\">-29~425 \u00b0C,<\/td>\n<\/tr>\n<tr>\n<td width=\"200\">8. Geeignetes Medium<\/td>\n<td width=\"481\">Wasser, Erdgas, \u00d6l und einige \u00e4tzende Fl\u00fcssigkeiten<\/td>\n<\/tr>\n<tr>\n<td width=\"200\">9. Betrieben<\/td>\n<td width=\"481\">Handrad<\/td>\n<\/tr>\n<tr>\n<td width=\"200\">10. Inspektion und Pr\u00fcfung<\/td>\n<td width=\"481\">Gem\u00e4\u00df API598<\/td>\n<\/tr>\n<tr>\n<td width=\"200\"><strong>Sendung<\/strong><\/td>\n<td width=\"481\"><\/td>\n<\/tr>\n<tr>\n<td width=\"200\">Lieferzeit<\/td>\n<td width=\"481\">30 Tage<\/td>\n<\/tr>\n<tr>\n<td width=\"200\">Paket<\/td>\n<td width=\"481\">Standard-Export-Sperrholzkiste<\/td>\n<\/tr>\n<tr>\n<td width=\"200\">Hafen<\/td>\n<td width=\"481\">Ningbo\/Shanghai, China<\/td>\n<\/tr>\n<tr>\n<td width=\"200\">Versandbedingungen<\/td>\n<td width=\"481\">Exw, FOB, CFR, CIF usw.<\/td>\n<\/tr>\n<tr>\n<td width=\"200\">Zahlungsbedingungen<\/td>\n<td width=\"481\">T\/T, Western Union, PayPal usw.<\/td>\n<\/tr>\n<tr>\n<td width=\"200\"><\/td>\n<td width=\"481\">30% Vorauszahlung, 70% Restbetrag vor dem Versand bezahlt<\/td>\n<\/tr>\n<tr>\n<td width=\"200\">Herkunftsland<\/td>\n<td width=\"481\">Stadt Wenzhou, China<\/td>\n<\/tr>\n<tr>\n<td width=\"200\">Produktionskapazit\u00e4t<\/td>\n<td width=\"481\">6000 Tonnen\/Jahr<\/td>\n<\/tr>\n<tr>\n<td width=\"200\">Mindestbestellmenge<\/td>\n<td width=\"481\">1 St\u00fcck\/Gr\u00f6\u00dfe<\/td>\n<\/tr>\n<\/tbody>\n<\/table>\n<p>&nbsp;<\/p>","protected":false},"excerpt":{"rendered":"<p>Modell: STV-Z43H-PN16-CF8-DN200<\/p>\n<p>Der Flansch-Absperrschieber verf\u00fcgt \u00fcber eine kompakte Struktur, ein vern\u00fcnftiges Design, ein leichtes Material, eine zuverl\u00e4ssige Abdichtung, einen leichten und flexiblen Betrieb, ein kleines Volumen, einen reibungslosen Durchgang, einen geringen Str\u00f6mungswiderstand, ein geringes Gewicht, eine einfache Installation und eine einfache Demontage. Es kann bei einem Druck von 0,6 MPa bis 1,6 arbeiten. MPa, Normalbetrieb bei einer Temperatur von -29\u2013550 \u00b0C. Der Messerschieber verf\u00fcgt \u00fcber eine Scherfunktion, die den Kleber auf der Dichtfl\u00e4che abkratzen und Schmutz automatisch entfernen kann. Das Edelstahltor kann durch Korrosion verursachte Dichtungslecks verhindern.<\/p>\n<p>Flansch-Absperrschieber werden h\u00e4ufig in der Kohleaufbereitung, Schlackenableitung, st\u00e4dtischen Abwasserbehandlung, Lebensmittel-, Papier-, Medizin-, Erd\u00f6l-, Chemie- und anderen \u00d6l-, Wasser- und Dampfleitungen eingesetzt.<\/p>\n<p>STV Valve Technology Group Co., Ltd ist ein professioneller Marktf\u00fchrer f\u00fcr China-Messerschieber, Flansch-Messerschieber, DIN-Standard-Messerschieber, CF8-Flansch-Messerschieber und einen Hersteller von manuellen Flansch-Messerschiebern in China mit hoher Qualit\u00e4t und wettbewerbsf\u00e4higen Preisen.<\/p>\n<p>F\u00fcr weitere Materialien und Details wenden Sie sich bitte an sales@stvvalve.com.<\/p>\n<p>Datumsblatt:<a href=\"https:\/\/www.stvvalves.com\/wp-content\/uploads\/2019\/04\/flange-knife-gate-valve-din-pn16-cf8-body-dn450-drawing.jpg\">Flansch-Absperrschieber, DIN, PN16, CF8-Geh\u00e4use, DN450<\/a><\/p>","protected":false},"featured_media":4610,"template":"","meta":[],"product_brand":[],"product_cat":[44,62],"product_tag":[720,719,718,721,717],"class_list":{"0":"post-4609","1":"product","2":"type-product","3":"status-publish","4":"has-post-thumbnail","6":"product_cat-gate-valve","7":"product_cat-knife-gate-valve","8":"product_tag-cf8-flange-knife-gate-valve","9":"product_tag-din-standard-knife-gate-valve","10":"product_tag-flange-knife-gate-valve","11":"product_tag-flange-manual-knife-gate-valve","12":"product_tag-knife-gate-valve","14":"first","15":"instock","16":"shipping-taxable","17":"product-type-simple"},"_links":{"self":[{"href":"https:\/\/www.stvvalves.com\/de\/wp-json\/wp\/v2\/product\/4609","targetHints":{"allow":["GET"]}}],"collection":[{"href":"https:\/\/www.stvvalves.com\/de\/wp-json\/wp\/v2\/product"}],"about":[{"href":"https:\/\/www.stvvalves.com\/de\/wp-json\/wp\/v2\/types\/product"}],"wp:featuredmedia":[{"embeddable":true,"href":"https:\/\/www.stvvalves.com\/de\/wp-json\/wp\/v2\/media\/4610"}],"wp:attachment":[{"href":"https:\/\/www.stvvalves.com\/de\/wp-json\/wp\/v2\/media?parent=4609"}],"wp:term":[{"taxonomy":"product_brand","embeddable":true,"href":"https:\/\/www.stvvalves.com\/de\/wp-json\/wp\/v2\/product_brand?post=4609"},{"taxonomy":"product_cat","embeddable":true,"href":"https:\/\/www.stvvalves.com\/de\/wp-json\/wp\/v2\/product_cat?post=4609"},{"taxonomy":"product_tag","embeddable":true,"href":"https:\/\/www.stvvalves.com\/de\/wp-json\/wp\/v2\/product_tag?post=4609"}],"curies":[{"name":"wp","href":"https:\/\/api.w.org\/{rel}","templated":true}]}}