{"id":4667,"date":"2019-04-19T02:36:51","date_gmt":"2019-04-19T02:36:51","guid":{"rendered":"https:\/\/www.stvvalves.com\/?post_type=product&#038;p=4667"},"modified":"2025-02-17T18:29:26","modified_gmt":"2025-02-17T10:29:26","slug":"hexagon-plug-bspt-stainless-steel-316","status":"publish","type":"product","link":"https:\/\/www.stvvalves.com\/de\/products\/hexagon-plug-bspt-stainless-steel-316\/","title":{"rendered":"Sechskantstopfen BSPT Edelstahl 316"},"content":{"rendered":"<p>Sechskantstopfen BSPT Edelstahl 316<\/p>\n<table width=\"457\">\n<tbody>\n<tr>\n<td style=\"font-weight: 400;\" width=\"194\">Produktstandards<\/td>\n<td style=\"font-weight: 400;\" width=\"263\">ISO4144, EN10241, SP114, JIS<\/td>\n<\/tr>\n<tr>\n<td style=\"font-weight: 400;\" width=\"194\">Fertigungsprozess<\/td>\n<td style=\"font-weight: 400;\" width=\"263\">Edelstahl-Pr\u00e4zisionsguss<\/td>\n<\/tr>\n<tr>\n<td style=\"font-weight: 400;\" width=\"194\">Prozessstandards<\/td>\n<td style=\"font-weight: 400;\" width=\"263\">ASTM A351<\/td>\n<\/tr>\n<tr>\n<td style=\"font-weight: 400;\" width=\"194\">Verarbeitungstechnologie<\/td>\n<td style=\"font-weight: 400;\" width=\"263\">CNC-Drehmaschine<\/td>\n<\/tr>\n<tr>\n<td style=\"font-weight: 400;\" rowspan=\"2\" width=\"194\">Mittel<\/td>\n<td style=\"font-weight: 400;\" width=\"263\">Luft, Dampf, Kerosin, Wasser,<\/td>\n<\/tr>\n<tr>\n<td style=\"font-weight: 400;\" width=\"263\">\u00d6l und andere Fl\u00fcssigkeiten<\/td>\n<\/tr>\n<tr>\n<td style=\"font-weight: 400;\" width=\"194\">Materie<\/td>\n<td style=\"font-weight: 400;\" width=\"263\">304.304L, 316.316L<\/td>\n<\/tr>\n<tr>\n<td style=\"font-weight: 400;\" width=\"194\">Spezifikationen<\/td>\n<td style=\"font-weight: 400;\" width=\"263\">1\/8\u2033\u20144\u2033<\/td>\n<\/tr>\n<tr>\n<td style=\"font-weight: 400;\" rowspan=\"2\" width=\"194\">Gewindestandard<\/td>\n<td style=\"font-weight: 400;\" width=\"263\">ISO7\/1 (BSP\/DIN2999)<\/td>\n<\/tr>\n<tr>\n<td style=\"font-weight: 400;\" width=\"263\">NPT(B1.20.1)<\/td>\n<\/tr>\n<tr>\n<td style=\"font-weight: 400;\" width=\"194\">Arbeitsdruck<\/td>\n<td style=\"font-weight: 400;\" width=\"263\">150 Pfund<\/td>\n<\/tr>\n<tr>\n<td style=\"font-weight: 400;\" width=\"194\">Arbeitstemperatur<\/td>\n<td style=\"font-weight: 400;\" width=\"263\">\ufe6320\u2103\ufe62220\u2103<\/td>\n<\/tr>\n<tr>\n<td style=\"font-weight: 400;\" width=\"194\">Inspektionsstandard<\/td>\n<td style=\"font-weight: 400;\" width=\"263\">ISO7-2, ISO4990, ISO4991<\/td>\n<\/tr>\n<tr>\n<td style=\"font-weight: 400;\" width=\"194\">Verpackungsmethode<\/td>\n<td style=\"font-weight: 400;\" width=\"263\">Plastikt\u00fcte, Karton, Sperrholz<\/td>\n<\/tr>\n<\/tbody>\n<\/table>\n<div id=\"attachment_4671\" style=\"width: 1559px\" class=\"wp-caption alignleft\"><img loading=\"lazy\" decoding=\"async\" aria-describedby=\"caption-attachment-4671\" class=\"size-full wp-image-4671\" src=\"https:\/\/www.stvvalves.com\/wp-content\/uploads\/2019\/04\/hexagon-plug-bspt-stainless-steel-316-catalog.jpg\" alt=\"\" width=\"1549\" height=\"346\" srcset=\"https:\/\/www.stvvalves.com\/wp-content\/uploads\/2019\/04\/hexagon-plug-bspt-stainless-steel-316-catalog.jpg 1549w, https:\/\/www.stvvalves.com\/wp-content\/uploads\/2019\/04\/hexagon-plug-bspt-stainless-steel-316-catalog-600x134.jpg 600w, https:\/\/www.stvvalves.com\/wp-content\/uploads\/2019\/04\/hexagon-plug-bspt-stainless-steel-316-catalog-300x67.jpg 300w, https:\/\/www.stvvalves.com\/wp-content\/uploads\/2019\/04\/hexagon-plug-bspt-stainless-steel-316-catalog-768x172.jpg 768w, https:\/\/www.stvvalves.com\/wp-content\/uploads\/2019\/04\/hexagon-plug-bspt-stainless-steel-316-catalog-1030x230.jpg 1030w, https:\/\/www.stvvalves.com\/wp-content\/uploads\/2019\/04\/hexagon-plug-bspt-stainless-steel-316-catalog-1500x335.jpg 1500w, https:\/\/www.stvvalves.com\/wp-content\/uploads\/2019\/04\/hexagon-plug-bspt-stainless-steel-316-catalog-705x157.jpg 705w\" sizes=\"auto, (max-width: 1549px) 100vw, 1549px\" \/><p id=\"caption-attachment-4671\" class=\"wp-caption-text\">China bspt Sechskantstopfen, Sechskantstopfen aus Edelstahl, Sechskantstopfen 316, Hersteller von 150LB-Gewindeanschl\u00fcssen<\/p><\/div>","protected":false},"excerpt":{"rendered":"<p>Hergestellt nach ISO 4144.<br \/>\nMaximaler Arbeitsdruck 300 psi (20 bar).<br \/>\nNPT-Gewinde nach ANSI B2.1.<br \/>\nGeeignete Anwendungen: Hei\u00dfes und kaltes Wasser, \u00d6l, Gas und andere Medien<\/p>\n<p>STV Valve Technology Group Co., Ltd ist ein professioneller Hersteller von BSPT-Sechskantstopfen, Edelstahl-Sechskantstopfen, 316-Sechskantstopfen und 150LB-Gewindeanschl\u00fcssen in China mit hoher Qualit\u00e4t und wettbewerbsf\u00e4higen Preisen.<\/p>","protected":false},"featured_media":4668,"template":"","meta":[],"product_brand":[],"product_cat":[968,966],"product_tag":[756,754,755],"class_list":{"0":"post-4667","1":"product","2":"type-product","3":"status-publish","4":"has-post-thumbnail","6":"product_cat-150lb-threaded-pipe-fitting","7":"product_cat-pipe-fitting","8":"product_tag-316-hexagon-plug","9":"product_tag-bspt-hexagon-plug","10":"product_tag-stainless-steel-hexagon-plug","12":"first","13":"instock","14":"shipping-taxable","15":"product-type-simple"},"_links":{"self":[{"href":"https:\/\/www.stvvalves.com\/de\/wp-json\/wp\/v2\/product\/4667","targetHints":{"allow":["GET"]}}],"collection":[{"href":"https:\/\/www.stvvalves.com\/de\/wp-json\/wp\/v2\/product"}],"about":[{"href":"https:\/\/www.stvvalves.com\/de\/wp-json\/wp\/v2\/types\/product"}],"wp:featuredmedia":[{"embeddable":true,"href":"https:\/\/www.stvvalves.com\/de\/wp-json\/wp\/v2\/media\/4668"}],"wp:attachment":[{"href":"https:\/\/www.stvvalves.com\/de\/wp-json\/wp\/v2\/media?parent=4667"}],"wp:term":[{"taxonomy":"product_brand","embeddable":true,"href":"https:\/\/www.stvvalves.com\/de\/wp-json\/wp\/v2\/product_brand?post=4667"},{"taxonomy":"product_cat","embeddable":true,"href":"https:\/\/www.stvvalves.com\/de\/wp-json\/wp\/v2\/product_cat?post=4667"},{"taxonomy":"product_tag","embeddable":true,"href":"https:\/\/www.stvvalves.com\/de\/wp-json\/wp\/v2\/product_tag?post=4667"}],"curies":[{"name":"wp","href":"https:\/\/api.w.org\/{rel}","templated":true}]}}