{"id":4721,"date":"2019-04-19T07:13:05","date_gmt":"2019-04-19T07:13:05","guid":{"rendered":"https:\/\/www.stvvalves.com\/?post_type=product&#038;p=4721"},"modified":"2025-02-17T18:26:48","modified_gmt":"2025-02-17T10:26:48","slug":"npt-female-union-conical-seat-150lb-316-stainless-steel","status":"publish","type":"product","link":"https:\/\/www.stvvalves.com\/de\/products\/npt-female-union-conical-seat-150lb-316-stainless-steel\/","title":{"rendered":"NPT-Innengewinde, konischer Sitz, 150LB, Edelstahl 316"},"content":{"rendered":"<p>NPT-Innengewinde, konischer Sitz, 150LB, Edelstahl 316<\/p>\n<table width=\"457\">\n<tbody>\n<tr>\n<td style=\"font-weight: 400;\" width=\"194\">Produktstandards<\/td>\n<td style=\"font-weight: 400;\" width=\"263\">ISO4144, EN10241, SP114, JIS<\/td>\n<\/tr>\n<tr>\n<td style=\"font-weight: 400;\" width=\"194\">Fertigungsprozess<\/td>\n<td style=\"font-weight: 400;\" width=\"263\">Edelstahl-Pr\u00e4zisionsguss<\/td>\n<\/tr>\n<tr>\n<td style=\"font-weight: 400;\" width=\"194\">Prozessstandards<\/td>\n<td style=\"font-weight: 400;\" width=\"263\">ASTM A351<\/td>\n<\/tr>\n<tr>\n<td style=\"font-weight: 400;\" width=\"194\">Verarbeitungstechnologie<\/td>\n<td style=\"font-weight: 400;\" width=\"263\">CNC-Drehmaschine<\/td>\n<\/tr>\n<tr>\n<td style=\"font-weight: 400;\" rowspan=\"2\" width=\"194\">Mittel<\/td>\n<td style=\"font-weight: 400;\" width=\"263\">Luft, Dampf, Kerosin, Wasser,<\/td>\n<\/tr>\n<tr>\n<td style=\"font-weight: 400;\" width=\"263\">\u00d6l und andere Fl\u00fcssigkeiten<\/td>\n<\/tr>\n<tr>\n<td style=\"font-weight: 400;\" width=\"194\">Materie<\/td>\n<td style=\"font-weight: 400;\" width=\"263\">304.304L, 316.316L<\/td>\n<\/tr>\n<tr>\n<td style=\"font-weight: 400;\" width=\"194\">Spezifikationen<\/td>\n<td style=\"font-weight: 400;\" width=\"263\">1\/8\u2033\u20144\u2033<\/td>\n<\/tr>\n<tr>\n<td style=\"font-weight: 400;\" rowspan=\"2\" width=\"194\">Gewindestandard<\/td>\n<td style=\"font-weight: 400;\" width=\"263\">ISO7\/1 (BSP\/DIN2999)<\/td>\n<\/tr>\n<tr>\n<td style=\"font-weight: 400;\" width=\"263\">NPT(B1.20.1)<\/td>\n<\/tr>\n<tr>\n<td style=\"font-weight: 400;\" width=\"194\">Arbeitsdruck<\/td>\n<td style=\"font-weight: 400;\" width=\"263\">150 Pfund<\/td>\n<\/tr>\n<tr>\n<td style=\"font-weight: 400;\" width=\"194\">Arbeitstemperatur<\/td>\n<td style=\"font-weight: 400;\" width=\"263\">\ufe6320\u2103\ufe62220\u2103<\/td>\n<\/tr>\n<tr>\n<td style=\"font-weight: 400;\" width=\"194\">Inspektionsstandard<\/td>\n<td style=\"font-weight: 400;\" width=\"263\">ISO7-2, ISO4990, ISO4991<\/td>\n<\/tr>\n<tr>\n<td style=\"font-weight: 400;\" width=\"194\">Verpackungsmethode<\/td>\n<td style=\"font-weight: 400;\" width=\"263\">Plastikt\u00fcte, Karton, Sperrholz<\/td>\n<\/tr>\n<\/tbody>\n<\/table>\n<p>&nbsp;<\/p>","protected":false},"excerpt":{"rendered":"<div class=\"woocommerce-product-details__short-description\">\n<p>Hergestellt nach ISO 4144.<br \/>\nMaximaler Arbeitsdruck 300 psi (20 bar).<br \/>\nNPT-Gewinde nach ANSI B2.1.<br \/>\nGeeignete Anwendungen: Hei\u00dfes und kaltes Wasser, \u00d6l, Gas und andere Medien<\/p>\n<p>STV Valve Technology Group Co., Ltd ist ein professioneller Hersteller von 150LB NPT-Gewindeanschl\u00fcssen, NPT-Innengewindeanschl\u00fcssen und Edelstahlanschl\u00fcssen in China mit hoher Qualit\u00e4t und wettbewerbsf\u00e4higen Preisen.<\/p>\n<\/div>\n<form class=\"cart\" action=\"https:\/\/www.stvvalves.com\/de\/product\/npt-equal-tee-150lb-316-stainless-steel\/\" enctype=\"multipart\/form-data\" method=\"post\" data-trp-original-action=\"https:\/\/www.stvvalves.com\/product\/npt-equal-tee-150lb-316-stainless-steel\/\">\n<div class=\"wcpa_form_outer\"><\/div>\n<div class=\"quantity\"><\/div>\n<div class=\"addquotelistlink\">\n<div class=\"quotelistadd_prodpage\"><\/div>\n<\/div>\n<input type=\"hidden\" name=\"trp-form-language\" value=\"de\"\/><\/form>","protected":false},"featured_media":4724,"template":"","meta":[],"product_brand":[],"product_cat":[967,966],"product_tag":[779,780,781],"class_list":{"0":"post-4721","1":"product","2":"type-product","3":"status-publish","4":"has-post-thumbnail","6":"product_cat-high-pressure-3000lb6000lb-pipe-fitting","7":"product_cat-pipe-fitting","8":"product_tag-150lb-npt-threaded-union","9":"product_tag-female-npt-union","10":"product_tag-stainless-steel-union","12":"first","13":"instock","14":"shipping-taxable","15":"product-type-simple"},"_links":{"self":[{"href":"https:\/\/www.stvvalves.com\/de\/wp-json\/wp\/v2\/product\/4721","targetHints":{"allow":["GET"]}}],"collection":[{"href":"https:\/\/www.stvvalves.com\/de\/wp-json\/wp\/v2\/product"}],"about":[{"href":"https:\/\/www.stvvalves.com\/de\/wp-json\/wp\/v2\/types\/product"}],"wp:featuredmedia":[{"embeddable":true,"href":"https:\/\/www.stvvalves.com\/de\/wp-json\/wp\/v2\/media\/4724"}],"wp:attachment":[{"href":"https:\/\/www.stvvalves.com\/de\/wp-json\/wp\/v2\/media?parent=4721"}],"wp:term":[{"taxonomy":"product_brand","embeddable":true,"href":"https:\/\/www.stvvalves.com\/de\/wp-json\/wp\/v2\/product_brand?post=4721"},{"taxonomy":"product_cat","embeddable":true,"href":"https:\/\/www.stvvalves.com\/de\/wp-json\/wp\/v2\/product_cat?post=4721"},{"taxonomy":"product_tag","embeddable":true,"href":"https:\/\/www.stvvalves.com\/de\/wp-json\/wp\/v2\/product_tag?post=4721"}],"curies":[{"name":"wp","href":"https:\/\/api.w.org\/{rel}","templated":true}]}}