{"id":4763,"date":"2019-04-22T07:23:22","date_gmt":"2019-04-22T07:23:22","guid":{"rendered":"https:\/\/www.stvvalves.com\/?post_type=product&#038;p=4763"},"modified":"2025-02-17T18:30:50","modified_gmt":"2025-02-17T10:30:50","slug":"stainless-steel-sanitary-welded-end-y-type-tee","status":"publish","type":"product","link":"https:\/\/www.stvvalves.com\/de\/products\/stainless-steel-sanitary-welded-end-y-type-tee\/","title":{"rendered":"Sanit\u00e4r-Y-T-St\u00fcck mit geschwei\u00dftem Ende aus Edelstahl"},"content":{"rendered":"<p>Sanit\u00e4r-Y-T-St\u00fcck mit geschwei\u00dftem Ende aus Edelstahl<\/p>\n<p>Anschlussende: geschwei\u00dft, geklemmt, mit Gewinde, Anschlusstyp,<br \/>\nStandard: DIN, SMS, ISO, 3A, BPE, IDF, AS, BS<br \/>\nGr\u00f6\u00dfe: DN10\u2013300, 1\/2\u20136 Zoll<br \/>\nMaterial: SS304, SS304L, SS316, SS316L<br \/>\nJe nach Anforderung aus geschwei\u00dftem Rohr oder nahtlosem Rohr hergestellt<br \/>\nOberfl\u00e4chenbeschaffenheit: Spiegel, matt, je nach Anforderung<br \/>\nInnen Ra 0,4, Au\u00dfenseite Ra 0,8<br \/>\nRundheit und Dickengleichheit entsprechen dem internationalen Lebensmittelstandard<br \/>\nAnwendung: Lebensmittel-, Getr\u00e4nke-, Molkerei-, Pharma-, Chemie- oder andere Lebensmittelverarbeitungsindustrien<\/p>\n<div id=\"attachment_4764\" style=\"width: 861px\" class=\"wp-caption alignleft\"><img loading=\"lazy\" decoding=\"async\" aria-describedby=\"caption-attachment-4764\" class=\"size-full wp-image-4764\" src=\"https:\/\/www.stvvalves.com\/wp-content\/uploads\/2019\/04\/stainless-steel-sanitary-welded-end-y-type-tee-catalog.jpg\" alt=\"\" width=\"851\" height=\"257\" srcset=\"https:\/\/www.stvvalves.com\/wp-content\/uploads\/2019\/04\/stainless-steel-sanitary-welded-end-y-type-tee-catalog.jpg 851w, https:\/\/www.stvvalves.com\/wp-content\/uploads\/2019\/04\/stainless-steel-sanitary-welded-end-y-type-tee-catalog-600x181.jpg 600w, https:\/\/www.stvvalves.com\/wp-content\/uploads\/2019\/04\/stainless-steel-sanitary-welded-end-y-type-tee-catalog-300x91.jpg 300w, https:\/\/www.stvvalves.com\/wp-content\/uploads\/2019\/04\/stainless-steel-sanitary-welded-end-y-type-tee-catalog-768x232.jpg 768w, https:\/\/www.stvvalves.com\/wp-content\/uploads\/2019\/04\/stainless-steel-sanitary-welded-end-y-type-tee-catalog-705x213.jpg 705w\" sizes=\"auto, (max-width: 851px) 100vw, 851px\" \/><p id=\"caption-attachment-4764\" class=\"wp-caption-text\">China Edelstahl-T-St\u00fcck mit geschwei\u00dftem Ende, Sanit\u00e4r-T-St\u00fcck mit geschwei\u00dftem Ende, Y-Typ-T-St\u00fcck aus Edelstahl, Y-Typ-T-St\u00fcck, Hersteller von Sanit\u00e4r-Edelstahl-T-St\u00fcck<\/p><\/div>","protected":false},"excerpt":{"rendered":"<div class=\"woocommerce-product-details__short-description\">\n<div class=\"woocommerce-product-details__short-description\">\n<p><!--StartFragment --><\/p>\n<div>Sanit\u00e4r-Schwei\u00df-T-St\u00fccke aus Edelstahl werden bei Festinstallationen verwendet, bei denen Prozessleitungen und Ger\u00e4te vor Ort gereinigt werden k\u00f6nnen (CIP) und kein Ausbau aus dem System erforderlich ist. Shaw<br \/>\nTypen: Adapter \u2013 Kappen \u2013 Kreuze \u2013 Winkelst\u00fccke \u2013 Seitenteile \u2013 Reduzierst\u00fccke \u2013 Stub-Enden \u2013 T-St\u00fccke \u2013 echte Wyes \u2013 U-B\u00f6gen<br \/>\nEs wird auf das Rohrleitungssystem aus Edelstahl angewendet, das f\u00fcr Milch, Lebensmittel, S\u00e4fte, Bier, Arzneimittel usw. verwendet wird.<br \/>\nTankzubeh\u00f6r ist einfach zu installieren.<br \/>\nProblemloses Schwei\u00dfen und Montieren und h\u00f6chstm\u00f6gliche Festigkeit.<br \/>\nAnforderungen an das Schwei\u00dfen: Wir sind uns der st\u00e4ndig steigenden Anforderungen an die Qualit\u00e4t des Schwei\u00dfens bewusst. Um diesen Anspr\u00fcchen gerecht zu werden, entsprechen alle unsere Schwei\u00dfn\u00e4hte und Formteile den h\u00f6chsten Standards. Die Reduzierst\u00fccke haben zylindrische Anschwei\u00dfenden und sind f\u00fcr alle Rohrkombinationen erh\u00e4ltlich, sodass Sie den richtigen Durchmesser und die richtige Wandst\u00e4rke f\u00fcr Ihren Prozess erhalten.<\/p>\n<\/div>\n<p>STV Valve Technology Group Co., Ltd ist ein professioneller Hersteller von T-St\u00fccken mit geschwei\u00dften Enden aus Edelstahl, Sanit\u00e4r-T-St\u00fccken mit geschwei\u00dften Enden, Y-T-St\u00fccken aus Edelstahl, Y-T-St\u00fccken und Sanit\u00e4r-Edelstahl-T-St\u00fccken mit hoher Qualit\u00e4t und wettbewerbsf\u00e4higen Preisen.<\/p>\n<\/div>\n<\/div>","protected":false},"featured_media":4766,"template":"","meta":[],"product_brand":[],"product_cat":[966,969],"product_tag":[823,822,824,825],"class_list":{"0":"post-4763","1":"product","2":"type-product","3":"status-publish","4":"has-post-thumbnail","6":"product_cat-pipe-fitting","7":"product_cat-sanitary-pipe-fitting-and-valves","8":"product_tag-sanitary-welded-end-tee","9":"product_tag-stainless-steel-welded-end-tee","10":"product_tag-stainless-steel-y-type-tee","11":"product_tag-y-type-tee","13":"first","14":"instock","15":"shipping-taxable","16":"product-type-simple"},"_links":{"self":[{"href":"https:\/\/www.stvvalves.com\/de\/wp-json\/wp\/v2\/product\/4763","targetHints":{"allow":["GET"]}}],"collection":[{"href":"https:\/\/www.stvvalves.com\/de\/wp-json\/wp\/v2\/product"}],"about":[{"href":"https:\/\/www.stvvalves.com\/de\/wp-json\/wp\/v2\/types\/product"}],"wp:featuredmedia":[{"embeddable":true,"href":"https:\/\/www.stvvalves.com\/de\/wp-json\/wp\/v2\/media\/4766"}],"wp:attachment":[{"href":"https:\/\/www.stvvalves.com\/de\/wp-json\/wp\/v2\/media?parent=4763"}],"wp:term":[{"taxonomy":"product_brand","embeddable":true,"href":"https:\/\/www.stvvalves.com\/de\/wp-json\/wp\/v2\/product_brand?post=4763"},{"taxonomy":"product_cat","embeddable":true,"href":"https:\/\/www.stvvalves.com\/de\/wp-json\/wp\/v2\/product_cat?post=4763"},{"taxonomy":"product_tag","embeddable":true,"href":"https:\/\/www.stvvalves.com\/de\/wp-json\/wp\/v2\/product_tag?post=4763"}],"curies":[{"name":"wp","href":"https:\/\/api.w.org\/{rel}","templated":true}]}}