{"id":4767,"date":"2019-04-22T07:39:31","date_gmt":"2019-04-22T07:39:31","guid":{"rendered":"https:\/\/www.stvvalves.com\/?post_type=product&#038;p=4767"},"modified":"2025-02-17T18:30:35","modified_gmt":"2025-02-17T10:30:35","slug":"hygienic-stainless-steel-forged-welded-end-tube-tee","status":"publish","type":"product","link":"https:\/\/www.stvvalves.com\/de\/products\/hygienic-stainless-steel-forged-welded-end-tube-tee\/","title":{"rendered":"Hygienisches, geschmiedetes, geschwei\u00dftes Endrohr-T-St\u00fcck aus Edelstahl"},"content":{"rendered":"<p>Sanit\u00e4r-Y-T-St\u00fcck mit geschwei\u00dftem Ende aus Edelstahl<\/p>\n<p>Anschlussende: geschwei\u00dft, geklemmt, mit Gewinde, Anschlusstyp,<br \/>\nStandard: DIN, SMS, ISO, 3A, BPE, IDF, AS, BS<br \/>\nGr\u00f6\u00dfe: DN15\u2013150, 1\/2\u20136 Zoll<br \/>\nMaterial: SS304, SS304L, SS316, SS316L<br \/>\nJe nach Anforderung aus geschwei\u00dftem Rohr oder nahtlosem Rohr hergestellt<br \/>\nOberfl\u00e4chenbeschaffenheit: Spiegel, matt, je nach Anforderung<br \/>\nInnen Ra 0,4, Au\u00dfenseite Ra 0,8<br \/>\nRundheit und Dickengleichheit entsprechen dem internationalen Lebensmittelstandard<br \/>\nAnwendung: Lebensmittel-, Getr\u00e4nke-, Molkerei-, Pharma-, Chemie- oder andere Lebensmittelverarbeitungsindustrien<\/p>\n<div id=\"attachment_4768\" style=\"width: 872px\" class=\"wp-caption alignleft\"><img loading=\"lazy\" decoding=\"async\" aria-describedby=\"caption-attachment-4768\" class=\"size-full wp-image-4768\" src=\"https:\/\/www.stvvalves.com\/wp-content\/uploads\/2019\/04\/hygienic-stainless-steel-forged-welded-end-tube-tee-catalog.jpg\" alt=\"\" width=\"862\" height=\"508\" srcset=\"https:\/\/www.stvvalves.com\/wp-content\/uploads\/2019\/04\/hygienic-stainless-steel-forged-welded-end-tube-tee-catalog.jpg 862w, https:\/\/www.stvvalves.com\/wp-content\/uploads\/2019\/04\/hygienic-stainless-steel-forged-welded-end-tube-tee-catalog-600x354.jpg 600w, https:\/\/www.stvvalves.com\/wp-content\/uploads\/2019\/04\/hygienic-stainless-steel-forged-welded-end-tube-tee-catalog-300x177.jpg 300w, https:\/\/www.stvvalves.com\/wp-content\/uploads\/2019\/04\/hygienic-stainless-steel-forged-welded-end-tube-tee-catalog-768x453.jpg 768w, https:\/\/www.stvvalves.com\/wp-content\/uploads\/2019\/04\/hygienic-stainless-steel-forged-welded-end-tube-tee-catalog-705x415.jpg 705w\" sizes=\"auto, (max-width: 862px) 100vw, 862px\" \/><p id=\"caption-attachment-4768\" class=\"wp-caption-text\">Hersteller von hygienisch geschmiedetem geschwei\u00dftem Edelstahl-Rohr-T-St\u00fcck in China, geschwei\u00dftem Edelstahl-T-St\u00fcck, geschwei\u00dftem Rohr-T-St\u00fcck, Y-Typ-T-St\u00fcck, hygienischem T-St\u00fcck, Edelstahl-T-St\u00fcck, Hersteller von hygienisch geschmiedetem geschwei\u00dftem T-St\u00fcck<\/p><\/div>","protected":false},"excerpt":{"rendered":"<div>Hygienisches, geschmiedetes, geschwei\u00dftes Endrohr-T-St\u00fcck aus Edelstahl<br \/>\nEs wird auf das Rohrleitungssystem aus Edelstahl angewendet, das f\u00fcr Milch, Lebensmittel, S\u00e4fte, Bier, Arzneimittel usw. verwendet wird.<br \/>\nSTV Valve Technology Group Co., Ltd ist ein professioneller Marktf\u00fchrer in China f\u00fcr hygienisch geschmiedete geschwei\u00dfte Endrohr-T-St\u00fccke aus Edelstahl, geschwei\u00dfte Edelstahl-T-St\u00fccke, geschwei\u00dfte Rohr-T-St\u00fccke, Y-Typ-T-St\u00fccke, hygienische T-St\u00fccke, Edelstahl-T-St\u00fccke und Hersteller von hygienisch geschmiedeten geschwei\u00dften T-St\u00fccken mit hoher Qualit\u00e4t Qualit\u00e4t und wettbewerbsf\u00e4higer Preis.<\/div>","protected":false},"featured_media":4769,"template":"","meta":[],"product_brand":[],"product_cat":[966,969],"product_tag":[827,830,826,829,785,828],"class_list":{"0":"post-4767","1":"product","2":"type-product","3":"status-publish","4":"has-post-thumbnail","6":"product_cat-pipe-fitting","7":"product_cat-sanitary-pipe-fitting-and-valves","8":"product_tag-china-stainless-steel-welded-tee","9":"product_tag-hygienic-forged-welded-tee","10":"product_tag-hygienic-stainless-steel-forged-welded-end-tube-tee","11":"product_tag-hygienic-tee","12":"product_tag-stainless-steel-tee","13":"product_tag-welded-tube-tee","15":"first","16":"instock","17":"shipping-taxable","18":"product-type-simple"},"_links":{"self":[{"href":"https:\/\/www.stvvalves.com\/de\/wp-json\/wp\/v2\/product\/4767","targetHints":{"allow":["GET"]}}],"collection":[{"href":"https:\/\/www.stvvalves.com\/de\/wp-json\/wp\/v2\/product"}],"about":[{"href":"https:\/\/www.stvvalves.com\/de\/wp-json\/wp\/v2\/types\/product"}],"wp:featuredmedia":[{"embeddable":true,"href":"https:\/\/www.stvvalves.com\/de\/wp-json\/wp\/v2\/media\/4769"}],"wp:attachment":[{"href":"https:\/\/www.stvvalves.com\/de\/wp-json\/wp\/v2\/media?parent=4767"}],"wp:term":[{"taxonomy":"product_brand","embeddable":true,"href":"https:\/\/www.stvvalves.com\/de\/wp-json\/wp\/v2\/product_brand?post=4767"},{"taxonomy":"product_cat","embeddable":true,"href":"https:\/\/www.stvvalves.com\/de\/wp-json\/wp\/v2\/product_cat?post=4767"},{"taxonomy":"product_tag","embeddable":true,"href":"https:\/\/www.stvvalves.com\/de\/wp-json\/wp\/v2\/product_tag?post=4767"}],"curies":[{"name":"wp","href":"https:\/\/api.w.org\/{rel}","templated":true}]}}