{"id":4770,"date":"2019-04-23T05:35:56","date_gmt":"2019-04-23T05:35:56","guid":{"rendered":"https:\/\/www.stvvalves.com\/?post_type=product&#038;p=4770"},"modified":"2025-02-17T18:30:34","modified_gmt":"2025-02-17T10:30:34","slug":"sanitary-stainless-steel-clamp-end-equal-tee","status":"publish","type":"product","link":"https:\/\/www.stvvalves.com\/de\/products\/sanitary-stainless-steel-clamp-end-equal-tee\/","title":{"rendered":"Sanit\u00e4r-Edelstahl-Klemmende, gleiches T-St\u00fcck"},"content":{"rendered":"<p>Sanit\u00e4r-Edelstahl-Klemmende, gleiches T-St\u00fcck<\/p>\n<p>Anschlussende: geschwei\u00dft, geklemmt, mit Gewinde, Anschlusstyp,<br \/>\nStandard: DIN, SMS, ISO, 3A, BPE, IDF, AS, BS<br \/>\nGr\u00f6\u00dfe: DN10\u2013300, 1\/2\u20136 Zoll<br \/>\nMaterial: SS304, SS304L, SS316, SS316L<br \/>\nJe nach Anforderung aus geschwei\u00dftem Rohr oder nahtlosem Rohr hergestellt<br \/>\nOberfl\u00e4chenbeschaffenheit: Spiegel, matt, je nach Anforderung<br \/>\nInnen Ra 0,4, Au\u00dfenseite Ra 0,8<br \/>\nRundheit und Dickengleichheit entsprechen dem internationalen Lebensmittelstandard<br \/>\nAnwendung: Lebensmittel-, Getr\u00e4nke-, Molkerei-, Pharma-, Chemie- oder andere Lebensmittelverarbeitungsindustrien<\/p>\n<div id=\"attachment_4780\" style=\"width: 866px\" class=\"wp-caption alignleft\"><img loading=\"lazy\" decoding=\"async\" aria-describedby=\"caption-attachment-4780\" class=\"size-full wp-image-4780\" src=\"https:\/\/www.stvvalves.com\/wp-content\/uploads\/2019\/04\/sanitary-stainless-steel-clamp-end-equal-tee-catalog.jpg\" alt=\"\" width=\"856\" height=\"689\" srcset=\"https:\/\/www.stvvalves.com\/wp-content\/uploads\/2019\/04\/sanitary-stainless-steel-clamp-end-equal-tee-catalog.jpg 856w, https:\/\/www.stvvalves.com\/wp-content\/uploads\/2019\/04\/sanitary-stainless-steel-clamp-end-equal-tee-catalog-600x483.jpg 600w, https:\/\/www.stvvalves.com\/wp-content\/uploads\/2019\/04\/sanitary-stainless-steel-clamp-end-equal-tee-catalog-300x241.jpg 300w, https:\/\/www.stvvalves.com\/wp-content\/uploads\/2019\/04\/sanitary-stainless-steel-clamp-end-equal-tee-catalog-768x618.jpg 768w, https:\/\/www.stvvalves.com\/wp-content\/uploads\/2019\/04\/sanitary-stainless-steel-clamp-end-equal-tee-catalog-705x567.jpg 705w\" sizes=\"auto, (max-width: 856px) 100vw, 856px\" \/><p id=\"caption-attachment-4780\" class=\"wp-caption-text\">Hersteller von Sanit\u00e4r-Edelstahl-Klemmenden mit gleichem T-St\u00fcck, Edelstahl-Klemmende-T-St\u00fcck, Sanit\u00e4r-Klemmende-T-St\u00fcck, Klemmende mit gleichem T-St\u00fcck, Sanit\u00e4r-T-St\u00fcck, Hersteller von Sanit\u00e4r-Edelstahl-T-St\u00fccken<\/p><\/div>","protected":false},"excerpt":{"rendered":"<div class=\"woocommerce-product-details__short-description\">\n<div class=\"woocommerce-product-details__short-description\">\n<div class=\"woocommerce-product-details__short-description\">\n<div>Es wird auf das Rohrleitungssystem aus Edelstahl angewendet, das f\u00fcr Milch, Lebensmittel, S\u00e4fte, Bier, Arzneimittel usw. verwendet wird.<br \/>\nTankzubeh\u00f6r ist einfach zu installieren.<br \/>\nProblemloses Schwei\u00dfen und Montieren und h\u00f6chstm\u00f6gliche Festigkeit.<br \/>\nAnforderungen an das Schwei\u00dfen: Wir sind uns der st\u00e4ndig steigenden Anforderungen an die Qualit\u00e4t des Schwei\u00dfens bewusst. Um diesen Anspr\u00fcchen gerecht zu werden, entsprechen alle unsere Schwei\u00dfn\u00e4hte und Formteile den h\u00f6chsten Standards. Die Reduzierst\u00fccke haben zylindrische Anschwei\u00dfenden und sind f\u00fcr alle Rohrkombinationen erh\u00e4ltlich, sodass Sie den richtigen Durchmesser und die richtige Wandst\u00e4rke f\u00fcr Ihren Prozess erhalten.<\/div>\n<p>STV Valve Technology Group Co., Ltd ist ein professioneller Marktf\u00fchrer f\u00fcr Sanit\u00e4r-Edelstahl-Klemmenden mit gleichem T-St\u00fcck, Edelstahl-Klemmenden-T-St\u00fcck, Sanit\u00e4r-Klemmende-T-St\u00fcck, Klemmende-Gleich-T-St\u00fcck, Sanit\u00e4r-T-St\u00fcck, Hersteller von Sanit\u00e4r-Edelstahl-T-St\u00fccken mit hoher Qualit\u00e4t und Wettbewerbsf\u00e4higkeit Preis.<\/p>\n<\/div>\n<\/div>\n<\/div>\n<form class=\"cart\" action=\"https:\/\/www.stvvalves.com\/de\/product\/stainless-steel-sanitary-welded-end-y-type-tee\/\" enctype=\"multipart\/form-data\" method=\"post\" data-trp-original-action=\"https:\/\/www.stvvalves.com\/product\/stainless-steel-sanitary-welded-end-y-type-tee\/\">\n<div class=\"wcpa_form_outer\"><\/div>\n<div class=\"quantity\"><\/div>\n<div class=\"addquotelistlink\">\n<div class=\"quotelistadd_prodpage\"><\/div>\n<\/div>\n<input type=\"hidden\" name=\"trp-form-language\" value=\"de\"\/><\/form>","protected":false},"featured_media":4781,"template":"","meta":[],"product_brand":[],"product_cat":[966,969],"product_tag":[834,832,831,836,835,833],"class_list":{"0":"post-4770","1":"product","2":"type-product","3":"status-publish","4":"has-post-thumbnail","6":"product_cat-pipe-fitting","7":"product_cat-sanitary-pipe-fitting-and-valves","8":"product_tag-clamp-end-equal-tee","9":"product_tag-sanitary-clamp-end-tee","10":"product_tag-sanitary-stainless-steel-clamp-end-equal-tee","11":"product_tag-sanitary-stainless-steel-tee-manufacturers","12":"product_tag-sanitary-tee","13":"product_tag-stainless-steel-clamp-end-tee","15":"first","16":"instock","17":"shipping-taxable","18":"product-type-simple"},"_links":{"self":[{"href":"https:\/\/www.stvvalves.com\/de\/wp-json\/wp\/v2\/product\/4770","targetHints":{"allow":["GET"]}}],"collection":[{"href":"https:\/\/www.stvvalves.com\/de\/wp-json\/wp\/v2\/product"}],"about":[{"href":"https:\/\/www.stvvalves.com\/de\/wp-json\/wp\/v2\/types\/product"}],"wp:featuredmedia":[{"embeddable":true,"href":"https:\/\/www.stvvalves.com\/de\/wp-json\/wp\/v2\/media\/4781"}],"wp:attachment":[{"href":"https:\/\/www.stvvalves.com\/de\/wp-json\/wp\/v2\/media?parent=4770"}],"wp:term":[{"taxonomy":"product_brand","embeddable":true,"href":"https:\/\/www.stvvalves.com\/de\/wp-json\/wp\/v2\/product_brand?post=4770"},{"taxonomy":"product_cat","embeddable":true,"href":"https:\/\/www.stvvalves.com\/de\/wp-json\/wp\/v2\/product_cat?post=4770"},{"taxonomy":"product_tag","embeddable":true,"href":"https:\/\/www.stvvalves.com\/de\/wp-json\/wp\/v2\/product_tag?post=4770"}],"curies":[{"name":"wp","href":"https:\/\/api.w.org\/{rel}","templated":true}]}}