{"id":4782,"date":"2019-04-23T06:02:56","date_gmt":"2019-04-23T06:02:56","guid":{"rendered":"https:\/\/www.stvvalves.com\/?post_type=product&#038;p=4782"},"modified":"2025-02-17T18:30:33","modified_gmt":"2025-02-17T10:30:33","slug":"sanitary-stainless-steel-male-thread-butterfly-valve-with-round-pull-handle","status":"publish","type":"product","link":"https:\/\/www.stvvalves.com\/de\/products\/sanitary-stainless-steel-male-thread-butterfly-valve-with-round-pull-handle\/","title":{"rendered":"Sanit\u00e4r-Absperrklappe aus Edelstahl mit Au\u00dfengewinde und rundem Zuggriff"},"content":{"rendered":"<p>Sanit\u00e4r-Absperrklappe aus Edelstahl mit Au\u00dfengewinde und rundem Zuggriff<\/p>\n<p>Merkmale:<br \/>\nBessere S\u00e4urebest\u00e4ndigkeit, Alkalibest\u00e4ndigkeit und hohe Temperaturbest\u00e4ndigkeit<br \/>\nTemperatur: -10\u00b0C bis 120\u00b0C<br \/>\nMehr als drei\u00dfigtausend Sicherheitstests<br \/>\nOberfl\u00e4cheng\u00fcte au\u00dfen: Ra 1,2<br \/>\nSpezielles Dichtungsdesign, Fl\u00fcssigkeit r\u00fcckstandsfrei<br \/>\nDer Ventilteller ist geschmiedet.<br \/>\nDer Ventilk\u00f6rper ist geschmiedet.<br \/>\nManueller Griff: Ziehgriff, Kunststoff-Greifgriff oder Edelstahl-Greifgriff<br \/>\nDichtung: EPDM, Silikon oder Viton<br \/>\nAlle Dichtungen sind von der FDA zugelassen<br \/>\nMax. Druck: 16BAR f\u00fcr Schwei\u00dfverbindungen; 10BAR f\u00fcr andere Anschl\u00fcsse<br \/>\nMindest. Druck: 0,2 bar<br \/>\nKompakte Bauweise, einfache Wartung und hohes Drehmoment<\/p>\n<p>Anschlussende: Schwei\u00dfen, Tri-Clamp, Verschraubung, Flansch, Au\u00dfengewinde, Innengewinde<br \/>\nStandard: DIN, SMS, ISO, 3A, IDF<br \/>\nMaterial: SS304, SS316L<br \/>\nInnenoberfl\u00e4chenbeschaffenheit: Ra0,4<br \/>\nGr\u00f6\u00dfe: DN20-DN300, 3\/4\u2033-10\u2033<br \/>\nStandard: Ziehgriff normalerweise mit 3 Positionen (4 Positionen k\u00f6nnen individuell angepasst werden)<br \/>\nGreifergriff normalerweise mit 13 Positionen.<\/p>\n<p>Anwendung: Lebensmittel-, Getr\u00e4nke-, Molkerei-, Pharma-, Chemie- oder andere Lebensmittelverarbeitungsindustrien<\/p>\n<div id=\"attachment_4783\" style=\"width: 885px\" class=\"wp-caption alignleft\"><img loading=\"lazy\" decoding=\"async\" aria-describedby=\"caption-attachment-4783\" class=\"size-full wp-image-4783\" src=\"https:\/\/www.stvvalves.com\/wp-content\/uploads\/2019\/04\/sanitary-stainless-steel-male-thread-butterfly-valve-with-round-pull-handle-catalog.jpg\" alt=\"\" width=\"875\" height=\"658\" srcset=\"https:\/\/www.stvvalves.com\/wp-content\/uploads\/2019\/04\/sanitary-stainless-steel-male-thread-butterfly-valve-with-round-pull-handle-catalog.jpg 875w, https:\/\/www.stvvalves.com\/wp-content\/uploads\/2019\/04\/sanitary-stainless-steel-male-thread-butterfly-valve-with-round-pull-handle-catalog-600x451.jpg 600w, https:\/\/www.stvvalves.com\/wp-content\/uploads\/2019\/04\/sanitary-stainless-steel-male-thread-butterfly-valve-with-round-pull-handle-catalog-300x226.jpg 300w, https:\/\/www.stvvalves.com\/wp-content\/uploads\/2019\/04\/sanitary-stainless-steel-male-thread-butterfly-valve-with-round-pull-handle-catalog-768x578.jpg 768w, https:\/\/www.stvvalves.com\/wp-content\/uploads\/2019\/04\/sanitary-stainless-steel-male-thread-butterfly-valve-with-round-pull-handle-catalog-705x530.jpg 705w\" sizes=\"auto, (max-width: 875px) 100vw, 875px\" \/><p id=\"caption-attachment-4783\" class=\"wp-caption-text\">Hersteller von Sanit\u00e4r-Absperrklappen in China, Sanit\u00e4r-Absperrklappen mit Gewinde, Sanit\u00e4r-Absperrklappen mit Gewinde, Hersteller von Sanit\u00e4r-Absperrklappen mit Zuggriff, Sanit\u00e4r-Absperrklappen mit Edelstahl-Ziehgriff<\/p><\/div>","protected":false},"excerpt":{"rendered":"<p>STV Valve Technology Group Co., Ltd ist ein professioneller Marktf\u00fchrer in China, der Hersteller von Sanit\u00e4r-Absperrklappen, Sanit\u00e4r-Gewinde-Absperrklappen, Sanit\u00e4r-Gewinde-Absperrklappen, Sanit\u00e4r-Absperrklappen mit Zuggriff und Sanit\u00e4r-Absperrklappen mit SS-Zuggriff mit hoher Qualit\u00e4t und wettbewerbsf\u00e4higen Preisen herstellt.<\/p>\n<p>Unser Absperrklappengeh\u00e4use kann mit Schwei\u00dfende, Au\u00dfenende, Innenende und Klemmende angeboten werden. Unsere Absperrklappen k\u00f6nnen mit verschiedenen Grifftypen wie 4-Positionen-Ziehgriff, 12-Positionen-Greifgriff und 10 weiteren Typen oder mit Stellantrieb zur automatischen Steuerung f\u00fcr Ihre weit verbreitete Verwendung installiert werden.<br \/>\nDer K\u00f6rper und die Scheibe der Absperrklappe bestehen vollst\u00e4ndig aus CNC-gefr\u00e4stem, hochglanzpoliertem Material.<br \/>\nAlle Produkte wurden vor dem Versand einem hundertprozentigen Pressetest unterzogen.<br \/>\nEs ist notwendig, dass Sie zum Zeitpunkt der Bestellung angeben, ob W\u00e4rmenummern und MTRs erforderlich sind.<br \/>\nF\u00fcr den Einbau in unsere Absperrklappen sind EPDM-, Silikon- und Viton-Sitze erh\u00e4ltlich, die f\u00fcr viele Anwendungen in der Lebensmittel-, Molkerei-, Getr\u00e4nke-, Fleischverarbeitungs-, Chemie- und vielen anderen Branchen geeignet sind.<\/p>\n<p>&nbsp;<\/p>","protected":false},"featured_media":4784,"template":"","meta":[],"product_brand":[],"product_cat":[966,969],"product_tag":[837,840,841,838,839],"class_list":{"0":"post-4782","1":"product","2":"type-product","3":"status-publish","4":"has-post-thumbnail","6":"product_cat-pipe-fitting","7":"product_cat-sanitary-pipe-fitting-and-valves","8":"product_tag-sanitary-butterfly-valve","9":"product_tag-sanitary-butterfly-valve-with-pull-handle","10":"product_tag-sanitary-butterfly-valve-with-ss-pull-handle-manufacturers","11":"product_tag-sanitary-thread-butterfly-valve","12":"product_tag-sanitary-thread-butterfly-valves","14":"first","15":"instock","16":"shipping-taxable","17":"product-type-simple"},"_links":{"self":[{"href":"https:\/\/www.stvvalves.com\/de\/wp-json\/wp\/v2\/product\/4782","targetHints":{"allow":["GET"]}}],"collection":[{"href":"https:\/\/www.stvvalves.com\/de\/wp-json\/wp\/v2\/product"}],"about":[{"href":"https:\/\/www.stvvalves.com\/de\/wp-json\/wp\/v2\/types\/product"}],"wp:featuredmedia":[{"embeddable":true,"href":"https:\/\/www.stvvalves.com\/de\/wp-json\/wp\/v2\/media\/4784"}],"wp:attachment":[{"href":"https:\/\/www.stvvalves.com\/de\/wp-json\/wp\/v2\/media?parent=4782"}],"wp:term":[{"taxonomy":"product_brand","embeddable":true,"href":"https:\/\/www.stvvalves.com\/de\/wp-json\/wp\/v2\/product_brand?post=4782"},{"taxonomy":"product_cat","embeddable":true,"href":"https:\/\/www.stvvalves.com\/de\/wp-json\/wp\/v2\/product_cat?post=4782"},{"taxonomy":"product_tag","embeddable":true,"href":"https:\/\/www.stvvalves.com\/de\/wp-json\/wp\/v2\/product_tag?post=4782"}],"curies":[{"name":"wp","href":"https:\/\/api.w.org\/{rel}","templated":true}]}}