{"id":4785,"date":"2019-04-23T06:17:50","date_gmt":"2019-04-23T06:17:50","guid":{"rendered":"https:\/\/www.stvvalves.com\/?post_type=product&#038;p=4785"},"modified":"2025-02-17T18:30:31","modified_gmt":"2025-02-17T10:30:31","slug":"ss304-ss316l-hygienic-sanitary-stainless-steel-thread-butterfly-valve","status":"publish","type":"product","link":"https:\/\/www.stvvalves.com\/de\/products\/ss304-ss316l-hygienic-sanitary-stainless-steel-thread-butterfly-valve\/","title":{"rendered":"SS304 SS316L Hygienische Sanit\u00e4r-Absperrklappe aus Edelstahl mit Gewinde"},"content":{"rendered":"<p>SS304 SS316L Hygienische Sanit\u00e4r-Absperrklappe aus Edelstahl mit Gewinde<\/p>\n<p>Merkmale:<br \/>\nBessere S\u00e4urebest\u00e4ndigkeit, Alkalibest\u00e4ndigkeit und hohe Temperaturbest\u00e4ndigkeit<br \/>\nTemperatur: -10\u00b0C bis 120\u00b0C<br \/>\nMehr als drei\u00dfigtausend Sicherheitstests<br \/>\nOberfl\u00e4cheng\u00fcte au\u00dfen: Ra 1,2<br \/>\nSpezielles Dichtungsdesign, Fl\u00fcssigkeit r\u00fcckstandsfrei<br \/>\nDer Ventilteller ist geschmiedet.<br \/>\nDer Ventilk\u00f6rper ist geschmiedet.<br \/>\nManueller Griff: Ziehgriff, Kunststoff-Greifgriff oder Edelstahl-Greifgriff<br \/>\nDichtung: EPDM, Silikon oder Viton<br \/>\nAlle Dichtungen sind von der FDA zugelassen<br \/>\nMax. Druck: 16BAR f\u00fcr Schwei\u00dfverbindungen; 10BAR f\u00fcr andere Anschl\u00fcsse<br \/>\nMindest. Druck: 0,2 bar<br \/>\nKompakte Bauweise, einfache Wartung und hohes Drehmoment<\/p>\n<p>Anschlussende: Schwei\u00dfen, Tri-Clamp, Verschraubung, Flansch, Au\u00dfengewinde, Innengewinde<br \/>\nStandard: DIN, SMS, ISO, 3A, IDF<br \/>\nMaterial: SS304, SS316L<br \/>\nInnenoberfl\u00e4chenbeschaffenheit: Ra0,4<br \/>\nGr\u00f6\u00dfe: DN20-DN300, 3\/4\u2033-10\u2033<br \/>\nStandard: Ziehgriff normalerweise mit 3 Positionen (4 Positionen k\u00f6nnen individuell angepasst werden)<br \/>\nGreifergriff normalerweise mit 13 Positionen.<\/p>\n<p>Anwendung: Lebensmittel-, Getr\u00e4nke-, Molkerei-, Pharma-, Chemie- oder andere Lebensmittelverarbeitungsindustrien<\/p>\n<div id=\"attachment_4788\" style=\"width: 852px\" class=\"wp-caption alignleft\"><img loading=\"lazy\" decoding=\"async\" aria-describedby=\"caption-attachment-4788\" class=\"size-full wp-image-4788\" src=\"https:\/\/www.stvvalves.com\/wp-content\/uploads\/2019\/04\/ss304-ss316l-hygienic-sanitary-stainless-steel-thread-butterfly-valve-catalog.jpg\" alt=\"\" width=\"842\" height=\"632\" srcset=\"https:\/\/www.stvvalves.com\/wp-content\/uploads\/2019\/04\/ss304-ss316l-hygienic-sanitary-stainless-steel-thread-butterfly-valve-catalog.jpg 842w, https:\/\/www.stvvalves.com\/wp-content\/uploads\/2019\/04\/ss304-ss316l-hygienic-sanitary-stainless-steel-thread-butterfly-valve-catalog-600x450.jpg 600w, https:\/\/www.stvvalves.com\/wp-content\/uploads\/2019\/04\/ss304-ss316l-hygienic-sanitary-stainless-steel-thread-butterfly-valve-catalog-300x225.jpg 300w, https:\/\/www.stvvalves.com\/wp-content\/uploads\/2019\/04\/ss304-ss316l-hygienic-sanitary-stainless-steel-thread-butterfly-valve-catalog-768x576.jpg 768w, https:\/\/www.stvvalves.com\/wp-content\/uploads\/2019\/04\/ss304-ss316l-hygienic-sanitary-stainless-steel-thread-butterfly-valve-catalog-705x529.jpg 705w\" sizes=\"auto, (max-width: 842px) 100vw, 842px\" \/><p id=\"caption-attachment-4788\" class=\"wp-caption-text\">China Sanit\u00e4r-Absperrklappe mit Schwei\u00dfgewinde, Absperrklappe mit Gewinde in Lebensmittelqualit\u00e4t, Sanit\u00e4r-Absperrklappe mit Schwei\u00dfgewinde, Absperrklappe mit Zuggriff, Hersteller von Absperrklappen aus SS304<\/p><\/div>","protected":false},"excerpt":{"rendered":"<p>STV Valve Technology Group Co., Ltd ist ein professioneller Marktf\u00fchrer in China, Hersteller von Absperrklappen mit geschwei\u00dftem Sanit\u00e4rgewinde, Absperrklappen mit Gewinde in Lebensmittelqualit\u00e4t, Absperrklappen mit geschwei\u00dftem Sanit\u00e4rbereich, Absperrklappe mit Zuggriff und Hersteller von Absperrklappen aus SS304 mit hoher Qualit\u00e4t und wettbewerbsf\u00e4higen Preisen.<\/p>\n<p>Unser Absperrklappengeh\u00e4use kann mit Schwei\u00dfende, Au\u00dfenende, Innenende und Klemmende angeboten werden. Unsere Absperrklappen k\u00f6nnen mit verschiedenen Grifftypen wie 4-Positionen-Ziehgriff, 12-Positionen-Greifgriff und 10 weiteren Typen oder mit Stellantrieb zur automatischen Steuerung f\u00fcr Ihre weit verbreitete Verwendung installiert werden.<br \/>\nDer K\u00f6rper und die Scheibe der Absperrklappe bestehen vollst\u00e4ndig aus CNC-gefr\u00e4stem, hochglanzpoliertem Material.<br \/>\nAlle Produkte wurden vor dem Versand einem hundertprozentigen Pressetest unterzogen.<br \/>\nEs ist notwendig, dass Sie zum Zeitpunkt der Bestellung angeben, ob W\u00e4rmenummern und MTRs erforderlich sind.<br \/>\nF\u00fcr den Einbau in unsere Absperrklappen sind EPDM-, Silikon- und Viton-Sitze erh\u00e4ltlich, die f\u00fcr viele Anwendungen in der Lebensmittel-, Molkerei-, Getr\u00e4nke-, Fleischverarbeitungs-, Chemie- und vielen anderen Branchen geeignet sind.<\/p>","protected":false},"featured_media":4787,"template":"","meta":[],"product_brand":[],"product_cat":[966,969],"product_tag":[845,843,844,842,846],"class_list":{"0":"post-4785","1":"product","2":"type-product","3":"status-publish","4":"has-post-thumbnail","6":"product_cat-pipe-fitting","7":"product_cat-sanitary-pipe-fitting-and-valves","8":"product_tag-butterfly-valve-with-pull-handle","9":"product_tag-food-grade-thread-butterfly-valve","10":"product_tag-sanitary-weld-butterfly-valve","11":"product_tag-sanitary-weld-thread-butterfly-valve","12":"product_tag-ss304-butterfly-valve-manufacturers","14":"first","15":"instock","16":"shipping-taxable","17":"product-type-simple"},"_links":{"self":[{"href":"https:\/\/www.stvvalves.com\/de\/wp-json\/wp\/v2\/product\/4785","targetHints":{"allow":["GET"]}}],"collection":[{"href":"https:\/\/www.stvvalves.com\/de\/wp-json\/wp\/v2\/product"}],"about":[{"href":"https:\/\/www.stvvalves.com\/de\/wp-json\/wp\/v2\/types\/product"}],"wp:featuredmedia":[{"embeddable":true,"href":"https:\/\/www.stvvalves.com\/de\/wp-json\/wp\/v2\/media\/4787"}],"wp:attachment":[{"href":"https:\/\/www.stvvalves.com\/de\/wp-json\/wp\/v2\/media?parent=4785"}],"wp:term":[{"taxonomy":"product_brand","embeddable":true,"href":"https:\/\/www.stvvalves.com\/de\/wp-json\/wp\/v2\/product_brand?post=4785"},{"taxonomy":"product_cat","embeddable":true,"href":"https:\/\/www.stvvalves.com\/de\/wp-json\/wp\/v2\/product_cat?post=4785"},{"taxonomy":"product_tag","embeddable":true,"href":"https:\/\/www.stvvalves.com\/de\/wp-json\/wp\/v2\/product_tag?post=4785"}],"curies":[{"name":"wp","href":"https:\/\/api.w.org\/{rel}","templated":true}]}}