{"id":4790,"date":"2019-04-23T07:06:26","date_gmt":"2019-04-23T07:06:26","guid":{"rendered":"https:\/\/www.stvvalves.com\/?post_type=product&#038;p=4790"},"modified":"2025-02-17T18:30:32","modified_gmt":"2025-02-17T10:30:32","slug":"sanitary-stainless-steel-3pcs-butterfly-valve-with-ss-handle","status":"publish","type":"product","link":"https:\/\/www.stvvalves.com\/de\/products\/sanitary-stainless-steel-3pcs-butterfly-valve-with-ss-handle\/","title":{"rendered":"Sanit\u00e4r-Edelstahl-3-teiliges Absperrventil mit SS-Griff"},"content":{"rendered":"<p>Merkmale:<br \/>\nBessere S\u00e4urebest\u00e4ndigkeit, Alkalibest\u00e4ndigkeit und hohe Temperaturbest\u00e4ndigkeit<br \/>\nTemperatur: -10\u00b0C bis 120\u00b0C<br \/>\nMehr als drei\u00dfigtausend Sicherheitstests<br \/>\nOberfl\u00e4cheng\u00fcte au\u00dfen: Ra 1,2<br \/>\nSpezielles Dichtungsdesign, Fl\u00fcssigkeit r\u00fcckstandsfrei<br \/>\nDer Ventilteller ist geschmiedet.<br \/>\nDer Ventilk\u00f6rper ist geschmiedet.<br \/>\nManueller Griff: Ziehgriff, Kunststoff-Greifgriff oder Edelstahl-Greifgriff<br \/>\nDichtung: EPDM, Silikon oder Viton<br \/>\nAlle Dichtungen sind von der FDA zugelassen<br \/>\nMax. Druck: 16BAR f\u00fcr Schwei\u00dfverbindungen; 10BAR f\u00fcr andere Anschl\u00fcsse<br \/>\nMindest. Druck: 0,2 bar<br \/>\nKompakte Bauweise, einfache Wartung und hohes Drehmoment<\/p>\n<p>Anschlussende: Schwei\u00dfen, Tri-Clamp, Verschraubung, Flansch, Au\u00dfengewinde, Innengewinde<br \/>\nStandard: DIN, SMS, ISO, 3A, IDF<br \/>\nMaterial: SS304, SS316L<br \/>\nInnenoberfl\u00e4chenbeschaffenheit: Ra0,4<br \/>\nGr\u00f6\u00dfe: DN20-DN300, 3\/4\u2033-10\u2033<br \/>\nStandard: Ziehgriff normalerweise mit 3 Positionen (4 Positionen k\u00f6nnen individuell angepasst werden)<br \/>\nGreifergriff normalerweise mit 13 Positionen.<\/p>\n<p>Anwendung: Lebensmittel-, Getr\u00e4nke-, Molkerei-, Pharma-, Chemie- oder andere Lebensmittelverarbeitungsindustrien<\/p>\n<p><img loading=\"lazy\" decoding=\"async\" class=\"alignleft size-full wp-image-5545\" src=\"https:\/\/www.stvvalves.com\/wp-content\/uploads\/2019\/04\/sanitary-stainless-steel-3pcs-butterfly-valve-with-ss-handle-catalog-1.jpg\" alt=\"\" width=\"736\" height=\"829\" srcset=\"https:\/\/www.stvvalves.com\/wp-content\/uploads\/2019\/04\/sanitary-stainless-steel-3pcs-butterfly-valve-with-ss-handle-catalog-1.jpg 736w, https:\/\/www.stvvalves.com\/wp-content\/uploads\/2019\/04\/sanitary-stainless-steel-3pcs-butterfly-valve-with-ss-handle-catalog-1-600x676.jpg 600w, https:\/\/www.stvvalves.com\/wp-content\/uploads\/2019\/04\/sanitary-stainless-steel-3pcs-butterfly-valve-with-ss-handle-catalog-1-266x300.jpg 266w, https:\/\/www.stvvalves.com\/wp-content\/uploads\/2019\/04\/sanitary-stainless-steel-3pcs-butterfly-valve-with-ss-handle-catalog-1-626x705.jpg 626w\" sizes=\"auto, (max-width: 736px) 100vw, 736px\" \/><\/p>","protected":false},"excerpt":{"rendered":"<p>STV Valve Technology Group Co., Ltd ist ein professioneller Marktf\u00fchrer in China f\u00fcr hygienische Absperrklappen, Membran-Absperrklappen-Regelventile, Absperrklappen f\u00fcr den Sanit\u00e4rbereich, Sanit\u00e4r-Absperrklappen mit Zuggriff, Sanit\u00e4r-3-teilige Absperrklappen, Absperrklappen mit Edelstahl-Griffherstellern mit hoher Qualit\u00e4t und konkurrenzf\u00e4higer Preis.<\/p>\n<p>Unser Absperrklappengeh\u00e4use kann mit Schwei\u00dfende, Au\u00dfenende, Innenende und Klemmende angeboten werden. Unsere Absperrklappen k\u00f6nnen mit verschiedenen Grifftypen wie 4-Positionen-Ziehgriff, 12-Positionen-Greifgriff und 10 weiteren Typen oder mit Stellantrieb zur automatischen Steuerung f\u00fcr Ihre weit verbreitete Verwendung installiert werden.<br \/>\nDer K\u00f6rper und die Scheibe der Absperrklappe bestehen vollst\u00e4ndig aus CNC-gefr\u00e4stem, hochglanzpoliertem Material.<br \/>\nAlle Produkte wurden vor dem Versand einem Pressetest unterzogen.<br \/>\nEs ist notwendig, dass Sie zum Zeitpunkt der Bestellung angeben, ob W\u00e4rmenummern und MTRs erforderlich sind.<br \/>\nF\u00fcr den Einbau in unsere Absperrklappen sind EPDM-, Silikon- und Viton-Sitze erh\u00e4ltlich, die f\u00fcr viele Anwendungen in der Lebensmittel-, Molkerei-, Getr\u00e4nke-, Fleischverarbeitungs-, Chemie- und vielen anderen Branchen geeignet sind.<\/p>","protected":false},"featured_media":4792,"template":"","meta":[],"product_brand":[],"product_cat":[966,969],"product_tag":[849,851,848,847,850],"class_list":{"0":"post-4790","1":"product","2":"type-product","3":"status-publish","4":"has-post-thumbnail","6":"product_cat-pipe-fitting","7":"product_cat-sanitary-pipe-fitting-and-valves","8":"product_tag-butterfly-valve-for-sanitary-using","9":"product_tag-butterfly-valve-with-ss-handle-manufacturers","10":"product_tag-diaphragm-butterfly-control-valve","11":"product_tag-hygienic-butterfly-valve","12":"product_tag-sanitary-3pcs-butterfly-valve","14":"first","15":"instock","16":"shipping-taxable","17":"product-type-simple"},"_links":{"self":[{"href":"https:\/\/www.stvvalves.com\/de\/wp-json\/wp\/v2\/product\/4790","targetHints":{"allow":["GET"]}}],"collection":[{"href":"https:\/\/www.stvvalves.com\/de\/wp-json\/wp\/v2\/product"}],"about":[{"href":"https:\/\/www.stvvalves.com\/de\/wp-json\/wp\/v2\/types\/product"}],"wp:featuredmedia":[{"embeddable":true,"href":"https:\/\/www.stvvalves.com\/de\/wp-json\/wp\/v2\/media\/4792"}],"wp:attachment":[{"href":"https:\/\/www.stvvalves.com\/de\/wp-json\/wp\/v2\/media?parent=4790"}],"wp:term":[{"taxonomy":"product_brand","embeddable":true,"href":"https:\/\/www.stvvalves.com\/de\/wp-json\/wp\/v2\/product_brand?post=4790"},{"taxonomy":"product_cat","embeddable":true,"href":"https:\/\/www.stvvalves.com\/de\/wp-json\/wp\/v2\/product_cat?post=4790"},{"taxonomy":"product_tag","embeddable":true,"href":"https:\/\/www.stvvalves.com\/de\/wp-json\/wp\/v2\/product_tag?post=4790"}],"curies":[{"name":"wp","href":"https:\/\/api.w.org\/{rel}","templated":true}]}}