{"id":4824,"date":"2019-04-29T07:07:10","date_gmt":"2019-04-29T07:07:10","guid":{"rendered":"https:\/\/www.stvvalves.com\/?post_type=product&#038;p=4824"},"modified":"2025-02-17T18:29:41","modified_gmt":"2025-02-17T10:29:41","slug":"sanitary-stainless-steel-13mhh-mini-type-clamp-tube-pipe","status":"publish","type":"product","link":"https:\/\/www.stvvalves.com\/de\/products\/sanitary-stainless-steel-13mhh-mini-type-clamp-tube-pipe\/","title":{"rendered":"Sanit\u00e4r-Edelstahl 13MHH Mini-Klemmrohr"},"content":{"rendered":"<p>Sanit\u00e4r-Edelstahl 13MHH Mini-Klemmrohr<\/p>\n<p>Hergestellt aus Schmieden<br \/>\nBearbeitet mit einer hochpr\u00e4zisen CNC-Maschine<br \/>\nNach der Bearbeitung betr\u00e4gt die Innenseite Ra 0,5<br \/>\nStandard: DIN, SMS, ISO, 3A, BPE, IDF, AS, BS, RJT<br \/>\nGr\u00f6\u00dfe: DN10\u2013300, 1\/2\u201310 Zoll<br \/>\nMaterial: SS304, SS316L<br \/>\nDichtung: EPDM, SILIKON, PTFE, NBR<br \/>\nOberfl\u00e4chenbeschaffenheit: Nicht polierend, die rohe Oberfl\u00e4che nach der Bearbeitung<br \/>\nRundheit, Dickengleichheit und Ra-Wert entsprechen internationalen Lebensmittelstandards<br \/>\nAnwendung: Lebensmittel-, Getr\u00e4nke-, Molkerei-, Pharma-, Chemie- oder andere Lebensmittelverarbeitungsindustrien<\/p>\n<p>&nbsp;<\/p>\n<div id=\"attachment_4826\" style=\"width: 869px\" class=\"wp-caption alignleft\"><img loading=\"lazy\" decoding=\"async\" aria-describedby=\"caption-attachment-4826\" class=\"size-full wp-image-4826\" src=\"https:\/\/www.stvvalves.com\/wp-content\/uploads\/2019\/04\/sanitary-stainless-steel-13mhh-mini-type-clamp-tube-pipe-catalog.jpg\" alt=\"\" width=\"859\" height=\"297\" srcset=\"https:\/\/www.stvvalves.com\/wp-content\/uploads\/2019\/04\/sanitary-stainless-steel-13mhh-mini-type-clamp-tube-pipe-catalog.jpg 859w, https:\/\/www.stvvalves.com\/wp-content\/uploads\/2019\/04\/sanitary-stainless-steel-13mhh-mini-type-clamp-tube-pipe-catalog-600x207.jpg 600w, https:\/\/www.stvvalves.com\/wp-content\/uploads\/2019\/04\/sanitary-stainless-steel-13mhh-mini-type-clamp-tube-pipe-catalog-300x104.jpg 300w, https:\/\/www.stvvalves.com\/wp-content\/uploads\/2019\/04\/sanitary-stainless-steel-13mhh-mini-type-clamp-tube-pipe-catalog-768x266.jpg 768w, https:\/\/www.stvvalves.com\/wp-content\/uploads\/2019\/04\/sanitary-stainless-steel-13mhh-mini-type-clamp-tube-pipe-catalog-705x244.jpg 705w\" sizes=\"auto, (max-width: 859px) 100vw, 859px\" \/><p id=\"caption-attachment-4826\" class=\"wp-caption-text\">China Edelstahl-Rohrverschraubung, Sanit\u00e4rklemme, Sanit\u00e4r-Edelstahlklemme, 13MHH-Klemme, Hersteller von Sanit\u00e4r-13MHH-Miniklemmen<\/p><\/div>","protected":false},"excerpt":{"rendered":"<p>STV Valve Technology Group Co., Ltd ist ein professioneller Marktf\u00fchrer in China, Hersteller von Edelstahlrohrverschraubungen, Sanit\u00e4rklemmen, Sanit\u00e4r-Edelstahlklemmen, 13MHH-Klemmen und Sanit\u00e4r-13MHH-Miniklemmen mit hoher Qualit\u00e4t und wettbewerbsf\u00e4higen Preisen.<\/p>\n<p>Sanit\u00e4r-Edelstahl 13MHH Mini-Klemmrohr. Gr\u00f6\u00dfen von 1\/2\u2033 bis 12\u2033. Alle unsere Sanit\u00e4rarmaturenh\u00fclsen werden auf einer CNC-Drehmaschine hergestellt, haben eine hochreine Oberfl\u00e4che und erf\u00fcllen die Anforderungen der Lebensmittel-, Getr\u00e4nke-, Molkerei-, Apotheken- usw. Industrie. Die Standardl\u00e4nge der Ferrulen f\u00fcr Sanit\u00e4rarmaturen betr\u00e4gt 12,7 mm oder 21,5 mm.<\/p>","protected":false},"featured_media":4825,"template":"","meta":[],"product_brand":[],"product_cat":[966,969],"product_tag":[869,870,867,868,866],"class_list":{"0":"post-4824","1":"product","2":"type-product","3":"status-publish","4":"has-post-thumbnail","6":"product_cat-pipe-fitting","7":"product_cat-sanitary-pipe-fitting-and-valves","8":"product_tag-13mhh-clamp","9":"product_tag-sanitary-13mhh-mini-clamp","10":"product_tag-sanitary-clamp","11":"product_tag-sanitary-stainless-steel-clamp","12":"product_tag-stainless-steel-pipe-fitting","14":"first","15":"instock","16":"shipping-taxable","17":"product-type-simple"},"_links":{"self":[{"href":"https:\/\/www.stvvalves.com\/de\/wp-json\/wp\/v2\/product\/4824","targetHints":{"allow":["GET"]}}],"collection":[{"href":"https:\/\/www.stvvalves.com\/de\/wp-json\/wp\/v2\/product"}],"about":[{"href":"https:\/\/www.stvvalves.com\/de\/wp-json\/wp\/v2\/types\/product"}],"wp:featuredmedia":[{"embeddable":true,"href":"https:\/\/www.stvvalves.com\/de\/wp-json\/wp\/v2\/media\/4825"}],"wp:attachment":[{"href":"https:\/\/www.stvvalves.com\/de\/wp-json\/wp\/v2\/media?parent=4824"}],"wp:term":[{"taxonomy":"product_brand","embeddable":true,"href":"https:\/\/www.stvvalves.com\/de\/wp-json\/wp\/v2\/product_brand?post=4824"},{"taxonomy":"product_cat","embeddable":true,"href":"https:\/\/www.stvvalves.com\/de\/wp-json\/wp\/v2\/product_cat?post=4824"},{"taxonomy":"product_tag","embeddable":true,"href":"https:\/\/www.stvvalves.com\/de\/wp-json\/wp\/v2\/product_tag?post=4824"}],"curies":[{"name":"wp","href":"https:\/\/api.w.org\/{rel}","templated":true}]}}