{"id":4833,"date":"2019-05-05T15:14:18","date_gmt":"2019-05-05T15:14:18","guid":{"rendered":"https:\/\/www.stvvalves.com\/?post_type=product&#038;p=4833"},"modified":"2025-02-17T18:29:39","modified_gmt":"2025-02-17T10:29:39","slug":"api-602-bw-end-globe-valve-f11-body-with-nipple-dn40-1500lb","status":"publish","type":"product","link":"https:\/\/www.stvvalves.com\/de\/products\/api-602-bw-end-globe-valve-f11-body-with-nipple-dn40-1500lb\/","title":{"rendered":"API 602 BW-Endkugelventil, F11-Geh\u00e4use mit Nippel, DN40,1500LB"},"content":{"rendered":"<p>Designstandard: API602.<br \/>\nGeh\u00e4usematerial: F11<br \/>\nNenndurchmesser: 11\/2 Zoll (DN40).<br \/>\nDruck: Klasse 1500.<br \/>\nEndanschluss: BW.<br \/>\nVon Angesicht zu Angesicht: ASME B16.10.<br \/>\nArbeitstemperatur: -29\u2103~+560\u2103.<br \/>\nFunktionsweise: Handrad.<br \/>\nTest und Inspektion: API 598.<br \/>\nProduktauswahl<br \/>\nGeh\u00e4usematerial: A105, LF2, F5, F11, F22, 304, 304L, 316, 316L, F51, F91, 20#, Inconel .Ect<br \/>\nNormaler Durchmesser: 1\/2\u2033~2\u2033 (DN15~DN80).<br \/>\nEndanschluss: NPT, SW, Stumpfschwei\u00dfung, Flansch.<br \/>\nDruckbereich: 150 lbs ~ 2500 lbs (PN10 ~ PN420).<br \/>\nBedienung: Handrad, elektrischer, pneumatischer Antrieb<br \/>\nArbeitstemperatur: -196\u2103~ +560\u2103.<\/p>\n<table>\n<tbody>\n<tr>\n<td width=\"200\"><strong>Produktname<\/strong><\/td>\n<td width=\"481\">API 602 BW-Endkugelventil, F11-Geh\u00e4use mit Nippel, DN40,1500LB<\/td>\n<\/tr>\n<tr>\n<td width=\"200\">1. Material<\/td>\n<td width=\"481\">F11<\/td>\n<\/tr>\n<tr>\n<td width=\"200\">2. Gr\u00f6\u00dfe<\/td>\n<td width=\"481\">11\/2&quot;<\/td>\n<\/tr>\n<tr>\n<td width=\"200\">4. Hafen<\/td>\n<td width=\"481\">Reduzierer<\/td>\n<\/tr>\n<tr>\n<td width=\"200\">5. Arbeitsdruck<\/td>\n<td width=\"481\">1500 Pfund<\/td>\n<\/tr>\n<tr>\n<td width=\"200\">6. Verbindung endet<\/td>\n<td width=\"481\">SPORT<\/td>\n<\/tr>\n<tr>\n<td width=\"200\">7. Arbeitstemperatur.<\/td>\n<td width=\"481\">-29~540 \u00b0C,<\/td>\n<\/tr>\n<tr>\n<td width=\"200\">8. Geeignetes Medium<\/td>\n<td width=\"481\">Wasser, Erdgas, \u00d6l und einige \u00e4tzende Fl\u00fcssigkeiten<\/td>\n<\/tr>\n<tr>\n<td width=\"200\">9. Betrieben<\/td>\n<td width=\"481\">Handrad<\/td>\n<\/tr>\n<tr>\n<td width=\"200\">10. Inspektion und Pr\u00fcfung<\/td>\n<td width=\"481\">Gem\u00e4\u00df API598<\/td>\n<\/tr>\n<tr>\n<td width=\"200\"><strong>Sendung<\/strong><\/td>\n<td width=\"481\"><\/td>\n<\/tr>\n<tr>\n<td width=\"200\">Lieferzeit<\/td>\n<td width=\"481\">30 Tage<\/td>\n<\/tr>\n<tr>\n<td width=\"200\">Paket<\/td>\n<td width=\"481\">Standard-Export-Sperrholzkiste<\/td>\n<\/tr>\n<tr>\n<td width=\"200\">Hafen<\/td>\n<td width=\"481\">Ningbo\/Shanghai, China<\/td>\n<\/tr>\n<tr>\n<td width=\"200\">Versandbedingungen<\/td>\n<td width=\"481\">Exw, FOB, CFR, CIF usw.<\/td>\n<\/tr>\n<tr>\n<td width=\"200\">Zahlungsbedingungen<\/td>\n<td width=\"481\">T\/T, Western Union, PayPal usw.<\/td>\n<\/tr>\n<tr>\n<td width=\"200\"><\/td>\n<td width=\"481\">30% Vorauszahlung, 70% Restbetrag vor dem Versand bezahlt<\/td>\n<\/tr>\n<tr>\n<td width=\"200\">Herkunftsland<\/td>\n<td width=\"481\">Stadt Wenzhou, China<\/td>\n<\/tr>\n<tr>\n<td width=\"200\">Produktionskapazit\u00e4t<\/td>\n<td width=\"481\">6000 Tonnen\/Jahr<\/td>\n<\/tr>\n<tr>\n<td width=\"200\">Mindestbestellmenge<\/td>\n<td width=\"481\">1 St\u00fcck\/Gr\u00f6\u00dfe<\/td>\n<\/tr>\n<\/tbody>\n<\/table>","protected":false},"excerpt":{"rendered":"<p>Modell: STV-J61Y-1500LB-F11-DN40<\/p>\n<p>STV Valve Technology Group Co., Ltd ist ein professioneller Marktf\u00fchrer f\u00fcr China API 602 geschmiedete Ventile, F11-Absperrventile mit verschraubter Haube, geschmiedetes Kohlenstoffstahl-Absperrventil, BW 1500lb geschmiedetes Stahl-Absperrventil, F11-Absperrventilhersteller mit hoher Qualit\u00e4t und wettbewerbsf\u00e4higem Preis.<\/p>\n<p>F\u00fcr weitere Materialien und Details wenden Sie sich bitte an sales@stvvalve.com.<\/p>\n<p>Datumsblatt:<a href=\"https:\/\/www.stvvalves.com\/wp-content\/uploads\/2019\/05\/api-602-bw-end-globe-valve-f11-body-with-nipple-dn40-1500lb-drawing.pdf\">API 602 BW-Endkugelventil, F11-Geh\u00e4use mit Nippel, DN40,1500LB<\/a><\/p>","protected":false},"featured_media":4834,"template":"","meta":[],"product_brand":[],"product_cat":[64,45],"product_tag":[448,875,876,873],"class_list":{"0":"post-4833","1":"product","2":"type-product","3":"status-publish","4":"has-post-thumbnail","6":"product_cat-foreged-steel-globe-valve","7":"product_cat-globe-valve","8":"product_tag-api-602-forged-valves","9":"product_tag-bolted-bonnet-f11-globe-valve","10":"product_tag-bw-1500lb-forged-steel-globe-valve","11":"product_tag-f11-globe-valve-manufacturer","13":"first","14":"instock","15":"shipping-taxable","16":"product-type-simple"},"_links":{"self":[{"href":"https:\/\/www.stvvalves.com\/de\/wp-json\/wp\/v2\/product\/4833","targetHints":{"allow":["GET"]}}],"collection":[{"href":"https:\/\/www.stvvalves.com\/de\/wp-json\/wp\/v2\/product"}],"about":[{"href":"https:\/\/www.stvvalves.com\/de\/wp-json\/wp\/v2\/types\/product"}],"wp:featuredmedia":[{"embeddable":true,"href":"https:\/\/www.stvvalves.com\/de\/wp-json\/wp\/v2\/media\/4834"}],"wp:attachment":[{"href":"https:\/\/www.stvvalves.com\/de\/wp-json\/wp\/v2\/media?parent=4833"}],"wp:term":[{"taxonomy":"product_brand","embeddable":true,"href":"https:\/\/www.stvvalves.com\/de\/wp-json\/wp\/v2\/product_brand?post=4833"},{"taxonomy":"product_cat","embeddable":true,"href":"https:\/\/www.stvvalves.com\/de\/wp-json\/wp\/v2\/product_cat?post=4833"},{"taxonomy":"product_tag","embeddable":true,"href":"https:\/\/www.stvvalves.com\/de\/wp-json\/wp\/v2\/product_tag?post=4833"}],"curies":[{"name":"wp","href":"https:\/\/api.w.org\/{rel}","templated":true}]}}