{"id":4837,"date":"2019-05-06T01:13:40","date_gmt":"2019-05-06T01:13:40","guid":{"rendered":"https:\/\/www.stvvalves.com\/?post_type=product&#038;p=4837"},"modified":"2025-02-17T18:29:38","modified_gmt":"2025-02-17T10:29:38","slug":"jis-10k-flanged-ball-valve-iso-5211-mounting-pad-scs14-50a","status":"publish","type":"product","link":"https:\/\/www.stvvalves.com\/de\/products\/jis-10k-flanged-ball-valve-iso-5211-mounting-pad-scs14-50a\/","title":{"rendered":"JIS 10K-Flanschkugelhahn, ISO5211-Montageplatte, SCS14,50A"},"content":{"rendered":"<p>Designstandard: JIS B2071.<br \/>\nGeh\u00e4usematerial: SCS14.<br \/>\nNenndurchmesser: 2 Zoll.<br \/>\nDruck: JIS10K.<br \/>\nVerbindung beenden;FF.<br \/>\nVon Angesicht zu Angesicht: JIS B2002.<br \/>\nArbeitstemperatur: -29\u00b0C~+200\u00b0C.<br \/>\nPr\u00fcfung und Inspektion: JIS B2003.<br \/>\nProduktauswahl<br \/>\nGeh\u00e4usematerial: Kohlenstoffstahl, Edelstahl, legierter Stahl.<br \/>\nNormaler Durchmesser: 1\/2\u2033~8\u2033 (DN15~DN200).<br \/>\nEndverbindung: JIS B2220<br \/>\nDruckbereich: JIS10K-JIS20K<br \/>\nBedienung: Hebel, Getriebe, elektrisch, pneumatisch, elektrohydraulischer Aktuator, Gas-\u00fcber-\u00d6l-Aktuator.<br \/>\nArbeitstemperatur: -46 \u00b0C bis +200 \u00b0C.<br \/>\nAntistatisches Ger\u00e4t und feuerfestes Ger\u00e4t (Option)<br \/>\nMit ISO 5211-Montagepad (Option)<\/p>\n<table>\n<tbody>\n<tr>\n<td width=\"200\"><strong><b>Produktname<\/b><\/strong><\/td>\n<td width=\"481\">JIS 10K-Flanschkugelhahn, ISO5211-Montageplatte, SCS14,50A<\/td>\n<\/tr>\n<tr>\n<td width=\"200\">1. Material<\/td>\n<td width=\"481\">SS304\/316\/304L\/316L (CF8\/CF8M\/CF3\/CF3M), WCB usw<\/td>\n<\/tr>\n<tr>\n<td width=\"200\">2. Gr\u00f6\u00dfe<\/td>\n<td width=\"481\">1\/2\u2033~8\u2033 &#039; ( 15A~200A)<\/td>\n<\/tr>\n<tr>\n<td width=\"200\">4. Hafen<\/td>\n<td width=\"481\">Vollst\u00e4ndiger Port<\/td>\n<\/tr>\n<tr>\n<td width=\"200\">5. Arbeitsdruck<\/td>\n<td width=\"481\">JIS10K~20K<\/td>\n<\/tr>\n<tr>\n<td width=\"200\">6. Verbindung endet<\/td>\n<td width=\"481\">FF<\/td>\n<\/tr>\n<tr>\n<td width=\"200\">7. Arbeitstemperatur.<\/td>\n<td width=\"481\">-29~180 \u00b0C,<\/td>\n<\/tr>\n<tr>\n<td width=\"200\">8. Geeignetes Medium<\/td>\n<td width=\"481\">Wasser, Erdgas, \u00d6l und einige \u00e4tzende Fl\u00fcssigkeiten<\/td>\n<\/tr>\n<tr>\n<td width=\"200\">9. Betrieben<\/td>\n<td width=\"481\">Handrad<\/td>\n<\/tr>\n<tr>\n<td width=\"200\">10. Inspektion und Pr\u00fcfung<\/td>\n<td width=\"481\">Gem\u00e4\u00df JIS B2003<\/td>\n<\/tr>\n<tr>\n<td width=\"200\"><strong><b>Sendung<\/b><\/strong><\/td>\n<td width=\"481\"><\/td>\n<\/tr>\n<tr>\n<td width=\"200\">Lieferzeit<\/td>\n<td width=\"481\">30 Tage<\/td>\n<\/tr>\n<tr>\n<td width=\"200\">Paket<\/td>\n<td width=\"481\">Standard-Export-Sperrholzkiste<\/td>\n<\/tr>\n<tr>\n<td width=\"200\">Hafen<\/td>\n<td width=\"481\">Ningbo\/Shanghai, China<\/td>\n<\/tr>\n<tr>\n<td width=\"200\">Versandbedingungen<\/td>\n<td width=\"481\">Exw, FOB, CFR, CIF usw.<\/td>\n<\/tr>\n<tr>\n<td width=\"200\">Zahlungsbedingungen<\/td>\n<td width=\"481\">T\/T, Western Union, PayPal usw.<\/td>\n<\/tr>\n<tr>\n<td width=\"200\"><\/td>\n<td width=\"481\">30% Vorauszahlung, 70% Restbetrag vor dem Versand bezahlt<\/td>\n<\/tr>\n<tr>\n<td width=\"200\">Herkunftsland<\/td>\n<td width=\"481\">Stadt Wenzhou, China<\/td>\n<\/tr>\n<tr>\n<td width=\"200\">Produktionskapazit\u00e4t<\/td>\n<td width=\"481\">6000 Tonnen\/Jahr<\/td>\n<\/tr>\n<tr>\n<td width=\"200\">Mindestbestellmenge<\/td>\n<td width=\"481\">10 St\u00fcck\/Gr\u00f6\u00dfe<\/td>\n<\/tr>\n<\/tbody>\n<\/table>","protected":false},"excerpt":{"rendered":"<p>Modell: STV-Q41F-JIS10K-DN50-SCS14<\/p>\n<p>Unser JIS 10K-Flanschkugelhahn mit Direktmontage verf\u00fcgt \u00fcber ein hochwertiges Feingussgeh\u00e4use und -ende. Sie sind in den Gr\u00f6\u00dfen 1\/2 bis 8 Zoll erh\u00e4ltlich und haben einen regul\u00e4ren Anschluss. Ein hervorragender Leckschutz wird durch den Einsatz unseres patentierten \u201ePyramiden\u201c-Stammdichtungssystems erreicht, das in der Grafik unten dargestellt ist. Dieses fortschrittliche System sch\u00fctzt vor Verschlei\u00df und Leckagen, die bei herk\u00f6mmlichen Kugelh\u00e4hnen auftreten. Zweiteiliges Geh\u00e4use, schwimmende Kugel, voller Durchgang, ausblassicherer Schaft. Feuersicheres Design. Antistatische Vorrichtungen f\u00fcr den Kugelschaftk\u00f6rper.<\/p>\n<p>Erh\u00e4ltlich mit PN16\/40- und ANSI 150-Flanschoptionen und in Gr\u00f6\u00dfen von 1\/2\u2033 bis 8\u2033.<br \/>\nMit einem direkt montierten ISO 5211-Bet\u00e4tigungspad sind diese Ventile einfach zu bet\u00e4tigen.<\/p>\n<p>STV Valve Technology Group Co., Ltd ist ein professioneller Marktf\u00fchrer f\u00fcr China JIS 10K-Flanschkugelh\u00e4hne, ISO5211-Montagepad-Kugelh\u00e4hne, 50A-Kugelh\u00e4hne und SCS14-Kugelh\u00e4hne mit hoher Qualit\u00e4t und wettbewerbsf\u00e4higen Preisen.<\/p>\n<p>F\u00fcr weitere Materialien und Details wenden Sie sich bitte an sales@stvvalve.com.<\/p>\n<p>Datumsblatt: <a href=\"https:\/\/www.stvvalves.com\/wp-content\/uploads\/2019\/05\/JIS-10K-Flanged-Ball-Valve-ISO5211-Mounting-Pad-SCS14-50A-Drawing.pdf\">JIS 10K-Flanschkugelhahn, ISO5211-Montageplatte, SCS14,50A<\/a><\/p>\n<p>&nbsp;<\/p>","protected":false},"featured_media":4839,"template":"","meta":[],"product_brand":[],"product_cat":[43,80,78,53],"product_tag":[879,877,878,880],"class_list":{"0":"post-4837","1":"product","2":"type-product","3":"status-publish","4":"has-post-thumbnail","6":"product_cat-ball-valve","7":"product_cat-flange-ball-valve","8":"product_cat-floating-ball-valve","9":"product_cat-stainless-steel-ball-valve","10":"product_tag-50a-ball-valve","11":"product_tag-china-jis-10k-flanged-ball-valve","12":"product_tag-iso5211-mounting-pad-ball-valve","13":"product_tag-scs14-ball-valve-manufacture","15":"first","16":"instock","17":"shipping-taxable","18":"product-type-simple"},"_links":{"self":[{"href":"https:\/\/www.stvvalves.com\/de\/wp-json\/wp\/v2\/product\/4837","targetHints":{"allow":["GET"]}}],"collection":[{"href":"https:\/\/www.stvvalves.com\/de\/wp-json\/wp\/v2\/product"}],"about":[{"href":"https:\/\/www.stvvalves.com\/de\/wp-json\/wp\/v2\/types\/product"}],"wp:featuredmedia":[{"embeddable":true,"href":"https:\/\/www.stvvalves.com\/de\/wp-json\/wp\/v2\/media\/4839"}],"wp:attachment":[{"href":"https:\/\/www.stvvalves.com\/de\/wp-json\/wp\/v2\/media?parent=4837"}],"wp:term":[{"taxonomy":"product_brand","embeddable":true,"href":"https:\/\/www.stvvalves.com\/de\/wp-json\/wp\/v2\/product_brand?post=4837"},{"taxonomy":"product_cat","embeddable":true,"href":"https:\/\/www.stvvalves.com\/de\/wp-json\/wp\/v2\/product_cat?post=4837"},{"taxonomy":"product_tag","embeddable":true,"href":"https:\/\/www.stvvalves.com\/de\/wp-json\/wp\/v2\/product_tag?post=4837"}],"curies":[{"name":"wp","href":"https:\/\/api.w.org\/{rel}","templated":true}]}}