{"id":4842,"date":"2019-05-06T01:59:31","date_gmt":"2019-05-06T01:59:31","guid":{"rendered":"https:\/\/www.stvvalves.com\/?post_type=product&#038;p=4842"},"modified":"2025-02-17T18:29:37","modified_gmt":"2025-02-17T10:29:37","slug":"y-type-forged-globe-valve-class-600lb-a105n-hand-wheel-operated-sw-ends-2-inch","status":"publish","type":"product","link":"https:\/\/www.stvvalves.com\/de\/products\/y-type-forged-globe-valve-class-600lb-a105n-hand-wheel-operated-sw-ends-2-inch\/","title":{"rendered":"Geschmiedetes Y-Absperrventil, Klasse 600 lb, A105N, handbet\u00e4tigt, SW-Enden, 2 Zoll"},"content":{"rendered":"<p>Designstandard: API 602.<br \/>\nGeh\u00e4usematerial: A105N<br \/>\nNenndurchmesser: 2 Zoll (DN50).<br \/>\nDruck: Klasse 600.<br \/>\nEndanschluss: SW.<br \/>\nVon Angesicht zu Angesicht: ASME B16.10.<br \/>\nArbeitstemperatur: -29 \u00b0C bis +425 \u00b0C.<br \/>\nFunktionsweise: Handrad.<br \/>\nTest und Inspektion: API 598.<\/p>\n<p>Produktauswahl<br \/>\nGeh\u00e4usematerial: A105,LF2,F5,F11,F22,304,304L,316,316L,F51,F91,20#,Inconel .Ect<br \/>\nNormaler Durchmesser: 1\/2\u2033~3\u2033 (DN15~DN80).<br \/>\nEndanschluss: NPT, SW, Stumpfschwei\u00dfung, Flansch.<br \/>\nDruckbereich: 150 lbs ~ 2500 lbs (PN10 ~ PN420).<br \/>\nBedienung: Handrad, elektrischer, pneumatischer Antrieb<br \/>\nArbeitstemperatur: -196 \u00b0C bis +560 \u00b0C.<\/p>\n<table>\n<tbody>\n<tr>\n<td width=\"200\"><strong>Produktname<\/strong><\/td>\n<td width=\"481\">Geschmiedetes Y-Absperrventil, Klasse 600 lb, A105N, handbet\u00e4tigt, SW-Enden, 2 Zoll<\/td>\n<\/tr>\n<tr>\n<td width=\"200\">1. Material<\/td>\n<td width=\"481\">A105N<\/td>\n<\/tr>\n<tr>\n<td width=\"200\">2. Gr\u00f6\u00dfe<\/td>\n<td width=\"481\">2&quot;<\/td>\n<\/tr>\n<tr>\n<td width=\"200\">4. Hafen<\/td>\n<td width=\"481\">Reduzieranschluss<\/td>\n<\/tr>\n<tr>\n<td width=\"200\">5. Arbeitsdruck<\/td>\n<td width=\"481\">600 Pfund<\/td>\n<\/tr>\n<tr>\n<td width=\"200\">6. Verbindung endet<\/td>\n<td width=\"481\">SW<\/td>\n<\/tr>\n<tr>\n<td width=\"200\">7. Arbeitstemperatur.<\/td>\n<td width=\"481\">-29~425 \u00b0C,<\/td>\n<\/tr>\n<tr>\n<td width=\"200\">8. Geeignetes Medium<\/td>\n<td width=\"481\">Wasser, Erdgas, \u00d6l und einige \u00e4tzende Fl\u00fcssigkeiten<\/td>\n<\/tr>\n<tr>\n<td width=\"200\">9. Betrieben<\/td>\n<td width=\"481\">Handrad<\/td>\n<\/tr>\n<tr>\n<td width=\"200\">10. Inspektion und Pr\u00fcfung<\/td>\n<td width=\"481\">Gem\u00e4\u00df API598<\/td>\n<\/tr>\n<tr>\n<td width=\"200\"><strong>Sendung<\/strong><\/td>\n<td width=\"481\"><\/td>\n<\/tr>\n<tr>\n<td width=\"200\">Lieferzeit<\/td>\n<td width=\"481\">30 Tage<\/td>\n<\/tr>\n<tr>\n<td width=\"200\">Paket<\/td>\n<td width=\"481\">Standard-Export-Sperrholzkiste<\/td>\n<\/tr>\n<tr>\n<td width=\"200\">Hafen<\/td>\n<td width=\"481\">Ningbo\/Shanghai, China<\/td>\n<\/tr>\n<tr>\n<td width=\"200\">Versandbedingungen<\/td>\n<td width=\"481\">Exw, FOB, CFR, CIF usw.<\/td>\n<\/tr>\n<tr>\n<td width=\"200\">Zahlungsbedingungen<\/td>\n<td width=\"481\">T\/T, Western Union, PayPal usw.<\/td>\n<\/tr>\n<tr>\n<td width=\"200\"><\/td>\n<td width=\"481\">30% Vorauszahlung, 70% Restbetrag vor dem Versand bezahlt<\/td>\n<\/tr>\n<tr>\n<td width=\"200\">Herkunftsland<\/td>\n<td width=\"481\">Stadt Wenzhou, China<\/td>\n<\/tr>\n<tr>\n<td width=\"200\">Produktionskapazit\u00e4t<\/td>\n<td width=\"481\">6000 Tonnen\/Jahr<\/td>\n<\/tr>\n<tr>\n<td width=\"200\">Mindestbestellmenge<\/td>\n<td width=\"481\">1 St\u00fcck\/Gr\u00f6\u00dfe<\/td>\n<\/tr>\n<\/tbody>\n<\/table>","protected":false},"excerpt":{"rendered":"<p>Modell: STV-J65Y-A105N-2\u2033-1500LB<\/p>\n<p>Unser geschmiedetes Durchgangsventil vom Y-Typ bietet hervorragende Leistung in verschiedenen Anwendungen in der Chemie,<br \/>\nPetrochemie, Gas und verschiedene industrielle Anwendungen und ideal f\u00fcr nachgelagerte Anwendungen. Sie sind entworfen,<br \/>\nEntwickelt und hergestellt in strikter \u00dcbereinstimmung mit API, ASTM, ASME, ANSI und anderen anerkannten Standards.<br \/>\nUnsere geschmiedeten Stahlventile zeichnen sich nicht nur durch herausragende Leistung, Zuverl\u00e4ssigkeit und Qualit\u00e4t aus, sondern sind auch f\u00fcr ihre Standardfunktionen bekannt, die bei anderen Marken normalerweise optional sind.<\/p>\n<p>STV Valve Technology Group Co., Ltd ist ein professioneller Marktf\u00fchrer in China, geschmiedetes Y-Absperrventil, Absperrventil der Klasse 600 Pfund, Absperrventil aus geschmiedetem Kohlenstoffstahl, Absperrventil der Klasse 600 Lb, Absperrventil aus geschmiedetem Stahl API 602, Absperrventil mit Schraubenden, 2 Hersteller von Zoll-Absperrventilen mit hoher Qualit\u00e4t und wettbewerbsf\u00e4higem Preis.<\/p>\n<p>F\u00fcr weitere Materialien und Details wenden Sie sich bitte an sales@stvvalve.com.<\/p>\n<p>Datumsblatt:<a href=\"https:\/\/www.stvvalves.com\/wp-content\/uploads\/2019\/05\/Y-Type-Forged-Globe-Valve-Class-600Lb-A105N-Hand-Wheel-Operated-Sw-Ends-2-Inch-Drawing.pdf\">Geschmiedetes Y-Absperrventil, Klasse 600 lb, A105N, handbet\u00e4tigt, SW-Enden, 2 Zoll<\/a><\/p>","protected":false},"featured_media":4845,"template":"","meta":[],"product_brand":[],"product_cat":[64,45],"product_tag":[884,882,439,883,881],"class_list":{"0":"post-4842","1":"product","2":"type-product","3":"status-publish","4":"has-post-thumbnail","6":"product_cat-foreged-steel-globe-valve","7":"product_cat-globe-valve","8":"product_tag-2-inch-globe-valve","9":"product_tag-class-600-lb-globe-valve","10":"product_tag-forged-carbon-steel-globe-valve","11":"product_tag-sw-ends-globe-valve","12":"product_tag-y-type-forged-globe-valve","14":"first","15":"instock","16":"shipping-taxable","17":"product-type-simple"},"_links":{"self":[{"href":"https:\/\/www.stvvalves.com\/de\/wp-json\/wp\/v2\/product\/4842","targetHints":{"allow":["GET"]}}],"collection":[{"href":"https:\/\/www.stvvalves.com\/de\/wp-json\/wp\/v2\/product"}],"about":[{"href":"https:\/\/www.stvvalves.com\/de\/wp-json\/wp\/v2\/types\/product"}],"wp:featuredmedia":[{"embeddable":true,"href":"https:\/\/www.stvvalves.com\/de\/wp-json\/wp\/v2\/media\/4845"}],"wp:attachment":[{"href":"https:\/\/www.stvvalves.com\/de\/wp-json\/wp\/v2\/media?parent=4842"}],"wp:term":[{"taxonomy":"product_brand","embeddable":true,"href":"https:\/\/www.stvvalves.com\/de\/wp-json\/wp\/v2\/product_brand?post=4842"},{"taxonomy":"product_cat","embeddable":true,"href":"https:\/\/www.stvvalves.com\/de\/wp-json\/wp\/v2\/product_cat?post=4842"},{"taxonomy":"product_tag","embeddable":true,"href":"https:\/\/www.stvvalves.com\/de\/wp-json\/wp\/v2\/product_tag?post=4842"}],"curies":[{"name":"wp","href":"https:\/\/api.w.org\/{rel}","templated":true}]}}