{"id":4846,"date":"2019-05-06T03:29:17","date_gmt":"2019-05-06T03:29:17","guid":{"rendered":"https:\/\/www.stvvalves.com\/?post_type=product&#038;p=4846"},"modified":"2025-02-17T18:32:02","modified_gmt":"2025-02-17T10:32:02","slug":"300lb-bellow-seal-globe-valve-wcb-body-316-bellow-dn50-rf-end","status":"publish","type":"product","link":"https:\/\/www.stvvalves.com\/de\/products\/300lb-bellow-seal-globe-valve-wcb-body-316-bellow-dn50-rf-end\/","title":{"rendered":"300LB-Absperrventil mit Balgdichtung, WCB-Geh\u00e4use, 316-Faltenbalg, DN50, RF-Ende"},"content":{"rendered":"<p>1. Dieses Produkt verf\u00fcgt \u00fcber eine logische Struktur, eine zuverl\u00e4ssige Abdichtung, eine hervorragende Leistung und ein sch\u00f6nes Design.<br \/>\n2. Die Dichtungsoberfl\u00e4che ist mit einer Co-Hartlegierung auftragsgeschwei\u00dft, die abriebfest, korrosionsbest\u00e4ndig, gut reibungsbest\u00e4ndig und langlebig ist.<br \/>\n3. Der Schaft wird verg\u00fctet und seine Oberfl\u00e4che wird durch Stickstoffbehandlung behandelt, wodurch er eine gute Korrosionsbest\u00e4ndigkeit und Reibungsbest\u00e4ndigkeit aufweist.<br \/>\n4. Es verf\u00fcgt \u00fcber eine doppelte Dichtungsf\u00e4higkeit und ist daher zuverl\u00e4ssiger.<br \/>\n5. Der Vorbau zeigt m\u00f6glicherweise die Hubposition an, sodass sie klarer ist.<br \/>\n6. Das Teilmaterial, der Flansch und die Abmessungen des Stumpfschwei\u00dfendes k\u00f6nnen entsprechend den aktuellen Betriebsbedingungen und den Anforderungen des Benutzers ausgew\u00e4hlt werden, um den Anforderungen verschiedener technischer Verfahren gerecht zu werden.<br \/>\nStrukturbildung: BB-BG-OS&amp;Y<br \/>\n7, Materialien: WCB, WC6, SS304, SS316<br \/>\n8, Balgmaterialien: SS304, SS316, SS316L, SS310, Hastelly C.<br \/>\n9, Gr\u00f6\u00dfenbereich: 2\u2033-16\u2033<br \/>\n10, Druck: 150LB-900LB<br \/>\n11.Fahrweise: Handbetrieben, elektrisch bet\u00e4tigt<\/p>\n<p>Spezifikationen<\/p>\n<p>Design: AP1600, AP16D<br \/>\nVon Angesicht zu Angesicht: ASME B16.10<br \/>\nFlanschenden: ASME B16.5<br \/>\nTest und Inspektion: AP1598, AP16D<\/p>\n<table>\n<tbody>\n<tr>\n<td width=\"200\"><strong>Produktname<\/strong><\/td>\n<td width=\"481\">300LB-Absperrventil mit Balgdichtung, WCB-Geh\u00e4use, 316-Faltenbalg, DN50, RF-Ende<\/td>\n<\/tr>\n<tr>\n<td width=\"200\">1. Material<\/td>\n<td width=\"481\">WCB<\/td>\n<\/tr>\n<tr>\n<td width=\"200\">2. Gr\u00f6\u00dfe<\/td>\n<td width=\"481\">2&quot;<\/td>\n<\/tr>\n<tr>\n<td width=\"200\">4. Hafen<\/td>\n<td width=\"481\">Vollst\u00e4ndiger Port<\/td>\n<\/tr>\n<tr>\n<td width=\"200\">5. Arbeitsdruck<\/td>\n<td width=\"481\">300 Pfund<\/td>\n<\/tr>\n<tr>\n<td width=\"200\">6. Verbindung endet<\/td>\n<td width=\"481\">RF<\/td>\n<\/tr>\n<tr>\n<td width=\"200\">7. Arbeitstemperatur.<\/td>\n<td width=\"481\">-29~425 \u00b0C,<\/td>\n<\/tr>\n<tr>\n<td width=\"200\">8. Geeignetes Medium<\/td>\n<td width=\"481\">Wasser, Erdgas, \u00d6l und einige \u00e4tzende Fl\u00fcssigkeiten<\/td>\n<\/tr>\n<tr>\n<td width=\"200\">9. Betrieben<\/td>\n<td width=\"481\">Handrad<\/td>\n<\/tr>\n<tr>\n<td width=\"200\">10. Inspektion und Pr\u00fcfung<\/td>\n<td width=\"481\">Gem\u00e4\u00df API598<\/td>\n<\/tr>\n<tr>\n<td width=\"200\"><strong>Sendung<\/strong><\/td>\n<td width=\"481\"><\/td>\n<\/tr>\n<tr>\n<td width=\"200\">Lieferzeit<\/td>\n<td width=\"481\">30 Tage<\/td>\n<\/tr>\n<tr>\n<td width=\"200\">Paket<\/td>\n<td width=\"481\">Standard-Export-Sperrholzkiste<\/td>\n<\/tr>\n<tr>\n<td width=\"200\">Hafen<\/td>\n<td width=\"481\">Ningbo\/Shanghai, China<\/td>\n<\/tr>\n<tr>\n<td width=\"200\">Versandbedingungen<\/td>\n<td width=\"481\">Exw, FOB, CFR, CIF usw.<\/td>\n<\/tr>\n<tr>\n<td width=\"200\">Zahlungsbedingungen<\/td>\n<td width=\"481\">T\/T, Western Union, PayPal usw.<\/td>\n<\/tr>\n<tr>\n<td width=\"200\"><\/td>\n<td width=\"481\">30% Vorauszahlung, 70% Restbetrag vor dem Versand bezahlt<\/td>\n<\/tr>\n<tr>\n<td width=\"200\">Herkunftsland<\/td>\n<td width=\"481\">Stadt Wenzhou, China<\/td>\n<\/tr>\n<tr>\n<td width=\"200\">Produktionskapazit\u00e4t<\/td>\n<td width=\"481\">6000 Tonnen\/Jahr<\/td>\n<\/tr>\n<tr>\n<td width=\"200\">Mindestbestellmenge<\/td>\n<td width=\"481\">1 St\u00fcck\/Gr\u00f6\u00dfe<\/td>\n<\/tr>\n<\/tbody>\n<\/table>","protected":false},"excerpt":{"rendered":"<p>Modell: STV-WJ41H-300LB-DN50-WCB<\/p>\n<p>Das 300LB Balgdichtungs-Absperrventil mit Balgdichtung gem\u00e4\u00df ANSI eignet sich zum Schneiden, Schalten und Einstellen von Fl\u00fcssigkeiten. Medium, das in verschiedenen Branchen wie der Erd\u00f6lindustrie, der chemischen Industrie, der Pharmazie, der chemischen D\u00fcngemittelindustrie, der Elektrizit\u00e4tsindustrie usw. unter einem Nenndruck von CLASS150-900LBS und einer Arbeitstemperatur von -29 bis 350 \u00b0C verwendet wird<br \/>\nParabolischer Stecker f\u00fcr Schalter und Fl\u00fcssigkeitseinstellung ist erh\u00e4ltlich.<\/p>\n<p>STV Valve Technology Group Co., Ltd ist ein professioneller Marktf\u00fchrer f\u00fcr China-Faltenbalgventile, 300LB-Faltenbalg-Absperrventile, WCB-Faltenbalg-Absperrventile, 316-Faltenbalg-Absperrventile und Hersteller von Gussbalg-Absperrventilen in China mit hoher Qualit\u00e4t und wettbewerbsf\u00e4higem Preis.<\/p>\n<p>F\u00fcr weitere Materialien und Details wenden Sie sich bitte an sales@stvvalve.com.<\/p>\n<p>Datumsblatt:<a href=\"https:\/\/www.stvvalves.com\/wp-content\/uploads\/2019\/05\/300lb-bellow-seal-globe-valve-wcb-body-316-bellow-dn50-rf-end-drawing.pdf\">300LB-Absperrventil mit Balgdichtung, WCB-Geh\u00e4use, 316-Faltenbalg, DN50, RF-Ende<\/a><\/p>","protected":false},"featured_media":4849,"template":"","meta":[],"product_brand":[],"product_cat":[65,45],"product_tag":[885,886,357,887,375],"class_list":{"0":"post-4846","1":"product","2":"type-product","3":"status-publish","4":"has-post-thumbnail","6":"product_cat-bellow-seal-globe-valve","7":"product_cat-globe-valve","8":"product_tag-300lb-bellow-seal-globe-valve","9":"product_tag-316-bellow-seal-globe-valve","10":"product_tag-bellows-seal-valves","11":"product_tag-cast-bellows-seal-globe-valve","12":"product_tag-wcb-bellow-seal-globe-valve","14":"first","15":"instock","16":"shipping-taxable","17":"product-type-simple"},"_links":{"self":[{"href":"https:\/\/www.stvvalves.com\/de\/wp-json\/wp\/v2\/product\/4846","targetHints":{"allow":["GET"]}}],"collection":[{"href":"https:\/\/www.stvvalves.com\/de\/wp-json\/wp\/v2\/product"}],"about":[{"href":"https:\/\/www.stvvalves.com\/de\/wp-json\/wp\/v2\/types\/product"}],"wp:featuredmedia":[{"embeddable":true,"href":"https:\/\/www.stvvalves.com\/de\/wp-json\/wp\/v2\/media\/4849"}],"wp:attachment":[{"href":"https:\/\/www.stvvalves.com\/de\/wp-json\/wp\/v2\/media?parent=4846"}],"wp:term":[{"taxonomy":"product_brand","embeddable":true,"href":"https:\/\/www.stvvalves.com\/de\/wp-json\/wp\/v2\/product_brand?post=4846"},{"taxonomy":"product_cat","embeddable":true,"href":"https:\/\/www.stvvalves.com\/de\/wp-json\/wp\/v2\/product_cat?post=4846"},{"taxonomy":"product_tag","embeddable":true,"href":"https:\/\/www.stvvalves.com\/de\/wp-json\/wp\/v2\/product_tag?post=4846"}],"curies":[{"name":"wp","href":"https:\/\/api.w.org\/{rel}","templated":true}]}}