{"id":4859,"date":"2019-05-07T07:16:40","date_gmt":"2019-05-07T07:16:40","guid":{"rendered":"https:\/\/www.stvvalves.com\/?post_type=product&#038;p=4859"},"modified":"2025-02-17T18:32:00","modified_gmt":"2025-02-17T10:32:00","slug":"3pc-forged-steel-ball-valve-f316l-body-and-trim-peek-seat-1500lb","status":"publish","type":"product","link":"https:\/\/www.stvvalves.com\/de\/products\/3pc-forged-steel-ball-valve-f316l-body-and-trim-peek-seat-1500lb\/","title":{"rendered":"3-teiliges Kugelventil aus geschmiedetem Stahl, F316L-Geh\u00e4use und Innengarnitur, PEEK-Sitz, 1500 LB"},"content":{"rendered":"<p>1. Gr\u00f6\u00dfe: 1\/2\u20132 Zoll (DN15\u2013DN50)<\/p>\n<p>2. Nennleistung: 150~2500LB (PN16~PN420)<\/p>\n<p>3. Geh\u00e4usematerial: A105, F304, F316;LF2;304L;316L;F347;F321<\/p>\n<p>4. Sitz: PTFE, RPTFE<\/p>\n<p>5. F\u00fcr Bohrung und Bohrung reduzieren.<\/p>\n<p>6. Ausblassicherer Schaft<\/p>\n<p>7. ISO5211-Montagepad<\/p>\n<p>8. Wasserwaage, Schneckengetriebe, Stellantrieb<\/p>\n<p>Design best\u00e4tigt: BS 5352 oder API 602<\/p>\n<p>Muffenschwei\u00dfenden:ANSI B16.11;<\/p>\n<p>Schraubenenden:ANSI B 1.20.1;<\/p>\n<p>Stumpfgeschwei\u00dfte Enden:ANSI B16.25;<\/p>\n<p>Flanschenden:ANSI B 16.5;<\/p>\n<p>Test und Inspektion best\u00e4tigen: API598;<\/p>\n<table>\n<tbody>\n<tr>\n<td width=\"200\"><strong>Produktname<\/strong><\/td>\n<td width=\"481\">3-teiliges Kugelventil aus geschmiedetem Stahl, F316L-Geh\u00e4use und Innengarnitur, PEEK-Sitz, 1500 LB<\/td>\n<\/tr>\n<tr>\n<td width=\"200\">1. Material<\/td>\n<td width=\"481\">F316L<\/td>\n<\/tr>\n<tr>\n<td width=\"200\">2. Gr\u00f6\u00dfe<\/td>\n<td width=\"481\">2&quot;<\/td>\n<\/tr>\n<tr>\n<td width=\"200\">4. Hafen<\/td>\n<td width=\"481\">Vollst\u00e4ndiger Port<\/td>\n<\/tr>\n<tr>\n<td width=\"200\">5. Arbeitsdruck<\/td>\n<td width=\"481\">1500 Pfund<\/td>\n<\/tr>\n<tr>\n<td width=\"200\">6. Verbindung endet<\/td>\n<td width=\"481\">RF<\/td>\n<\/tr>\n<tr>\n<td width=\"200\">7. Arbeitstemperatur.<\/td>\n<td width=\"481\">-29~120 \u00b0C,<\/td>\n<\/tr>\n<tr>\n<td width=\"200\">8. Geeignetes Medium<\/td>\n<td width=\"481\">Wasser, Erdgas, \u00d6l und einige \u00e4tzende Fl\u00fcssigkeiten<\/td>\n<\/tr>\n<tr>\n<td width=\"200\">9. Betrieben<\/td>\n<td width=\"481\">HANDRAD<\/td>\n<\/tr>\n<tr>\n<td width=\"200\">10. Inspektion und Pr\u00fcfung<\/td>\n<td width=\"481\">Gem\u00e4\u00df API 598<\/td>\n<\/tr>\n<tr>\n<td width=\"200\"><strong>Sendung<\/strong><\/td>\n<td width=\"481\"><\/td>\n<\/tr>\n<tr>\n<td width=\"200\">Lieferzeit<\/td>\n<td width=\"481\">30 Tage<\/td>\n<\/tr>\n<tr>\n<td width=\"200\">Paket<\/td>\n<td width=\"481\">Standard-Export-Sperrholzkiste<\/td>\n<\/tr>\n<tr>\n<td width=\"200\">Hafen<\/td>\n<td width=\"481\">Ningbo\/Shanghai, China<\/td>\n<\/tr>\n<tr>\n<td width=\"200\">Versandbedingungen<\/td>\n<td width=\"481\">Exw, FOB, CFR, CIF usw.<\/td>\n<\/tr>\n<tr>\n<td width=\"200\">Zahlungsbedingungen<\/td>\n<td width=\"481\">T\/T, Western Union, PayPal usw.<\/td>\n<\/tr>\n<tr>\n<td width=\"200\"><\/td>\n<td width=\"481\">30% Vorauszahlung, 70% Restbetrag vor dem Versand bezahlt<\/td>\n<\/tr>\n<tr>\n<td width=\"200\">Herkunftsland<\/td>\n<td width=\"481\">Stadt Wenzhou, China<\/td>\n<\/tr>\n<tr>\n<td width=\"200\">Produktionskapazit\u00e4t<\/td>\n<td width=\"481\">6000 Tonnen\/Jahr<\/td>\n<\/tr>\n<tr>\n<td width=\"200\">Mindestbestellmenge<\/td>\n<td width=\"481\">1 St\u00fcck\/Gr\u00f6\u00dfe<\/td>\n<\/tr>\n<\/tbody>\n<\/table>","protected":false},"excerpt":{"rendered":"<p>Modell: STV-Q41F-1500LB-DN50-F316L<\/p>\n<p>STV Valve Technology Group Co., Ltd ist ein professioneller Marktf\u00fchrer in China: 3-teiliger schwimmender Kugelhahn aus geschmiedetem Stahl, geschmiedeter schwimmender Kugelhahn, A105-Kugelhahn, Hochdruck-Kugelhahn aus geschmiedetem Stahl, 3-teiliger Flanschkugelhahn, 3-teiliger Kugelhahn, 1500LB geschmiedet Hersteller von Stahlkugelh\u00e4hnen und Peek-Sitzkugelh\u00e4hnen mit hoher Qualit\u00e4t und wettbewerbsf\u00e4higem Preis.<\/p>\n<p>F\u00fcr weitere Materialien und Details wenden Sie sich bitte an sales@stvvalve.com.<\/p>\n<p>Datumsblatt: 3-teiliges Kugelventil aus geschmiedetem Stahl, Geh\u00e4use und Innengarnitur aus F316L, Sitz aus PEEK, 1500 LB<\/p>","protected":false},"featured_media":4860,"template":"","meta":[],"product_brand":[],"product_cat":[43,80,55,53],"product_tag":[894,892,594,893],"class_list":{"0":"post-4859","1":"product","2":"type-product","3":"status-publish","4":"has-post-thumbnail","6":"product_cat-ball-valve","7":"product_cat-flange-ball-valve","8":"product_cat-forged-steel-ball-valve","9":"product_cat-stainless-steel-ball-valve","10":"product_tag-3-pc-ball-valves","11":"product_tag-3-pc-forged-steel-floating-ball-valve","12":"product_tag-3pc-flanged-ball-valve","13":"product_tag-forged-floating-ball-valvec","15":"first","16":"instock","17":"shipping-taxable","18":"product-type-simple"},"_links":{"self":[{"href":"https:\/\/www.stvvalves.com\/de\/wp-json\/wp\/v2\/product\/4859","targetHints":{"allow":["GET"]}}],"collection":[{"href":"https:\/\/www.stvvalves.com\/de\/wp-json\/wp\/v2\/product"}],"about":[{"href":"https:\/\/www.stvvalves.com\/de\/wp-json\/wp\/v2\/types\/product"}],"wp:featuredmedia":[{"embeddable":true,"href":"https:\/\/www.stvvalves.com\/de\/wp-json\/wp\/v2\/media\/4860"}],"wp:attachment":[{"href":"https:\/\/www.stvvalves.com\/de\/wp-json\/wp\/v2\/media?parent=4859"}],"wp:term":[{"taxonomy":"product_brand","embeddable":true,"href":"https:\/\/www.stvvalves.com\/de\/wp-json\/wp\/v2\/product_brand?post=4859"},{"taxonomy":"product_cat","embeddable":true,"href":"https:\/\/www.stvvalves.com\/de\/wp-json\/wp\/v2\/product_cat?post=4859"},{"taxonomy":"product_tag","embeddable":true,"href":"https:\/\/www.stvvalves.com\/de\/wp-json\/wp\/v2\/product_tag?post=4859"}],"curies":[{"name":"wp","href":"https:\/\/api.w.org\/{rel}","templated":true}]}}