{"id":4874,"date":"2019-05-17T02:58:23","date_gmt":"2019-05-17T02:58:23","guid":{"rendered":"https:\/\/www.stvvalves.com\/?post_type=product&#038;p=4874"},"modified":"2025-02-17T18:31:55","modified_gmt":"2025-02-17T10:31:55","slug":"api-602-2500lb-globe-valve-a105n-body-dn50-bw-end","status":"publish","type":"product","link":"https:\/\/www.stvvalves.com\/de\/products\/api-602-2500lb-globe-valve-a105n-body-dn50-bw-end\/","title":{"rendered":"API 602 2500LB Kugelventil, A105N-Geh\u00e4use, DN50, BW-Ende"},"content":{"rendered":"<p>Design und Herstellung entsprechen BS 5352, ANSI B16.34<\/p>\n<p>Anschlussenden entsprechen:<\/p>\n<p>1. Die geschwei\u00dften Enden entsprechen ANSI B16.11<\/p>\n<p>2. Schraubenenden entsprechen ANSI B1.20.1<\/p>\n<p>3..Stumpfgeschwei\u00dfte Enden entsprechen ANSI B16.25<\/p>\n<p>Tests und Inspektionen entsprechen: API 598<\/p>\n<p>1) Produktinformationen: Die gelieferten Ventile werden haupts\u00e4chlich f\u00fcr Wasser, Luft, \u00d6l, Gas verwendet<br \/>\n2) Verbindungstyp: Flanschtyp, Muffenschwei\u00dftyp, Stumpfschwei\u00dftyp, Schraubentyp<br \/>\n3) Material:<br \/>\na) Karosserie: A105, LCB, F11, F22, F304, F316, F304L, F316L<br \/>\nb) Scheibe: A105, LCB, F11, F22, F304, F316, F304L, F316L<br \/>\nc) Vorbau: F6a, F11, F22, F304, F316, F304L, F316L<br \/>\nd) Motorhaube: A105, LCB, F11, F22, F304, F316, F304L, F316L<br \/>\n4) Gr\u00f6\u00dfe: 15\u201350 mm\/1\/2\u2033 \u2013 2\u2033<br \/>\n5) Druckstufe: PN16~PN100, 150Lb~2500Lb<br \/>\n6) Beschichtung: Beschichtung nach Kundenwunsch<br \/>\n7) Paket: Holzkisten<\/p>\n<p>&nbsp;<\/p>\n<table>\n<tbody>\n<tr>\n<td width=\"200\"><strong>Produktname<\/strong><\/td>\n<td width=\"481\">API 602 2500LB Kugelventil, A105N-Geh\u00e4use, DN50, BW-Ende<\/td>\n<\/tr>\n<tr>\n<td width=\"200\">1. Material<\/td>\n<td width=\"481\">A105N<\/td>\n<\/tr>\n<tr>\n<td width=\"200\">2. Gr\u00f6\u00dfe<\/td>\n<td width=\"481\">2&quot;<\/td>\n<\/tr>\n<tr>\n<td width=\"200\">4. Hafen<\/td>\n<td width=\"481\">Reduzieranschluss<\/td>\n<\/tr>\n<tr>\n<td width=\"200\">5. Arbeitsdruck<\/td>\n<td width=\"481\">2500 Pfund<\/td>\n<\/tr>\n<tr>\n<td width=\"200\">6. Verbindung endet<\/td>\n<td width=\"481\">BW<\/td>\n<\/tr>\n<tr>\n<td width=\"200\">7. Arbeitstemperatur.<\/td>\n<td width=\"481\">-29~425 \u00b0C,<\/td>\n<\/tr>\n<tr>\n<td width=\"200\">8. Geeignetes Medium<\/td>\n<td width=\"481\">Wasser, Erdgas, \u00d6l und einige \u00e4tzende Fl\u00fcssigkeiten<\/td>\n<\/tr>\n<tr>\n<td width=\"200\">9. Betrieben<\/td>\n<td width=\"481\">Handrad<\/td>\n<\/tr>\n<tr>\n<td width=\"200\">10. Inspektion und Pr\u00fcfung<\/td>\n<td width=\"481\">Gem\u00e4\u00df API598<\/td>\n<\/tr>\n<tr>\n<td width=\"200\"><strong>Sendung<\/strong><\/td>\n<td width=\"481\"><\/td>\n<\/tr>\n<tr>\n<td width=\"200\">Lieferzeit<\/td>\n<td width=\"481\">30 Tage<\/td>\n<\/tr>\n<tr>\n<td width=\"200\">Paket<\/td>\n<td width=\"481\">Standard-Export-Sperrholzkiste<\/td>\n<\/tr>\n<tr>\n<td width=\"200\">Hafen<\/td>\n<td width=\"481\">Ningbo\/Shanghai, China<\/td>\n<\/tr>\n<tr>\n<td width=\"200\">Versandbedingungen<\/td>\n<td width=\"481\">Exw, FOB, CFR, CIF usw.<\/td>\n<\/tr>\n<tr>\n<td width=\"200\">Zahlungsbedingungen<\/td>\n<td width=\"481\">T\/T, Western Union, PayPal usw.<\/td>\n<\/tr>\n<tr>\n<td width=\"200\"><\/td>\n<td width=\"481\">30% Vorauszahlung, 70% Restbetrag vor dem Versand bezahlt<\/td>\n<\/tr>\n<tr>\n<td width=\"200\">Herkunftsland<\/td>\n<td width=\"481\">Stadt Wenzhou, China<\/td>\n<\/tr>\n<tr>\n<td width=\"200\">Produktionskapazit\u00e4t<\/td>\n<td width=\"481\">6000 Tonnen\/Jahr<\/td>\n<\/tr>\n<tr>\n<td width=\"200\">Mindestbestellmenge<\/td>\n<td width=\"481\">1 St\u00fcck\/Gr\u00f6\u00dfe<\/td>\n<\/tr>\n<\/tbody>\n<\/table>","protected":false},"excerpt":{"rendered":"<h1 class=\"product_title entry-title\">API 602 2500LB Kugelventil, A105N-Geh\u00e4use, DN50, BW-Ende<\/h1>\n<div class=\"woocommerce-product-details__short-description\">\n<p>Modell: STV-PJ61Y-2500LB-DN50-A105N<\/p>\n<p>Ein Kugelventil aus geschmiedetem Stahl ist das Ventil, das das Schlie\u00dfelement (Ventil) entlang der Mittellinie des Sitzes bewegt. Je nach Bewegungsform der Klappe ist die \u00c4nderung der Sitz\u00f6ffnung proportional zum Klappenweg. Aufgrund des relativ kurzen \u00d6ffnungs- bzw. Schlie\u00dfhubs des Schmiedestahl-Absperrventils und der sehr zuverl\u00e4ssigen Absperrfunktion ist das Schmiedestahl-Absperrventil aufgrund der \u00c4nderung der Ventilsitz\u00f6ffnung und des Hubs auch f\u00fcr den Durchfluss geeignet Ventilklappe. Einstellung. Daher sind Absperrventile aus geschmiedetem Stahl ideal f\u00fcr den Einsatz als Absperr- oder Einstell- und Drosselventil. Der offensichtlichste Vorteil des Absperrventils aus geschmiedetem Stahl besteht darin, dass das Absperrventil aus geschmiedetem Stahl w\u00e4hrend des \u00d6ffnungs- und Schlie\u00dfvorgangs verschlei\u00dffest ist, da die Reibung zwischen der Ventilklappe und der Dichtfl\u00e4che des Ventilk\u00f6rpers geringer ist als die des Absperrschiebers . Die \u00d6ffnungsh\u00f6he betr\u00e4gt in der Regel nur 1\/4 des Durchmessers des Sitzkanals und ist damit deutlich kleiner als beim Schieber. Normalerweise gibt es nur eine Dichtfl\u00e4che am Ventilk\u00f6rper und an der Ventilklappe, wodurch der Herstellungsprozess besser und reparaturfreundlicher ist.<\/p>\n<p>STV Valve Technology Group Co., Ltd ist ein professioneller Marktf\u00fchrer in China API 602 2500LB Kugelventil, druckdichtendes Kugelventil mit Haube, DN50-kugelf\u00f6rmiges Ventil mit druckdichtender Haube, geschmiedetem Stahl-kugelf\u00f6rmigem Ventil mit druckdichtender Haube, A105N-kugelf\u00f6rmiges Ventil mit druckdichtender Haube und BW-Enddruck Hersteller von Dichtungshauben-Absperrventilen mit hoher Qualit\u00e4t und wettbewerbsf\u00e4higem Preis.<\/p>\n<p>F\u00fcr weitere Materialien und Details wenden Sie sich bitte an sales@stvvalve.com.<\/p>\n<p>Datumsblatt:<a href=\"https:\/\/www.stvvalves.com\/wp-content\/uploads\/2019\/05\/api-602-2500lb-globe-valve-a105n-body-dn50-bw-end-draqing.pdf\">API 602 2500LB Kugelventil, A105N-Geh\u00e4use, DN50, BW-Ende<\/a><\/p>\n<\/div>","protected":false},"featured_media":4881,"template":"","meta":[],"product_brand":[],"product_cat":[64,45],"product_tag":[909,906,908,910,907],"class_list":{"0":"post-4874","1":"product","2":"type-product","3":"status-publish","4":"has-post-thumbnail","6":"product_cat-foreged-steel-globe-valve","7":"product_cat-globe-valve","8":"product_tag-a105n-pressure-seal-bonnet-globe-valve","9":"product_tag-api-602-2500lb-globe-valve","10":"product_tag-bw-end-pressure-seal-bonnet-globe-valve","11":"product_tag-forged-steel-pressure-seal-bonnet-globe-valve","12":"product_tag-pressure-seal-bonnet-globe-valve","14":"first","15":"instock","16":"shipping-taxable","17":"product-type-simple"},"_links":{"self":[{"href":"https:\/\/www.stvvalves.com\/de\/wp-json\/wp\/v2\/product\/4874","targetHints":{"allow":["GET"]}}],"collection":[{"href":"https:\/\/www.stvvalves.com\/de\/wp-json\/wp\/v2\/product"}],"about":[{"href":"https:\/\/www.stvvalves.com\/de\/wp-json\/wp\/v2\/types\/product"}],"wp:featuredmedia":[{"embeddable":true,"href":"https:\/\/www.stvvalves.com\/de\/wp-json\/wp\/v2\/media\/4881"}],"wp:attachment":[{"href":"https:\/\/www.stvvalves.com\/de\/wp-json\/wp\/v2\/media?parent=4874"}],"wp:term":[{"taxonomy":"product_brand","embeddable":true,"href":"https:\/\/www.stvvalves.com\/de\/wp-json\/wp\/v2\/product_brand?post=4874"},{"taxonomy":"product_cat","embeddable":true,"href":"https:\/\/www.stvvalves.com\/de\/wp-json\/wp\/v2\/product_cat?post=4874"},{"taxonomy":"product_tag","embeddable":true,"href":"https:\/\/www.stvvalves.com\/de\/wp-json\/wp\/v2\/product_tag?post=4874"}],"curies":[{"name":"wp","href":"https:\/\/api.w.org\/{rel}","templated":true}]}}