{"id":4898,"date":"2019-05-26T15:16:36","date_gmt":"2019-05-26T15:16:36","guid":{"rendered":"https:\/\/www.stvvalves.com\/?post_type=product&#038;p=4898"},"modified":"2025-02-17T18:31:54","modified_gmt":"2025-02-17T10:31:54","slug":"din-bellows-seal-globe-valves-gg25-body-pn16-dn250","status":"publish","type":"product","link":"https:\/\/www.stvvalves.com\/de\/products\/din-bellows-seal-globe-valves-gg25-body-pn16-dn250\/","title":{"rendered":"DIN-Faltenbalgventile, Geh\u00e4use GG25, PN16, DN250"},"content":{"rendered":"<p class=\"p0\">Merkmale von Faltenbalgventilen:<br \/>\n\u25cfDoppelwandige Faltenbalgdichtung als Standard.<br \/>\n\u25cfStecker mit Randsitz<br \/>\n\u25cfFaltenbalgdichtung am Oberteil angeschwei\u00dft<br \/>\n\u25cfGeschwei\u00dfter Sitz<br \/>\n\u25cf Faltenbalg dichtet 10.000 Lastwechsel ab<br \/>\n\u25cf Au\u00dfengewinde des Schafts<br \/>\n\u25cfSekund\u00e4re Abdichtung: Stopfbuchspackung (mit Br\u00fccke)<br \/>\n\u25cf Schaftr\u00fcckdichtung<br \/>\n\u25cf Jochdichtung, zweikammerig<br \/>\n\u25cf Spindel mit rollgeh\u00e4rtetem Gewinde<br \/>\nTechnische Spezifikation<br \/>\nKonstruktionsnorm: DIN 3356<br \/>\nBaul\u00e4nge: DIN 3202<br \/>\nFlanschenden: DIN 2543-2545<br \/>\nPr\u00fcfung &amp; Inspektion: DIN 3230<\/p>\n<p>Anwendung: Hei\u00df\u00f6lsystem, Dampfsystem, Hei\u00df- und Kaltwassersystem usw.<br \/>\nMedium: Dampf, Gase, Hei\u00dfwasser, Thermal\u00f6l, Ammoniak usw.<br \/>\nMaterialien: GG25 (EN-GJL-250), GGG40, 1.0619+N (GS-C25), 1.4308 (CF8), 1.4408 (CF8M)<br \/>\nMaterialien des Balgs: SS304, SS316, SS316L, SS 310S, Hastely C<br \/>\nGr\u00f6\u00dfenbereich: DN15-DN400<br \/>\nDruck: PN16-PN40<br \/>\nTemperatur: \u2264600 \u2103<\/p>\n<table>\n<tbody>\n<tr>\n<td width=\"200\"><strong>Produktname<\/strong><\/td>\n<td width=\"481\">DIN-Faltenbalgventile, Geh\u00e4use GG25, PN16, DN250<\/td>\n<\/tr>\n<tr>\n<td width=\"200\">1. Material<\/td>\n<td width=\"481\">GG25<\/td>\n<\/tr>\n<tr>\n<td width=\"200\">2. Gr\u00f6\u00dfe<\/td>\n<td width=\"481\">10&quot;<\/td>\n<\/tr>\n<tr>\n<td width=\"200\">4. Hafen<\/td>\n<td width=\"481\">Vollst\u00e4ndiger Port<\/td>\n<\/tr>\n<tr>\n<td width=\"200\">5. Arbeitsdruck<\/td>\n<td width=\"481\">PN16<\/td>\n<\/tr>\n<tr>\n<td width=\"200\">6. Verbindung endet<\/td>\n<td width=\"481\">RF<\/td>\n<\/tr>\n<tr>\n<td width=\"200\">7. Arbeitstemperatur.<\/td>\n<td width=\"481\">-29~425 \u00b0C,<\/td>\n<\/tr>\n<tr>\n<td width=\"200\">8. Geeignetes Medium<\/td>\n<td width=\"481\">Wasser, Erdgas, \u00d6l und einige \u00e4tzende Fl\u00fcssigkeiten<\/td>\n<\/tr>\n<tr>\n<td width=\"200\">9. Betrieben<\/td>\n<td width=\"481\">Handrad<\/td>\n<\/tr>\n<tr>\n<td width=\"200\">10. Inspektion und Pr\u00fcfung<\/td>\n<td width=\"481\">Nach DIN 3230<\/td>\n<\/tr>\n<tr>\n<td width=\"200\"><strong>Sendung<\/strong><\/td>\n<td width=\"481\"><\/td>\n<\/tr>\n<tr>\n<td width=\"200\">Lieferzeit<\/td>\n<td width=\"481\">30 Tage<\/td>\n<\/tr>\n<tr>\n<td width=\"200\">Paket<\/td>\n<td width=\"481\">Standard-Export-Sperrholzkiste<\/td>\n<\/tr>\n<tr>\n<td width=\"200\">Hafen<\/td>\n<td width=\"481\">Ningbo\/Shanghai, China<\/td>\n<\/tr>\n<tr>\n<td width=\"200\">Versandbedingungen<\/td>\n<td width=\"481\">Exw, FOB, CFR, CIF usw.<\/td>\n<\/tr>\n<tr>\n<td width=\"200\">Zahlungsbedingungen<\/td>\n<td width=\"481\">T\/T, Western Union, PayPal usw.<\/td>\n<\/tr>\n<tr>\n<td width=\"200\"><\/td>\n<td width=\"481\">30% Vorauszahlung, 70% Restbetrag vor dem Versand bezahlt<\/td>\n<\/tr>\n<tr>\n<td width=\"200\">Herkunftsland<\/td>\n<td width=\"481\">Stadt Wenzhou, China<\/td>\n<\/tr>\n<tr>\n<td width=\"200\">Produktionskapazit\u00e4t<\/td>\n<td width=\"481\">6000 Tonnen\/Jahr<\/td>\n<\/tr>\n<tr>\n<td width=\"200\">Mindestbestellmenge<\/td>\n<td width=\"481\">1 St\u00fcck\/Gr\u00f6\u00dfe<\/td>\n<\/tr>\n<\/tbody>\n<\/table>","protected":false},"excerpt":{"rendered":"<p>Modell: STV-WJ41Y-PN40-WCB-DN100<\/p>\n<p>Das DIN-Absperrventil mit Faltenbalgdichtung nach DIN EN eignet sich zum Schneiden und Verbinden von Rohrleitungen mit Medien, die in verschiedenen Branchen wie der Erd\u00f6lchemieindustrie, der Pharmazie, der chemischen D\u00fcngemittelindustrie, der Elektrizit\u00e4tsindustrie usw. unter einem Nenndruck von PN1,6\u201316 MPa und im Betrieb eingesetzt werden Temperatur von -29\u00b0C \u2013 350\u00b0C<\/p>\n<div class=\"woocommerce-product-details__short-description\">\n<p>STV Valve Technology Group Co., Ltd ist ein professioneller Marktf\u00fchrer f\u00fcr China-Absperrventile mit Faltenbalgdichtung, Absperrventile mit Balgdichtung nach DIN-Standard, Absperrventile mit Balgdichtung GG25, Absperrventile mit Faltenbalg nach DIN und Ansi 150LB-Absperrventile mit Faltenbalgdichtung und hoher Qualit\u00e4t zu einem wettbewerbsf\u00e4higen Preis.<\/p>\n<p>F\u00fcr weitere Materialien und Details wenden Sie sich bitte an sales@stvvalve.com.<\/p>\n<p>Datumsblatt:<a href=\"https:\/\/www.stvvalves.com\/wp-content\/uploads\/2019\/05\/DIN-Bellows-Seal-Globe-Valves-GG25-Body-PN16-DN250-drawing.pdf\">DIN-Faltenbalgventile, Geh\u00e4use GG25, PN16, DN250<\/a><\/p>\n<\/div>\n<form class=\"cart\" action=\"https:\/\/www.stvvalves.com\/de\/product\/1500lb-forged-steel-weld-bonnet-gate-valvea105n-bodydn50socket-weld-end\/\" enctype=\"multipart\/form-data\" method=\"post\" data-trp-original-action=\"https:\/\/www.stvvalves.com\/product\/1500lb-forged-steel-weld-bonnet-gate-valvea105n-bodydn50socket-weld-end\/\">\n<div class=\"wcpa_form_outer\"><\/div>\n<div class=\"quantity\"><\/div>\n<div class=\"addquotelistlink\">\n<div class=\"quotelistadd_prodpage\"><\/div>\n<\/div>\n<input type=\"hidden\" name=\"trp-form-language\" value=\"de\"\/><\/form>","protected":false},"featured_media":4901,"template":"","meta":[],"product_brand":[],"product_cat":[65,45],"product_tag":[1011,915,1010,914,916],"class_list":{"0":"post-4898","1":"product","2":"type-product","3":"status-publish","4":"has-post-thumbnail","6":"product_cat-bellow-seal-globe-valve","7":"product_cat-globe-valve","8":"product_tag-ansi-150lb-bellow-sealed-globe-valve","9":"product_tag-bellows-seal-globe-valve","10":"product_tag-din-bellow-stop-valve","11":"product_tag-din-standard-bellows-seal-globe-valve","12":"product_tag-gg25-bellow-globe-valve","14":"first","15":"instock","16":"shipping-taxable","17":"product-type-simple"},"_links":{"self":[{"href":"https:\/\/www.stvvalves.com\/de\/wp-json\/wp\/v2\/product\/4898","targetHints":{"allow":["GET"]}}],"collection":[{"href":"https:\/\/www.stvvalves.com\/de\/wp-json\/wp\/v2\/product"}],"about":[{"href":"https:\/\/www.stvvalves.com\/de\/wp-json\/wp\/v2\/types\/product"}],"wp:featuredmedia":[{"embeddable":true,"href":"https:\/\/www.stvvalves.com\/de\/wp-json\/wp\/v2\/media\/4901"}],"wp:attachment":[{"href":"https:\/\/www.stvvalves.com\/de\/wp-json\/wp\/v2\/media?parent=4898"}],"wp:term":[{"taxonomy":"product_brand","embeddable":true,"href":"https:\/\/www.stvvalves.com\/de\/wp-json\/wp\/v2\/product_brand?post=4898"},{"taxonomy":"product_cat","embeddable":true,"href":"https:\/\/www.stvvalves.com\/de\/wp-json\/wp\/v2\/product_cat?post=4898"},{"taxonomy":"product_tag","embeddable":true,"href":"https:\/\/www.stvvalves.com\/de\/wp-json\/wp\/v2\/product_tag?post=4898"}],"curies":[{"name":"wp","href":"https:\/\/api.w.org\/{rel}","templated":true}]}}