{"id":4919,"date":"2019-06-06T03:25:50","date_gmt":"2019-06-06T03:25:50","guid":{"rendered":"https:\/\/www.stvvalves.com\/?post_type=product&#038;p=4919"},"modified":"2025-02-17T18:31:51","modified_gmt":"2025-02-17T10:31:51","slug":"api-603-300lb-swing-check-valve-cf8-body-18-inch-flange-end","status":"publish","type":"product","link":"https:\/\/www.stvvalves.com\/de\/products\/api-603-300lb-swing-check-valve-cf8-body-18-inch-flange-end\/","title":{"rendered":"API 603 300LB R\u00fcckschlagventil, CF8-Geh\u00e4use, 18 Zoll, Flanschende"},"content":{"rendered":"<p><!--StartFragment --><\/p>\n<div>API 603 300LB R\u00fcckschlagventil, CF8-Geh\u00e4use, 18 Zoll, Flanschende<\/div>\n<div>SCHWENK-R\u00dcCKSCHLAGVENTIL DER KLASSE 150~1500Verschraubte Abdeckung, schwenkbare Scheibe<br \/>\nSitzring mit Gewinde oder geschwei\u00dft<br \/>\nASTM A216 WCB, A217 WC6, A351CF8, A351CF8M,<br \/>\nA351 CF3,A351 CF3M,A351 CN7M<br \/>\nEinhaltung von Standards<br \/>\nDesign und Herstellung: ANSIB16.34, API6D, BS11868<br \/>\nVon Angesicht zu Angesicht (Ende zu Ende): ANSIB16.10, API6D<br \/>\nFlanschanschluss: 2~~24~nach ANSIB16,5\uff3f<br \/>\n2~,26~~36~bis MSS-SP-44\uff1b~bis API605 auf Anfrage<br \/>\nStumpfgeschwei\u00dftes Ende: ANSIB16.25<br \/>\nTest und Inspektion: API598, API6D<\/p>\n<div id=\"attachment_4920\" style=\"width: 2348px\" class=\"wp-caption alignleft\"><img loading=\"lazy\" decoding=\"async\" aria-describedby=\"caption-attachment-4920\" class=\"size-full wp-image-4920\" src=\"https:\/\/www.stvvalves.com\/wp-content\/uploads\/2019\/06\/api-603-300lb-swing-check-valve-cf8-body-18-inch-flange-end-drawing.jpg\" alt=\"\" width=\"2338\" height=\"1653\" srcset=\"https:\/\/www.stvvalves.com\/wp-content\/uploads\/2019\/06\/api-603-300lb-swing-check-valve-cf8-body-18-inch-flange-end-drawing.jpg 2338w, https:\/\/www.stvvalves.com\/wp-content\/uploads\/2019\/06\/api-603-300lb-swing-check-valve-cf8-body-18-inch-flange-end-drawing-600x424.jpg 600w, https:\/\/www.stvvalves.com\/wp-content\/uploads\/2019\/06\/api-603-300lb-swing-check-valve-cf8-body-18-inch-flange-end-drawing-300x212.jpg 300w, https:\/\/www.stvvalves.com\/wp-content\/uploads\/2019\/06\/api-603-300lb-swing-check-valve-cf8-body-18-inch-flange-end-drawing-768x543.jpg 768w, https:\/\/www.stvvalves.com\/wp-content\/uploads\/2019\/06\/api-603-300lb-swing-check-valve-cf8-body-18-inch-flange-end-drawing-1030x728.jpg 1030w, https:\/\/www.stvvalves.com\/wp-content\/uploads\/2019\/06\/api-603-300lb-swing-check-valve-cf8-body-18-inch-flange-end-drawing-1500x1061.jpg 1500w, https:\/\/www.stvvalves.com\/wp-content\/uploads\/2019\/06\/api-603-300lb-swing-check-valve-cf8-body-18-inch-flange-end-drawing-260x185.jpg 260w, https:\/\/www.stvvalves.com\/wp-content\/uploads\/2019\/06\/api-603-300lb-swing-check-valve-cf8-body-18-inch-flange-end-drawing-705x498.jpg 705w\" sizes=\"auto, (max-width: 2338px) 100vw, 2338px\" \/><p id=\"caption-attachment-4920\" class=\"wp-caption-text\">Edelstahl-R\u00fcckschlagventil, API 603-R\u00fcckschlagventil, 300LB-R\u00fcckschlagventil, 18-Zoll-Flansch-R\u00fcckschlagventil, China 316-R\u00fcckschlagventil-Hersteller<\/p><\/div>\n<\/div>","protected":false},"excerpt":{"rendered":"<div class=\"woocommerce-product-details__short-description\">\n<p>Modell: STV-H44H-300LB-CF8-18\u2033<\/p>\n<p>API 603-Standard-R\u00fcckschlagventile werden in Rohrleitungen der Klasse 150\u2013300, PN2,0\u20135,0 MPa und Betriebstemperaturen von 29\u2013500 \u00b0C verwendet, um das Medium in der Rohrleitung abzusperren oder anzuschlie\u00dfen. Verschiedene Materialien k\u00f6nnen in Salpeters\u00e4ure, Essigs\u00e4ure, oxidierenden Medien, Harnstoff und anderen korrosiven Medien verwendet werden. Sie k\u00f6nnen auch in Wasser, Dampf, \u00d6l und anderen nicht korrosiven oder schwach korrosiven Medien eingesetzt werden.<\/p>\n<p>STV Valve Technology Group Co., Ltd ist ein professioneller Marktf\u00fchrer in China, Hersteller von Edelstahl-R\u00fcckschlagventilen, API 603-R\u00fcckschlagventilen, 300LB-R\u00fcckschlagventilen, 18-Zoll-Flansch-R\u00fcckschlagventilen und chinesischen 316-R\u00fcckschlagventilen mit hoher Qualit\u00e4t und wettbewerbsf\u00e4higen Preisen.<\/p>\n<p>F\u00fcr weitere Materialien und Details wenden Sie sich bitte an sales@stvvalve.com.<\/p>\n<p>Datumsblatt:<a href=\"http:\/\/api-603-300lb-swing-check-valve-cf8-body-18-inch-flange-end-drawing\">API 603 300LB R\u00fcckschlagventil, CF8-Geh\u00e4use, 18 Zoll, Flanschende<\/a><\/p>\n<\/div>","protected":false},"featured_media":4923,"template":"","meta":[],"product_brand":[],"product_cat":[46,67],"product_tag":[926,925,927,924,633],"class_list":{"0":"post-4919","1":"product","2":"type-product","3":"status-publish","4":"has-post-thumbnail","6":"product_cat-check-valves","7":"product_cat-stainless-steel-check-valve","8":"product_tag-18-inch-flange-swing-check-valve","9":"product_tag-300lb-swing-check-valve","10":"product_tag-316-check-valve-manufacturer","11":"product_tag-api-603-swing-check-valve","12":"product_tag-stainless-steel-check-valve","14":"first","15":"instock","16":"shipping-taxable","17":"product-type-simple"},"_links":{"self":[{"href":"https:\/\/www.stvvalves.com\/de\/wp-json\/wp\/v2\/product\/4919","targetHints":{"allow":["GET"]}}],"collection":[{"href":"https:\/\/www.stvvalves.com\/de\/wp-json\/wp\/v2\/product"}],"about":[{"href":"https:\/\/www.stvvalves.com\/de\/wp-json\/wp\/v2\/types\/product"}],"wp:featuredmedia":[{"embeddable":true,"href":"https:\/\/www.stvvalves.com\/de\/wp-json\/wp\/v2\/media\/4923"}],"wp:attachment":[{"href":"https:\/\/www.stvvalves.com\/de\/wp-json\/wp\/v2\/media?parent=4919"}],"wp:term":[{"taxonomy":"product_brand","embeddable":true,"href":"https:\/\/www.stvvalves.com\/de\/wp-json\/wp\/v2\/product_brand?post=4919"},{"taxonomy":"product_cat","embeddable":true,"href":"https:\/\/www.stvvalves.com\/de\/wp-json\/wp\/v2\/product_cat?post=4919"},{"taxonomy":"product_tag","embeddable":true,"href":"https:\/\/www.stvvalves.com\/de\/wp-json\/wp\/v2\/product_tag?post=4919"}],"curies":[{"name":"wp","href":"https:\/\/api.w.org\/{rel}","templated":true}]}}