{"id":4942,"date":"2019-06-10T07:38:56","date_gmt":"2019-06-10T07:38:56","guid":{"rendered":"https:\/\/www.stvvalves.com\/?post_type=product&#038;p=4942"},"modified":"2026-01-17T20:46:07","modified_gmt":"2026-01-17T12:46:07","slug":"single-check-valve-pn16-f316-body-316-ptfe-trim-wafer-type","status":"publish","type":"product","link":"https:\/\/www.stvvalves.com\/de\/products\/single-check-valve-pn16-f316-body-316-ptfe-trim-wafer-type\/","title":{"rendered":"Einzelnes R\u00fcckschlagventil PN16, F316-K\u00f6rper, 316, PTFE-Innengarnitur, Wafer-Typ"},"content":{"rendered":"<p>Design und Herstellung: API594, API 6D<br \/>\nVon Angesicht zu Angesicht und von Ende zu Ende: API594, API6D, DIN3202<br \/>\nDruck-Temperatur-Bewertung: ASME B16.34, DIN2410<br \/>\nInspektion und Test: API598<br \/>\nRohrflansch: ASME B16.5,DIN2543~2548,GB\/T13402,API605,ASME B16.47.<\/p>\n<p>Produktauswahl<\/p>\n<p>Geh\u00e4usematerial: Kohlenstoffstahl, Edelstahl, legierter Stahl, Bronze<\/p>\n<p>Nenndurchmesser: 1\/2\u2033~48\u2033(DN15~DN1200)<\/p>\n<p>Endverbindung: RF, RTJ<\/p>\n<p>Druckbereich: Klasse 150\u2013900 (PN16\u2013PN150).<\/p>\n<p>Arbeitstemperatur: -196\u2103~+560\u2103<\/p>\n<p>F\u00fcr weitere Materialien und Details wenden Sie sich bitte an unseren Vertrieb.<\/p>\n<table>\n<tbody>\n<tr>\n<td width=\"200\"><strong>Produktname<\/strong><\/td>\n<td width=\"481\">Einzelnes R\u00fcckschlagventil PN16, F316-K\u00f6rper, 316, PTFE-Innengarnitur, Wafer-Typ<\/td>\n<\/tr>\n<tr>\n<td width=\"200\">1. Material<\/td>\n<td width=\"481\">F316<\/td>\n<\/tr>\n<tr>\n<td width=\"200\">2. Gr\u00f6\u00dfe<\/td>\n<td width=\"481\">4&quot;<\/td>\n<\/tr>\n<tr>\n<td width=\"200\">4. Hafen<\/td>\n<td width=\"481\">Vollst\u00e4ndiger Port<\/td>\n<\/tr>\n<tr>\n<td width=\"200\">5. Arbeitsdruck<\/td>\n<td width=\"481\">PN16<\/td>\n<\/tr>\n<tr>\n<td width=\"200\">6. Verbindung endet<\/td>\n<td width=\"481\">RF<\/td>\n<\/tr>\n<tr>\n<td width=\"200\">7. Arbeitstemperatur.<\/td>\n<td width=\"481\">-29~120 \u00b0C,<\/td>\n<\/tr>\n<tr>\n<td width=\"200\">8. Geeignetes Medium<\/td>\n<td width=\"481\">Wasser, Erdgas, \u00d6l und einige \u00e4tzende Fl\u00fcssigkeiten<\/td>\n<\/tr>\n<tr>\n<td width=\"200\">9. Betrieben<\/td>\n<td width=\"481\">\/<\/td>\n<\/tr>\n<tr>\n<td width=\"200\">10. Inspektion und Pr\u00fcfung<\/td>\n<td width=\"481\">Gem\u00e4\u00df API598<\/td>\n<\/tr>\n<tr>\n<td width=\"200\"><strong>Sendung<\/strong><\/td>\n<td width=\"481\"><\/td>\n<\/tr>\n<tr>\n<td width=\"200\">Lieferzeit<\/td>\n<td width=\"481\">30 Tage<\/td>\n<\/tr>\n<tr>\n<td width=\"200\">Paket<\/td>\n<td width=\"481\">Standard-Export-Sperrholzkiste<\/td>\n<\/tr>\n<tr>\n<td width=\"200\">Hafen<\/td>\n<td width=\"481\">Ningbo\/Shanghai, China<\/td>\n<\/tr>\n<tr>\n<td width=\"200\">Versandbedingungen<\/td>\n<td width=\"481\">Exw, FOB, CFR, CIF usw.<\/td>\n<\/tr>\n<tr>\n<td width=\"200\">Zahlungsbedingungen<\/td>\n<td width=\"481\">T\/T, Western Union, PayPal usw.<\/td>\n<\/tr>\n<tr>\n<td width=\"200\"><\/td>\n<td width=\"481\">30% Vorauszahlung, 70% Restbetrag vor dem Versand bezahlt<\/td>\n<\/tr>\n<tr>\n<td width=\"200\">Herkunftsland<\/td>\n<td width=\"481\">Stadt Wenzhou, China<\/td>\n<\/tr>\n<tr>\n<td width=\"200\">Produktionskapazit\u00e4t<\/td>\n<td width=\"481\">6000 Tonnen\/Jahr<\/td>\n<\/tr>\n<tr>\n<td width=\"200\">Mindestbestellmenge<\/td>\n<td width=\"481\">1 St\u00fcck\/Gr\u00f6\u00dfe<\/td>\n<\/tr>\n<\/tbody>\n<\/table>","protected":false},"excerpt":{"rendered":"<h1 class=\"product_title entry-title\">Modell:STV-H74S-PN16-F316-3\u2033<\/h1>\n<div class=\"woocommerce-product-details__short-description\">\n<p>Unser Einzelr\u00fcckschlagventil PN16 ist ein ultrad\u00fcnnes R\u00fcckschlagventil, das die Vorteile einer einfachen Struktur, eines sch\u00f6nen Aussehens, eines geringen Gewichts und einer bequemen Installation bietet. D\u00fcnne R\u00fcckschlagventile eignen sich haupts\u00e4chlich f\u00fcr Wasserversorgungssysteme, Erd\u00f6l-, Chemie-, Metallurgie- und andere Industriebereiche, in denen der Installationsraum begrenzt ist.<\/p>\n<p>STV Valve Technology Group Co., Ltd ist ein professioneller Marktf\u00fchrer in China. Hersteller von einzelnen d\u00fcnnen R\u00fcckschlagventilen, einzelnen Scheiben-Schwenkr\u00fcckschlagventilen, einzelnen d\u00fcnnen R\u00fcckschlagventilen aus geschmiedetem Stahl, Wafer-R\u00fcckschlagventilen, einzelnen d\u00fcnnen PN16-R\u00fcckschlagventilen und Herstellern von Edelstahl-R\u00fcckschlagventilen mit hoher Qualit\u00e4t und wettbewerbsf\u00e4higem Preis.<\/p>\n<p>F\u00fcr weitere Materialien und Details wenden Sie sich bitte an sales@stvvalve.com.<\/p>\n<p>Datumsblatt:\u00a0<a href=\"https:\/\/www.stvvalves.com\/wp-content\/uploads\/2019\/06\/Single-Check-Valve-PN16-F316-Body-316-PTFE-Trim-Wafer-Type-Drawing.pdf\">Einzelnes R\u00fcckschlagventil PN16, F316-K\u00f6rper, 316, PTFE-Innengarnitur, Wafer-Typ<\/a><\/p>\n<\/div>","protected":false},"featured_media":4943,"template":"","meta":[],"product_brand":[],"product_cat":[46,84],"product_tag":[226,932,933,330,931,633,225],"class_list":{"0":"post-4942","1":"product","2":"type-product","3":"status-publish","4":"has-post-thumbnail","6":"product_cat-check-valves","7":"product_cat-wafer-check-valve","8":"product_tag-dual-check-valve","9":"product_tag-forged-steel-single-thin-check-valve","10":"product_tag-pn16-single-thin-check-valve","11":"product_tag-single-disc-swing-check-valve","12":"product_tag-single-thin-check-valve","13":"product_tag-stainless-steel-check-valve","14":"product_tag-wafer-check-valve","16":"first","17":"instock","18":"shipping-taxable","19":"product-type-simple"},"_links":{"self":[{"href":"https:\/\/www.stvvalves.com\/de\/wp-json\/wp\/v2\/product\/4942","targetHints":{"allow":["GET"]}}],"collection":[{"href":"https:\/\/www.stvvalves.com\/de\/wp-json\/wp\/v2\/product"}],"about":[{"href":"https:\/\/www.stvvalves.com\/de\/wp-json\/wp\/v2\/types\/product"}],"wp:featuredmedia":[{"embeddable":true,"href":"https:\/\/www.stvvalves.com\/de\/wp-json\/wp\/v2\/media\/4943"}],"wp:attachment":[{"href":"https:\/\/www.stvvalves.com\/de\/wp-json\/wp\/v2\/media?parent=4942"}],"wp:term":[{"taxonomy":"product_brand","embeddable":true,"href":"https:\/\/www.stvvalves.com\/de\/wp-json\/wp\/v2\/product_brand?post=4942"},{"taxonomy":"product_cat","embeddable":true,"href":"https:\/\/www.stvvalves.com\/de\/wp-json\/wp\/v2\/product_cat?post=4942"},{"taxonomy":"product_tag","embeddable":true,"href":"https:\/\/www.stvvalves.com\/de\/wp-json\/wp\/v2\/product_tag?post=4942"}],"curies":[{"name":"wp","href":"https:\/\/api.w.org\/{rel}","templated":true}]}}