{"id":4955,"date":"2019-06-11T02:01:26","date_gmt":"2019-06-11T02:01:26","guid":{"rendered":"https:\/\/www.stvvalves.com\/?post_type=product&#038;p=4955"},"modified":"2025-02-17T18:31:49","modified_gmt":"2025-02-17T10:31:49","slug":"y-strainer-stainless-steel-304-ansi-150lb-14-inch-flange-end","status":"publish","type":"product","link":"https:\/\/www.stvvalves.com\/de\/products\/y-strainer-stainless-steel-304-ansi-150lb-14-inch-flange-end\/","title":{"rendered":"Y-Sieb Edelstahl 304, ANSI 150LB, 14 Zoll, Flanschende"},"content":{"rendered":"<p>Design: ANSI B16.34<br \/>\nPers\u00f6nlich: ANSI B 16.1<br \/>\nFlanschanschluss: ASME B16.5<br \/>\nStumpfschwei\u00dfverbindung: ASME B16.25<br \/>\nInspektion und Test, API 598<br \/>\nGr\u00f6\u00dfe: 1\/2\u2033 bis 32\u2033<br \/>\nDruck: 150lb bis 1500lb<br \/>\nMaterial: geschmiedeter Stahl,<br \/>\nGussstahl, Edelstahl<br \/>\nDesign Beschreibung:<br \/>\nVollst\u00e4ndiges Port-Design<br \/>\nY-Typ<br \/>\nEdelstahlsieb<br \/>\nVerschraubter Deckel mit Ablassschraube<\/p>\n<table>\n<tbody>\n<tr>\n<td width=\"200\"><strong>Produktname<\/strong><\/td>\n<td width=\"481\">Y-Sieb Edelstahl 304, ANSI 150LB, 14 Zoll, Flanschende<\/td>\n<\/tr>\n<tr>\n<td width=\"200\">1. Material<\/td>\n<td width=\"481\">304<\/td>\n<\/tr>\n<tr>\n<td width=\"200\">2. Gr\u00f6\u00dfe<\/td>\n<td width=\"481\">14 Zoll<\/td>\n<\/tr>\n<tr>\n<td width=\"200\">4. Hafen<\/td>\n<td width=\"481\">Vollst\u00e4ndiger Port<\/td>\n<\/tr>\n<tr>\n<td width=\"200\">5. Arbeitsdruck<\/td>\n<td width=\"481\">150 Pfund<\/td>\n<\/tr>\n<tr>\n<td width=\"200\">6. Verbindung endet<\/td>\n<td width=\"481\">RF<\/td>\n<\/tr>\n<tr>\n<td width=\"200\">7. Arbeitstemperatur.<\/td>\n<td width=\"481\">-29~425 \u00b0C,<\/td>\n<\/tr>\n<tr>\n<td width=\"200\">8. Geeignetes Medium<\/td>\n<td width=\"481\">Wasser, Erdgas, \u00d6l und einige \u00e4tzende Fl\u00fcssigkeiten<\/td>\n<\/tr>\n<tr>\n<td width=\"200\">9. Betrieben<\/td>\n<td width=\"481\">\/<\/td>\n<\/tr>\n<tr>\n<td width=\"200\">10. Inspektion und Pr\u00fcfung<\/td>\n<td width=\"481\">Gem\u00e4\u00df API598<\/td>\n<\/tr>\n<tr>\n<td width=\"200\"><strong>Sendung<\/strong><\/td>\n<td width=\"481\"><\/td>\n<\/tr>\n<tr>\n<td width=\"200\">Lieferzeit<\/td>\n<td width=\"481\">30 Tage<\/td>\n<\/tr>\n<tr>\n<td width=\"200\">Paket<\/td>\n<td width=\"481\">Standard-Export-Sperrholzkiste<\/td>\n<\/tr>\n<tr>\n<td width=\"200\">Hafen<\/td>\n<td width=\"481\">Ningbo\/Shanghai, China<\/td>\n<\/tr>\n<tr>\n<td width=\"200\">Versandbedingungen<\/td>\n<td width=\"481\">Exw, FOB, CFR, CIF usw.<\/td>\n<\/tr>\n<tr>\n<td width=\"200\">Zahlungsbedingungen<\/td>\n<td width=\"481\">T\/T, Western Union, PayPal usw.<\/td>\n<\/tr>\n<tr>\n<td width=\"200\"><\/td>\n<td width=\"481\">30% Vorauszahlung, 70% Restbetrag vor dem Versand bezahlt<\/td>\n<\/tr>\n<tr>\n<td width=\"200\">Herkunftsland<\/td>\n<td width=\"481\">Stadt Wenzhou, China<\/td>\n<\/tr>\n<tr>\n<td width=\"200\">Produktionskapazit\u00e4t<\/td>\n<td width=\"481\">6000 Tonnen\/Jahr<\/td>\n<\/tr>\n<tr>\n<td width=\"200\">Mindestbestellmenge<\/td>\n<td width=\"481\">1 St\u00fcck\/Gr\u00f6\u00dfe<\/td>\n<\/tr>\n<\/tbody>\n<\/table>","protected":false},"excerpt":{"rendered":"<p>Modell: GL41H-ANSI 150LB-CF8-14\u2033<\/p>\n<p>Y-Sieb aus Edelstahl 304 ist ein unverzichtbares Ger\u00e4t in mittleren Rohrleitungen. Es wird normalerweise am Einlass von \u00dcberdruckventilen, \u00dcberdruckventilen, Ventilen mit festem Wasserstand oder anderen Ger\u00e4ten installiert, um Verunreinigungen im Medium zu beseitigen und den normalen Gebrauch von Ventilen und Ger\u00e4ten zu sch\u00fctzen.<\/p>\n<p>Y-Sieb aus Edelstahl 304 werden haupts\u00e4chlich zum Filtern von Verunreinigungen in Rohrleitungen verwendet. Edelstahlmaterialien werden zum Korrosions- und Rostschutz verwendet. Edelstahl wird h\u00e4ufig in der chemischen Industrie, f\u00fcr Leitungswasser, Lebensmittel und andere Korrosions- und Rostschutzleitungen verwendet<\/p>\n<p>STV Valve Technology Group Co., Ltd ist ein professioneller Hersteller von 150-Pfund-Y-Sieben, Flansch-Y-Sieben, ANSI 304-Flansch-Y-Sieben und 14-Zoll-Edelstahl-Siebventilen in China mit hoher Qualit\u00e4t und wettbewerbsf\u00e4higen Preisen.<\/p>\n<p>F\u00fcr weitere Materialien und weitere Details wenden Sie sich bitte an sales@stvvalve.com.<\/p>\n<p>Datumsblatt:<a href=\"https:\/\/www.stvvalves.com\/wp-content\/uploads\/2019\/06\/Y-Strainer-Stainless-Steel-304-ANSI-150LB-14-Inch-Flange-End-Drawing.pdf\">Y-Sieb Edelstahl 304, ANSI 150LB, 14 Zoll, Flanschende<\/a><\/p>","protected":false},"featured_media":4956,"template":"","meta":[],"product_brand":[],"product_cat":[85,48],"product_tag":[941,938,939,940],"class_list":{"0":"post-4955","1":"product","2":"type-product","3":"status-publish","4":"has-post-thumbnail","6":"product_cat-stainless-steel-y-type-strainer","7":"product_cat-y-strainer","8":"product_tag-14-inch-stainless-steel-strainer-valve-manufacturer","9":"product_tag-150lb-y-strainer","10":"product_tag-ansi-304-flanged-y-strainer","11":"product_tag-flange-y-type-strainer","13":"first","14":"instock","15":"shipping-taxable","16":"product-type-simple"},"_links":{"self":[{"href":"https:\/\/www.stvvalves.com\/de\/wp-json\/wp\/v2\/product\/4955","targetHints":{"allow":["GET"]}}],"collection":[{"href":"https:\/\/www.stvvalves.com\/de\/wp-json\/wp\/v2\/product"}],"about":[{"href":"https:\/\/www.stvvalves.com\/de\/wp-json\/wp\/v2\/types\/product"}],"wp:featuredmedia":[{"embeddable":true,"href":"https:\/\/www.stvvalves.com\/de\/wp-json\/wp\/v2\/media\/4956"}],"wp:attachment":[{"href":"https:\/\/www.stvvalves.com\/de\/wp-json\/wp\/v2\/media?parent=4955"}],"wp:term":[{"taxonomy":"product_brand","embeddable":true,"href":"https:\/\/www.stvvalves.com\/de\/wp-json\/wp\/v2\/product_brand?post=4955"},{"taxonomy":"product_cat","embeddable":true,"href":"https:\/\/www.stvvalves.com\/de\/wp-json\/wp\/v2\/product_cat?post=4955"},{"taxonomy":"product_tag","embeddable":true,"href":"https:\/\/www.stvvalves.com\/de\/wp-json\/wp\/v2\/product_tag?post=4955"}],"curies":[{"name":"wp","href":"https:\/\/api.w.org\/{rel}","templated":true}]}}