{"id":4959,"date":"2019-06-11T02:45:26","date_gmt":"2019-06-11T02:45:26","guid":{"rendered":"https:\/\/www.stvvalves.com\/?post_type=product&#038;p=4959"},"modified":"2025-02-17T18:31:48","modified_gmt":"2025-02-17T10:31:48","slug":"pn16-cast-iron-y-strainer-bs-en-1092-2-flanged-end","status":"publish","type":"product","link":"https:\/\/www.stvvalves.com\/de\/products\/pn16-cast-iron-y-strainer-bs-en-1092-2-flanged-end\/","title":{"rendered":"Y-Sieb aus Gusseisen PN16, BS EN 1092-2, Flanschende"},"content":{"rendered":"<p>Y-Sieb aus Gusseisen PN16, BS EN 1092-2, Flanschende<br \/>\nGr\u00f6\u00dfe: 1\/2 bis 12 Zoll<br \/>\nPr\u00fcfstandard: API 598<br \/>\nGeh\u00e4use und Haube: Gusseisen<br \/>\nMaschensieb: Edelstahl<br \/>\nNenndruck: PN1,0\/1,6 mPa<br \/>\nScheibe: Gusseisen, Sph\u00e4roguss und Gummi<br \/>\nAls geeignete Medien eignen sich Wasser, Dampf und \u00d6l<br \/>\nBolzen und Mutter: Kohlenstoffstahl mit verzinkter Beschichtung<br \/>\nStandard: ANSI, DIN3202-F1 und BS2080<br \/>\nY-Sieb aus Gusseisen, Y-Siebe aus Gusseisen<br \/>\nAbmessungen: ANSI B16.1, DIN3202-F1 und BS2080<br \/>\nDer gebohrte Flansch entspricht ANSI B16.1, ANSI B16.5, DIN 2501 und BS4504<\/p>\n<table>\n<tbody>\n<tr>\n<td width=\"200\"><strong>Produktname<\/strong><\/td>\n<td width=\"481\">Y-Sieb aus Gusseisen PN16, BS EN 1092-2, Flanschende<\/td>\n<\/tr>\n<tr>\n<td width=\"200\">1. Material<\/td>\n<td width=\"481\">CI<\/td>\n<\/tr>\n<tr>\n<td width=\"200\">2. Gr\u00f6\u00dfe<\/td>\n<td width=\"481\">3&quot;<\/td>\n<\/tr>\n<tr>\n<td width=\"200\">4. Hafen<\/td>\n<td width=\"481\">Vollst\u00e4ndiger Port<\/td>\n<\/tr>\n<tr>\n<td width=\"200\">5. Arbeitsdruck<\/td>\n<td width=\"481\">PN16<\/td>\n<\/tr>\n<tr>\n<td width=\"200\">6. Verbindung endet<\/td>\n<td width=\"481\">RF<\/td>\n<\/tr>\n<tr>\n<td width=\"200\">7. Arbeitstemperatur.<\/td>\n<td width=\"481\">-29~200 \u00b0C,<\/td>\n<\/tr>\n<tr>\n<td width=\"200\">8. Geeignetes Medium<\/td>\n<td width=\"481\">Wasser, Erdgas, \u00d6l und einige \u00e4tzende Fl\u00fcssigkeiten<\/td>\n<\/tr>\n<tr>\n<td width=\"200\">9. Betrieben<\/td>\n<td width=\"481\">\/<\/td>\n<\/tr>\n<tr>\n<td width=\"200\">10. Inspektion und Pr\u00fcfung<\/td>\n<td width=\"481\">Gem\u00e4\u00df API598<\/td>\n<\/tr>\n<tr>\n<td width=\"200\"><strong>Sendung<\/strong><\/td>\n<td width=\"481\"><\/td>\n<\/tr>\n<tr>\n<td width=\"200\">Lieferzeit<\/td>\n<td width=\"481\">30 Tage<\/td>\n<\/tr>\n<tr>\n<td width=\"200\">Paket<\/td>\n<td width=\"481\">Standard-Export-Sperrholzkiste<\/td>\n<\/tr>\n<tr>\n<td width=\"200\">Hafen<\/td>\n<td width=\"481\">Ningbo\/Shanghai, China<\/td>\n<\/tr>\n<tr>\n<td width=\"200\">Versandbedingungen<\/td>\n<td width=\"481\">Exw, FOB, CFR, CIF usw.<\/td>\n<\/tr>\n<tr>\n<td width=\"200\">Zahlungsbedingungen<\/td>\n<td width=\"481\">T\/T, Western Union, PayPal usw.<\/td>\n<\/tr>\n<tr>\n<td width=\"200\"><\/td>\n<td width=\"481\">30% Vorauszahlung, 70% Restbetrag vor dem Versand bezahlt<\/td>\n<\/tr>\n<tr>\n<td width=\"200\">Herkunftsland<\/td>\n<td width=\"481\">Stadt Wenzhou, China<\/td>\n<\/tr>\n<tr>\n<td width=\"200\">Produktionskapazit\u00e4t<\/td>\n<td width=\"481\">6000 Tonnen\/Jahr<\/td>\n<\/tr>\n<tr>\n<td width=\"200\">Mindestbestellmenge<\/td>\n<td width=\"481\">1 St\u00fcck\/Gr\u00f6\u00dfe<\/td>\n<\/tr>\n<\/tbody>\n<\/table>","protected":false},"excerpt":{"rendered":"<p>Modell: GL41H-PN16-DI-4\u2033<\/p>\n<p>PN16 Gusseisen-Y-Sieb, Gusseisen-Y-Filterk\u00f6rpermaterial ist Grauguss, geeignet f\u00fcr Wasser, Dampf, \u00d6lprodukte, Nenngr\u00f6\u00dfe DN32-DN500, verwendet f\u00fcr Rohrleitungen mit einem Arbeitsdruck von 1,0 MPa, filtrierbaren mittleren Schmutz, Rost und andere Verunreinigungen. Wenn der Gusseisenfilter gereinigt werden muss, werden die gefilterten Verunreinigungen entfernt und erneut geladen, solange die herausnehmbare Filterpatrone herausgenommen wird. Die Verwendung und Wartung ist sehr praktisch. Der Filter ist klein, klein, hat einen geringen Widerstand, eine hohe Wirkung, ist einfach zu installieren und zu reparieren, kosteng\u00fcnstig und hat eine kurze Entw\u00e4sserungszeit. Bei kleinen Filtern dauert es nur 5-10 Minuten. Das allgemeine Wasserversorgungsnetz hat eine Maschenweite von 18\u201330 Maschen\/cm2, das L\u00fcftungsnetz hat eine Maschenweite von 40\u2013100 Maschen\/cm2 und das \u00d6lversorgungsnetz hat eine Maschenweite von 100\u2013300 Maschen\/cm2.<\/p>\n<p>STV Valve Technology Group Co., Ltd ist ein professioneller Marktf\u00fchrer in China, Gusseisen-Y-Sieb mit Flansch PN16, Flansch-Y-Sieb, Gusseisen-Y-Sieb, DIN-Y-Sieb, Y-Sieb-Flansch-Gusseisenhersteller mit hoher Qualit\u00e4t und wettbewerbsf\u00e4higem Preis.<\/p>\n<p>F\u00fcr weitere Materialien und weitere Details wenden Sie sich bitte an sales@stvvalve.com.<\/p>\n<p>Datumsblatt:<a href=\"https:\/\/www.stvvalves.com\/wp-content\/uploads\/2019\/06\/pn16-cast-iron-y-strainer-bs-en-1092-2-flanged-end-drawing.pdf\">Y-Sieb aus Gusseisen PN16, BS EN 1092-2, Flanschende<\/a><\/p>","protected":false},"featured_media":4961,"template":"","meta":[],"product_brand":[],"product_cat":[72,48],"product_tag":[943,942,944,945],"class_list":{"0":"post-4959","1":"product","2":"type-product","3":"status-publish","4":"has-post-thumbnail","6":"product_cat-cast-steel-y-type-strainer","7":"product_cat-y-strainer","8":"product_tag-cast-iron-y-strainer","9":"product_tag-cast-iron-y-type-strainer-flanged-pn16","10":"product_tag-din-y-strainer","11":"product_tag-y-strainer-flange-cast-iron","13":"first","14":"instock","15":"shipping-taxable","16":"product-type-simple"},"_links":{"self":[{"href":"https:\/\/www.stvvalves.com\/de\/wp-json\/wp\/v2\/product\/4959","targetHints":{"allow":["GET"]}}],"collection":[{"href":"https:\/\/www.stvvalves.com\/de\/wp-json\/wp\/v2\/product"}],"about":[{"href":"https:\/\/www.stvvalves.com\/de\/wp-json\/wp\/v2\/types\/product"}],"wp:featuredmedia":[{"embeddable":true,"href":"https:\/\/www.stvvalves.com\/de\/wp-json\/wp\/v2\/media\/4961"}],"wp:attachment":[{"href":"https:\/\/www.stvvalves.com\/de\/wp-json\/wp\/v2\/media?parent=4959"}],"wp:term":[{"taxonomy":"product_brand","embeddable":true,"href":"https:\/\/www.stvvalves.com\/de\/wp-json\/wp\/v2\/product_brand?post=4959"},{"taxonomy":"product_cat","embeddable":true,"href":"https:\/\/www.stvvalves.com\/de\/wp-json\/wp\/v2\/product_cat?post=4959"},{"taxonomy":"product_tag","embeddable":true,"href":"https:\/\/www.stvvalves.com\/de\/wp-json\/wp\/v2\/product_tag?post=4959"}],"curies":[{"name":"wp","href":"https:\/\/api.w.org\/{rel}","templated":true}]}}