{"id":4965,"date":"2019-06-11T06:41:15","date_gmt":"2019-06-11T06:41:15","guid":{"rendered":"https:\/\/www.stvvalves.com\/?post_type=product&#038;p=4965"},"modified":"2025-02-17T18:31:40","modified_gmt":"2025-02-17T10:31:40","slug":"bs-1873-globe-valve-300lb-wcb-8-inch-hand-wheel-op","status":"publish","type":"product","link":"https:\/\/www.stvvalves.com\/de\/products\/bs-1873-globe-valve-300lb-wcb-8-inch-hand-wheel-op\/","title":{"rendered":"BS 1873 Kugelventil, 300LB, WCB, 8 Zoll, Handradbetrieb"},"content":{"rendered":"<p>Design und Herstellung: ANSI B16.34, BS1873<br \/>\nVon Angesicht zu Angesicht (Ende zu Ende): ANSI B16.10<br \/>\nFlanschanschluss: nach ASME B16.5, ASME B16.47 Serie A, Serie B, MSS SP-4<br \/>\nStumpfgeschwei\u00dftes Ende: ANSI B16.25<br \/>\nTest und Inspektion: API598<br \/>\nFertigung nach NACE MR-01-75 auf Anfrage<\/p>\n<p>Kohlenstoffstahl: A216 WCB, ASTM A105<br \/>\nEdelstahl: A351 CF8 (F304), CF8M (F316), CF3 (F304L), CF3M (F316L), CF8C (F347), F321, F321H, CK20<br \/>\nLegierter Stahl: Monel 400, Monel K500, Legierung 20,904L, CN7M, Inconel, Hastelloy\u00ae B&amp;C, Titanlegierung<br \/>\nDuplex-Edelstahl: A351 CN7M (B473), CD4MCu (F50), CK3MCuN (F44), CG8M,<br \/>\nA890-1A,4A,5A,6A, A182 F44,F50,F51,F53,F310<br \/>\nNiedertemperaturstahl: A352 LCB, LCC, LCA, LC3, A350 LF2, LF3<br \/>\nHochtemperaturstahl: A217 WC6, WC9, WC5, WC11, C5, C12, C12A, A182 F22, F11, F5, F9,<br \/>\nBronze, Nickelaluminiumbronze (NAB), Rotguss: B148 C95500, C95800, C95400, B62, C83600, C92200, B61, B150 C63200<\/p>\n<table>\n<tbody>\n<tr>\n<td width=\"200\"><strong>Produktname<\/strong><\/td>\n<td width=\"481\">BS 1873 Kugelventil, 300LB, WCB, 8 Zoll, Handradbetrieb<\/td>\n<\/tr>\n<tr>\n<td width=\"200\">1. Material<\/td>\n<td width=\"481\">WCB<\/td>\n<\/tr>\n<tr>\n<td width=\"200\">2. Gr\u00f6\u00dfe<\/td>\n<td width=\"481\">8&quot;<\/td>\n<\/tr>\n<tr>\n<td width=\"200\">4. Hafen<\/td>\n<td width=\"481\">Vollst\u00e4ndiger Port<\/td>\n<\/tr>\n<tr>\n<td width=\"200\">5. Arbeitsdruck<\/td>\n<td width=\"481\">300 Pfund<\/td>\n<\/tr>\n<tr>\n<td width=\"200\">6. Verbindung endet<\/td>\n<td width=\"481\">RF<\/td>\n<\/tr>\n<tr>\n<td width=\"200\">7. Arbeitstemperatur.<\/td>\n<td width=\"481\">-29~425 \u00b0C,<\/td>\n<\/tr>\n<tr>\n<td width=\"200\">8. Geeignetes Medium<\/td>\n<td width=\"481\">Wasser, Erdgas, \u00d6l und einige \u00e4tzende Fl\u00fcssigkeiten<\/td>\n<\/tr>\n<tr>\n<td width=\"200\">9. Betrieben<\/td>\n<td width=\"481\">Handrad<\/td>\n<\/tr>\n<tr>\n<td width=\"200\">10. Inspektion und Pr\u00fcfung<\/td>\n<td width=\"481\">Gem\u00e4\u00df API598<\/td>\n<\/tr>\n<tr>\n<td width=\"200\"><strong>Sendung<\/strong><\/td>\n<td width=\"481\"><\/td>\n<\/tr>\n<tr>\n<td width=\"200\">Lieferzeit<\/td>\n<td width=\"481\">30 Tage<\/td>\n<\/tr>\n<tr>\n<td width=\"200\">Paket<\/td>\n<td width=\"481\">Standard-Export-Sperrholzkiste<\/td>\n<\/tr>\n<tr>\n<td width=\"200\">Hafen<\/td>\n<td width=\"481\">Ningbo\/Shanghai, China<\/td>\n<\/tr>\n<tr>\n<td width=\"200\">Versandbedingungen<\/td>\n<td width=\"481\">Exw, FOB, CFR, CIF usw.<\/td>\n<\/tr>\n<tr>\n<td width=\"200\">Zahlungsbedingungen<\/td>\n<td width=\"481\">T\/T, Western Union, PayPal usw.<\/td>\n<\/tr>\n<tr>\n<td width=\"200\"><\/td>\n<td width=\"481\">30% Vorauszahlung, 70% Restbetrag vor dem Versand bezahlt<\/td>\n<\/tr>\n<tr>\n<td width=\"200\">Herkunftsland<\/td>\n<td width=\"481\">Stadt Wenzhou, China<\/td>\n<\/tr>\n<tr>\n<td width=\"200\">Produktionskapazit\u00e4t<\/td>\n<td width=\"481\">6000 Tonnen\/Jahr<\/td>\n<\/tr>\n<tr>\n<td width=\"200\">Mindestbestellmenge<\/td>\n<td width=\"481\">1 St\u00fcck\/Gr\u00f6\u00dfe<\/td>\n<\/tr>\n<\/tbody>\n<\/table>","protected":false},"excerpt":{"rendered":"<p>Modell: STV-Z541H-300LB-8\u2033-WCB<br \/>\nEin Kugelventil ist ein Ventil, dessen Verschluss (Scheibe) sich entlang der Mittellinie des Sitzes bewegt. Entsprechend der Bewegung der Scheibe ist die \u00c4nderung der Sitz\u00f6ffnung proportional zum Scheibenweg. Da der \u00d6ffnungs- oder Schlie\u00dfhub des Schafts dieser Art von Ventil relativ kurz ist und eine sehr zuverl\u00e4ssige Absperrfunktion aufweist und die \u00c4nderung der Sitz\u00f6ffnung proportional zum Ventilweg ist, eignet es sich sehr gut f\u00fcr die Durchflussregulierung. Daher eignet sich dieser Ventiltyp sehr gut zum Schneiden bzw. Regeln und Drosseln.<\/p>\n<p>STV Valve Technology Group Co., Ltd ist ein professioneller Marktf\u00fchrer f\u00fcr China-Absperrventile mit geschraubter Haube, ASTM A216 300LB WCB-Absperrventile, ASTM A216 WCB-Absperrventile mit Flansch, Absperrventile aus Gussstahl, BS1873-Absperrventile, chinesischer Hersteller von Absperrventilen mit Flanschende und hoher Qualit\u00e4t und konkurrenzf\u00e4higer Preis.<\/p>\n<p>F\u00fcr weitere Materialien und Details wenden Sie sich bitte an sales@stvvalve.com.<\/p>\n<p>Datumsblatt:<a href=\"https:\/\/www.stvvalves.com\/wp-content\/uploads\/2019\/06\/bs-1873-globe-valve-300lb-wcb-8-inch-hand-wheel-op-drawing.pdf\">BS 1873 Kugelventil, 300LB, WCB, 8 Zoll, Handradbetrieb<\/a><\/p>","protected":false},"featured_media":4966,"template":"","meta":[],"product_brand":[],"product_cat":[63,45],"product_tag":[947,948,946,949,346,950],"class_list":{"0":"post-4965","1":"product","2":"type-product","3":"status-publish","4":"has-post-thumbnail","6":"product_cat-cast-steel-globe-valve","7":"product_cat-globe-valve","8":"product_tag-astm-a216-300lb-wcb-globe-valv","9":"product_tag-astm-a216-wcb-flanged-globe-valve","10":"product_tag-bolted-bonnet-globe-valves","11":"product_tag-bs1873-globe-valves","12":"product_tag-cast-steel-globe-valves","13":"product_tag-china-flanged-end-globe-valve-manufacturer","15":"first","16":"instock","17":"shipping-taxable","18":"product-type-simple"},"_links":{"self":[{"href":"https:\/\/www.stvvalves.com\/de\/wp-json\/wp\/v2\/product\/4965","targetHints":{"allow":["GET"]}}],"collection":[{"href":"https:\/\/www.stvvalves.com\/de\/wp-json\/wp\/v2\/product"}],"about":[{"href":"https:\/\/www.stvvalves.com\/de\/wp-json\/wp\/v2\/types\/product"}],"wp:featuredmedia":[{"embeddable":true,"href":"https:\/\/www.stvvalves.com\/de\/wp-json\/wp\/v2\/media\/4966"}],"wp:attachment":[{"href":"https:\/\/www.stvvalves.com\/de\/wp-json\/wp\/v2\/media?parent=4965"}],"wp:term":[{"taxonomy":"product_brand","embeddable":true,"href":"https:\/\/www.stvvalves.com\/de\/wp-json\/wp\/v2\/product_brand?post=4965"},{"taxonomy":"product_cat","embeddable":true,"href":"https:\/\/www.stvvalves.com\/de\/wp-json\/wp\/v2\/product_cat?post=4965"},{"taxonomy":"product_tag","embeddable":true,"href":"https:\/\/www.stvvalves.com\/de\/wp-json\/wp\/v2\/product_tag?post=4965"}],"curies":[{"name":"wp","href":"https:\/\/api.w.org\/{rel}","templated":true}]}}