{"id":4976,"date":"2019-06-26T07:55:08","date_gmt":"2019-06-26T07:55:08","guid":{"rendered":"https:\/\/www.stvvalves.com\/?post_type=product&#038;p=4976"},"modified":"2025-02-17T18:31:38","modified_gmt":"2025-02-17T10:31:38","slug":"astm-a217-wc6-globe-valve-600lb-dn100-rtj-flange-end","status":"publish","type":"product","link":"https:\/\/www.stvvalves.com\/de\/products\/astm-a217-wc6-globe-valve-600lb-dn100-rtj-flange-end\/","title":{"rendered":"ASTM A217 WC6 Kugelventil, 600LB, DN100, RTJ-Flanschende"},"content":{"rendered":"<p>Design nach ASME B16.34<br \/>\nFace-to-Face\/End-to-End: ASME B16.10<br \/>\nFlanschabmessungen: ASME B16.5<br \/>\nSchwei\u00dfende: ASME B.16.25<br \/>\nGrundentwurf: BS 1873<br \/>\nTests nach API 598<\/p>\n<p>Gr\u00f6\u00dfe: 2\u2033~60\u2033<\/p>\n<p>Druckstufe: Klasse 150\u20132500 LB<\/p>\n<p>Geh\u00e4usematerial: ASTM A216 WCB, A217 WC6, A351 CF8, A351 CF8M,<\/p>\n<p>A351 CF3, A351 CF3M, A351 CN7M usw.<\/p>\n<p>Endanschluss: RF, RTJ, BW<\/p>\n<p>Arbeitstemperatur: -29\u2103~650\u2103<\/p>\n<p>Bedienung: Handrad, Getriebe, elektrisch usw.<\/p>\n<div id=\"attachment_4977\" style=\"width: 2209px\" class=\"wp-caption alignleft\"><img loading=\"lazy\" decoding=\"async\" aria-describedby=\"caption-attachment-4977\" class=\"size-full wp-image-4977\" src=\"https:\/\/www.stvvalves.com\/wp-content\/uploads\/2019\/06\/ASTM-A217-WC6-Globe-Valve-600LB-DN100-RTJ-Flange-End-Drawing.jpg\" alt=\"\" width=\"2199\" height=\"1700\" srcset=\"https:\/\/www.stvvalves.com\/wp-content\/uploads\/2019\/06\/ASTM-A217-WC6-Globe-Valve-600LB-DN100-RTJ-Flange-End-Drawing.jpg 2199w, https:\/\/www.stvvalves.com\/wp-content\/uploads\/2019\/06\/ASTM-A217-WC6-Globe-Valve-600LB-DN100-RTJ-Flange-End-Drawing-600x464.jpg 600w, https:\/\/www.stvvalves.com\/wp-content\/uploads\/2019\/06\/ASTM-A217-WC6-Globe-Valve-600LB-DN100-RTJ-Flange-End-Drawing-300x232.jpg 300w, https:\/\/www.stvvalves.com\/wp-content\/uploads\/2019\/06\/ASTM-A217-WC6-Globe-Valve-600LB-DN100-RTJ-Flange-End-Drawing-768x594.jpg 768w, https:\/\/www.stvvalves.com\/wp-content\/uploads\/2019\/06\/ASTM-A217-WC6-Globe-Valve-600LB-DN100-RTJ-Flange-End-Drawing-1030x796.jpg 1030w, https:\/\/www.stvvalves.com\/wp-content\/uploads\/2019\/06\/ASTM-A217-WC6-Globe-Valve-600LB-DN100-RTJ-Flange-End-Drawing-1500x1160.jpg 1500w, https:\/\/www.stvvalves.com\/wp-content\/uploads\/2019\/06\/ASTM-A217-WC6-Globe-Valve-600LB-DN100-RTJ-Flange-End-Drawing-705x545.jpg 705w\" sizes=\"auto, (max-width: 2199px) 100vw, 2199px\" \/><p id=\"caption-attachment-4977\" class=\"wp-caption-text\">China Astm A217 Wc6-Absperrventile, BS1873 API 600-Absperrventil aus Stahlguss, RTJ-Absperrventil mit Flanschende, 600LB WC6-Absperrventil, Hersteller von Absperrventilen mit Flansch<\/p><\/div>","protected":false},"excerpt":{"rendered":"<p>Modell: STV-J41H-600LB-4\u2033-WC6<br \/>\nDas ASTM A217 WC6-Absperrventil eignet sich zum Schneiden oder Verbinden des Mediums in Rohrleitungen unter verschiedenen Arbeitsbedingungen, z. B. in der Erd\u00f6l-, Chemie-, Pharma-, D\u00fcngemittel- und Elektrizit\u00e4tsindustrie mit einem Nenndruck von PN1,6 bis 16,0 MPa und einer Arbeitstemperatur von -29 bis 550 \u00b0C C. Anwendbares Medium: Wasser, \u00d6l, Dampf, saures Medium usw. Die Betriebsarten sind: manuell, Zahnradgetriebe, elektrisch, pneumatisch usw.<\/p>\n<p>STV Valve Technology Group Co., Ltd ist ein professioneller Marktf\u00fchrer f\u00fcr China Astm A217 Wc6-Absperrventile, BS1873 API 600-Absperrventile aus Stahlguss, RTJ-Absperrventile mit Flanschende, 600LB WC6-Absperrventile und Hersteller von Absperrventilen mit Flansch mit hoher Qualit\u00e4t und wettbewerbsf\u00e4higen Preisen.<\/p>\n<p>F\u00fcr weitere Materialien und Details wenden Sie sich bitte an sales@stvvalve.com.<\/p>\n<p>Datumsblatt:<a href=\"https:\/\/www.stvvalves.com\/wp-content\/uploads\/2019\/06\/ASTM-A217-WC6-Globe-Valve-600LB-DN100-RTJ-Flange-End-Drawing.pdf\">ASTM A217 WC6 Kugelventil, 600LB, DN100, RTJ-Flanschende<\/a><\/p>","protected":false},"featured_media":4979,"template":"","meta":[],"product_brand":[],"product_cat":[48],"product_tag":[959,956,957,960,958],"class_list":{"0":"post-4976","1":"product","2":"type-product","3":"status-publish","4":"has-post-thumbnail","6":"product_cat-y-strainer","7":"product_tag-600lb-wc6-globe-valve","8":"product_tag-astm-a217-wc6-globe-valves","9":"product_tag-bs1873-api-600-cast-steel-globe-valve","10":"product_tag-flanged-globe-valve-manufacturer","11":"product_tag-rtj-flange-end-globe-valve","13":"first","14":"instock","15":"shipping-taxable","16":"product-type-simple"},"_links":{"self":[{"href":"https:\/\/www.stvvalves.com\/de\/wp-json\/wp\/v2\/product\/4976","targetHints":{"allow":["GET"]}}],"collection":[{"href":"https:\/\/www.stvvalves.com\/de\/wp-json\/wp\/v2\/product"}],"about":[{"href":"https:\/\/www.stvvalves.com\/de\/wp-json\/wp\/v2\/types\/product"}],"wp:featuredmedia":[{"embeddable":true,"href":"https:\/\/www.stvvalves.com\/de\/wp-json\/wp\/v2\/media\/4979"}],"wp:attachment":[{"href":"https:\/\/www.stvvalves.com\/de\/wp-json\/wp\/v2\/media?parent=4976"}],"wp:term":[{"taxonomy":"product_brand","embeddable":true,"href":"https:\/\/www.stvvalves.com\/de\/wp-json\/wp\/v2\/product_brand?post=4976"},{"taxonomy":"product_cat","embeddable":true,"href":"https:\/\/www.stvvalves.com\/de\/wp-json\/wp\/v2\/product_cat?post=4976"},{"taxonomy":"product_tag","embeddable":true,"href":"https:\/\/www.stvvalves.com\/de\/wp-json\/wp\/v2\/product_tag?post=4976"}],"curies":[{"name":"wp","href":"https:\/\/api.w.org\/{rel}","templated":true}]}}