{"id":5100,"date":"2019-07-15T06:51:28","date_gmt":"2019-07-15T06:51:28","guid":{"rendered":"https:\/\/www.stvvalves.com\/?post_type=product&#038;p=5100"},"modified":"2025-02-17T18:31:20","modified_gmt":"2025-02-17T10:31:20","slug":"astm-a106-a53-api-5l-gr-b-smls-steel-pipe","status":"publish","type":"product","link":"https:\/\/www.stvvalves.com\/de\/products\/astm-a106-a53-api-5l-gr-b-smls-steel-pipe\/","title":{"rendered":"ASTM A106\/A53 API 5L GR.B SMLS Stahlrohr"},"content":{"rendered":"<p>ASTM A106\/A53 API 5L GR.B SMLS Stahlrohr<\/p>\n<p>Standard: ASTM, DIN, GB, JIS<\/p>\n<p>G\u00fcteklasse: A53-A369, Cr-Mo-Legierung<\/p>\n<p>Dicke: 1 \u2013 120 mm<\/p>\n<p>Abschnittsform: Rund<\/p>\n<p>Au\u00dfendurchmesser (rund): 6 \u2013 2500 mm<\/p>\n<p>Herkunftsort: China<\/p>\n<p>Anwendung: Industrie, chemische Industrie<\/p>\n<p>Technik: Warmgewalzt<\/p>\n<p>Zertifizierung: BV, T\u00dcV<\/p>\n<p>Oberfl\u00e4chenbehandlung: Lackiert, Zink<\/p>\n<p>Sekund\u00e4r oder nicht: Nicht sekund\u00e4r<\/p>\n<p>Oberfl\u00e4che: Schwarz lackiert, PE-beschichtet<\/p>\n<p>L\u00e4nge: 6 m, 5,8 m, 11,8 m, 12 m oder nach Bedarf<\/p>\n<p>Verpackungsdetails: Standardm\u00e4\u00dfige seet\u00fcchtige Exportverpackung oder nach Bedarf.<\/p>\n<p>Hafen: Hafen von Tianjin<\/p>","protected":false},"excerpt":{"rendered":"<p>China\u00a0<a href=\"https:\/\/www.stvvalves.com\/de\/wholesale\/carbon-steel-pipe-and-stainless-steel-pipe\/\">Kohlenstoffstahlrohr<\/a> Der Hersteller STV Valve bietet nahtlose Kohlenstoffstahlrohre, nahtlose Stahlrohre und ASTM A106 Gr.B hochwertige nahtlose Kohlenstoffstahlrohre.<\/p>","protected":false},"featured_media":5101,"template":"","meta":[],"product_brand":[],"product_cat":[42],"product_tag":[988,987,985],"class_list":{"0":"post-5100","1":"product","2":"type-product","3":"status-publish","4":"has-post-thumbnail","6":"product_cat-carbon-steel-pipe-and-stainless-steel-pipe","7":"product_tag-astm-a106-gr-b-high-quality-carbon-seamless-steel-pipe","8":"product_tag-carbon-seamless-steel-pipe","9":"product_tag-seamless-steel-pipe","11":"first","12":"instock","13":"shipping-taxable","14":"product-type-simple"},"_links":{"self":[{"href":"https:\/\/www.stvvalves.com\/de\/wp-json\/wp\/v2\/product\/5100","targetHints":{"allow":["GET"]}}],"collection":[{"href":"https:\/\/www.stvvalves.com\/de\/wp-json\/wp\/v2\/product"}],"about":[{"href":"https:\/\/www.stvvalves.com\/de\/wp-json\/wp\/v2\/types\/product"}],"wp:featuredmedia":[{"embeddable":true,"href":"https:\/\/www.stvvalves.com\/de\/wp-json\/wp\/v2\/media\/5101"}],"wp:attachment":[{"href":"https:\/\/www.stvvalves.com\/de\/wp-json\/wp\/v2\/media?parent=5100"}],"wp:term":[{"taxonomy":"product_brand","embeddable":true,"href":"https:\/\/www.stvvalves.com\/de\/wp-json\/wp\/v2\/product_brand?post=5100"},{"taxonomy":"product_cat","embeddable":true,"href":"https:\/\/www.stvvalves.com\/de\/wp-json\/wp\/v2\/product_cat?post=5100"},{"taxonomy":"product_tag","embeddable":true,"href":"https:\/\/www.stvvalves.com\/de\/wp-json\/wp\/v2\/product_tag?post=5100"}],"curies":[{"name":"wp","href":"https:\/\/api.w.org\/{rel}","templated":true}]}}