{"id":5133,"date":"2019-07-17T08:55:48","date_gmt":"2019-07-17T08:55:48","guid":{"rendered":"https:\/\/www.stvvalves.com\/?post_type=product&#038;p=5133"},"modified":"2024-12-24T22:47:20","modified_gmt":"2024-12-24T14:47:20","slug":"din-lift-check-valvedn125wcbpn250weld-end","status":"publish","type":"product","link":"https:\/\/www.stvvalves.com\/de\/products\/din-lift-check-valvedn125wcbpn250weld-end\/","title":{"rendered":"DIN-R\u00fcckschlagventil, DN125, WCB, PN250, Schwei\u00dfende"},"content":{"rendered":"<p>Design und Herstellung: DIN 3840 \/ BS EN 1868<br \/>\nVon Angesicht zu Angesicht: DIN 3202\/BS EN558-1<br \/>\nFlanschenden: DIN 2543\/BS EN1092-1<br \/>\nInspektion und Test: DIN 3230\/BS EN12569<\/p>\n<p>Druck: PN10~PN420<br \/>\nGr\u00f6\u00dfe: DN40~DN900<br \/>\nMaterial: GS-C25, 1.0619, 1.4803, 1.4408, WCB, LCB, CF8, CF8M, CF3, CF3M, CF8C usw.<\/p>\n<table width=\"751\">\n<tbody>\n<tr>\n<td>Produktname:<\/td>\n<td>DIN-R\u00fcckschlagventil, DN125, WCB, PN250, Schwei\u00dfende<\/td>\n<\/tr>\n<tr>\n<td>1.Material:<\/td>\n<td>WCB<\/td>\n<\/tr>\n<tr>\n<td>2.Gr\u00f6\u00dfe:<\/td>\n<td>5\u2033<\/td>\n<\/tr>\n<tr>\n<td>3.Port:<\/td>\n<td>VOLL<\/td>\n<\/tr>\n<tr>\n<td>4. Arbeitstemperatur:<\/td>\n<td>-29 \u00b0C-425 \u00b0C<\/td>\n<\/tr>\n<tr>\n<td>5. Verbindungsende:<\/td>\n<td>BW<\/td>\n<\/tr>\n<tr>\n<td>6.Arbeitsdruck:<\/td>\n<td>PN250<\/td>\n<\/tr>\n<tr>\n<td>7. Geeignetes Medium:<\/td>\n<td>Wasser, Erdgas, \u00d6l und einige \u00e4tzende Fl\u00fcssigkeiten<\/td>\n<\/tr>\n<tr>\n<td>8.Bedienung:<\/td>\n<td>\/<\/td>\n<\/tr>\n<tr>\n<td>9. Inspektion und Pr\u00fcfung<\/td>\n<td>Nach DIN 3230<\/td>\n<\/tr>\n<tr>\n<td>Zertifikat:<\/td>\n<td>ISO, CE\/API 6D<\/td>\n<\/tr>\n<tr>\n<td><strong>Sendung<\/strong><\/td>\n<td><\/td>\n<\/tr>\n<tr>\n<td>Lieferzeit<\/td>\n<td>30 Tage<\/td>\n<\/tr>\n<tr>\n<td>Paket<\/td>\n<td>Standard-Export-Sperrholzkiste<\/td>\n<\/tr>\n<tr>\n<td>Hafen<\/td>\n<td>Ningbo\/Shanghai, China<\/td>\n<\/tr>\n<tr>\n<td>Versandbedingungen<\/td>\n<td>Exw, FOB, CFR, CIF usw.<\/td>\n<\/tr>\n<tr>\n<td>Zahlungsbedingungen<\/td>\n<td>T\/T, Western Union, PayPal usw.<\/td>\n<\/tr>\n<tr>\n<td><\/td>\n<td>30% Vorauszahlung, 70% Restbetrag vor dem Versand bezahlt<\/td>\n<\/tr>\n<tr>\n<td>Herkunftsland<\/td>\n<td>Stadt Wenzhou, China<\/td>\n<\/tr>\n<tr>\n<td>Produktionskapazit\u00e4t<\/td>\n<td>6000 Tonnen\/Jahr<\/td>\n<\/tr>\n<tr>\n<td>Mindestbestellmenge<\/td>\n<td>10 St\u00fcck\/Gr\u00f6\u00dfe<\/td>\n<\/tr>\n<\/tbody>\n<\/table>","protected":false},"excerpt":{"rendered":"<div class=\"woocommerce-product-details__short-description\">\n<div class=\"woocommerce-product-details__short-description\">\n<p>Modell:H61Y-PN250-DN125-WCB<\/p>\n<p>STV Valve Technology Group Co., Ltd ist ein professioneller Marktf\u00fchrer f\u00fcr chinesische DIN-Kolben-Heber\u00fcckschlagventile, DIN-Heber\u00fcckschlagventile, Heber\u00fcckschlagventile DIN PN250, Heber\u00fcckschlagventile aus Stahlguss, Heber\u00fcckschlagventile nach DIN 3845, Heber\u00fcckschlagventile BW und Heber\u00fcckschlagventile DN125 Ventilhersteller mit hoher Qualit\u00e4t und wettbewerbsf\u00e4higem Preis.<\/p>\n<p>Um mehr \u00fcber diese Ventile zu erfahren, wenden Sie sich bitte an sales@stvvalve.com<br \/>\nDatumsblatt:<a href=\"https:\/\/www.stvvalves.com\/wp-content\/uploads\/2019\/07\/DIN-Lift-Check-Valve-DN125-WCB-PN250-Weld-End-Drawing.pdf\">DIN-R\u00fcckschlagventil, DN125, WCB, PN250, Schwei\u00dfende<\/a><\/p>\n<\/div>\n<\/div>\n<form class=\"cart\" action=\"https:\/\/www.stvvalves.com\/de\/product\/wcb-din-lift-check-valve-dn250-pn100-flange-end\/\" enctype=\"multipart\/form-data\" method=\"post\" data-trp-original-action=\"https:\/\/www.stvvalves.com\/product\/wcb-din-lift-check-valve-dn250-pn100-flange-end\/\">\n<div class=\"wcpa_form_outer\"><\/div>\n<div class=\"quantity\"><\/div>\n<div class=\"addquotelistlink\">\n<div class=\"quotelistadd_prodpage\"><\/div>\n<\/div>\n<input type=\"hidden\" name=\"trp-form-language\" value=\"de\"\/><\/form>","protected":false},"featured_media":5134,"template":"","meta":[],"product_brand":[],"product_cat":[83,46],"product_tag":[1059,1057,1058,1049,1055,1060,1056],"class_list":{"0":"post-5133","1":"product","2":"type-product","3":"status-publish","4":"has-post-thumbnail","6":"product_cat-cast-steel-check-valve","7":"product_cat-check-valves","8":"product_tag-bw-lift-check-valve","9":"product_tag-cast-steel-lift-check","10":"product_tag-din-3845-lift-check-valve","11":"product_tag-din-lift-check-valve","12":"product_tag-din-piston-type-lift-check-valve","13":"product_tag-dn125-lift-check-valve","14":"product_tag-lift-check-valve-din-pn250","16":"first","17":"instock","18":"shipping-taxable","19":"product-type-simple"},"_links":{"self":[{"href":"https:\/\/www.stvvalves.com\/de\/wp-json\/wp\/v2\/product\/5133","targetHints":{"allow":["GET"]}}],"collection":[{"href":"https:\/\/www.stvvalves.com\/de\/wp-json\/wp\/v2\/product"}],"about":[{"href":"https:\/\/www.stvvalves.com\/de\/wp-json\/wp\/v2\/types\/product"}],"wp:featuredmedia":[{"embeddable":true,"href":"https:\/\/www.stvvalves.com\/de\/wp-json\/wp\/v2\/media\/5134"}],"wp:attachment":[{"href":"https:\/\/www.stvvalves.com\/de\/wp-json\/wp\/v2\/media?parent=5133"}],"wp:term":[{"taxonomy":"product_brand","embeddable":true,"href":"https:\/\/www.stvvalves.com\/de\/wp-json\/wp\/v2\/product_brand?post=5133"},{"taxonomy":"product_cat","embeddable":true,"href":"https:\/\/www.stvvalves.com\/de\/wp-json\/wp\/v2\/product_cat?post=5133"},{"taxonomy":"product_tag","embeddable":true,"href":"https:\/\/www.stvvalves.com\/de\/wp-json\/wp\/v2\/product_tag?post=5133"}],"curies":[{"name":"wp","href":"https:\/\/api.w.org\/{rel}","templated":true}]}}