{"id":5145,"date":"2019-07-18T02:07:44","date_gmt":"2019-07-18T02:07:44","guid":{"rendered":"https:\/\/www.stvvalves.com\/?post_type=product&#038;p=5145"},"modified":"2025-02-17T18:32:56","modified_gmt":"2025-02-17T10:32:56","slug":"astm-a217-wc6-globe-valve-600lb-dn-100-rf","status":"publish","type":"product","link":"https:\/\/www.stvvalves.com\/de\/products\/astm-a217-wc6-globe-valve-600lb-dn-100-rf\/","title":{"rendered":"ASTM A217 WC6 Kugelventil, 600LB, DN 100, RF"},"content":{"rendered":"<p>Design nach ASME B16.34<br \/>\nFace-to-Face\/End-to-End: ASME B16.10<br \/>\nFlanschabmessungen: ASME B16.5<br \/>\nSchwei\u00dfende: ASME B.16.25<br \/>\nGrundentwurf: BS 1873<br \/>\nTests nach API 598<\/p>\n<p>Gr\u00f6\u00dfe: 2\u2033~60\u2033<\/p>\n<p>Druckstufe: Klasse 150\u20132500 LB<\/p>\n<p>Geh\u00e4usematerial: ASTM A216 WCB, A217 WC6, A351 CF8, A351 CF8M,<\/p>\n<p>A351 CF3, A351 CF3M, A351 CN7M usw.<\/p>\n<p>Endanschluss: RF, RTJ, BW<\/p>\n<p>Arbeitstemperatur: -29\u2103~650\u2103<\/p>\n<p>Bedienung: Handrad, Getriebe, elektrisch usw.<\/p>\n<table>\n<tbody>\n<tr>\n<td width=\"200\"><strong>Produktname<\/strong><\/td>\n<td width=\"481\">ASTM A217 WC6 Kugelventil, 600LB, DN 100, RF<\/td>\n<\/tr>\n<tr>\n<td width=\"200\">1. Material<\/td>\n<td width=\"481\">WC6<\/td>\n<\/tr>\n<tr>\n<td width=\"200\">2. Gr\u00f6\u00dfe<\/td>\n<td width=\"481\">4&quot;<\/td>\n<\/tr>\n<tr>\n<td width=\"200\">4. Hafen<\/td>\n<td width=\"481\">Vollst\u00e4ndiger Port<\/td>\n<\/tr>\n<tr>\n<td width=\"200\">5. Arbeitsdruck<\/td>\n<td width=\"481\">600 Pfund<\/td>\n<\/tr>\n<tr>\n<td width=\"200\">6. Verbindung endet<\/td>\n<td width=\"481\">RF<\/td>\n<\/tr>\n<tr>\n<td width=\"200\">7. Arbeitstemperatur.<\/td>\n<td width=\"481\">-29~520 \u00b0C,<\/td>\n<\/tr>\n<tr>\n<td width=\"200\">8. Geeignetes Medium<\/td>\n<td width=\"481\">Wasser, Erdgas, \u00d6l und einige \u00e4tzende Fl\u00fcssigkeiten<\/td>\n<\/tr>\n<tr>\n<td width=\"200\">9. Betrieben<\/td>\n<td width=\"481\">Handrad<\/td>\n<\/tr>\n<tr>\n<td width=\"200\">10. Inspektion und Pr\u00fcfung<\/td>\n<td width=\"481\">Gem\u00e4\u00df API598<\/td>\n<\/tr>\n<tr>\n<td width=\"200\"><strong>Sendung<\/strong><\/td>\n<td width=\"481\"><\/td>\n<\/tr>\n<tr>\n<td width=\"200\">Lieferzeit<\/td>\n<td width=\"481\">30 Tage<\/td>\n<\/tr>\n<tr>\n<td width=\"200\">Paket<\/td>\n<td width=\"481\">Standard-Export-Sperrholzkiste<\/td>\n<\/tr>\n<tr>\n<td width=\"200\">Hafen<\/td>\n<td width=\"481\">Ningbo\/Shanghai, China<\/td>\n<\/tr>\n<tr>\n<td width=\"200\">Versandbedingungen<\/td>\n<td width=\"481\">Exw, FOB, CFR, CIF usw.<\/td>\n<\/tr>\n<tr>\n<td width=\"200\">Zahlungsbedingungen<\/td>\n<td width=\"481\">T\/T, Western Union, PayPal usw.<\/td>\n<\/tr>\n<tr>\n<td width=\"200\"><\/td>\n<td width=\"481\">30% Vorauszahlung, 70% Restbetrag vor dem Versand bezahlt<\/td>\n<\/tr>\n<tr>\n<td width=\"200\">Herkunftsland<\/td>\n<td width=\"481\">Stadt Wenzhou, China<\/td>\n<\/tr>\n<tr>\n<td width=\"200\">Produktionskapazit\u00e4t<\/td>\n<td width=\"481\">6000 Tonnen\/Jahr<\/td>\n<\/tr>\n<tr>\n<td width=\"200\">Mindestbestellmenge<\/td>\n<td width=\"481\">1 St\u00fcck\/Gr\u00f6\u00dfe<\/td>\n<\/tr>\n<\/tbody>\n<\/table>","protected":false},"excerpt":{"rendered":"<p>Modell: STV-J41Y-600LB-WC6-4\u2033<\/p>\n<p>STV Valve Technology Group Co., Ltd ist ein professioneller Marktf\u00fchrer f\u00fcr China ASTM A217 WC6-Absperrventile, 4-Zoll-Absperrventile, Absperrventile der Klasse 600 LB, RF-Absperrventile, ASME B16.34 Absperrventile, BS 1873 Absperrventile, ASME B16.10 Kugelventil, Hersteller von Kugelventilen aus Kohlenstoffstahl mit hoher Qualit\u00e4t und wettbewerbsf\u00e4higem Preis.<\/p>\n<p>F\u00fcr weitere Materialien und Details wenden Sie sich bitte an sales@stvvalve.com.<\/p>\n<p>Datumsblatt:<br \/>\n<a href=\"https:\/\/www.stvvalves.com\/wp-content\/uploads\/2019\/07\/astm-a217-wc6-globe-valve-600lb-dn-100-rf-drawing.pdf\">ASTM A217 WC6 Kugelventil, 600LB, DN 100, RF<\/a><\/p>","protected":false},"featured_media":5148,"template":"","meta":[],"product_brand":[],"product_cat":[63,45],"product_tag":[1073,1076,1075,1072,1014,1015,323,882,1074],"class_list":{"0":"post-5145","1":"product","2":"type-product","3":"status-publish","4":"has-post-thumbnail","6":"product_cat-cast-steel-globe-valve","7":"product_cat-globe-valve","8":"product_tag-4-inch-globe-valve","9":"product_tag-asme-b16-10-globe-valve","10":"product_tag-asme-b16-34-globe-valve","11":"product_tag-astm-a217-wc6-globe-valve","12":"product_tag-bs-1873-globe-valve","13":"product_tag-carbon-steel-globe-valve","14":"product_tag-cast-steel-globe-valve","15":"product_tag-class-600-lb-globe-valve","16":"product_tag-rf-globe-valve","18":"first","19":"instock","20":"shipping-taxable","21":"product-type-simple"},"_links":{"self":[{"href":"https:\/\/www.stvvalves.com\/de\/wp-json\/wp\/v2\/product\/5145","targetHints":{"allow":["GET"]}}],"collection":[{"href":"https:\/\/www.stvvalves.com\/de\/wp-json\/wp\/v2\/product"}],"about":[{"href":"https:\/\/www.stvvalves.com\/de\/wp-json\/wp\/v2\/types\/product"}],"wp:featuredmedia":[{"embeddable":true,"href":"https:\/\/www.stvvalves.com\/de\/wp-json\/wp\/v2\/media\/5148"}],"wp:attachment":[{"href":"https:\/\/www.stvvalves.com\/de\/wp-json\/wp\/v2\/media?parent=5145"}],"wp:term":[{"taxonomy":"product_brand","embeddable":true,"href":"https:\/\/www.stvvalves.com\/de\/wp-json\/wp\/v2\/product_brand?post=5145"},{"taxonomy":"product_cat","embeddable":true,"href":"https:\/\/www.stvvalves.com\/de\/wp-json\/wp\/v2\/product_cat?post=5145"},{"taxonomy":"product_tag","embeddable":true,"href":"https:\/\/www.stvvalves.com\/de\/wp-json\/wp\/v2\/product_tag?post=5145"}],"curies":[{"name":"wp","href":"https:\/\/api.w.org\/{rel}","templated":true}]}}