{"id":5155,"date":"2019-07-18T06:45:13","date_gmt":"2019-07-18T06:45:13","guid":{"rendered":"https:\/\/www.stvvalves.com\/?post_type=product&#038;p=5155"},"modified":"2024-12-25T15:01:17","modified_gmt":"2024-12-25T07:01:17","slug":"stainless-steel-globe-valve-150lb-dn65-flange-end","status":"publish","type":"product","link":"https:\/\/www.stvvalves.com\/de\/products\/stainless-steel-globe-valve-150lb-dn65-flange-end\/","title":{"rendered":"Kugelventil aus Edelstahl, 150LB, DN65, Flanschende"},"content":{"rendered":"<p>Design und Herstellung: API 603, ASME B16.34<br \/>\nVon Angesicht zu Angesicht (von Ende zu Ende): ANSI B16.10, API 6D usw<br \/>\nFlanschverbindung: ANSI B16.5, ASME B16.47 usw<br \/>\nStumpfgeschwei\u00dftes Ende: ANSI B16.25 usw<br \/>\nTest und Inspektion: API 598, API 6D usw<\/p>\n<p>Gr\u00f6\u00dfe: 1\/2\u2033-30\u2033<br \/>\nDruck: 150LB ~ 1500LB<br \/>\nGeh\u00e4usematerial: Kohlenstoffstahl A216 WCB WCC, LCB, LCC, WC6, WC9, C5, C12, A351 CF8, CF8M, CF3, CF3M, CF8C, Duplexstahl A890 GR.4A GR.5A usw.<\/p>\n<p>Besatzmaterial: 13Cr, SS304, SS316, SS304L, SS316L, F11, F22 usw<br \/>\nTyp: Steigender Vorbau, BB, FB, OS&amp;Y<br \/>\nBedienung: Handrad. Getriebe, Elektrizit\u00e4t usw<br \/>\nEnde: Flansch RF\/RTJ\/FM\/FF, Stumpfschwei\u00dfung (BW)<\/p>\n<p>&nbsp;<\/p>\n<table>\n<tbody>\n<tr>\n<td width=\"200\"><strong>Produktname<\/strong><\/td>\n<td width=\"481\">Kugelventil aus Edelstahl, 150LB, DN65, Flanschende<\/td>\n<\/tr>\n<tr>\n<td width=\"200\">1. Material<\/td>\n<td width=\"481\">316<\/td>\n<\/tr>\n<tr>\n<td width=\"200\">2. Gr\u00f6\u00dfe<\/td>\n<td width=\"481\">21\/2 Zoll<\/td>\n<\/tr>\n<tr>\n<td width=\"200\">4. Hafen<\/td>\n<td width=\"481\">Vollst\u00e4ndiger Port<\/td>\n<\/tr>\n<tr>\n<td width=\"200\">5. Arbeitsdruck<\/td>\n<td width=\"481\">150 Pfund<\/td>\n<\/tr>\n<tr>\n<td width=\"200\">6. Verbindung endet<\/td>\n<td width=\"481\">RF<\/td>\n<\/tr>\n<tr>\n<td width=\"200\">7. Arbeitstemperatur.<\/td>\n<td width=\"481\">-29~425 \u00b0C,<\/td>\n<\/tr>\n<tr>\n<td width=\"200\">8. Geeignetes Medium<\/td>\n<td width=\"481\">Wasser, Erdgas, \u00d6l und einige \u00e4tzende Fl\u00fcssigkeiten<\/td>\n<\/tr>\n<tr>\n<td width=\"200\">9. Betrieben<\/td>\n<td width=\"481\">Handrad<\/td>\n<\/tr>\n<tr>\n<td width=\"200\">10. Inspektion und Pr\u00fcfung<\/td>\n<td width=\"481\">Gem\u00e4\u00df API598<\/td>\n<\/tr>\n<tr>\n<td width=\"200\"><strong>Sendung<\/strong><\/td>\n<td width=\"481\"><\/td>\n<\/tr>\n<tr>\n<td width=\"200\">Lieferzeit<\/td>\n<td width=\"481\">30 Tage<\/td>\n<\/tr>\n<tr>\n<td width=\"200\">Paket<\/td>\n<td width=\"481\">Standard-Export-Sperrholzkiste<\/td>\n<\/tr>\n<tr>\n<td width=\"200\">Hafen<\/td>\n<td width=\"481\">Ningbo\/Shanghai, China<\/td>\n<\/tr>\n<tr>\n<td width=\"200\">Versandbedingungen<\/td>\n<td width=\"481\">Exw, FOB, CFR, CIF usw.<\/td>\n<\/tr>\n<tr>\n<td width=\"200\">Zahlungsbedingungen<\/td>\n<td width=\"481\">T\/T, Western Union, PayPal usw.<\/td>\n<\/tr>\n<tr>\n<td width=\"200\"><\/td>\n<td width=\"481\">30% Vorauszahlung, 70% Restbetrag vor dem Versand bezahlt<\/td>\n<\/tr>\n<tr>\n<td width=\"200\">Herkunftsland<\/td>\n<td width=\"481\">Stadt Wenzhou, China<\/td>\n<\/tr>\n<tr>\n<td width=\"200\">Produktionskapazit\u00e4t<\/td>\n<td width=\"481\">6000 Tonnen\/Jahr<\/td>\n<\/tr>\n<tr>\n<td width=\"200\">Mindestbestellmenge<\/td>\n<td width=\"481\">1 St\u00fcck\/Gr\u00f6\u00dfe<\/td>\n<\/tr>\n<\/tbody>\n<\/table>\n<p>&nbsp;<\/p>","protected":false},"excerpt":{"rendered":"<p>Modell: STV-J41Y-150LB-CF8M-21\/2\u2033<\/p>\n<p>STV Valve Technology Group Co., Ltd ist ein professioneller Marktf\u00fchrer in China A351 CF8M Edelstahl-Absperrventile, BS 1873 Absperrventile, ASME B16.34 Absperrventile, A351 CF3M Absperrventile, Edelstahl-Absperrventile. DN65 Edelstahl-Absperrventile Hersteller mit hoher Qualit\u00e4t Qualit\u00e4t und wettbewerbsf\u00e4higer Preis.<\/p>\n<p>F\u00fcr weitere Materialien und Details wenden Sie sich bitte an sales@stvvalve.com.<\/p>\n<p>Datumsblatt:<br \/>\n<a href=\"https:\/\/www.stvvalves.com\/wp-content\/uploads\/2019\/07\/stainless-steel-globe-valve-150lb-dn65-flange-end-drawing.pdf\">Kugelventil aus Edelstahl, 150LB, DN65, Flanschende<\/a><\/p>","protected":false},"featured_media":5158,"template":"","meta":[],"product_brand":[],"product_cat":[45,189],"product_tag":[1085,1084,1075,1014,1086],"class_list":{"0":"post-5155","1":"product","2":"type-product","3":"status-publish","4":"has-post-thumbnail","6":"product_cat-globe-valve","7":"product_cat-stainless-steel-globe-valve","8":"product_tag-a351-cf3m-globe-valves","9":"product_tag-a351-cf8m-stainless-steel-globe-valve","10":"product_tag-asme-b16-34-globe-valve","11":"product_tag-bs-1873-globe-valve","12":"product_tag-stainless-steel-globe-valves-dn65-stainless-steel-globe-valve","14":"first","15":"instock","16":"shipping-taxable","17":"product-type-simple"},"_links":{"self":[{"href":"https:\/\/www.stvvalves.com\/de\/wp-json\/wp\/v2\/product\/5155","targetHints":{"allow":["GET"]}}],"collection":[{"href":"https:\/\/www.stvvalves.com\/de\/wp-json\/wp\/v2\/product"}],"about":[{"href":"https:\/\/www.stvvalves.com\/de\/wp-json\/wp\/v2\/types\/product"}],"wp:featuredmedia":[{"embeddable":true,"href":"https:\/\/www.stvvalves.com\/de\/wp-json\/wp\/v2\/media\/5158"}],"wp:attachment":[{"href":"https:\/\/www.stvvalves.com\/de\/wp-json\/wp\/v2\/media?parent=5155"}],"wp:term":[{"taxonomy":"product_brand","embeddable":true,"href":"https:\/\/www.stvvalves.com\/de\/wp-json\/wp\/v2\/product_brand?post=5155"},{"taxonomy":"product_cat","embeddable":true,"href":"https:\/\/www.stvvalves.com\/de\/wp-json\/wp\/v2\/product_cat?post=5155"},{"taxonomy":"product_tag","embeddable":true,"href":"https:\/\/www.stvvalves.com\/de\/wp-json\/wp\/v2\/product_tag?post=5155"}],"curies":[{"name":"wp","href":"https:\/\/api.w.org\/{rel}","templated":true}]}}