{"id":5169,"date":"2019-07-18T08:28:58","date_gmt":"2019-07-18T08:28:58","guid":{"rendered":"https:\/\/www.stvvalves.com\/?post_type=product&#038;p=5169"},"modified":"2025-02-17T18:32:49","modified_gmt":"2025-02-17T10:32:49","slug":"jis-20k-globe-valve-12-inch-wcb-body-flange-end","status":"publish","type":"product","link":"https:\/\/www.stvvalves.com\/de\/products\/jis-20k-globe-valve-12-inch-wcb-body-flange-end\/","title":{"rendered":"Jis 20K Kugelventil, 12 Zoll, WCB-Geh\u00e4use, Flanschende"},"content":{"rendered":"<p>Design: JIS B2071 B2081<br \/>\nInspektion und Test: JIS B2003<br \/>\nEndflanschabmessungen: JIS B2212 B2214<br \/>\nVon Angesicht zu Angesicht: JIS B2002<br \/>\nDruck-Temperatur-Bewertung: JIS B2071 B2081<\/p>\n<p>Gr\u00f6\u00dfe: DN15-DN600<br \/>\nMaterial: Kohlenstoffstahl, Edelstahl<br \/>\nDruck: 10K, 20K, 40K<br \/>\nZertifizierung: ISO9001, API600, CE0036<br \/>\nGarantie: 18 Monate; OEM-Angebot<br \/>\nGeeignetes Medium: Wasser, \u00d6l, Gas usw<\/p>\n<p>&nbsp;<\/p>\n<table>\n<tbody>\n<tr>\n<td width=\"200\"><strong>Produktname<\/strong><\/td>\n<td width=\"481\">Jis 20K Kugelventil, 12 Zoll, WCB-Geh\u00e4use, Flanschende<\/td>\n<\/tr>\n<tr>\n<td width=\"200\">1. Material<\/td>\n<td width=\"481\">WCB<\/td>\n<\/tr>\n<tr>\n<td width=\"200\">2. Gr\u00f6\u00dfe<\/td>\n<td width=\"481\">12&quot;<\/td>\n<\/tr>\n<tr>\n<td width=\"200\">4. Hafen<\/td>\n<td width=\"481\">Vollst\u00e4ndiger Port<\/td>\n<\/tr>\n<tr>\n<td width=\"200\">5. Arbeitsdruck<\/td>\n<td width=\"481\">JIS20K<\/td>\n<\/tr>\n<tr>\n<td width=\"200\">6. Verbindung endet<\/td>\n<td width=\"481\">RF<\/td>\n<\/tr>\n<tr>\n<td width=\"200\">7. Arbeitstemperatur.<\/td>\n<td width=\"481\">-29~425 \u00b0C,<\/td>\n<\/tr>\n<tr>\n<td width=\"200\">8. Geeignetes Medium<\/td>\n<td width=\"481\">Wasser, Erdgas, \u00d6l und einige \u00e4tzende Fl\u00fcssigkeiten<\/td>\n<\/tr>\n<tr>\n<td width=\"200\">9. Betrieben<\/td>\n<td width=\"481\">Getriebe<\/td>\n<\/tr>\n<tr>\n<td width=\"200\">10. Inspektion und Pr\u00fcfung<\/td>\n<td width=\"481\">Gem\u00e4\u00df JIS B2003<\/td>\n<\/tr>\n<tr>\n<td width=\"200\"><strong>Sendung<\/strong><\/td>\n<td width=\"481\">&nbsp;<\/td>\n<\/tr>\n<tr>\n<td width=\"200\">Lieferzeit<\/td>\n<td width=\"481\">30 Tage<\/td>\n<\/tr>\n<tr>\n<td width=\"200\">Paket<\/td>\n<td width=\"481\">Standard-Export-Sperrholzkiste<\/td>\n<\/tr>\n<tr>\n<td width=\"200\">Hafen<\/td>\n<td width=\"481\">Ningbo\/Shanghai, China<\/td>\n<\/tr>\n<tr>\n<td width=\"200\">Versandbedingungen<\/td>\n<td width=\"481\">Exw, FOB, CFR, CIF usw.<\/td>\n<\/tr>\n<tr>\n<td width=\"200\">Zahlungsbedingungen<\/td>\n<td width=\"481\">T\/T, Western Union, PayPal usw.<\/td>\n<\/tr>\n<tr>\n<td width=\"200\">&nbsp;<\/td>\n<td width=\"481\">30% Vorauszahlung, 70% Restbetrag vor dem Versand bezahlt<\/td>\n<\/tr>\n<tr>\n<td width=\"200\">Herkunftsland<\/td>\n<td width=\"481\">Stadt Wenzhou, China<\/td>\n<\/tr>\n<tr>\n<td width=\"200\">Produktionskapazit\u00e4t<\/td>\n<td width=\"481\">6000 Tonnen\/Jahr<\/td>\n<\/tr>\n<tr>\n<td width=\"200\">Mindestbestellmenge<\/td>\n<td width=\"481\">1 St\u00fcck\/Gr\u00f6\u00dfe<\/td>\n<\/tr>\n<\/tbody>\n<\/table>\n<p><span style=\"font-weight: 400;\">\u200b<\/span><\/p>\n<p>&nbsp;<\/p>","protected":false},"excerpt":{"rendered":"<div class=\"woocommerce-product-details__short-description\">\n<p>Modell: STV-J541H-JIS 20K-16\u2033-WCB<\/p>\n<p>JIS20K-Absperrventile mit Flanschende sind Absperrventile, die gem\u00e4\u00df ASME B16.10 hergestellt werden. Das Absperrventil mit Flanschanschluss besteht aus einem Scheibenelement, das mit einem Schaft verbunden ist, der sich zur Regulierung des Durchflusses in der Rohrleitung auf und ab bewegt.<\/p>\n<p>STV Valve Technology Group Co., Ltd ist ein professioneller Marktf\u00fchrer f\u00fcr China Jis 20K-Kugelventile, 12-Zoll-Kugelventile, WCB-K\u00f6rper-Kugelventile, Flanschend-Kugelventile, B2071-Kugelventile, JIS B2002-Kugelventile, Jis 10k-Kugelventile und Kugelventile mit verschraubter Motorhaube Ventile, 16-Zoll-Absperrventile, Flanschventile mit RF-Enden, 1873-Absperrventile, Absperrventile aus Stahlguss, Absperrventile aus Kohlenstoffstahl Hersteller mit hoher Qualit\u00e4t und wettbewerbsf\u00e4higem Preis.<\/p>\n<p>F\u00fcr weitere Materialien und Details wenden Sie sich bitte an sales@stvvalve.com.<\/p>\n<p>Datumsblatt:<a href=\"https:\/\/www.stvvalves.com\/wp-content\/uploads\/2019\/07\/jis-20k-globe-valve-12-inch-wcb-body-flange-end-drawing.pdf\">Jis 20K Kugelventil, 12 Zoll, WCB-Geh\u00e4use, Flanschende<\/a><\/p>\n<\/div>\n<form class=\"cart\" action=\"https:\/\/www.stvvalves.com\/de\/product\/300lb-cast-steel-globe-valvedn400316-trimflange-end\/\" enctype=\"multipart\/form-data\" method=\"post\" data-trp-original-action=\"https:\/\/www.stvvalves.com\/product\/300lb-cast-steel-globe-valvedn400316-trimflange-end\/\">\n<div class=\"wcpa_form_outer\"><\/div>\n<div class=\"quantity\"><\/div>\n<div class=\"addquotelistlink\">\n<div class=\"quotelistadd_prodpage\"><\/div>\n<\/div>\n<input type=\"hidden\" name=\"trp-form-language\" value=\"de\"\/><\/form>","protected":false},"featured_media":5170,"template":"","meta":[],"product_brand":[],"product_cat":[63,45],"product_tag":[1095,1098,323,1097,1100,1094,1099,1096],"class_list":{"0":"post-5169","1":"product","2":"type-product","3":"status-publish","4":"has-post-thumbnail","6":"product_cat-cast-steel-globe-valve","7":"product_cat-globe-valve","8":"product_tag-12-inch-globe-valve","9":"product_tag-b2071-globe-valve","10":"product_tag-cast-steel-globe-valve","11":"product_tag-flange-end-globe-valve","12":"product_tag-jis-10k-globe-valve","13":"product_tag-jis-20k-globe-valve","14":"product_tag-jis-b2002-globe-valve","15":"product_tag-wcb-body-globe-valve","17":"first","18":"instock","19":"shipping-taxable","20":"product-type-simple"},"_links":{"self":[{"href":"https:\/\/www.stvvalves.com\/de\/wp-json\/wp\/v2\/product\/5169","targetHints":{"allow":["GET"]}}],"collection":[{"href":"https:\/\/www.stvvalves.com\/de\/wp-json\/wp\/v2\/product"}],"about":[{"href":"https:\/\/www.stvvalves.com\/de\/wp-json\/wp\/v2\/types\/product"}],"wp:featuredmedia":[{"embeddable":true,"href":"https:\/\/www.stvvalves.com\/de\/wp-json\/wp\/v2\/media\/5170"}],"wp:attachment":[{"href":"https:\/\/www.stvvalves.com\/de\/wp-json\/wp\/v2\/media?parent=5169"}],"wp:term":[{"taxonomy":"product_brand","embeddable":true,"href":"https:\/\/www.stvvalves.com\/de\/wp-json\/wp\/v2\/product_brand?post=5169"},{"taxonomy":"product_cat","embeddable":true,"href":"https:\/\/www.stvvalves.com\/de\/wp-json\/wp\/v2\/product_cat?post=5169"},{"taxonomy":"product_tag","embeddable":true,"href":"https:\/\/www.stvvalves.com\/de\/wp-json\/wp\/v2\/product_tag?post=5169"}],"curies":[{"name":"wp","href":"https:\/\/api.w.org\/{rel}","templated":true}]}}