{"id":5175,"date":"2019-07-18T09:47:14","date_gmt":"2019-07-18T09:47:14","guid":{"rendered":"https:\/\/www.stvvalves.com\/?post_type=product&#038;p=5175"},"modified":"2025-02-17T18:32:48","modified_gmt":"2025-02-17T10:32:48","slug":"gate-valve-jis-40k-a105n-body-13cr-seat-stellite-trim-weld-flange","status":"publish","type":"product","link":"https:\/\/www.stvvalves.com\/de\/products\/gate-valve-jis-40k-a105n-body-13cr-seat-stellite-trim-weld-flange\/","title":{"rendered":"Absperrschieber JIS 40K, A105N-K\u00f6rper, 13-cr-Sitz, Stellit-Innengarnitur, Schwei\u00dfflansch"},"content":{"rendered":"<p>. Design und Herstellung: API 602<br \/>\n2. Konstruktionen: OS&amp;Y, verschraubte Haube, geschwei\u00dfte Haube und druckversiegelte Haube;<br \/>\n3. Bohrungstyp: Voller Anschluss<br \/>\n4. Gr\u00f6\u00dfenbereich: 1\/2\u2033 bis 2\u2033.<br \/>\n5. Druckstufen: ANSI 150, 300, 600, 900, 1500 und 2500LBS<br \/>\n6. Endanschl\u00fcsse: Flansch (RF, RTJ)<br \/>\nAndere Enden sind ebenfalls erh\u00e4ltlich: Mit Gewinde (Geschraubt, NPT), Stumpfschwei\u00dfung (BW), Muffenschwei\u00dfung (SW).<br \/>\n7. Materialien verf\u00fcgbar in: A105 (N), LF2, F5, F11, F22, F304, F316, F51, F53 oder gleichwertig;<br \/>\n8. F\u00fcr unterschiedliche Einsatzbedingungen stehen verschiedene Verkleidungsmaterialien zur Verf\u00fcgung<br \/>\n9. NACE MR 0175 auf Anfrage<br \/>\n10.Test und Inspektion: API598<\/p>\n<table>\n<tbody>\n<tr>\n<td width=\"200\"><strong><b>Produktname<\/b><\/strong><\/td>\n<td width=\"481\">Absperrschieber JIS 40K, A105N-K\u00f6rper, 13-cr-Sitz, Stellit-Innengarnitur, Schwei\u00dfflansch<\/td>\n<\/tr>\n<tr>\n<td width=\"200\">1. Material<\/td>\n<td width=\"481\">A105 (N), LF2, F5, F11, F22, F304, F316, F51, F53 oder gleichwertig;<\/td>\n<\/tr>\n<tr>\n<td width=\"200\">2. Gr\u00f6\u00dfe<\/td>\n<td width=\"481\">1\/2&#8243;~2&#8243; &#8216; (\u00a015~50)<\/td>\n<\/tr>\n<tr>\n<td width=\"200\">4. Hafen<\/td>\n<td width=\"481\">Reduzieranschluss oder Vollanschluss<\/td>\n<\/tr>\n<tr>\n<td width=\"200\">5. Arbeitsdruck<\/td>\n<td width=\"481\">JIS10K-JIS40K<\/td>\n<\/tr>\n<tr>\n<td width=\"200\">6. Verbindung endet<\/td>\n<td width=\"481\">FF,RF.RTJ<\/td>\n<\/tr>\n<tr>\n<td width=\"200\">7. Arbeitstemperatur.<\/td>\n<td width=\"481\">-29~600 \u00b0C,<\/td>\n<\/tr>\n<tr>\n<td width=\"200\">8. Geeignetes Medium<\/td>\n<td width=\"481\">Wasser, Erdgas, \u00d6l und einige \u00e4tzende Fl\u00fcssigkeiten<\/td>\n<\/tr>\n<tr>\n<td width=\"200\">9. Betrieben<\/td>\n<td width=\"481\">Handrad<\/td>\n<\/tr>\n<tr>\n<td width=\"200\">10. Inspektion und Pr\u00fcfung<\/td>\n<td width=\"481\">Gem\u00e4\u00df JIS B2003<\/td>\n<\/tr>\n<tr>\n<td width=\"200\"><strong><b>Sendung<\/b><\/strong><\/td>\n<td width=\"481\">&nbsp;<\/td>\n<\/tr>\n<tr>\n<td width=\"200\">Lieferzeit<\/td>\n<td width=\"481\">30 Tage<\/td>\n<\/tr>\n<tr>\n<td width=\"200\">Paket<\/td>\n<td width=\"481\">Standard-Export-Sperrholzkiste<\/td>\n<\/tr>\n<tr>\n<td width=\"200\">Hafen<\/td>\n<td width=\"481\">Ningbo\/Shanghai, China<\/td>\n<\/tr>\n<tr>\n<td width=\"200\">Versandbedingungen<\/td>\n<td width=\"481\">Exw, FOB, CFR, CIF usw.<\/td>\n<\/tr>\n<tr>\n<td width=\"200\">Zahlungsbedingungen<\/td>\n<td width=\"481\">T\/T, Western Union, PayPal usw.<\/td>\n<\/tr>\n<tr>\n<td width=\"200\">&nbsp;<\/td>\n<td width=\"481\">30% Vorauszahlung, 70% Restbetrag vor dem Versand bezahlt<\/td>\n<\/tr>\n<tr>\n<td width=\"200\">Herkunftsland<\/td>\n<td width=\"481\">Stadt Wenzhou, China<\/td>\n<\/tr>\n<tr>\n<td width=\"200\">Produktionskapazit\u00e4t<\/td>\n<td width=\"481\">6000 Tonnen\/Jahr<\/td>\n<\/tr>\n<tr>\n<td width=\"200\">Mindestbestellmenge<\/td>\n<td width=\"481\">10 St\u00fcck\/Gr\u00f6\u00dfe<\/td>\n<\/tr>\n<\/tbody>\n<\/table>","protected":false},"excerpt":{"rendered":"<div class=\"woocommerce-product-details__short-description\">\n<p>Modell: STV-Z41H-600LB-A105N-DN20<\/p>\n<p>STV Valve Technology Group Co., Ltd ist ein professioneller Marktf\u00fchrer f\u00fcr China-Absperrschieber JIS 40K, A105N-K\u00f6rperabsperrschieber, 13cr-Absperrschieber, Sitzstellit-Absperrschieber, Schwei\u00dfflansch-Absperrschieber, Schmiedestahl-Absperrschieber, 25A-Absperrschieberhersteller mit hoher Qualit\u00e4t und konkurrenzf\u00e4higer Preis.<\/p>\n<p>F\u00fcr weitere Materialien und Details wenden Sie sich bitte an sales@stvvalve.com.<\/p>\n<p>Datumsblatt:<a href=\"https:\/\/www.stvvalves.com\/wp-content\/uploads\/2019\/07\/gate-valve-jis-40k-a105n-body-13cr-seat-stellite-trim-weld-flange-drawing.pdf\">Absperrschieber JIS 40K, A105N-K\u00f6rper, Stellit-Innengarnitur 13 cr\/Sitz, Schwei\u00dfflansch<\/a><\/p>\n<\/div>\n<form class=\"cart\" action=\"https:\/\/www.stvvalves.com\/de\/product\/api-602-integral-flange-gate-valve-600lb-a105n-body-dn-20-rtj-end\/\" enctype=\"multipart\/form-data\" method=\"post\" data-trp-original-action=\"https:\/\/www.stvvalves.com\/product\/api-602-integral-flange-gate-valve-600lb-a105n-body-dn-20-rtj-end\/\">\n<div class=\"wcpa_form_outer\"><\/div>\n<div class=\"quantity\"><\/div>\n<div class=\"addquotelistlink\">\n<div class=\"quotelistadd_prodpage\"><\/div>\n<\/div>\n<input type=\"hidden\" name=\"trp-form-language\" value=\"de\"\/><\/form>","protected":false},"featured_media":5179,"template":"","meta":[],"product_brand":[],"product_cat":[59,44],"product_tag":[1106,1102,194,1101,1104,1105],"class_list":{"0":"post-5175","1":"product","2":"type-product","3":"status-publish","4":"has-post-thumbnail","6":"product_cat-forged-steel-gate-valve","7":"product_cat-gate-valve","8":"product_tag-25a-gate-valve","9":"product_tag-a105n-body-gate-valve","10":"product_tag-forged-steel-gate-valve","11":"product_tag-gate-valve-jis-40k","12":"product_tag-seat-stellite-trim-gate-valve","13":"product_tag-weld-flange-gate-valve","15":"first","16":"instock","17":"shipping-taxable","18":"product-type-simple"},"_links":{"self":[{"href":"https:\/\/www.stvvalves.com\/de\/wp-json\/wp\/v2\/product\/5175","targetHints":{"allow":["GET"]}}],"collection":[{"href":"https:\/\/www.stvvalves.com\/de\/wp-json\/wp\/v2\/product"}],"about":[{"href":"https:\/\/www.stvvalves.com\/de\/wp-json\/wp\/v2\/types\/product"}],"wp:featuredmedia":[{"embeddable":true,"href":"https:\/\/www.stvvalves.com\/de\/wp-json\/wp\/v2\/media\/5179"}],"wp:attachment":[{"href":"https:\/\/www.stvvalves.com\/de\/wp-json\/wp\/v2\/media?parent=5175"}],"wp:term":[{"taxonomy":"product_brand","embeddable":true,"href":"https:\/\/www.stvvalves.com\/de\/wp-json\/wp\/v2\/product_brand?post=5175"},{"taxonomy":"product_cat","embeddable":true,"href":"https:\/\/www.stvvalves.com\/de\/wp-json\/wp\/v2\/product_cat?post=5175"},{"taxonomy":"product_tag","embeddable":true,"href":"https:\/\/www.stvvalves.com\/de\/wp-json\/wp\/v2\/product_tag?post=5175"}],"curies":[{"name":"wp","href":"https:\/\/api.w.org\/{rel}","templated":true}]}}