{"id":5182,"date":"2019-07-18T13:07:22","date_gmt":"2019-07-18T13:07:22","guid":{"rendered":"https:\/\/www.stvvalves.com\/?post_type=product&#038;p=5182"},"modified":"2025-02-17T18:32:41","modified_gmt":"2025-02-17T10:32:41","slug":"forged-steel-globe-valve1500-lb-dn40-butt-weld-end","status":"publish","type":"product","link":"https:\/\/www.stvvalves.com\/de\/products\/forged-steel-globe-valve1500-lb-dn40-butt-weld-end\/","title":{"rendered":"Kugelventil aus geschmiedetem Stahl, 1500 LB, DN40, Stumpfschwei\u00dfende"},"content":{"rendered":"<p>Design und Herstellung entsprechen BS 5352, ANSI B16.34<\/p>\n<p>Anschlussenden entsprechen:<\/p>\n<p>1. Die geschwei\u00dften Enden entsprechen ANSI B16.11<\/p>\n<p>2. Schraubenenden entsprechen ANSI B1.20.1<\/p>\n<p>3..Stumpfgeschwei\u00dfte Enden entsprechen ANSI B16.25<\/p>\n<p>Tests und Inspektionen entsprechen: API 598<\/p>\n<p>Strukturmerkmale: Verschraubte Motorhaube, geschwei\u00dfte Motorhaube, Druckdichtungshaube, Au\u00dfenschraube und Joch<\/p>\n<p>Produktauswahl<\/p>\n<p>Geh\u00e4usematerial: Kohlenstoffstahl, Edelstahl, legierter Stahl<\/p>\n<p>Nenndurchmesser: 1\/2\u2033\uff5e2\u2033\uff08DN15~DN50\uff09<\/p>\n<p>Endverbindung: BW, RF, RTJ<\/p>\n<p>Druckbereich: Klasse 150\u20132500 (PN16\u2013PN420).<\/p>\n<p>Arbeitstemperatur: -196\u2103~+560\u2103<\/p>\n<p>Bedienung: Handrad<\/p>\n<table>\n<tbody>\n<tr>\n<td width=\"200\"><strong>Produktname<\/strong><\/td>\n<td width=\"481\">Kugelventil aus geschmiedetem Stahl, 1500 LB, DN40, Stumpfschwei\u00dfende<\/td>\n<\/tr>\n<tr>\n<td width=\"200\">1. Material<\/td>\n<td width=\"481\">A105N<\/td>\n<\/tr>\n<tr>\n<td width=\"200\">2. Gr\u00f6\u00dfe<\/td>\n<td width=\"481\">11\/2&quot;<\/td>\n<\/tr>\n<tr>\n<td width=\"200\">4. Hafen<\/td>\n<td width=\"481\">Reduzieranschluss<\/td>\n<\/tr>\n<tr>\n<td width=\"200\">5. Arbeitsdruck<\/td>\n<td width=\"481\">1500 Pfund<\/td>\n<\/tr>\n<tr>\n<td width=\"200\">6. Verbindung endet<\/td>\n<td width=\"481\">BW<\/td>\n<\/tr>\n<tr>\n<td width=\"200\">7. Arbeitstemperatur.<\/td>\n<td width=\"481\">-29~425 \u00b0C,<\/td>\n<\/tr>\n<tr>\n<td width=\"200\">8. Geeignetes Medium<\/td>\n<td width=\"481\">Wasser, Erdgas, \u00d6l und einige \u00e4tzende Fl\u00fcssigkeiten<\/td>\n<\/tr>\n<tr>\n<td width=\"200\">9. Betrieben<\/td>\n<td width=\"481\">Handrad<\/td>\n<\/tr>\n<tr>\n<td width=\"200\">10. Inspektion und Pr\u00fcfung<\/td>\n<td width=\"481\">Gem\u00e4\u00df API598<\/td>\n<\/tr>\n<tr>\n<td width=\"200\"><strong>Sendung<\/strong><\/td>\n<td width=\"481\"><\/td>\n<\/tr>\n<tr>\n<td width=\"200\">Lieferzeit<\/td>\n<td width=\"481\">30 Tage<\/td>\n<\/tr>\n<tr>\n<td width=\"200\">Paket<\/td>\n<td width=\"481\">Standard-Export-Sperrholzkiste<\/td>\n<\/tr>\n<tr>\n<td width=\"200\">Hafen<\/td>\n<td width=\"481\">Ningbo\/Shanghai, China<\/td>\n<\/tr>\n<tr>\n<td width=\"200\">Versandbedingungen<\/td>\n<td width=\"481\">Exw, FOB, CFR, CIF usw.<\/td>\n<\/tr>\n<tr>\n<td width=\"200\">Zahlungsbedingungen<\/td>\n<td width=\"481\">T\/T, Western Union, PayPal usw.<\/td>\n<\/tr>\n<tr>\n<td width=\"200\"><\/td>\n<td width=\"481\">30% Vorauszahlung, 70% Restbetrag vor dem Versand bezahlt<\/td>\n<\/tr>\n<tr>\n<td width=\"200\">Herkunftsland<\/td>\n<td width=\"481\">Stadt Wenzhou, China<\/td>\n<\/tr>\n<tr>\n<td width=\"200\">Produktionskapazit\u00e4t<\/td>\n<td width=\"481\">6000 Tonnen\/Jahr<\/td>\n<\/tr>\n<tr>\n<td width=\"200\">Mindestbestellmenge<\/td>\n<td width=\"481\">1 St\u00fcck\/Gr\u00f6\u00dfe<\/td>\n<\/tr>\n<\/tbody>\n<\/table>","protected":false},"excerpt":{"rendered":"<p>Modell: STV-J61Y-2500LB-F316-1\u2033<\/p>\n<p>STV Valve Technology Group Co., Ltd ist ein professioneller Marktf\u00fchrer in China, Hersteller von geschmiedeten Stahl-Absperrventilen, 1500-LB-Absperrventilen, DN40-Absperrventilen, Stumpfschwei\u00dfend-Absperrventilen, A105N-Absperrventilen, Bolzenventil-Absperrventilen und API 602-Absperrventilen mit hoher Qualit\u00e4t und konkurrenzf\u00e4higer Preis.<\/p>\n<p>F\u00fcr weitere Materialien und Details wenden Sie sich bitte an sales@stvvalve.com.<\/p>\n<p>Datumsblatt:<a href=\"https:\/\/www.stvvalves.com\/wp-content\/uploads\/2019\/07\/forged-steel-globe-valve1500-lb-dn40-butt-weld-end-drawing.pdf\">Kugelventil aus geschmiedetem Stahl, 1500 LB, DN40, Stumpfschwei\u00dfende<\/a><\/p>","protected":false},"featured_media":5184,"template":"","meta":[],"product_brand":[],"product_cat":[64,45],"product_tag":[1107,1018,212,1110,1109,1108,197],"class_list":{"0":"post-5182","1":"product","2":"type-product","3":"status-publish","4":"has-post-thumbnail","6":"product_cat-foreged-steel-globe-valve","7":"product_cat-globe-valve","8":"product_tag-1500-lb-globe-valve","9":"product_tag-a105n-globe-valve","10":"product_tag-api-602-globe-valve","11":"product_tag-bolt-bonnet-globe-valve","12":"product_tag-butt-weld-end-globe-valve","13":"product_tag-dn40-globe-valve","14":"product_tag-forged-steel-globe-valve","16":"first","17":"instock","18":"shipping-taxable","19":"product-type-simple"},"_links":{"self":[{"href":"https:\/\/www.stvvalves.com\/de\/wp-json\/wp\/v2\/product\/5182","targetHints":{"allow":["GET"]}}],"collection":[{"href":"https:\/\/www.stvvalves.com\/de\/wp-json\/wp\/v2\/product"}],"about":[{"href":"https:\/\/www.stvvalves.com\/de\/wp-json\/wp\/v2\/types\/product"}],"wp:featuredmedia":[{"embeddable":true,"href":"https:\/\/www.stvvalves.com\/de\/wp-json\/wp\/v2\/media\/5184"}],"wp:attachment":[{"href":"https:\/\/www.stvvalves.com\/de\/wp-json\/wp\/v2\/media?parent=5182"}],"wp:term":[{"taxonomy":"product_brand","embeddable":true,"href":"https:\/\/www.stvvalves.com\/de\/wp-json\/wp\/v2\/product_brand?post=5182"},{"taxonomy":"product_cat","embeddable":true,"href":"https:\/\/www.stvvalves.com\/de\/wp-json\/wp\/v2\/product_cat?post=5182"},{"taxonomy":"product_tag","embeddable":true,"href":"https:\/\/www.stvvalves.com\/de\/wp-json\/wp\/v2\/product_tag?post=5182"}],"curies":[{"name":"wp","href":"https:\/\/api.w.org\/{rel}","templated":true}]}}