{"id":5287,"date":"2019-08-07T08:14:01","date_gmt":"2019-08-07T08:14:01","guid":{"rendered":"https:\/\/www.stvvalves.com\/?post_type=product&#038;p=5287"},"modified":"2025-02-17T18:32:37","modified_gmt":"2025-02-17T10:32:37","slug":"wafer-butterfly-valve-pn25-wcb-body-316-trim-ptfe-seat-gear-op","status":"publish","type":"product","link":"https:\/\/www.stvvalves.com\/de\/products\/wafer-butterfly-valve-pn25-wcb-body-316-trim-ptfe-seat-gear-op\/","title":{"rendered":"Wafer-Absperrklappe PN25, WCB-Geh\u00e4use, Innengarnitur 316, PTFE-Sitz, Getriebe OP"},"content":{"rendered":"<p>Ausf\u00fchrung: DIN EN 593<br \/>\nBewertung: PN25<br \/>\nVon Angesicht zu Angesicht: DIN EN 558<br \/>\nEndflansch: DIN EN 1092-1<br \/>\nInspektion und Pr\u00fcfung: EN 12266<br \/>\nWandst\u00e4rke: EN 12516-1<br \/>\nTemperatur: -196\u2103 ~ +560\u2103<br \/>\nDN50\u2033~ DN600<\/p>\n<p>Geh\u00e4usematerial: Kohlenstoffstahl, Edelstahl, legierter Stahl, Bronze<\/p>\n<p>Endverbindung: RF, RTJ, BW<\/p>\n<p>Druckbereich: Klasse 150\u20132500 (PN16\u2013PN420).<\/p>\n<table>\n<tbody>\n<tr>\n<td width=\"200\"><strong><b>Produktname<\/b><\/strong><\/td>\n<td width=\"481\">Wafer-Absperrklappe PN25, WCB-Geh\u00e4use, Innengarnitur 316, PTFE-Sitz, Getriebe OP<\/td>\n<\/tr>\n<tr>\n<td width=\"200\">1. Material<\/td>\n<td width=\"481\">Sph\u00e4roguss<\/td>\n<\/tr>\n<tr>\n<td width=\"200\">2. Gr\u00f6\u00dfe<\/td>\n<td width=\"481\">5 Zoll<\/td>\n<\/tr>\n<tr>\n<td width=\"200\">4. Hafen<\/td>\n<td width=\"481\">Vollst\u00e4ndiger Port<\/td>\n<\/tr>\n<tr>\n<td width=\"200\">5. Arbeitsdruck<\/td>\n<td width=\"481\">PN25<\/td>\n<\/tr>\n<tr>\n<td width=\"200\">6. Verbindung endet<\/td>\n<td width=\"481\">Muffenschwei\u00dfende<\/td>\n<\/tr>\n<tr>\n<td width=\"200\">7. Arbeitstemperatur.<\/td>\n<td width=\"481\">-29~120 \u00b0C,<\/td>\n<\/tr>\n<tr>\n<td width=\"200\">8. Geeignetes Medium<\/td>\n<td width=\"481\">Wasser, Erdgas, \u00d6l und einige \u00e4tzende Fl\u00fcssigkeiten<\/td>\n<\/tr>\n<tr>\n<td width=\"200\">9. Betrieben<\/td>\n<td width=\"481\">Getriebe<\/td>\n<\/tr>\n<tr>\n<td width=\"200\">10. Inspektion und Pr\u00fcfung<\/td>\n<td width=\"481\">Gem\u00e4\u00df API 598<\/td>\n<\/tr>\n<tr>\n<td width=\"200\"><strong><b>Sendung<\/b><\/strong><\/td>\n<td width=\"481\"><\/td>\n<\/tr>\n<tr>\n<td width=\"200\">Lieferzeit<\/td>\n<td width=\"481\">30 Tage<\/td>\n<\/tr>\n<tr>\n<td width=\"200\">Paket<\/td>\n<td width=\"481\">Standard-Export-Sperrholzkiste<\/td>\n<\/tr>\n<tr>\n<td width=\"200\">Hafen<\/td>\n<td width=\"481\">Ningbo\/Shanghai, China<\/td>\n<\/tr>\n<tr>\n<td width=\"200\">Versandbedingungen<\/td>\n<td width=\"481\">Exw, FOB, CFR, CIF usw.<\/td>\n<\/tr>\n<tr>\n<td width=\"200\">Zahlungsbedingungen<\/td>\n<td width=\"481\">T\/T, Western Union, PayPal usw.<\/td>\n<\/tr>\n<tr>\n<td width=\"200\"><\/td>\n<td width=\"481\">30% Vorauszahlung, 70% Restbetrag vor dem Versand bezahlt<\/td>\n<\/tr>\n<tr>\n<td width=\"200\">Herkunftsland<\/td>\n<td width=\"481\">Stadt Wenzhou, China<\/td>\n<\/tr>\n<tr>\n<td width=\"200\">Produktionskapazit\u00e4t<\/td>\n<td width=\"481\">6000 Tonnen\/Jahr<\/td>\n<\/tr>\n<tr>\n<td width=\"200\">Mindestbestellmenge<\/td>\n<td width=\"481\">10 St\u00fcck\/Gr\u00f6\u00dfe<\/td>\n<\/tr>\n<\/tbody>\n<\/table>\n<p>&nbsp;<\/p>\n<p>&nbsp;<\/p>","protected":false},"excerpt":{"rendered":"<p>Modell: STV-D373F-25C-DN100-WCB<\/p>\n<p>STV Valve Technology Group Co., Ltd ist ein professioneller Marktf\u00fchrer in der Herstellung von Wafer-Absperrklappen in China, Absperrklappen aus Edelstahl, doppelt exzentrischen Absperrklappen, Flansch-Absperrklappen, pneumatischen Absperrklappen, Wafer-Absperrklappen, Laschen-Absperrklappen, dreifach versetzten Absperrklappen,4 Zoll-Absperrklappe, 6-Zoll-Absperrklappe, 3-Zoll-Absperrklappe, 8-Zoll-Absperrklappe, 2-Zoll-Absperrklappe.<\/p>\n<p>F\u00fcr weitere Materialien und Details wenden Sie sich bitte an sales@stvvalve.com.<\/p>\n<p>Datumsblatt:<a href=\"https:\/\/www.stvvalves.com\/wp-content\/uploads\/2019\/08\/Wafer-Butterfly-Valve-PN25-WCB-Body-316-Trim-PTFE-Seat-Gear-OP-drawing.pdf\">Wafer-Absperrklappe PN25, WCB-Geh\u00e4use, Innengarnitur 316, PTFE-Sitz, Getriebe OP<\/a><\/p>","protected":false},"featured_media":5288,"template":"","meta":[],"product_brand":[],"product_cat":[965,971],"product_tag":[1132,1130,1128,1129,1131,1252,1134,1253,1126,1125,1123,1127,731],"class_list":{"0":"post-5287","1":"product","2":"type-product","3":"status-publish","4":"has-post-thumbnail","6":"product_cat-butterfly-valve","7":"product_cat-wafer-butterfly-valve","8":"product_tag-2-inch-butterfly-valve","9":"product_tag-3-inch-butterfly-valve","10":"product_tag-4-inch-butterfly-valve","11":"product_tag-6-inch-butterfly-valve","12":"product_tag-8-inch-butterfly-valve","13":"product_tag-china-wafer-butterfly-valve-manufacture","14":"product_tag-double-eccentric-butterfly-valve","15":"product_tag-flanged-butterfly-valve","16":"product_tag-lug-butterfly-valve","17":"product_tag-pneumatic-butterfly-valve","18":"product_tag-stainless-steel-butterfly-valve","19":"product_tag-triple-offset-butterfly-valve","20":"product_tag-wafer-butterfly-valve","22":"first","23":"instock","24":"shipping-taxable","25":"product-type-simple"},"_links":{"self":[{"href":"https:\/\/www.stvvalves.com\/de\/wp-json\/wp\/v2\/product\/5287","targetHints":{"allow":["GET"]}}],"collection":[{"href":"https:\/\/www.stvvalves.com\/de\/wp-json\/wp\/v2\/product"}],"about":[{"href":"https:\/\/www.stvvalves.com\/de\/wp-json\/wp\/v2\/types\/product"}],"wp:featuredmedia":[{"embeddable":true,"href":"https:\/\/www.stvvalves.com\/de\/wp-json\/wp\/v2\/media\/5288"}],"wp:attachment":[{"href":"https:\/\/www.stvvalves.com\/de\/wp-json\/wp\/v2\/media?parent=5287"}],"wp:term":[{"taxonomy":"product_brand","embeddable":true,"href":"https:\/\/www.stvvalves.com\/de\/wp-json\/wp\/v2\/product_brand?post=5287"},{"taxonomy":"product_cat","embeddable":true,"href":"https:\/\/www.stvvalves.com\/de\/wp-json\/wp\/v2\/product_cat?post=5287"},{"taxonomy":"product_tag","embeddable":true,"href":"https:\/\/www.stvvalves.com\/de\/wp-json\/wp\/v2\/product_tag?post=5287"}],"curies":[{"name":"wp","href":"https:\/\/api.w.org\/{rel}","templated":true}]}}