{"id":5506,"date":"2019-12-07T01:56:37","date_gmt":"2019-12-07T01:56:37","guid":{"rendered":"https:\/\/www.stvvalves.com\/?post_type=product&#038;p=5506"},"modified":"2025-02-17T18:32:33","modified_gmt":"2025-02-17T10:32:33","slug":"sanitary-stainless-steel-welding-2-way-ball-valve","status":"publish","type":"product","link":"https:\/\/www.stvvalves.com\/de\/products\/sanitary-stainless-steel-welding-2-way-ball-valve\/","title":{"rendered":"Sanit\u00e4rer 2-Wege-Kugelhahn aus Edelstahl zum Schwei\u00dfen"},"content":{"rendered":"<p>Sanit\u00e4rer 2-Wege-Kugelhahn aus Edelstahl zum Schwei\u00dfen<\/p>\n<p>Referenz: STV-1047<br \/>\nVerf\u00fcgbare Gr\u00f6\u00dfen: 1\/2\u2033 bis 4\u2033 (DN15-DN100)<br \/>\nEndanschluss: Tri-Clamp \/ Tri-Clamp<br \/>\nK\u00f6rper und Scheibe: AISI 304 oder 316L, (EN1.4301\/EN1.4404)<br \/>\nSitz: Hohlraumgef\u00fcllte Dichtungen aus Teflon (PTFE) + EPDM\/VMQ (Silikon)\/Viton (FPM), FDA.<br \/>\nMax. Arbeitsdruck: 145 psi (10 bar)<br \/>\nTemperaturbereich: 14\u00b0F ~ 248\u00b0F (-10\u00b0C ~ 120\u00b0C) als Standard, h\u00f6her auf Anfrage erh\u00e4ltlich.<br \/>\nBedienung: Manueller Griff<br \/>\nOberfl\u00e4chenbehandlung: Ra 32\u03bcin (0,8\u03bcm) als Standard, Ra 16\u03bcin (0,4\u03bcm) als beste Option.<\/p>\n<p><img loading=\"lazy\" decoding=\"async\" class=\"alignleft size-full wp-image-5520\" src=\"https:\/\/www.stvvalves.com\/wp-content\/uploads\/2019\/12\/QQ\u622a\u56fe20191207110731.jpg\" alt=\"\" width=\"722\" height=\"641\" srcset=\"https:\/\/www.stvvalves.com\/wp-content\/uploads\/2019\/12\/QQ\u622a\u56fe20191207110731.jpg 722w, https:\/\/www.stvvalves.com\/wp-content\/uploads\/2019\/12\/QQ\u622a\u56fe20191207110731-600x533.jpg 600w, https:\/\/www.stvvalves.com\/wp-content\/uploads\/2019\/12\/QQ\u622a\u56fe20191207110731-300x266.jpg 300w, https:\/\/www.stvvalves.com\/wp-content\/uploads\/2019\/12\/QQ\u622a\u56fe20191207110731-705x626.jpg 705w\" sizes=\"auto, (max-width: 722px) 100vw, 722px\" \/><\/p>\n<p>&nbsp;<\/p>\n<p>&nbsp;<\/p>","protected":false},"excerpt":{"rendered":"<p>Sanit\u00e4rer 2-Wege-Kugelhahn aus Edelstahl zum Schwei\u00dfen<br \/>\nSowohl manuell als auch automatisch bet\u00e4tigte hygienische 2-Wege-Kugelh\u00e4hne werden haupts\u00e4chlich in der Getr\u00e4nke-, Wein-, \u00d6lraffinerie-, Kosmetik- und Chemieindustrie eingesetzt.<\/p>\n<p>Der Sanit\u00e4r-Tri-Clamp-Kugelhahn ist ein manueller Sanit\u00e4r-Kugelhahn mit Tri-Clamp-\/Tri-Clamp-Enden, der h\u00e4ufig in der Lebensmittel- und Getr\u00e4nkeverarbeitung, Brauerei, \u00d6lraffinerie, Kosmetik-, Pharma- und Chemieindustrie zur Steuerung des Medienflusses eingesetzt wird. Das Design mit vollem Anschluss macht ihn zur optimalen Wahl f\u00fcr viskose und partikelf\u00f6rmige Fl\u00fcssigkeiten. Der STV-2MMC-Kugelhahn l\u00e4sst sich manuell \u00fcber einen 180\u00b0-Drehgriff bedienen<\/p>\n<p>STV Valve Technology Group Co., Ltd ist ein professioneller Hersteller von 2-Wege-Kugelh\u00e4hnen, Sanit\u00e4r-Kugelh\u00e4hnen, Sanit\u00e4r-Edelstahl-Kugelh\u00e4hnen, Edelstahl-Kugelh\u00e4hnen und Sanit\u00e4r-Schwei\u00dfkugelh\u00e4hnen in China mit hoher Qualit\u00e4t und wettbewerbsf\u00e4higen Preisen.<\/p>","protected":false},"featured_media":5510,"template":"","meta":[],"product_brand":[],"product_cat":[966,969],"product_tag":[1332,1333,1334,1335,686],"class_list":{"0":"post-5506","1":"product","2":"type-product","3":"status-publish","4":"has-post-thumbnail","6":"product_cat-pipe-fitting","7":"product_cat-sanitary-pipe-fitting-and-valves","8":"product_tag-china-2-way-ball-valve","9":"product_tag-sanitary-ball-valve","10":"product_tag-sanitary-stainless-steel-ball-valve","11":"product_tag-sanitary-welding-ball-valve-manufacturer","12":"product_tag-stainless-steel-ball-valve","14":"first","15":"instock","16":"shipping-taxable","17":"product-type-simple"},"_links":{"self":[{"href":"https:\/\/www.stvvalves.com\/de\/wp-json\/wp\/v2\/product\/5506","targetHints":{"allow":["GET"]}}],"collection":[{"href":"https:\/\/www.stvvalves.com\/de\/wp-json\/wp\/v2\/product"}],"about":[{"href":"https:\/\/www.stvvalves.com\/de\/wp-json\/wp\/v2\/types\/product"}],"wp:featuredmedia":[{"embeddable":true,"href":"https:\/\/www.stvvalves.com\/de\/wp-json\/wp\/v2\/media\/5510"}],"wp:attachment":[{"href":"https:\/\/www.stvvalves.com\/de\/wp-json\/wp\/v2\/media?parent=5506"}],"wp:term":[{"taxonomy":"product_brand","embeddable":true,"href":"https:\/\/www.stvvalves.com\/de\/wp-json\/wp\/v2\/product_brand?post=5506"},{"taxonomy":"product_cat","embeddable":true,"href":"https:\/\/www.stvvalves.com\/de\/wp-json\/wp\/v2\/product_cat?post=5506"},{"taxonomy":"product_tag","embeddable":true,"href":"https:\/\/www.stvvalves.com\/de\/wp-json\/wp\/v2\/product_tag?post=5506"}],"curies":[{"name":"wp","href":"https:\/\/api.w.org\/{rel}","templated":true}]}}