{"id":5515,"date":"2019-12-07T03:04:10","date_gmt":"2019-12-07T03:04:10","guid":{"rendered":"https:\/\/www.stvvalves.com\/?post_type=product&#038;p=5515"},"modified":"2025-02-17T18:32:32","modified_gmt":"2025-02-17T10:32:32","slug":"3-way-sanitary-ball-valve-with-tri-clamp-ends-manual-type","status":"publish","type":"product","link":"https:\/\/www.stvvalves.com\/de\/products\/3-way-sanitary-ball-valve-with-tri-clamp-ends-manual-type\/","title":{"rendered":"3-Wege-Sanit\u00e4rkugelhahn mit Tri-Clamp-Enden, manuelle Ausf\u00fchrung"},"content":{"rendered":"<p>Referenz: STV-1054<br \/>\nVerf\u00fcgbare Gr\u00f6\u00dfen: 1\u2033 bis 4\u2033, DN25 bis DN100<br \/>\nEndanschluss: Tri-Clamp \/ Tri-Clamp<br \/>\nK\u00f6rper und Scheibe: AISI 304 oder 316L, (EN1.4301\/EN1.4404)<br \/>\nSitz: Teflon (PTFE)<br \/>\n3-Wege-Flussplan: T-Typ oder L-Typ zur Auswahl<br \/>\nMax. Arbeitsdruck: 145 psi (10 bar)<br \/>\nTemperaturbereich: 14\u00b0F ~ 248\u00b0F (-10\u00b0C ~ 120\u00b0C) als Standard, h\u00f6her auf Anfrage erh\u00e4ltlich.<br \/>\nBedienung: Manueller Griff<br \/>\nOberfl\u00e4chenbehandlung: Ra 32\u03bcin (0,8\u03bcm) als Standard, Ra 16\u03bcin (0,4\u03bcm) als beste Option.<\/p>\n<p><img loading=\"lazy\" decoding=\"async\" class=\"alignleft size-full wp-image-5516\" src=\"https:\/\/www.stvvalves.com\/wp-content\/uploads\/2019\/12\/3-Way-Sanitary-Ball-Valve-with-Tri-clamp-Ends-Manual-Type-CATALOG.jpg\" alt=\"\" width=\"775\" height=\"515\" srcset=\"https:\/\/www.stvvalves.com\/wp-content\/uploads\/2019\/12\/3-Way-Sanitary-Ball-Valve-with-Tri-clamp-Ends-Manual-Type-CATALOG.jpg 775w, https:\/\/www.stvvalves.com\/wp-content\/uploads\/2019\/12\/3-Way-Sanitary-Ball-Valve-with-Tri-clamp-Ends-Manual-Type-CATALOG-600x399.jpg 600w, https:\/\/www.stvvalves.com\/wp-content\/uploads\/2019\/12\/3-Way-Sanitary-Ball-Valve-with-Tri-clamp-Ends-Manual-Type-CATALOG-300x199.jpg 300w, https:\/\/www.stvvalves.com\/wp-content\/uploads\/2019\/12\/3-Way-Sanitary-Ball-Valve-with-Tri-clamp-Ends-Manual-Type-CATALOG-768x510.jpg 768w, https:\/\/www.stvvalves.com\/wp-content\/uploads\/2019\/12\/3-Way-Sanitary-Ball-Valve-with-Tri-clamp-Ends-Manual-Type-CATALOG-705x468.jpg 705w\" sizes=\"auto, (max-width: 775px) 100vw, 775px\" \/><\/p>\n<p>&nbsp;<\/p>","protected":false},"excerpt":{"rendered":"<p>Sowohl manuell als auch automatisch bet\u00e4tigte hygienische 3-Wege-Kugelh\u00e4hne werden haupts\u00e4chlich in der Getr\u00e4nke-, Wein-, \u00d6lraffinerie-, Kosmetik- und Chemieindustrie eingesetzt.<br \/>\nDer 3-Wege-Sanit\u00e4rkugelhahn ist ein manueller 3-Wege-Sanit\u00e4rkugelhahn mit Tri-Clamp\/Tri-Clamp-Enden, der in gro\u00dfem Umfang in der Lebensmittel- und Getr\u00e4nkeverarbeitung, Brauerei, \u00d6lraffinerie, Kosmetik-, Pharma- und Chemieindustrie zur Steuerung eingesetzt wird mittlerer Durchfluss. Das Vollanschlussdesign ohne Einschr\u00e4nkung macht es zur optimalen Wahl f\u00fcr viskose und partikelf\u00f6rmige Fl\u00fcssigkeiten. Der Kugelhahn SV-2MFC-3W wird manuell \u00fcber einen 180\u00b0-Drehgriff bedient.<\/p>\n<p>STV Valve Technology Group Co., Ltd ist ein professioneller Hersteller von 3-Wege-Kugelh\u00e4hnen, Sanit\u00e4r-3-Wege-Kugelh\u00e4hnen, Edelstahl-3-Wege-Kugelh\u00e4hnen, Sanit\u00e4r-Kugelh\u00e4hnen und T-Klemmen-3-Wege-Kugelh\u00e4hnen mit hoher Qualit\u00e4t und wettbewerbsf\u00e4higen Preisen.<\/p>","protected":false},"featured_media":5517,"template":"","meta":[],"product_brand":[],"product_cat":[966,969],"product_tag":[171,391,1333,1336,1337],"class_list":{"0":"post-5515","1":"product","2":"type-product","3":"status-publish","4":"has-post-thumbnail","6":"product_cat-pipe-fitting","7":"product_cat-sanitary-pipe-fitting-and-valves","8":"product_tag-3-way-ball-valve","9":"product_tag-sanitary-3-way-ball-valve","10":"product_tag-sanitary-ball-valve","11":"product_tag-stainless-steel-3-way-ball-valve","12":"product_tag-t-clamp-3-way-ball-valve","14":"first","15":"instock","16":"shipping-taxable","17":"product-type-simple"},"_links":{"self":[{"href":"https:\/\/www.stvvalves.com\/de\/wp-json\/wp\/v2\/product\/5515","targetHints":{"allow":["GET"]}}],"collection":[{"href":"https:\/\/www.stvvalves.com\/de\/wp-json\/wp\/v2\/product"}],"about":[{"href":"https:\/\/www.stvvalves.com\/de\/wp-json\/wp\/v2\/types\/product"}],"wp:featuredmedia":[{"embeddable":true,"href":"https:\/\/www.stvvalves.com\/de\/wp-json\/wp\/v2\/media\/5517"}],"wp:attachment":[{"href":"https:\/\/www.stvvalves.com\/de\/wp-json\/wp\/v2\/media?parent=5515"}],"wp:term":[{"taxonomy":"product_brand","embeddable":true,"href":"https:\/\/www.stvvalves.com\/de\/wp-json\/wp\/v2\/product_brand?post=5515"},{"taxonomy":"product_cat","embeddable":true,"href":"https:\/\/www.stvvalves.com\/de\/wp-json\/wp\/v2\/product_cat?post=5515"},{"taxonomy":"product_tag","embeddable":true,"href":"https:\/\/www.stvvalves.com\/de\/wp-json\/wp\/v2\/product_tag?post=5515"}],"curies":[{"name":"wp","href":"https:\/\/api.w.org\/{rel}","templated":true}]}}