{"id":5521,"date":"2019-12-09T01:49:28","date_gmt":"2019-12-09T01:49:28","guid":{"rendered":"https:\/\/www.stvvalves.com\/?post_type=product&#038;p=5521"},"modified":"2025-02-17T18:32:31","modified_gmt":"2025-02-17T10:32:31","slug":"sanitary-3-way-valve-3-port-ball-valve-with-pneumatic-actuator","status":"publish","type":"product","link":"https:\/\/www.stvvalves.com\/de\/products\/sanitary-3-way-valve-3-port-ball-valve-with-pneumatic-actuator\/","title":{"rendered":"Sanit\u00e4res 3-Wege-Ventil, 3-Wege-Kugelventil, mit pneumatischem Antrieb"},"content":{"rendered":"<p>Referenz: ST-V1053-ST-V1054<br \/>\nVerf\u00fcgbare Gr\u00f6\u00dfen: 1\u2033 bis 4\u2033, DN25 bis DN100<br \/>\nEndanschluss: Tri-Clamp \/ Tri-Clamp<br \/>\nK\u00f6rper und Scheibe: AISI 304 oder 316L, (EN1.4301\/EN1.4404)<br \/>\nSitz: Teflon (PTFE)<br \/>\n3-Wege-Flussplan: T-Typ oder L-Typ zur Auswahl<br \/>\nMax. Arbeitsdruck: 145 psi (10 bar)<br \/>\nBetrieb: Vertikalantrieb, Material 304, NC\/NO\/AA<br \/>\nAktuatorluftdruck: 58 ~ 102 psi (4 ~ 7 bar)<br \/>\nTemperaturbereich: 14\u00b0F ~ 248\u00b0F (-10\u00b0C ~ 120\u00b0C) als Standard, h\u00f6her auf Anfrage erh\u00e4ltlich.<br \/>\nOberfl\u00e4chenbehandlung: Ra 32\u03bcin (0,8\u03bcm) als Standard, Ra 16\u03bcin (0,4\u03bcm) als beste Option.<\/p>\n<p><img loading=\"lazy\" decoding=\"async\" class=\"alignleft size-full wp-image-5527\" src=\"https:\/\/www.stvvalves.com\/wp-content\/uploads\/2019\/12\/Sanitary-3-Way-Valve-3-Port-Ball-Valve-With-Pneumatic-Actuator-catalog.jpg\" alt=\"\" width=\"675\" height=\"817\" srcset=\"https:\/\/www.stvvalves.com\/wp-content\/uploads\/2019\/12\/Sanitary-3-Way-Valve-3-Port-Ball-Valve-With-Pneumatic-Actuator-catalog.jpg 675w, https:\/\/www.stvvalves.com\/wp-content\/uploads\/2019\/12\/Sanitary-3-Way-Valve-3-Port-Ball-Valve-With-Pneumatic-Actuator-catalog-600x726.jpg 600w, https:\/\/www.stvvalves.com\/wp-content\/uploads\/2019\/12\/Sanitary-3-Way-Valve-3-Port-Ball-Valve-With-Pneumatic-Actuator-catalog-248x300.jpg 248w, https:\/\/www.stvvalves.com\/wp-content\/uploads\/2019\/12\/Sanitary-3-Way-Valve-3-Port-Ball-Valve-With-Pneumatic-Actuator-catalog-582x705.jpg 582w\" sizes=\"auto, (max-width: 675px) 100vw, 675px\" \/><\/p>","protected":false},"excerpt":{"rendered":"<p>Bei der Serie ST-V1053 handelt es sich um einen pneumatischen Sanit\u00e4r-3-Wege-Kugelhahn mit Tri-Clamp-\/Tri-Clamp-Enden und vertikalem Stellantrieb, der in gro\u00dfem Umfang in der Lebensmittel- und Getr\u00e4nkeverarbeitung, Brauerei, \u00d6lraffinerie, Kosmetik-, Pharma- und Chemieindustrie eingesetzt wird Steuerung des Mediumflusses. Das Vollanschlussdesign ohne Einschr\u00e4nkung macht es zur optimalen Wahl f\u00fcr viskose und partikelf\u00f6rmige Fl\u00fcssigkeiten. Der Kugelhahn ST-V1053 wird automatisch durch vertikale Stellantriebe betrieben.<\/p>\n<p>STV Valve Technology Group Co., Ltd ist ein professioneller Hersteller von quadratischen pneumatischen Kugelh\u00e4hnen, Sanit\u00e4r-Edelstahl-Kugelh\u00e4hnen, Sanit\u00e4r-3-Wege-Kugelh\u00e4hnen, pneumatischen 3-Wege-Kugelh\u00e4hnen, 3-Wege-Kugelh\u00e4hnen und Herstellern von Sanit\u00e4r-Pneumatik-3-Wege-Kugelh\u00e4hnen mit hoher Qualit\u00e4t Qualit\u00e4t und wettbewerbsf\u00e4higer Preis<\/p>","protected":false},"featured_media":5522,"template":"","meta":[],"product_brand":[],"product_cat":[966,969],"product_tag":[171,1338,1339,391,1340,1334],"class_list":{"0":"post-5521","1":"product","2":"type-product","3":"status-publish","4":"has-post-thumbnail","6":"product_cat-pipe-fitting","7":"product_cat-sanitary-pipe-fitting-and-valves","8":"product_tag-3-way-ball-valve","9":"product_tag-china-square-pneumatic-ball-valve","10":"product_tag-pneumatic-3-way-ball-valve","11":"product_tag-sanitary-3-way-ball-valve","12":"product_tag-sanitary-pneumatic-3-way-ball-valve-manufacturer","13":"product_tag-sanitary-stainless-steel-ball-valve","15":"first","16":"instock","17":"shipping-taxable","18":"product-type-simple"},"_links":{"self":[{"href":"https:\/\/www.stvvalves.com\/de\/wp-json\/wp\/v2\/product\/5521","targetHints":{"allow":["GET"]}}],"collection":[{"href":"https:\/\/www.stvvalves.com\/de\/wp-json\/wp\/v2\/product"}],"about":[{"href":"https:\/\/www.stvvalves.com\/de\/wp-json\/wp\/v2\/types\/product"}],"wp:featuredmedia":[{"embeddable":true,"href":"https:\/\/www.stvvalves.com\/de\/wp-json\/wp\/v2\/media\/5522"}],"wp:attachment":[{"href":"https:\/\/www.stvvalves.com\/de\/wp-json\/wp\/v2\/media?parent=5521"}],"wp:term":[{"taxonomy":"product_brand","embeddable":true,"href":"https:\/\/www.stvvalves.com\/de\/wp-json\/wp\/v2\/product_brand?post=5521"},{"taxonomy":"product_cat","embeddable":true,"href":"https:\/\/www.stvvalves.com\/de\/wp-json\/wp\/v2\/product_cat?post=5521"},{"taxonomy":"product_tag","embeddable":true,"href":"https:\/\/www.stvvalves.com\/de\/wp-json\/wp\/v2\/product_tag?post=5521"}],"curies":[{"name":"wp","href":"https:\/\/api.w.org\/{rel}","templated":true}]}}