{"id":5528,"date":"2019-12-09T02:15:23","date_gmt":"2019-12-09T02:15:23","guid":{"rendered":"https:\/\/www.stvvalves.com\/?post_type=product&#038;p=5528"},"modified":"2025-08-01T14:37:17","modified_gmt":"2025-08-01T06:37:17","slug":"pneumatic-sanitary-316-ball-valvetri-clamp-end","status":"publish","type":"product","link":"https:\/\/www.stvvalves.com\/de\/products\/pneumatic-sanitary-316-ball-valvetri-clamp-end\/","title":{"rendered":"Pneumatischer Sanit\u00e4rkugelhahn 316, Tri-Clamp-Ende"},"content":{"rendered":"<p>Referenz: ST-V1047<br \/>\nVerf\u00fcgbare Gr\u00f6\u00dfen: 1\/2\u2033 bis 4\u2033, DN15 bis DN100<br \/>\nEndanschluss: Tri-Clamp \/ Tri-Clamp<br \/>\nK\u00f6rper und Scheibe: AISI 304 oder 316L, (EN1.4301\/EN1.4404)<br \/>\nSitz: Teflon (PTFE)<br \/>\nMax. Arbeitsdruck: 145 psi (10 bar)<br \/>\nBetrieb: Horizontalantrieb, Aluminiummaterial, NC\/NO\/AA<br \/>\nAktuatorluftdruck: 58 ~ 102 psi (4 ~ 7 bar)<br \/>\nTemperaturbereich: 14\u00b0F ~ 248\u00b0F (-10\u00b0C ~ 120\u00b0C) als Standard, h\u00f6her auf Anfrage erh\u00e4ltlich.<br \/>\nOberfl\u00e4chenbehandlung: Ra 32\u03bcin (0,8\u03bcm) als Standard, Ra 16\u03bcin (0,4\u03bcm) als beste Option.<\/p>\n<div id=\"attachment_8225\" style=\"width: 732px\" class=\"wp-caption alignnone\"><img loading=\"lazy\" decoding=\"async\" aria-describedby=\"caption-attachment-8225\" class=\"wp-image-8225 size-full\" src=\"https:\/\/www.stvvalves.com\/wp-content\/uploads\/2019\/12\/sanitary-stainless-steel-welding-2-way-ball-valve-catalog.jpg\" alt=\"sanitary stainless steel welding 2 way ball valve catalog\" width=\"722\" height=\"641\" srcset=\"https:\/\/www.stvvalves.com\/wp-content\/uploads\/2019\/12\/sanitary-stainless-steel-welding-2-way-ball-valve-catalog.jpg 722w, https:\/\/www.stvvalves.com\/wp-content\/uploads\/2019\/12\/sanitary-stainless-steel-welding-2-way-ball-valve-catalog-300x266.jpg 300w, https:\/\/www.stvvalves.com\/wp-content\/uploads\/2019\/12\/sanitary-stainless-steel-welding-2-way-ball-valve-catalog-14x12.jpg 14w, https:\/\/www.stvvalves.com\/wp-content\/uploads\/2019\/12\/sanitary-stainless-steel-welding-2-way-ball-valve-catalog-705x626.jpg 705w, https:\/\/www.stvvalves.com\/wp-content\/uploads\/2019\/12\/sanitary-stainless-steel-welding-2-way-ball-valve-catalog-450x400.jpg 450w, https:\/\/www.stvvalves.com\/wp-content\/uploads\/2019\/12\/sanitary-stainless-steel-welding-2-way-ball-valve-catalog-600x533.jpg 600w\" sizes=\"auto, (max-width: 722px) 100vw, 722px\" \/><p id=\"caption-attachment-8225\" class=\"wp-caption-text\">sanitary stainless steel welding 2 way ball valve catalog<\/p><\/div>","protected":false},"excerpt":{"rendered":"<p>Der pneumatische Sanit\u00e4r-Kugelhahn ST-V1047 aus 316 mit Tri-Clamp-Ende ist ein pneumatischer Sanit\u00e4r-Kugelhahn mit Tri-Clamp\/Tri-Clamp-Enden und horizontalem Antrieb, der h\u00e4ufig in der Lebensmittel- und Getr\u00e4nkeverarbeitung, im Brauwesen, in der \u00d6lraffinerie, in der Kosmetik und in der Pharmaindustrie eingesetzt wird und chemische Industrie zur Steuerung des Medienflusses. Das Vollanschlussdesign ohne Einschr\u00e4nkung macht es zur optimalen Wahl f\u00fcr viskose und partikelf\u00f6rmige Fl\u00fcssigkeiten. Der Kugelhahn ST-V1047 wird automatisch durch horizontale Aluminiumantriebe betrieben.<\/p>\n<p>STV Valve Technology Group Co., Ltd ist ein professioneller Marktf\u00fchrer in China f\u00fcr 2-Wege-Kugelh\u00e4hne, Sanit\u00e4r-Kugelh\u00e4hne, Sanit\u00e4r-Edelstahl-Kugelh\u00e4hne, Edelstahl-Kugelh\u00e4hne, Sanit\u00e4r-Kugelh\u00e4hne, pneumatische Kugelh\u00e4hne, Edelstahl-Kugelh\u00e4hne, Direktweg-Kugelh\u00e4hne Hersteller mit hoher Qualit\u00e4t und wettbewerbsf\u00e4higem Preis.<\/p>","protected":false},"featured_media":5529,"template":"","meta":[],"product_brand":[],"product_cat":[966,969],"product_tag":[1332,1342,1341,1333,1334,686],"class_list":{"0":"post-5528","1":"product","2":"type-product","3":"status-publish","4":"has-post-thumbnail","6":"product_cat-pipe-fitting","7":"product_cat-sanitary-pipe-fitting-and-valves","8":"product_tag-china-2-way-ball-valve","9":"product_tag-direct-way-ball-valve-manufacturer","10":"product_tag-pneumatic-ball-valve","11":"product_tag-sanitary-ball-valve","12":"product_tag-sanitary-stainless-steel-ball-valve","13":"product_tag-stainless-steel-ball-valve","15":"first","16":"instock","17":"shipping-taxable","18":"product-type-simple"},"_links":{"self":[{"href":"https:\/\/www.stvvalves.com\/de\/wp-json\/wp\/v2\/product\/5528","targetHints":{"allow":["GET"]}}],"collection":[{"href":"https:\/\/www.stvvalves.com\/de\/wp-json\/wp\/v2\/product"}],"about":[{"href":"https:\/\/www.stvvalves.com\/de\/wp-json\/wp\/v2\/types\/product"}],"wp:featuredmedia":[{"embeddable":true,"href":"https:\/\/www.stvvalves.com\/de\/wp-json\/wp\/v2\/media\/5529"}],"wp:attachment":[{"href":"https:\/\/www.stvvalves.com\/de\/wp-json\/wp\/v2\/media?parent=5528"}],"wp:term":[{"taxonomy":"product_brand","embeddable":true,"href":"https:\/\/www.stvvalves.com\/de\/wp-json\/wp\/v2\/product_brand?post=5528"},{"taxonomy":"product_cat","embeddable":true,"href":"https:\/\/www.stvvalves.com\/de\/wp-json\/wp\/v2\/product_cat?post=5528"},{"taxonomy":"product_tag","embeddable":true,"href":"https:\/\/www.stvvalves.com\/de\/wp-json\/wp\/v2\/product_tag?post=5528"}],"curies":[{"name":"wp","href":"https:\/\/api.w.org\/{rel}","templated":true}]}}